{"id":1221,"date":"2015-06-22T22:26:15","date_gmt":"2015-06-22T18:26:15","guid":{"rendered":"http:\/\/college-montgaillard.ac-reunion.fr\/?page_id=1221"},"modified":"2018-09-18T15:10:37","modified_gmt":"2018-09-18T11:10:37","slug":"marches-publics","status":"publish","type":"page","link":"https:\/\/etab.ac-reunion.fr\/clg-robert-ardon\/marches-publics\/","title":{"rendered":"March\u00e9s publics"},"content":{"rendered":"<p>Retrouvez ici les offres de march\u00e9s publics concernant le coll\u00e8ge Montgaillard.<\/p>\n<p>&nbsp;<\/p>\n<!-- AddThis Advanced Settings generic via filter on the_content --><!-- AddThis Share Buttons generic via filter on the_content -->","protected":false},"excerpt":{"rendered":"<p>Retrouvez ici les offres de march\u00e9s publics concernant le coll\u00e8ge Montgaillard. &nbsp;<!-- AddThis Advanced Settings generic via filter on get_the_excerpt --><!-- AddThis Share Buttons generic via filter on get_the_excerpt --><\/p>\n","protected":false},"author":2809,"featured_media":0,"parent":0,"menu_order":0,"comment_status":"open","ping_status":"open","template":"page-blog.php","meta":{"footnotes":""},"class_list":["post-1221","page","type-page","status-publish","hentry"],"_links":{"self":[{"href":"https:\/\/etab.ac-reunion.fr\/clg-robert-ardon\/wp-json\/wp\/v2\/pages\/1221","targetHints":{"allow":["GET"]}}],"collection":[{"href":"https:\/\/etab.ac-reunion.fr\/clg-robert-ardon\/wp-json\/wp\/v2\/pages"}],"about":[{"href":"https:\/\/etab.ac-reunion.fr\/clg-robert-ardon\/wp-json\/wp\/v2\/types\/page"}],"author":[{"embeddable":true,"href":"https:\/\/etab.ac-reunion.fr\/clg-robert-ardon\/wp-json\/wp\/v2\/users\/2809"}],"replies":[{"embeddable":true,"href":"https:\/\/etab.ac-reunion.fr\/clg-robert-ardon\/wp-json\/wp\/v2\/comments?post=1221"}],"version-history":[{"count":7,"href":"https:\/\/etab.ac-reunion.fr\/clg-robert-ardon\/wp-json\/wp\/v2\/pages\/1221\/revisions"}],"predecessor-version":[{"id":2726,"href":"https:\/\/etab.ac-reunion.fr\/clg-robert-ardon\/wp-json\/wp\/v2\/pages\/1221\/revisions\/2726"}],"wp:attachment":[{"href":"https:\/\/etab.ac-reunion.fr\/clg-robert-ardon\/wp-json\/wp\/v2\/media?parent=1221"}],"curies":[{"name":"wp","href":"https:\/\/api.w.org\/{rel}","templated":true}]}}