{"id":130,"date":"2014-09-10T22:12:14","date_gmt":"2014-09-10T18:12:14","guid":{"rendered":"http:\/\/college-montgaillard-tmp.ac-reunion.fr\/?page_id=130"},"modified":"2015-06-30T07:37:33","modified_gmt":"2015-06-30T03:37:33","slug":"education-artistique","status":"publish","type":"page","link":"https:\/\/etab.ac-reunion.fr\/clg-robert-ardon\/disciplines-2\/education-artistique\/","title":{"rendered":"\u00c9DUCATION ARTISTIQUE"},"content":{"rendered":"<p>L&rsquo;\u00e9ducation artistique est une priorit\u00e9 transversale dans toutes les disciplines. On la retrouve bien s\u00fbr dans les mati\u00e8res qui lui sont d\u00e9di\u00e9es, avec l&rsquo;\u00e9ducation musicale et les arts plastiques, mais elle est travaill\u00e9e \u00e9galement en EPS, avec la danse, en fran\u00e7ais, \u00e0 travers l&rsquo;\u00e9tude des oeuvres litt\u00e9raires et\/ou autres, en langues, etc&#8230;<\/p>\n<p>Certains projets d\u00e9ploy\u00e9s au sein du coll\u00e8ge s&rsquo;articulent autour d&rsquo;un travail artistique :<\/p>\n<p>&#8211; Atelier chorale, avec M. Bazin,<\/p>\n<p>&#8211; Atelier guitare, avec M. Bazin,<\/p>\n<p>&#8211; Atelier photographie, avec Mme Atchama,<\/p>\n<p>&#8211; Atelier cin\u00e9ma, avec M. Schindler et M. Masson,<\/p>\n<p>&#8211; Atelier danse, avec M. Pannetier.<\/p>\n<!-- AddThis Advanced Settings generic via filter on the_content --><!-- AddThis Share Buttons generic via filter on the_content -->","protected":false},"excerpt":{"rendered":"<p>L&rsquo;\u00e9ducation artistique est une priorit\u00e9 transversale dans toutes les disciplines. On la retrouve bien s\u00fbr dans les mati\u00e8res qui lui sont d\u00e9di\u00e9es, avec l&rsquo;\u00e9ducation musicale et les arts plastiques, mais elle est travaill\u00e9e \u00e9galement en EPS, avec la danse, en fran\u00e7ais, \u00e0 travers l&rsquo;\u00e9tude des oeuvres litt\u00e9raires et\/ou autres, en langues, etc&#8230; Certains projets d\u00e9ploy\u00e9s [&hellip;]<!-- AddThis Advanced Settings generic via filter on get_the_excerpt --><!-- AddThis Share Buttons generic via filter on get_the_excerpt --><\/p>\n","protected":false},"author":2809,"featured_media":0,"parent":44,"menu_order":0,"comment_status":"open","ping_status":"closed","template":"page-blog.php","meta":{"footnotes":""},"class_list":["post-130","page","type-page","status-publish","hentry"],"_links":{"self":[{"href":"https:\/\/etab.ac-reunion.fr\/clg-robert-ardon\/wp-json\/wp\/v2\/pages\/130","targetHints":{"allow":["GET"]}}],"collection":[{"href":"https:\/\/etab.ac-reunion.fr\/clg-robert-ardon\/wp-json\/wp\/v2\/pages"}],"about":[{"href":"https:\/\/etab.ac-reunion.fr\/clg-robert-ardon\/wp-json\/wp\/v2\/types\/page"}],"author":[{"embeddable":true,"href":"https:\/\/etab.ac-reunion.fr\/clg-robert-ardon\/wp-json\/wp\/v2\/users\/2809"}],"replies":[{"embeddable":true,"href":"https:\/\/etab.ac-reunion.fr\/clg-robert-ardon\/wp-json\/wp\/v2\/comments?post=130"}],"version-history":[{"count":4,"href":"https:\/\/etab.ac-reunion.fr\/clg-robert-ardon\/wp-json\/wp\/v2\/pages\/130\/revisions"}],"predecessor-version":[{"id":639,"href":"https:\/\/etab.ac-reunion.fr\/clg-robert-ardon\/wp-json\/wp\/v2\/pages\/130\/revisions\/639"}],"up":[{"embeddable":true,"href":"https:\/\/etab.ac-reunion.fr\/clg-robert-ardon\/wp-json\/wp\/v2\/pages\/44"}],"wp:attachment":[{"href":"https:\/\/etab.ac-reunion.fr\/clg-robert-ardon\/wp-json\/wp\/v2\/media?parent=130"}],"curies":[{"name":"wp","href":"https:\/\/api.w.org\/{rel}","templated":true}]}}