{"id":189,"date":"2014-10-05T17:47:12","date_gmt":"2014-10-05T13:47:12","guid":{"rendered":"http:\/\/college-montgaillard-tmp.ac-reunion.fr\/?page_id=189"},"modified":"2021-04-22T15:02:53","modified_gmt":"2021-04-22T11:02:53","slug":"accueil-des-eip","status":"publish","type":"page","link":"https:\/\/etab.ac-reunion.fr\/clg-robert-ardon\/dispositifs-et-projets\/accueil-des-eip\/","title":{"rendered":"Accueil des EIP"},"content":{"rendered":"<p><a href=\"http:\/\/wpetab.ac-reunion.fr\/montgaillard\/wp-content\/uploads\/sites\/80\/2014\/10\/murs-preau.jpg\"><img loading=\"lazy\" decoding=\"async\" class=\"alignleft size-full wp-image-264\" src=\"http:\/\/wpetab.ac-reunion.fr\/montgaillard\/wp-content\/uploads\/sites\/80\/2014\/10\/murs-preau.jpg\" alt=\"_murs-preau\" width=\"1200\" height=\"675\" srcset=\"https:\/\/etab.ac-reunion.fr\/clg-robert-ardon\/wp-content\/uploads\/sites\/80\/2014\/10\/murs-preau.jpg 1200w, https:\/\/etab.ac-reunion.fr\/clg-robert-ardon\/wp-content\/uploads\/sites\/80\/2014\/10\/murs-preau-300x168.jpg 300w, https:\/\/etab.ac-reunion.fr\/clg-robert-ardon\/wp-content\/uploads\/sites\/80\/2014\/10\/murs-preau-1024x576.jpg 1024w\" sizes=\"auto, (max-width: 1200px) 100vw, 1200px\" \/><\/a><\/p>\n<p style=\"text-align: center\"><strong><span dir=\"ltr\">\u00ab Comprendre pour Aider, comprendre pour Apprendre <\/span><span dir=\"ltr\">\u00bb<\/span><\/strong><\/p>\n<p><span dir=\"ltr\">Objectif:<\/span><\/p>\n<p><span dir=\"ltr\">Accueil et accompagnement de la scolarit\u00e9 des enfan<\/span><span dir=\"ltr\">ts intellectuellement pr\u00e9coces de St <\/span><span dir=\"ltr\">Denis et ses environs qui peuvent \u00eatre en difficult<\/span><span dir=\"ltr\">\u00e9 ou en souffrance.<\/span><span dir=\"ltr\">Capacit\u00e9 d\u2019accueil<\/span><span dir=\"ltr\">Le dispositif offre <\/span><span dir=\"ltr\">48<\/span><span dir=\"ltr\"> places de la 6<\/span><span dir=\"ltr\">e<\/span><span dir=\"ltr\"> \u00e0 la 3<\/span><span dir=\"ltr\">e<\/span><span dir=\"ltr\"> soit 12 places par niveau.<\/span><\/p>\n<p><span dir=\"ltr\">Modalit\u00e9s d&rsquo;accueil:<\/span><\/p>\n<p><span dir=\"ltr\">Regroup\u00e9s dans des classes ordinaires \u00e0 h\u00e9t\u00e9rog\u00e9n\u00e9i<\/span><span dir=\"ltr\">t\u00e9 ma\u00eetris\u00e9e avec des am\u00e9nagements <\/span><span dir=\"ltr\">pour permettre leur inclusion efficace au coll\u00e8ge, <\/span><span dir=\"ltr\">les E.I.P. b\u00e9n\u00e9ficient d\u2019un lieu de <\/span><span dir=\"ltr\">reconnaissance et de prise en charge de leur sp\u00e9cif<\/span><span dir=\"ltr\">icit\u00e9 intellectuelle et \u00e9motionnelle, mais <\/span><span dir=\"ltr\">aussi d\u2019\u00e9panouissement social d\u2019apprentissage pour <\/span><span dir=\"ltr\">exploiter leur potentiel et d\u00e9velopper une <\/span><span dir=\"ltr\">juste estime de soi.<\/span><\/p>\n<p><span dir=\"ltr\">Trois axes pour guider leur parcours au Coll\u00e8ge<\/span><\/p>\n<ul>\n<li><span dir=\"ltr\">\u27a2<\/span><span dir=\"ltr\">Enrichissement classe (Socialisation)<\/span><\/li>\n<li><span dir=\"ltr\">\u27a2<\/span><span dir=\"ltr\">Enrichissement groupe (Reconnaissance entre pairs<\/span><\/li>\n<li><span dir=\"ltr\">\u27a2<\/span><span dir=\"ltr\">Enrichissement personnel<\/span><span dir=\"ltr\">Intervenants <\/span><\/li>\n<\/ul>\n<p><span dir=\"ltr\">Une \u00e9quipe d\u2019enseignants motiv\u00e9s et form\u00e9s aux beso<\/span><span dir=\"ltr\">ins sp\u00e9cifiques de ces \u00e9l\u00e8ves en <\/span><span dir=\"ltr\">mati\u00e8re d\u2019apprentissage ont pour objectifs de rep\u00e9r<\/span><span dir=\"ltr\">er les comportements exploitables sur le <\/span><span dir=\"ltr\">plan p\u00e9dagogique, de se doter de m\u00e9thodes et d\u2019outi<\/span><span dir=\"ltr\">ls adapt\u00e9s susceptibles d\u2019optimiser le <\/span><span dir=\"ltr\">potentiel des EIP, et de consolider des liens entre<\/span><span dir=\"ltr\"> \u00e9quipe p\u00e9dagogique, enfant et famille<\/span><span dir=\"ltr\">(cellule d\u2019\u00e9coute avec communication des objectifs,<\/span><span dir=\"ltr\"> des projets et des limites). <\/span><span dir=\"ltr\">L\u2019ensemble des membres de l&rsquo;\u00e9quipe \u00e9ducative (admin<\/span><span dir=\"ltr\">istratifs, enseignants, personnels <\/span><span dir=\"ltr\">de direction, de sant\u00e9, social et de vie scolaire),<\/span><span dir=\"ltr\"> est positionn\u00e9 sur cette probl\u00e9matique <\/span><span dir=\"ltr\">d\u2019enfants \u00e0 haut potentiel au coll\u00e8ge de Montgailla<\/span><span dir=\"ltr\">rd. Un enseignant r\u00e9f\u00e9rent (Mme Massiau) avec des heures <\/span><span dir=\"ltr\">d\u00e9di\u00e9es coordonne le dispositif et accompagne tout <\/span><span dir=\"ltr\">au long de l&rsquo;ann\u00e9e les E.I.P., les familles <\/span><span dir=\"ltr\">et le personnel du coll\u00e8ge.<\/span><\/p>\n<p><span dir=\"ltr\">Organisation p\u00e9dagogique:<\/span><\/p>\n<p><span dir=\"ltr\">Des ateliers de th\u00e9matiques diff\u00e9rentes regroupant <\/span><span dir=\"ltr\">les EIP sur des projets en fonction de <\/span><span dir=\"ltr\">leur niveau de classe ont pour objectif de d\u00e9velopp<\/span><span dir=\"ltr\">er et de prendre en compte la sp\u00e9cificit\u00e9 <\/span><span dir=\"ltr\">de ce public.<\/span><span dir=\"ltr\">Cr\u00e9ativit\u00e9 : cirque, cr\u00e9ation de vid\u00e9o, spectacles <\/span><span dir=\"ltr\">&#8230;<\/span><span dir=\"ltr\">Expression : th\u00e9\u00e2tre, atelier philo, tea time &#8230;<\/span><span dir=\"ltr\">\u00c9panouissement intellectuel : projets scientifiques<\/span><span dir=\"ltr\">, math\u00e9matiques, concours &#8230; <\/span><span dir=\"ltr\">M\u00e9thodologie pour mieux apprendre : entretiens indi<\/span><span dir=\"ltr\">viduels, ateliers de paroles et <\/span><span dir=\"ltr\">d\u2019\u00e9coute de l\u2019autre &#8230;<\/span><span dir=\"ltr\">Intervention d&rsquo;une psychologue clinicienne pour lib<\/span><span dir=\"ltr\">\u00e9rer la parole des jeunes, \u00eatre \u00e0 <\/span><span dir=\"ltr\">l&rsquo;\u00e9coute des familles et des professeurs.<\/span><span dir=\"ltr\">Tout au long des ann\u00e9es de coll\u00e8ge et en fonction d<\/span><span dir=\"ltr\">es besoins de chacun, les enseignements <\/span><span dir=\"ltr\">comme l\u2019E.P.S. ou le choix des options ou Enseignem<\/span><span dir=\"ltr\">ents Pratiques Interdisciplinaires (E.P.I.)<\/span><span dir=\"ltr\">contribueront \u00e0 d\u00e9velopper leur expression, l\u2019\u00e9cout<\/span><span dir=\"ltr\">e de l\u2019autre, l\u2019approfondissement et <\/span><span dir=\"ltr\">l\u2019enrichissement, ainsi que la connaissance et l\u2019es<\/span><span dir=\"ltr\">time de soi, pour que leur parcours scolaire <\/span><span dir=\"ltr\">rime avec \u00e9panouissement<\/span><\/p>\n<p>Plus de renseignements sur la page acad\u00e9mique <a href=\"https:\/\/pedagogie.ac-reunion.fr\/ash\/eleves-a-bep\/eleves-a-haut-potentiel.html\">El\u00e8ves a Hauts Potentiels.<\/a><\/p>\n<!-- AddThis Advanced Settings generic via filter on the_content --><!-- AddThis Share Buttons generic via filter on the_content -->","protected":false},"excerpt":{"rendered":"<p>\u00ab Comprendre pour Aider, comprendre pour Apprendre \u00bb Objectif: Accueil et accompagnement de la scolarit\u00e9 des enfants intellectuellement pr\u00e9coces de St Denis et ses environs qui peuvent \u00eatre en difficult\u00e9 ou en souffrance.Capacit\u00e9 d\u2019accueilLe dispositif offre 48 places de la 6e \u00e0 la 3e soit 12 places par niveau. Modalit\u00e9s d&rsquo;accueil: Regroup\u00e9s dans des classes [&hellip;]<!-- AddThis Advanced Settings generic via filter on get_the_excerpt --><!-- AddThis Share Buttons generic via filter on get_the_excerpt --><\/p>\n","protected":false},"author":2809,"featured_media":0,"parent":187,"menu_order":0,"comment_status":"closed","ping_status":"closed","template":"page-blog.php","meta":{"footnotes":""},"class_list":["post-189","page","type-page","status-publish","hentry"],"_links":{"self":[{"href":"https:\/\/etab.ac-reunion.fr\/clg-robert-ardon\/wp-json\/wp\/v2\/pages\/189","targetHints":{"allow":["GET"]}}],"collection":[{"href":"https:\/\/etab.ac-reunion.fr\/clg-robert-ardon\/wp-json\/wp\/v2\/pages"}],"about":[{"href":"https:\/\/etab.ac-reunion.fr\/clg-robert-ardon\/wp-json\/wp\/v2\/types\/page"}],"author":[{"embeddable":true,"href":"https:\/\/etab.ac-reunion.fr\/clg-robert-ardon\/wp-json\/wp\/v2\/users\/2809"}],"replies":[{"embeddable":true,"href":"https:\/\/etab.ac-reunion.fr\/clg-robert-ardon\/wp-json\/wp\/v2\/comments?post=189"}],"version-history":[{"count":11,"href":"https:\/\/etab.ac-reunion.fr\/clg-robert-ardon\/wp-json\/wp\/v2\/pages\/189\/revisions"}],"predecessor-version":[{"id":3551,"href":"https:\/\/etab.ac-reunion.fr\/clg-robert-ardon\/wp-json\/wp\/v2\/pages\/189\/revisions\/3551"}],"up":[{"embeddable":true,"href":"https:\/\/etab.ac-reunion.fr\/clg-robert-ardon\/wp-json\/wp\/v2\/pages\/187"}],"wp:attachment":[{"href":"https:\/\/etab.ac-reunion.fr\/clg-robert-ardon\/wp-json\/wp\/v2\/media?parent=189"}],"curies":[{"name":"wp","href":"https:\/\/api.w.org\/{rel}","templated":true}]}}