{"id":2769,"date":"2018-10-13T05:51:02","date_gmt":"2018-10-13T01:51:02","guid":{"rendered":"http:\/\/college-montgaillard.ac-reunion.fr\/?page_id=2769"},"modified":"2025-03-20T13:15:25","modified_gmt":"2025-03-20T09:15:25","slug":"erasmus","status":"publish","type":"page","link":"https:\/\/etab.ac-reunion.fr\/clg-robert-ardon\/dispositifs-et-projets\/erasmus\/","title":{"rendered":"Projet ERASMUS \u2013 KA2"},"content":{"rendered":"<div class=\"page\" title=\"Page 1\">\n<div class=\"section\">\n<div class=\"layoutArea\">\n<div class=\"column\">\n<p><a href=\"http:\/\/wpetab.ac-reunion.fr\/montgaillard\/wp-content\/uploads\/sites\/80\/2018\/10\/logo-ERASMUS-MPT.jpg\"><img loading=\"lazy\" decoding=\"async\" class=\"size-medium wp-image-2776 aligncenter\" src=\"http:\/\/wpetab.ac-reunion.fr\/montgaillard\/wp-content\/uploads\/sites\/80\/2018\/10\/logo-ERASMUS-MPT-213x300.jpg\" alt=\"\" width=\"213\" height=\"300\" \/><\/a><\/p>\n<h1 style=\"text-align: center\"><strong>MORE POWERFUL TOGETHER 2017-2019<\/strong><\/h1>\n<\/div>\n<\/div>\n<div class=\"layoutArea\">\n<div class=\"column\">\n<h3>Objectifs:<\/h3>\n<ul>\n<li>Lutter contre les discriminations a\u0300 l\u2019e\u0301chelle europe\u0301enne.<\/li>\n<li>Travailler l\u2019anglais.<\/li>\n<li>Promouvoir le vivre ensemble<\/li>\n<li>Permettre aux enseignants travailler ensemble au niveau europe\u0301en&#8230;<\/li>\n<\/ul>\n<\/div>\n<\/div>\n<\/div>\n<\/div>\n<div class=\"page\" title=\"Page 2\">\n<div class=\"section\">\n<div class=\"layoutArea\">\n<div class=\"column\">\n<h3>Gene\u0300se:<\/h3>\n<ul>\n<li>Contact pris sur E-twinning.<\/li>\n<li>5 partenaires pour lutter contre les discriminations: les Anglais, les Turcs, les Norve\u0301giens, Les Portugais et les Franc\u0327ais.<\/li>\n<\/ul>\n<h3>E\u0301tape 1 Mise en place du projet, en Turquie en octobre 2017.<\/h3>\n<ul>\n<li>2 enseignants de la Re\u0301union sont partis sur place pour de\u0301finir les grandes lignes du projet.<\/li>\n<li>Rencontre avec les diffe\u0301rents partenaires.<\/li>\n<li>Se\u0301lection d\u2019un logo et d\u2019une devise pour le projet. Dessins cre\u0301e\u0301s par les e\u0301le\u0300ves. Le logo de la Turquie est choisi.<\/li>\n<li>Cre\u0301ation d\u2019un site web (<a href=\"http:\/\/morepowerfultogether.wordpress.com\">morepowerfultogether.wordpress.com<\/a>), choix des dates pour les diffe\u0301rentes mobilite\u0301s.<\/li>\n<li>E\u0301le\u0300ves de 10 a\u0300 18 ans (13 a\u0300 17 ans dans les faits).<\/li>\n<\/ul>\n<p>* Lecture des droits humains et des animaux dans chaque pays.<\/p>\n<\/div>\n<\/div>\n<\/div>\n<\/div>\n<div class=\"page\" title=\"Page 3\">\n<div class=\"section\">\n<div class=\"layoutArea\">\n<div class=\"column\">\n<h3>E\u0301tape 2: Premier e\u0301change international professeurs\/e\u0301le\u0300ves en Angleterre.<\/h3>\n<\/div>\n<\/div>\n<div class=\"layoutArea\">\n<div class=\"column\">\n<ul>\n<li>2 enseignants et 7 e\u0301le\u0300ves du colle\u0300ge Montgaillard.<\/li>\n<li>Du 15 au 25 mars 2018 a\u0300 Littlehampton, sud de l\u2019Angleterre. Photos disponibles.<\/li>\n<li>De\u0301couverte de l\u2019Angleterre et visite d\u2019une association de lutte pour les droits des LGBT au Royaume-Uni.<\/li>\n<li>Pre\u0301sentation de la Re\u0301union par une e\u0301le\u0300ve devant l\u2019assemble\u0301e ge\u0301ne\u0301rale hebdomadaire de l\u2019e\u0301cole + vide\u0301o de pre\u0301sentation de la re\u0301union &#8211; disponible.\n<ul>\n<li>Confe\u0301rence anime\u0301e par les e\u0301le\u0300ves des diffe\u0301rents pays pour pre\u0301senter leur proble\u0301matique en pre\u0301sence du maire de Littlehampton.Animation de confe\u0301rence assure\u0301e par deux e\u0301le\u0300ves anglais.<\/li>\n<li>Les e\u0301le\u0300ves turcs pre\u0301sentent son travail sur les proble\u0300mes rencontre\u0301s par les migrants.<\/li>\n<li>La France, repre\u0301sente\u0301e par la Re\u0301union, pre\u0301sente son travail sur les discriminations raciales et sexistes.<\/li>\n<\/ul>\n<\/li>\n<li>Apre\u0300s le voyage Angleterre :Les e\u0301le\u0300ves ont fait des recherche sur les personnes ayant lutte\u0301 contre les discriminations Pour une exposition au CDI. Toujours disponible.\n<ul>\n<li>Alan Turing,<\/li>\n<li>Nelson Mandela,<\/li>\n<li>Mahatma Ghandi,<\/li>\n<li>Martin Luther King Jr.<\/li>\n<\/ul>\n<\/li>\n<\/ul>\n<div class=\"layoutArea\">\n<div class=\"column\">\n<ul>\n<li>Les e\u0301le\u0300ves ont explique\u0301 le projet a\u0300 des classes qui sont venus voir l\u2019exposition lors d\u2019une journe\u0301e des projets au colle\u0300ge en juin 2018.<\/li>\n<\/ul>\n<\/div>\n<\/div>\n<\/div>\n<\/div>\n<\/div>\n<\/div>\n<div class=\"page\" title=\"Page 5\">\n<div class=\"layoutArea\">\n<div class=\"column\">\n<h3>E\u0301tape 3: Deuxie\u0300me e\u0301change international a\u0300 La Re\u0301union, France.<\/h3>\n<p>Accueil des partenaires europe\u0301ens:<\/p>\n<\/div>\n<\/div>\n<div class=\"layoutArea\">\n<div class=\"column\">\n<ul>\n<li>Du 29 octobre au 2 novembre (plus week-end pre\u0301ce\u0300dent selon les arrive\u0301s)<\/li>\n<li>5 e\u0301le\u0300ves et 3 adultes pour la Norve\u0300ge. * 3 e\u0301le\u0300ves et 2 adultes pour la Turquie.<\/li>\n<li>8 e\u0301le\u0300ves et 2 adultes pour l\u2019Angleterre.<\/li>\n<\/ul>\n<\/div>\n<\/div>\n<div class=\"layoutArea\">\n<div class=\"column\">\n<h4>PROGRAMME:<\/h4>\n<\/div>\n<\/div>\n<div class=\"layoutArea\">\n<div class=\"column\">\n<ul>\n<li>Accueil des partenaires au colle\u0300ge en pre\u0301sence du Maire et \/ou d\u2019un adjoint.<\/li>\n<li>De\u0301couverte de l\u2019i\u0302le : vanilleraie, usine de bois rouge, volcan, l&rsquo;Hermitage.<\/li>\n<li>Montrer le vivre ensemble a\u0300 la Re\u0301union, Saint Denis: mosque\u0301e, e\u0301glise et temple.<\/li>\n<li>Se\u0301minaire sur l\u2019orientation des e\u0301le\u0300ves en France<\/li>\n<li>Pre\u0301parer des posters gra\u0302ce au nume\u0301rique pour les journe\u0301es de lutte contre les discriminations (racisme (21\/03), homophobie et \u00ab transphobie \u00bb (17\/05), journe\u0301e des femmes (8\/03), journe\u0301e des personnes handicape\u0301es (03\/12),&#8230;<\/li>\n<\/ul>\n<\/div>\n<\/div>\n<\/div>\n<div class=\"page\" title=\"Page 6\">\n<div class=\"layoutArea\">\n<div class=\"column\">\n<h4>A\u0300 organiser:<\/h4>\n<ul>\n<li>A5: Se\u0301minaire pour les parents (a\u0300 filmer pour publication sur le site web du projet). Pre\u0301sente\u0301 par un juriste dans chaque pays. Il porte sur les droits et les lois dans les pays et dans l\u2019Union europe\u0301enne, en fonction de la the\u0301matique travaille\u0301e: l\u2019e\u0301ducation, les violences conjugales, les re\u0301fugie\u0301s, les immigrants&#8230;<\/li>\n<li>A6: Ste\u0301re\u0301otypes de genre (a\u0300 mettre sur le site web).<br \/>\nPrendre en photo des hommes ou femmes re\u0301alisant une activite\u0301 \u00ab re\u0301serve\u0301 \u00bb au sexe oppose\u0301. Une femme exerc\u0327ant une activite\u0301 dite masculine et un homme exerc\u0327ant une activite\u0301 dite fe\u0301mini<\/li>\n<li>C3: Visite de postes de travail.<br \/>\nVisiter des professionnels (pilotes, scientifiques, de\u0301pute\u0301s &#8230;) pour voir les ste\u0301re\u0301otypes de genre Au sujet des emplois plus fe\u0301minins ou plus masculins.<\/li>\n<li>C3: Planifier votre carrie\u0300re.<br \/>\nSe\u0301minaire sur la planification de carrie\u0300re pour les enfants a\u0300 La Re\u0301union et en France.<\/li>\n<\/ul>\n<\/div>\n<\/div>\n<\/div>\n<div class=\"page\" title=\"Page 7\">\n<div class=\"section\">\n<div class=\"layoutArea\">\n<div class=\"column\">\n<h4>E\u0301tape 4: Troisie\u0300me et dernier e\u0301change international en Norve\u0300ge.<\/h4>\n<\/div>\n<\/div>\n<div class=\"layoutArea\">\n<div class=\"column\">\n<p>\u2022Du 20 au 25 mai 2019. De\u0301part de la Re\u0301union le 17\/05\/2019. Retour a\u0300 la Re\u0301union le 26\/05\/2019.<\/p>\n<\/div>\n<\/div>\n<div class=\"layoutArea\">\n<div class=\"column\">\n<p>(programme pre\u0301visionnel).<\/p>\n<p>omihgmoeghqeo(_h\u00f9goqih\u00f9geqoihgqo\u00f9heghg$<\/p>\n<\/div>\n<\/div>\n<\/div>\n<\/div>\n<!-- AddThis Advanced Settings generic via filter on the_content --><!-- AddThis Share Buttons generic via filter on the_content -->","protected":false},"excerpt":{"rendered":"<p>MORE POWERFUL TOGETHER 2017-2019 Objectifs: Lutter contre les discriminations a\u0300 l\u2019e\u0301chelle europe\u0301enne. Travailler l\u2019anglais. Promouvoir le vivre ensemble Permettre aux enseignants travailler ensemble au niveau europe\u0301en&#8230; Gene\u0300se: Contact pris sur E-twinning. 5 partenaires pour lutter contre les discriminations: les Anglais, les Turcs, les Norve\u0301giens, Les Portugais et les Franc\u0327ais. E\u0301tape 1 Mise en place du [&hellip;]<!-- AddThis Advanced Settings generic via filter on get_the_excerpt --><!-- AddThis Share Buttons generic via filter on get_the_excerpt --><\/p>\n","protected":false},"author":3191,"featured_media":2776,"parent":187,"menu_order":0,"comment_status":"closed","ping_status":"closed","template":"page-full.php","meta":{"footnotes":""},"class_list":["post-2769","page","type-page","status-publish","has-post-thumbnail","hentry"],"_links":{"self":[{"href":"https:\/\/etab.ac-reunion.fr\/clg-robert-ardon\/wp-json\/wp\/v2\/pages\/2769","targetHints":{"allow":["GET"]}}],"collection":[{"href":"https:\/\/etab.ac-reunion.fr\/clg-robert-ardon\/wp-json\/wp\/v2\/pages"}],"about":[{"href":"https:\/\/etab.ac-reunion.fr\/clg-robert-ardon\/wp-json\/wp\/v2\/types\/page"}],"author":[{"embeddable":true,"href":"https:\/\/etab.ac-reunion.fr\/clg-robert-ardon\/wp-json\/wp\/v2\/users\/3191"}],"replies":[{"embeddable":true,"href":"https:\/\/etab.ac-reunion.fr\/clg-robert-ardon\/wp-json\/wp\/v2\/comments?post=2769"}],"version-history":[{"count":6,"href":"https:\/\/etab.ac-reunion.fr\/clg-robert-ardon\/wp-json\/wp\/v2\/pages\/2769\/revisions"}],"predecessor-version":[{"id":5274,"href":"https:\/\/etab.ac-reunion.fr\/clg-robert-ardon\/wp-json\/wp\/v2\/pages\/2769\/revisions\/5274"}],"up":[{"embeddable":true,"href":"https:\/\/etab.ac-reunion.fr\/clg-robert-ardon\/wp-json\/wp\/v2\/pages\/187"}],"wp:featuredmedia":[{"embeddable":true,"href":"https:\/\/etab.ac-reunion.fr\/clg-robert-ardon\/wp-json\/wp\/v2\/media\/2776"}],"wp:attachment":[{"href":"https:\/\/etab.ac-reunion.fr\/clg-robert-ardon\/wp-json\/wp\/v2\/media?parent=2769"}],"curies":[{"name":"wp","href":"https:\/\/api.w.org\/{rel}","templated":true}]}}