{"id":325,"date":"2014-10-15T22:09:40","date_gmt":"2014-10-15T18:09:40","guid":{"rendered":"http:\/\/college-montgaillard-tmp.ac-reunion.fr\/?page_id=325"},"modified":"2015-09-13T19:55:02","modified_gmt":"2015-09-13T15:55:02","slug":"histoire-des-arts","status":"publish","type":"page","link":"https:\/\/etab.ac-reunion.fr\/clg-robert-ardon\/histoire-des-arts\/","title":{"rendered":"Histoire des Arts"},"content":{"rendered":"<p>Les candidats au Dipl\u00f4me National du Brevet doivent pr\u00e9senter l&rsquo;\u00e9preuve d&rsquo;Histoire des Arts, qui est dot\u00e9e d&rsquo;un coefficient 2.<\/p>\n<p>Cette \u00e9preuve exige une pr\u00e9paration et une r\u00e9flexion personnelle qu&rsquo;il faut mener\u00a0tout au long de l&rsquo;ann\u00e9e de 3\u00e8me, mais aussi au cours des ann\u00e9es qui pr\u00e9c\u00e8dent la 3\u00e8me.<\/p>\n<p>Les \u00e9l\u00e8ves trouveront ici les \u00e9l\u00e9ments d&rsquo;information relatifs\u00a0\u00e0 la pr\u00e9paration de l&rsquo;\u00e9preuve orale d&rsquo;Histoire des Arts.<\/p>\n<p>En ce qui concerne les oeuvres et les m\u00e9thodes \u00e0 s&rsquo;approprier, il est pr\u00e9f\u00e9rable de se rendre sur le <a href=\"https:\/\/portail.college-montgaillard.re\/wordpress\/hda\/\">blog HDA<\/a> du coll\u00e8ge.<\/p>\n<p>&#8212;&#8212;&#8212;&#8212;&#8212;&#8212;&#8212;&#8212;&#8212;&#8212;&#8212;&#8212;&#8212;&#8212;&#8212;-<\/p>\n<p><strong>Pr\u00e9paration HDA d\u00e8s la 6\u00e8me<\/strong><\/p>\n<blockquote><p>L&rsquo;histoire des arts est abord\u00e9e en classe par le professeur, et\u00a0elle peut \u00e9galement\u00a0faire l&rsquo;objet d&rsquo;expos\u00e9s pr\u00e9sent\u00e9s par les \u00e9l\u00e8ves.<\/p>\n<p>Les th\u00e8mes sont les suivants :<\/p>\n<p><strong>6\u00e8me<\/strong>\u00a0: <em>Arts Cr\u00e9ation culture =&gt;\u00a0Arts et traditions<\/em><br \/>\n<em>\u00a0 \u00a0 \u00a0 \u00a0 \u00a0 \u00a0 \u00a0 Arts, Mythes et religions =&gt;\u00a0Arts et Mythes<\/em><\/p>\n<p><strong>5\u00e8me<\/strong>\u00a0:<em> Arts, Mythes et religions =&gt;\u00a0Arts au croisement des cultures<\/em><\/p><\/blockquote>\n<p><strong>\u00c9preuve orale pr\u00e9paratoire en 4\u00e8me<\/strong><\/p>\n<blockquote><p>Constatant les difficult\u00e9s trop souvent \u00e9prouv\u00e9es par les \u00e9l\u00e8ves lors de leur entretien pour l&rsquo;\u00e9preuve d&rsquo;Histoire des Arts en fin de 3\u00e8me, l&rsquo;\u00e9quipe p\u00e9dagogique a propos\u00e9 une \u00e9preuve orale pr\u00e9paratoire pour les classes de 4\u00e8me. Valid\u00e9e par le Conseil P\u00e9dagogique du 6\/11\/2014, cette \u00e9preuve d&rsquo;entra\u00eenement consiste en une <strong>pr\u00e9sentation de 15 minutes, questions incluses (5 minutes d&rsquo;expos\u00e9, 10 minutes de questions)<\/strong>.<\/p>\n<p>Dans chaque classe de 4\u00e8me, le professeur principal pr\u00e9sentera \u00e0 la rentr\u00e9e de janvier 2015 une liste d&rsquo;oeuvres propos\u00e9es par les enseignants de la classe. <strong>Ces oeuvres ne sont pas \u00e9tudi\u00e9es en classe<\/strong>, mais entrent dans les th\u00e8mes \u00e9tudi\u00e9s sur le\u00a0niveau.<\/p>\n<p>Les \u00e9l\u00e8ves s&rsquo;inscrivent sur la liste attach\u00e9e au cahier d&rsquo;appel, et le professeur qui a propos\u00e9 l&rsquo;oeuvre attribue une date de passage apr\u00e8s discussion avec l&rsquo;\u00e9l\u00e8ve. La pr\u00e9sentation se fait sur l&rsquo;heure de cours, devant la classe enti\u00e8re. S&rsquo;il s&rsquo;agit d&rsquo;une oeuvre propos\u00e9e par un professeur de langue, la pr\u00e9sentation peut se faire dans la langue d&rsquo;\u00e9tude.<\/p>\n<p>La prestation fait l&rsquo;objet d&rsquo;une \u00e9valuation, et la note figure sur le bulletin en Histoire des Arts.<\/p>\n<p><strong>Th\u00e8mes pour les classes de 4\u00e8me :<\/strong><\/p>\n<p><em>Arts, espace, temps =&gt; Arts et voyage<\/em><br \/>\n<em>Arts, techniques, expressions =&gt; Art et science<\/em><\/p><\/blockquote>\n<p><strong>L&rsquo;\u00e9preuve d&rsquo;Histoire des Arts au Brevet (3\u00e8me)<\/strong><\/p>\n<blockquote><p>Le fonds des oeuvres \u00e0 pr\u00e9senter est le m\u00eame que pour les ann\u00e9es pr\u00e9c\u00e9dentes, avec des oeuvres nouvelles qui seront ajout\u00e9es.<\/p>\n<p><strong>Pour l&rsquo;oral blanc<\/strong>, l&rsquo;\u00e9l\u00e8ve pr\u00e9sente 3 oeuvres sur une ou plusieurs th\u00e9matiques. <strong>Dates de l&rsquo;oral blanc : 9 et 10 mars 2015.<\/strong><\/p>\n<p><strong>Pour l&rsquo;oral officiel<\/strong>, l&rsquo;\u00e9l\u00e8ve pr\u00e9sente 5 oeuvres regroupant 3 domaines artistiques. Il peut garder ses 3 premi\u00e8res oeuvres. Il a la possibilit\u00e9 de pr\u00e9senter une oeuvre personnelle. Une seule oeuvre sera tir\u00e9e au sort. <strong>Date de l&rsquo;oral officiel : Jeudi 7 Mai 2015.\u00a0<\/strong><\/p>\n<p>La pr\u00e9paration de l&rsquo;\u00e9preuve est coordonn\u00e9e par le professeur principal, en lien avec l&rsquo;\u00e9quipe p\u00e9dagogique.<\/p>\n<p><strong>L&rsquo;\u00e9l\u00e8ve est libre de constituer un dossier, ou pas<\/strong>. Le cas \u00e9ch\u00e9ant, il le remet au jury \u00e0 l&rsquo;entr\u00e9e dans la\u00a0salle. Ce dossier doit contenir des recherches personnelles, et non une simple compilation de pages internet. Il ne fait pas l&rsquo;objet d&rsquo;une notation particuli\u00e8re.<\/p>\n<p><strong>Th\u00e8mes pour les classes de 3\u00e8me :<\/strong><\/p>\n<p><em>Arts, \u00c9tat et pouvoir =&gt; Femmes et pouvoir<\/em><br \/>\n<em>\u00a0 \u00a0 \u00a0 \u00a0 \u00a0 \u00a0 \u00a0 \u00a0 \u00a0 \u00a0 \u00a0 \u00a0 \u00a0 \u00a0 \u00a0 \u00a0 \u00a0 \u00a0 \u00a0 =&gt; Art au service du pouvoir ou art lib\u00e9rateur<\/em><\/p>\n<p><em>Arts, rupture et continuit\u00e9 =&gt; D\u00e9tournement des mythes et reprise d&rsquo;oeuvres<\/em><\/p><\/blockquote>\n<div class=\"column\"><\/div>\n<p><strong>Documents concernant l&rsquo;\u00e9preuve<\/strong><\/p>\n<p>Informations g\u00e9n\u00e9rales sur l&rsquo;\u00e9preuve :\u00a0<a href=\"http:\/\/wpetab.ac-reunion.fr\/montgaillard\/wp-content\/uploads\/sites\/80\/2014\/10\/HDA-DNB-protocole-\u00e9l\u00e8ve1.pdf\">HDA DNB protocole \u00e9l\u00e8ve<\/a><\/p>\n<p>Pour analyser une\u00a0oeuvre :\u00a0<a href=\"http:\/\/wpetab.ac-reunion.fr\/montgaillard\/wp-content\/uploads\/sites\/80\/2014\/10\/cadre-danalyse-HDA.pdf\">cadre d&rsquo;analyse HDA<\/a><\/p>\n<p>Les oeuvres propos\u00e9es pour le niveau 3\u00e8me :\u00a0<a href=\"http:\/\/wpetab.ac-reunion.fr\/montgaillard\/wp-content\/uploads\/sites\/80\/2014\/10\/Oeuvres-oral-blanc-f\u00e9vrier-2015.pdf\">Oeuvres oral blanc f\u00e9vrier 2015<\/a><\/p>\n<p>Fiche pour la liste d&rsquo;oeuvres de l&rsquo;\u00e9l\u00e8ve :\u00a0<a href=\"http:\/\/wpetab.ac-reunion.fr\/montgaillard\/wp-content\/uploads\/sites\/80\/2014\/10\/2014-15-HDA-Oeuvres-\u00e9tudi\u00e9es.docx\">2014-15 HDA Oeuvres \u00e9tudi\u00e9es<\/a><\/p>\n<p><em>Grilles d&rsquo;\u00e9valuation :\u00a0<\/em><\/p>\n<p>4\u00e8me :\u00a0<a href=\"http:\/\/wpetab.ac-reunion.fr\/montgaillard\/wp-content\/uploads\/sites\/80\/2014\/10\/HDA-4e-Grille-\u00e9valuation.pdf\">HDA 4e Grille \u00e9valuation<\/a><\/p>\n<p>3\u00e8me : <a href=\"http:\/\/wpetab.ac-reunion.fr\/montgaillard\/wp-content\/uploads\/sites\/80\/2014\/10\/HDA-3e-fiche-eval-oral-blc.pdf\">HDA 3e fiche eval oral blanc<\/a><\/p>\n<p>Grille de progression :\u00a0<a href=\"http:\/\/wpetab.ac-reunion.fr\/montgaillard\/wp-content\/uploads\/sites\/80\/2014\/10\/HDA-Oral-blanc-grille-progression.pdf\">HDA Oral blanc grille progression<\/a><\/p>\n<p>Organisation HDA dans l&rsquo;\u00e9tablissement :\u00a0<a href=\"http:\/\/wpetab.ac-reunion.fr\/montgaillard\/wp-content\/uploads\/sites\/80\/2014\/10\/15-02-12-PV-run-HDA.pdf\">15-02-12 PV run HDA<\/a><\/p>\n<p>&nbsp;<\/p>\n<p>&nbsp;<\/p>\n<!-- AddThis Advanced Settings generic via filter on the_content --><!-- AddThis Share Buttons generic via filter on the_content -->","protected":false},"excerpt":{"rendered":"<p>Les candidats au Dipl\u00f4me National du Brevet doivent pr\u00e9senter l&rsquo;\u00e9preuve d&rsquo;Histoire des Arts, qui est dot\u00e9e d&rsquo;un coefficient 2.<\/p>\n<p>Cette \u00e9preuve exige une pr\u00e9paration et une r\u00e9flexion personnelle qu&rsquo;il faut mener tout au long de l&rsquo;ann\u00e9e de 3\u00e8me, mais aussi au cours des ann\u00e9es qui pr\u00e9c\u00e8dent la 3\u00e8me.<\/p>\n<p>Les \u00e9l\u00e8ves trouveront ici les \u00e9l\u00e9ments d&rsquo;information relatifs \u00e0 la pr\u00e9paration de l&rsquo;\u00e9preuve orale d&rsquo;Histoire des Arts.<!-- AddThis Advanced Settings generic via filter on get_the_excerpt --><!-- AddThis Share Buttons generic via filter on get_the_excerpt --><\/p>\n","protected":false},"author":2809,"featured_media":0,"parent":0,"menu_order":0,"comment_status":"open","ping_status":"open","template":"page-full.php","meta":{"footnotes":""},"class_list":["post-325","page","type-page","status-publish","hentry"],"_links":{"self":[{"href":"https:\/\/etab.ac-reunion.fr\/clg-robert-ardon\/wp-json\/wp\/v2\/pages\/325","targetHints":{"allow":["GET"]}}],"collection":[{"href":"https:\/\/etab.ac-reunion.fr\/clg-robert-ardon\/wp-json\/wp\/v2\/pages"}],"about":[{"href":"https:\/\/etab.ac-reunion.fr\/clg-robert-ardon\/wp-json\/wp\/v2\/types\/page"}],"author":[{"embeddable":true,"href":"https:\/\/etab.ac-reunion.fr\/clg-robert-ardon\/wp-json\/wp\/v2\/users\/2809"}],"replies":[{"embeddable":true,"href":"https:\/\/etab.ac-reunion.fr\/clg-robert-ardon\/wp-json\/wp\/v2\/comments?post=325"}],"version-history":[{"count":13,"href":"https:\/\/etab.ac-reunion.fr\/clg-robert-ardon\/wp-json\/wp\/v2\/pages\/325\/revisions"}],"predecessor-version":[{"id":1419,"href":"https:\/\/etab.ac-reunion.fr\/clg-robert-ardon\/wp-json\/wp\/v2\/pages\/325\/revisions\/1419"}],"wp:attachment":[{"href":"https:\/\/etab.ac-reunion.fr\/clg-robert-ardon\/wp-json\/wp\/v2\/media?parent=325"}],"curies":[{"name":"wp","href":"https:\/\/api.w.org\/{rel}","templated":true}]}}