{"id":36,"date":"2014-09-10T15:36:46","date_gmt":"2014-09-10T11:36:46","guid":{"rendered":"http:\/\/college-montgaillard-tmp.ac-reunion.fr\/?page_id=36"},"modified":"2015-06-30T07:48:11","modified_gmt":"2015-06-30T03:48:11","slug":"allemand","status":"publish","type":"page","link":"https:\/\/etab.ac-reunion.fr\/clg-robert-ardon\/disciplines-2\/langues\/allemand\/","title":{"rendered":"Allemand"},"content":{"rendered":"<p>21.11.2014<\/p>\n<p>Les \u00e9l\u00e8ves de 3\u00e8me Euro Allemand sont all\u00e9s accueillir leurs correspondants \u00e0 l&rsquo;a\u00e9roport aujourd&rsquo;hui. Au programme : 2 semaines de sorties, accueil au Coll\u00e8ge, d\u00e9couverte des plus jolis coins de l&rsquo;\u00eele, et de sa gastronomie, bien s\u00fbr.<\/p>\n<p>Les fran\u00e7ais se rendront en Allemagne en Mars 2015.<\/p>\n<p>&nbsp;<\/p>\n<!-- AddThis Advanced Settings generic via filter on the_content --><!-- AddThis Share Buttons generic via filter on the_content -->","protected":false},"excerpt":{"rendered":"<p>21.11.2014 Les \u00e9l\u00e8ves de 3\u00e8me Euro Allemand sont all\u00e9s accueillir leurs correspondants \u00e0 l&rsquo;a\u00e9roport aujourd&rsquo;hui. Au programme : 2 semaines de sorties, accueil au Coll\u00e8ge, d\u00e9couverte des plus jolis coins de l&rsquo;\u00eele, et de sa gastronomie, bien s\u00fbr. Les fran\u00e7ais se rendront en Allemagne en Mars 2015. &nbsp;<!-- AddThis Advanced Settings generic via filter on get_the_excerpt --><!-- AddThis Share Buttons generic via filter on get_the_excerpt --><\/p>\n","protected":false},"author":2809,"featured_media":0,"parent":117,"menu_order":1,"comment_status":"open","ping_status":"closed","template":"page-blog.php","meta":{"footnotes":""},"class_list":["post-36","page","type-page","status-publish","hentry"],"_links":{"self":[{"href":"https:\/\/etab.ac-reunion.fr\/clg-robert-ardon\/wp-json\/wp\/v2\/pages\/36","targetHints":{"allow":["GET"]}}],"collection":[{"href":"https:\/\/etab.ac-reunion.fr\/clg-robert-ardon\/wp-json\/wp\/v2\/pages"}],"about":[{"href":"https:\/\/etab.ac-reunion.fr\/clg-robert-ardon\/wp-json\/wp\/v2\/types\/page"}],"author":[{"embeddable":true,"href":"https:\/\/etab.ac-reunion.fr\/clg-robert-ardon\/wp-json\/wp\/v2\/users\/2809"}],"replies":[{"embeddable":true,"href":"https:\/\/etab.ac-reunion.fr\/clg-robert-ardon\/wp-json\/wp\/v2\/comments?post=36"}],"version-history":[{"count":5,"href":"https:\/\/etab.ac-reunion.fr\/clg-robert-ardon\/wp-json\/wp\/v2\/pages\/36\/revisions"}],"predecessor-version":[{"id":853,"href":"https:\/\/etab.ac-reunion.fr\/clg-robert-ardon\/wp-json\/wp\/v2\/pages\/36\/revisions\/853"}],"up":[{"embeddable":true,"href":"https:\/\/etab.ac-reunion.fr\/clg-robert-ardon\/wp-json\/wp\/v2\/pages\/117"}],"wp:attachment":[{"href":"https:\/\/etab.ac-reunion.fr\/clg-robert-ardon\/wp-json\/wp\/v2\/media?parent=36"}],"curies":[{"name":"wp","href":"https:\/\/api.w.org\/{rel}","templated":true}]}}