{"id":4340,"date":"2023-03-03T05:47:48","date_gmt":"2023-03-03T01:47:48","guid":{"rendered":"https:\/\/etab.ac-reunion.fr\/clg-robert-ardon\/?page_id=4340"},"modified":"2023-03-03T05:59:52","modified_gmt":"2023-03-03T01:59:52","slug":"parcours","status":"publish","type":"page","link":"https:\/\/etab.ac-reunion.fr\/clg-robert-ardon\/parcours\/","title":{"rendered":"Parcours"},"content":{"rendered":"<p>Les quatre parcours \u00e9ducatifs (Avenir, de sant\u00e9, d&rsquo;\u00e9ducation artistique et culturelle, citoyen) permettent de suivre le travail de l&rsquo;\u00e9l\u00e8ve dans ces diff\u00e9rents domaines tout au long de sa scolarit\u00e9.<\/p>\n<!-- AddThis Advanced Settings generic via filter on the_content --><!-- AddThis Share Buttons generic via filter on the_content -->","protected":false},"excerpt":{"rendered":"<p>Les quatre parcours \u00e9ducatifs (Avenir, de sant\u00e9, d&rsquo;\u00e9ducation artistique et culturelle, citoyen) permettent de suivre le travail de l&rsquo;\u00e9l\u00e8ve dans ces diff\u00e9rents domaines tout au long de sa scolarit\u00e9.<!-- AddThis Advanced Settings generic via filter on get_the_excerpt --><!-- AddThis Share Buttons generic via filter on get_the_excerpt --><\/p>\n","protected":false},"author":3191,"featured_media":0,"parent":0,"menu_order":0,"comment_status":"closed","ping_status":"closed","template":"","meta":{"footnotes":""},"class_list":["post-4340","page","type-page","status-publish","hentry"],"_links":{"self":[{"href":"https:\/\/etab.ac-reunion.fr\/clg-robert-ardon\/wp-json\/wp\/v2\/pages\/4340","targetHints":{"allow":["GET"]}}],"collection":[{"href":"https:\/\/etab.ac-reunion.fr\/clg-robert-ardon\/wp-json\/wp\/v2\/pages"}],"about":[{"href":"https:\/\/etab.ac-reunion.fr\/clg-robert-ardon\/wp-json\/wp\/v2\/types\/page"}],"author":[{"embeddable":true,"href":"https:\/\/etab.ac-reunion.fr\/clg-robert-ardon\/wp-json\/wp\/v2\/users\/3191"}],"replies":[{"embeddable":true,"href":"https:\/\/etab.ac-reunion.fr\/clg-robert-ardon\/wp-json\/wp\/v2\/comments?post=4340"}],"version-history":[{"count":2,"href":"https:\/\/etab.ac-reunion.fr\/clg-robert-ardon\/wp-json\/wp\/v2\/pages\/4340\/revisions"}],"predecessor-version":[{"id":4342,"href":"https:\/\/etab.ac-reunion.fr\/clg-robert-ardon\/wp-json\/wp\/v2\/pages\/4340\/revisions\/4342"}],"wp:attachment":[{"href":"https:\/\/etab.ac-reunion.fr\/clg-robert-ardon\/wp-json\/wp\/v2\/media?parent=4340"}],"curies":[{"name":"wp","href":"https:\/\/api.w.org\/{rel}","templated":true}]}}