{"id":458,"date":"2014-11-06T23:21:30","date_gmt":"2014-11-06T19:21:30","guid":{"rendered":"http:\/\/college-montgaillard-tmp.ac-reunion.fr\/?page_id=458"},"modified":"2016-08-27T09:52:49","modified_gmt":"2016-08-27T05:52:49","slug":"a-propos-des-dys","status":"publish","type":"page","link":"https:\/\/etab.ac-reunion.fr\/clg-robert-ardon\/dispositifs-et-projets\/a-propos-des-dys\/","title":{"rendered":"\u00c0 propos des \u00ab\u00a0DYS\u00a0\u00bb"},"content":{"rendered":"<p>La r\u00e9f\u00e9rente DYS du coll\u00e8ge est Madame Hamadi Soumail.\u00a0\u00c0 ce titre, elle\u00a0assure une permanence pour recevoir les enseignants, les \u00e9l\u00e8ves ou leurs parents le <strong>vendredi en semaine B, de 15h30 \u00e0 16h30<\/strong>.<\/p>\n<div><\/div>\n<div><\/div>\n<div><\/div>\n<div><\/div>\n<div><\/div>\n<p>&#8212;<\/p>\n<div><strong>Documents et ressources<\/strong>\u00a0:<\/div>\n<div><\/div>\n<div><\/div>\n<ul>\n<li>La dyslexie, am\u00e9nagements pour enseignants. Un document synth\u00e9tique r\u00e9alis\u00e9 par les psychologues et les m\u00e9decins du CMPP de Sainte-Suzanne.<br \/>\n<a href=\"http:\/\/wpetab.ac-reunion.fr\/montgaillard\/wp-content\/uploads\/sites\/80\/2014\/11\/la_dyslexie_amenagements_pour_enseignants_1_.pdf\">La dyslexie,\u00a0am\u00e9nagements pour les enseignants<\/a><\/li>\n<\/ul>\n<ul>\n<li>\u00a0Liste de lien vers des sites sp\u00e9cialis\u00e9s.\n<div><a href=\"http:\/\/wpetab.ac-reunion.fr\/montgaillard\/wp-content\/uploads\/sites\/80\/2014\/11\/Troubles-des-apprentissages-Liens.pdf\">Troubles des apprentissages &#8211; Liens<\/a><\/div>\n<\/li>\n<li><a href=\"http:\/\/wpetab.ac-reunion.fr\/montgaillard\/wp-content\/uploads\/sites\/80\/2014\/11\/Les-DYS-en-carte-mentale.pdf\">Les dys&#8230; &#8211; Carte mentale<\/a><\/li>\n<\/ul>\n<ul>\n<li><a href=\"http:\/\/wpetab.ac-reunion.fr\/montgaillard\/wp-content\/uploads\/sites\/80\/2014\/11\/Dyslexie-pour-les-enseignants.pdf\">Conseils\u00a0pour les enseignants<\/a><\/li>\n<\/ul>\n<p>&nbsp;<\/p>\n<p>&nbsp;<\/p>\n<p>&nbsp;<\/p>\n<div><\/div>\n<div><\/div>\n<div><\/div>\n<!-- AddThis Advanced Settings generic via filter on the_content --><!-- AddThis Share Buttons generic via filter on the_content -->","protected":false},"excerpt":{"rendered":"<p>La r\u00e9f\u00e9rente DYS du coll\u00e8ge est Madame Hamadi Soumail.\u00a0\u00c0 ce titre, elle\u00a0assure une permanence pour recevoir les enseignants, les \u00e9l\u00e8ves ou leurs parents le vendredi en semaine B, de 15h30 \u00e0 16h30. &#8212; Documents et ressources\u00a0: La dyslexie, am\u00e9nagements pour enseignants. Un document synth\u00e9tique r\u00e9alis\u00e9 par les psychologues et les m\u00e9decins du CMPP de Sainte-Suzanne. [&hellip;]<!-- AddThis Advanced Settings generic via filter on get_the_excerpt --><!-- AddThis Share Buttons generic via filter on get_the_excerpt --><\/p>\n","protected":false},"author":2809,"featured_media":0,"parent":187,"menu_order":0,"comment_status":"open","ping_status":"open","template":"page-full.php","meta":{"footnotes":""},"class_list":["post-458","page","type-page","status-publish","hentry"],"_links":{"self":[{"href":"https:\/\/etab.ac-reunion.fr\/clg-robert-ardon\/wp-json\/wp\/v2\/pages\/458","targetHints":{"allow":["GET"]}}],"collection":[{"href":"https:\/\/etab.ac-reunion.fr\/clg-robert-ardon\/wp-json\/wp\/v2\/pages"}],"about":[{"href":"https:\/\/etab.ac-reunion.fr\/clg-robert-ardon\/wp-json\/wp\/v2\/types\/page"}],"author":[{"embeddable":true,"href":"https:\/\/etab.ac-reunion.fr\/clg-robert-ardon\/wp-json\/wp\/v2\/users\/2809"}],"replies":[{"embeddable":true,"href":"https:\/\/etab.ac-reunion.fr\/clg-robert-ardon\/wp-json\/wp\/v2\/comments?post=458"}],"version-history":[{"count":15,"href":"https:\/\/etab.ac-reunion.fr\/clg-robert-ardon\/wp-json\/wp\/v2\/pages\/458\/revisions"}],"predecessor-version":[{"id":2001,"href":"https:\/\/etab.ac-reunion.fr\/clg-robert-ardon\/wp-json\/wp\/v2\/pages\/458\/revisions\/2001"}],"up":[{"embeddable":true,"href":"https:\/\/etab.ac-reunion.fr\/clg-robert-ardon\/wp-json\/wp\/v2\/pages\/187"}],"wp:attachment":[{"href":"https:\/\/etab.ac-reunion.fr\/clg-robert-ardon\/wp-json\/wp\/v2\/media?parent=458"}],"curies":[{"name":"wp","href":"https:\/\/api.w.org\/{rel}","templated":true}]}}