{"id":512,"date":"2014-11-16T17:51:24","date_gmt":"2014-11-16T13:51:24","guid":{"rendered":"http:\/\/college-montgaillard.ac-reunion.fr\/?page_id=512"},"modified":"2020-04-18T16:52:59","modified_gmt":"2020-04-18T12:52:59","slug":"infirmieres","status":"publish","type":"page","link":"https:\/\/etab.ac-reunion.fr\/clg-robert-ardon\/nous-contacter\/infirmieres\/","title":{"rendered":"Infirmi\u00e8res"},"content":{"rendered":"<div><img loading=\"lazy\" decoding=\"async\" class=\"aligncenter wp-image-3244 size-full\" src=\"http:\/\/wpetab.ac-reunion.fr\/montgaillard\/wp-content\/uploads\/sites\/80\/2020\/04\/Capture-du2019e\u0301cran-2013-10-16-a\u0300-19.08.48-e1381943398191.png\" alt=\"Infirmerie\" width=\"640\" height=\"175\" srcset=\"https:\/\/etab.ac-reunion.fr\/clg-robert-ardon\/wp-content\/uploads\/sites\/80\/2020\/04\/Capture-du2019e\u0301cran-2013-10-16-a\u0300-19.08.48-e1381943398191.png 640w, https:\/\/etab.ac-reunion.fr\/clg-robert-ardon\/wp-content\/uploads\/sites\/80\/2020\/04\/Capture-du2019e\u0301cran-2013-10-16-a\u0300-19.08.48-e1381943398191-300x82.png 300w\" sizes=\"auto, (max-width: 640px) 100vw, 640px\" \/><\/div>\n<div class=\"\">Au coll\u00e8ge, le service d&rsquo;infirmerie est tenue par nos infirmi\u00e8res : Mesdames BILAND et GALAS, dont voici les horaires des permanences :<\/div>\n<div><\/div>\n<div><\/div>\n<table border=\"2\" cellspacing=\"12\" cellpadding=\"20\" align=\"center\">\n<tbody>\n<tr>\n<th style=\"text-align: center\">Horaires<\/th>\n<th>Infirmi\u00e8re<\/th>\n<\/tr>\n<tr>\n<td>Lundi : 8h15 &#8211; 16h15<\/td>\n<td>Mme GALAS<\/td>\n<\/tr>\n<tr>\n<td>Mardi : 7h30 &#8211; 17h<\/td>\n<td>Mme BILAND<\/td>\n<\/tr>\n<tr>\n<td>Mercredi : 7h30 &#8211; 12h<\/td>\n<td>Mme BILAND<\/td>\n<\/tr>\n<tr>\n<td>Jeudi : 7h30 &#8211; 17h<\/td>\n<td>Mme BILAND<\/td>\n<\/tr>\n<tr>\n<td>Vendredi : 8h15 &#8211; 16h15<\/td>\n<td style=\"text-align: center\">Mme GALAS<\/td>\n<\/tr>\n<\/tbody>\n<\/table>\n<pre class=\"\"><\/pre>\n<!-- AddThis Advanced Settings generic via filter on the_content --><!-- AddThis Share Buttons generic via filter on the_content -->","protected":false},"excerpt":{"rendered":"<p>Au coll\u00e8ge, le service d&rsquo;infirmerie est tenue par nos infirmi\u00e8res : Mesdames BILAND et GALAS, dont voici les horaires des permanences : Horaires Infirmi\u00e8re Lundi : 8h15 &#8211; 16h15 Mme GALAS Mardi : 7h30 &#8211; 17h Mme BILAND Mercredi : 7h30 &#8211; 12h Mme BILAND Jeudi : 7h30 &#8211; 17h Mme BILAND Vendredi : 8h15 [&hellip;]<!-- AddThis Advanced Settings generic via filter on get_the_excerpt --><!-- AddThis Share Buttons generic via filter on get_the_excerpt --><\/p>\n","protected":false},"author":3191,"featured_media":0,"parent":29,"menu_order":0,"comment_status":"closed","ping_status":"closed","template":"","meta":{"footnotes":""},"class_list":["post-512","page","type-page","status-publish","hentry"],"_links":{"self":[{"href":"https:\/\/etab.ac-reunion.fr\/clg-robert-ardon\/wp-json\/wp\/v2\/pages\/512","targetHints":{"allow":["GET"]}}],"collection":[{"href":"https:\/\/etab.ac-reunion.fr\/clg-robert-ardon\/wp-json\/wp\/v2\/pages"}],"about":[{"href":"https:\/\/etab.ac-reunion.fr\/clg-robert-ardon\/wp-json\/wp\/v2\/types\/page"}],"author":[{"embeddable":true,"href":"https:\/\/etab.ac-reunion.fr\/clg-robert-ardon\/wp-json\/wp\/v2\/users\/3191"}],"replies":[{"embeddable":true,"href":"https:\/\/etab.ac-reunion.fr\/clg-robert-ardon\/wp-json\/wp\/v2\/comments?post=512"}],"version-history":[{"count":32,"href":"https:\/\/etab.ac-reunion.fr\/clg-robert-ardon\/wp-json\/wp\/v2\/pages\/512\/revisions"}],"predecessor-version":[{"id":3269,"href":"https:\/\/etab.ac-reunion.fr\/clg-robert-ardon\/wp-json\/wp\/v2\/pages\/512\/revisions\/3269"}],"up":[{"embeddable":true,"href":"https:\/\/etab.ac-reunion.fr\/clg-robert-ardon\/wp-json\/wp\/v2\/pages\/29"}],"wp:attachment":[{"href":"https:\/\/etab.ac-reunion.fr\/clg-robert-ardon\/wp-json\/wp\/v2\/media?parent=512"}],"curies":[{"name":"wp","href":"https:\/\/api.w.org\/{rel}","templated":true}]}}