{"id":517,"date":"2014-11-16T17:31:52","date_gmt":"2014-11-16T13:31:52","guid":{"rendered":"http:\/\/college-montgaillard.ac-reunion.fr\/?page_id=517"},"modified":"2021-11-15T15:36:55","modified_gmt":"2021-11-15T11:36:55","slug":"conseillere-dorientation-psychologue","status":"publish","type":"page","link":"https:\/\/etab.ac-reunion.fr\/clg-robert-ardon\/nous-contacter\/conseillere-dorientation-psychologue\/","title":{"rendered":"Psychologues de l&rsquo;Education Nationale."},"content":{"rendered":"<p style=\"text-align: center\"><strong><u>PERMANENCES DES PSYCHOLOGUES DE L\u2019EDUCATION NATIONALE (PSYEN)<br \/>\nAU COLLEGE ROBERT J. ARDON MONTGAILLARD<\/u><\/strong><\/p>\n<p>&nbsp;<\/p>\n<p style=\"text-align: right\"><em>Ann\u00e9e scolaire 2021-2022<\/em><\/p>\n<p>&nbsp;<\/p>\n<p><strong>Mme LAVANGA et M. RIVIERE re\u00e7oivent les \u00e9l\u00e8ves et leurs familles au coll\u00e8ge sur rendez-vous<\/strong><\/p>\n<div class=\"su-table su-table-responsive su-table-alternate su-table-fixed\">\n<table>\n<tbody>\n<tr>\n<td><\/td>\n<td style=\"text-align: center\">Matin<\/td>\n<td style=\"text-align: center\">Apr\u00e8s-midi<\/td>\n<\/tr>\n<tr>\n<td>Mardi<\/td>\n<td>M. RIVIERE G\u00e9rard<\/p>\n<p>De 8h00 \u00e0 11h30<\/td>\n<td><\/td>\n<\/tr>\n<tr>\n<td>Jeudi<\/td>\n<td>M. RIVIERE G\u00e9rard<br \/>\nDe 8h00 \u00e0 11h30<\/td>\n<td>Mme LAVANGA Laetitia<\/p>\n<p>De 13h30 \u00e0 16h30<\/td>\n<\/tr>\n<tr>\n<td>Vendredi<\/td>\n<td>Mme LAVANGA Laetitia<\/p>\n<p>De 8h30 \u00e0 12h00<\/td>\n<td><\/td>\n<\/tr>\n<\/tbody>\n<\/table>\n<\/div>\n<p><em>Les \u00e9l\u00e8ves et leur famille doivent s\u2019inscrire sur le cahier de rendez-vous \u00e0 la Vie Scolaire<\/em><\/p>\n<p>Il est \u00e9galement possible de rencontrer un\/une PsyEN au CIO de Saint Denis et au CIO de Sainte Clotilde<\/p>\n<p><em>le lundi de 13h30 \u00e0 16h30<\/em> et <em>du mardi au vendredi de 8h30 \u00e0 12h00 et de 13h30 \u00e0 16h30 <\/em>(sauf le CIO de Ste Clotilde, ferm\u00e9 le vendredi apr\u00e8s-midi).<\/p>\n<div class=\"su-row\"><div class=\"su-column su-column-size-1-2\"><div class=\"su-column-inner su-u-clearfix su-u-trim\">\n<p><strong><u>CIO de Saint Denis<\/u><\/strong><\/p>\n<p><strong>5, rue Mar\u00e9chal Leclerc<\/strong><\/p>\n<p><strong>Tel\u00a0: 02 62 21 18 81<\/strong><\/p>\n<p>Permanence de <strong>Mme LAVANGA<\/strong><\/p>\n<p>Mercredi\u00a0 de 13h30 \u00e0 16h30<\/p>\n<\/div><\/div> <div class=\"su-column su-column-size-1-2\"><div class=\"su-column-inner su-u-clearfix su-u-trim\">\n<p><strong><u>CIO de Sainte Clotilde<\/u><\/strong><\/p>\n<p><strong>18,rue de la Gare<\/strong><\/p>\n<p><strong>Tel\u00a0: 02 62 28 28 76<\/strong><\/p>\n<p>Permanence de <strong>M. RIVIERE<\/strong><\/p>\n<p>Mardi de 13h30 \u00e0 16h30<\/p>\n<p>Mercredi de 13h30 \u00e0 16h30<\/p>\n<p>Permanence de <strong>Mme LAVANGA<\/strong><\/p>\n<p>Mardi de 8h30 \u00e0 12h00<\/p>\n<\/div><\/div><\/div>\n<!-- AddThis Advanced Settings generic via filter on the_content --><!-- AddThis Share Buttons generic via filter on the_content -->","protected":false},"excerpt":{"rendered":"<p>PERMANENCES DES PSYCHOLOGUES DE L\u2019EDUCATION NATIONALE (PSYEN) AU COLLEGE ROBERT J. ARDON MONTGAILLARD &nbsp; Ann\u00e9e scolaire 2021-2022 &nbsp; Mme LAVANGA et M. RIVIERE re\u00e7oivent les \u00e9l\u00e8ves et leurs familles au coll\u00e8ge sur rendez-vous Les \u00e9l\u00e8ves et leur famille doivent s\u2019inscrire sur le cahier de rendez-vous \u00e0 la Vie Scolaire Il est \u00e9galement possible de rencontrer [&hellip;]<!-- AddThis Advanced Settings generic via filter on get_the_excerpt --><!-- AddThis Share Buttons generic via filter on get_the_excerpt --><\/p>\n","protected":false},"author":2809,"featured_media":0,"parent":29,"menu_order":0,"comment_status":"closed","ping_status":"closed","template":"","meta":{"footnotes":""},"class_list":["post-517","page","type-page","status-publish","hentry"],"_links":{"self":[{"href":"https:\/\/etab.ac-reunion.fr\/clg-robert-ardon\/wp-json\/wp\/v2\/pages\/517","targetHints":{"allow":["GET"]}}],"collection":[{"href":"https:\/\/etab.ac-reunion.fr\/clg-robert-ardon\/wp-json\/wp\/v2\/pages"}],"about":[{"href":"https:\/\/etab.ac-reunion.fr\/clg-robert-ardon\/wp-json\/wp\/v2\/types\/page"}],"author":[{"embeddable":true,"href":"https:\/\/etab.ac-reunion.fr\/clg-robert-ardon\/wp-json\/wp\/v2\/users\/2809"}],"replies":[{"embeddable":true,"href":"https:\/\/etab.ac-reunion.fr\/clg-robert-ardon\/wp-json\/wp\/v2\/comments?post=517"}],"version-history":[{"count":11,"href":"https:\/\/etab.ac-reunion.fr\/clg-robert-ardon\/wp-json\/wp\/v2\/pages\/517\/revisions"}],"predecessor-version":[{"id":3749,"href":"https:\/\/etab.ac-reunion.fr\/clg-robert-ardon\/wp-json\/wp\/v2\/pages\/517\/revisions\/3749"}],"up":[{"embeddable":true,"href":"https:\/\/etab.ac-reunion.fr\/clg-robert-ardon\/wp-json\/wp\/v2\/pages\/29"}],"wp:attachment":[{"href":"https:\/\/etab.ac-reunion.fr\/clg-robert-ardon\/wp-json\/wp\/v2\/media?parent=517"}],"curies":[{"name":"wp","href":"https:\/\/api.w.org\/{rel}","templated":true}]}}