{"id":519,"date":"2014-12-07T09:51:40","date_gmt":"2014-12-07T05:51:40","guid":{"rendered":"http:\/\/college-montgaillard.ac-reunion.fr\/?page_id=519"},"modified":"2015-12-09T12:10:28","modified_gmt":"2015-12-09T08:10:28","slug":"assistant-social","status":"publish","type":"page","link":"https:\/\/etab.ac-reunion.fr\/clg-robert-ardon\/sante-social\/assistant-social\/","title":{"rendered":"Assistante Sociale"},"content":{"rendered":"<p>Mme Sangarlingom re\u00e7oit sur RDV et sans RDV les lundi, mardi, mercredi et vendredi.<\/p>\n<p>Son bureau se trouve au rez de chauss\u00e9e du B\u00e2timent B, \u00e0 c\u00f4t\u00e9 de celui de la Conseill\u00e8re d&rsquo;Orientation Psychologue et de l&rsquo;Infirmerie.<\/p>\n<!-- AddThis Advanced Settings generic via filter on the_content --><!-- AddThis Share Buttons generic via filter on the_content -->","protected":false},"excerpt":{"rendered":"<p>Mme Sangarlingom re\u00e7oit sur RDV et sans RDV les lundi, mardi, mercredi et vendredi. Son bureau se trouve au rez de chauss\u00e9e du B\u00e2timent B, \u00e0 c\u00f4t\u00e9 de celui de la Conseill\u00e8re d&rsquo;Orientation Psychologue et de l&rsquo;Infirmerie.<!-- AddThis Advanced Settings generic via filter on get_the_excerpt --><!-- AddThis Share Buttons generic via filter on get_the_excerpt --><\/p>\n","protected":false},"author":2809,"featured_media":0,"parent":597,"menu_order":0,"comment_status":"open","ping_status":"open","template":"page-blog.php","meta":{"footnotes":""},"class_list":["post-519","page","type-page","status-publish","hentry"],"_links":{"self":[{"href":"https:\/\/etab.ac-reunion.fr\/clg-robert-ardon\/wp-json\/wp\/v2\/pages\/519","targetHints":{"allow":["GET"]}}],"collection":[{"href":"https:\/\/etab.ac-reunion.fr\/clg-robert-ardon\/wp-json\/wp\/v2\/pages"}],"about":[{"href":"https:\/\/etab.ac-reunion.fr\/clg-robert-ardon\/wp-json\/wp\/v2\/types\/page"}],"author":[{"embeddable":true,"href":"https:\/\/etab.ac-reunion.fr\/clg-robert-ardon\/wp-json\/wp\/v2\/users\/2809"}],"replies":[{"embeddable":true,"href":"https:\/\/etab.ac-reunion.fr\/clg-robert-ardon\/wp-json\/wp\/v2\/comments?post=519"}],"version-history":[{"count":3,"href":"https:\/\/etab.ac-reunion.fr\/clg-robert-ardon\/wp-json\/wp\/v2\/pages\/519\/revisions"}],"predecessor-version":[{"id":1633,"href":"https:\/\/etab.ac-reunion.fr\/clg-robert-ardon\/wp-json\/wp\/v2\/pages\/519\/revisions\/1633"}],"up":[{"embeddable":true,"href":"https:\/\/etab.ac-reunion.fr\/clg-robert-ardon\/wp-json\/wp\/v2\/pages\/597"}],"wp:attachment":[{"href":"https:\/\/etab.ac-reunion.fr\/clg-robert-ardon\/wp-json\/wp\/v2\/media?parent=519"}],"curies":[{"name":"wp","href":"https:\/\/api.w.org\/{rel}","templated":true}]}}