{"id":597,"date":"2014-11-26T16:52:54","date_gmt":"2014-11-26T12:52:54","guid":{"rendered":"http:\/\/college-montgaillard.ac-reunion.fr\/?page_id=597"},"modified":"2024-05-13T08:41:03","modified_gmt":"2024-05-13T04:41:03","slug":"sante-social","status":"publish","type":"page","link":"https:\/\/etab.ac-reunion.fr\/clg-robert-ardon\/sante-social\/","title":{"rendered":"Sant\u00e9 \/ Social"},"content":{"rendered":"<p>&nbsp;<\/p>\n<p align=\"CENTER\"><span style=\"font-family: 'Arial Black', sans-serif\"><span style=\"font-size: medium\"><span style=\"text-decoration: underline\">INFIRMERIE ET SERVICE SOCIAL DU COLLEGE<\/span><\/span><\/span><\/p>\n<p align=\"CENTER\"><i><b>Dans le respect du secret professionnel<\/b><\/i><\/p>\n<ul>\n<li style=\"list-style-type: none\">\n<ul>\n<li>\n<p align=\"JUSTIFY\"><i><b>Deux infirmi\u00e8res, dont les principales fonctions dans l\u2019\u00e9tablissement sont<\/b><\/i><i>\u00a0:<\/i><\/p>\n<\/li>\n<\/ul>\n<\/li>\n<\/ul>\n<ul>\n<li>\n<p align=\"JUSTIFY\"><i>accueil et \u00e9coute pour quelques motifs que ce soit des \u00e9l\u00e8ves et des personnels<\/i><\/p>\n<\/li>\n<li>\n<p align=\"JUSTIFY\"><i>suivi de l\u2019\u00e9tat de sant\u00e9 des \u00e9l\u00e8ves<\/i><\/p>\n<\/li>\n<li>\n<p align=\"JUSTIFY\"><i>bilan infirmier pour tous les \u00e9l\u00e8ves de 6e<\/i><\/p>\n<\/li>\n<li>\n<p align=\"JUSTIFY\"><i>\u00e9ducation \u00e0 la sant\u00e9<\/i><\/p>\n<\/li>\n<li>\n<p align=\"JUSTIFY\"><i>participation aux visites m\u00e9dicales<\/i><\/p>\n<\/li>\n<li>\n<p align=\"JUSTIFY\"><i>participation \u00e0 la surveillance sanitaire de l\u2019hygi\u00e8ne g\u00e9n\u00e9rale en milieu scolaire<\/i><\/p>\n<\/li>\n<li>\n<p align=\"JUSTIFY\"><i>organisation des soins et des urgences <\/i><\/p>\n<\/li>\n<li>\n<p align=\"JUSTIFY\"><i>coordination MDPH.<\/i><\/p>\n<\/li>\n<\/ul>\n<p align=\"JUSTIFY\"><i><span style=\"text-decoration: underline\">O\u00f9\u00a0?<\/span><\/i><\/p>\n<p align=\"JUSTIFY\"><i>Centre m\u00e9dico-social, cour du b\u00e2timent D.<br \/>\n<\/i><\/p>\n<p align=\"JUSTIFY\"><i><span style=\"text-decoration: underline\">Quand\u00a0?<\/span><\/i><\/p>\n<p align=\"JUSTIFY\"><i>Du lundi au vendredi.<\/i><\/p>\n<p align=\"JUSTIFY\"><i>L\u2019infirmerie est un lieu d\u2019accueil, d\u2019\u00e9coute et de soins, elle r\u00e9pond au double but de dispenser <\/i><i><span style=\"text-decoration: underline\">dans les meilleurs d\u00e9lais les soins n\u00e9cessaires aux \u00e9l\u00e8ves et de leur permettre de reprendre les cours le plus rapidement possible<\/span><\/i><i>.<\/i><\/p>\n<p align=\"JUSTIFY\"><a title=\"Infirmi\u00e8res\" href=\"https:\/\/etab.ac-reunion.fr\/clg-robert-ardon\/nous-contacter\/infirmieres\/\">Contacter les infirmi\u00e8res<\/a>.<\/p>\n<p>&nbsp;<\/p>\n<ul>\n<li style=\"list-style-type: none\">\n<ul>\n<li><i><b>Une assistante sociale, Mme SANGARLINGOM<\/b><\/i><\/li>\n<\/ul>\n<\/li>\n<\/ul>\n<p><i>Re\u00e7oit sur RDV et sans RDV les lundi, mardi, mercredi et vendredi.<\/i><\/p>\n<p><i><span style=\"text-decoration: underline\">Missions <\/span><\/i><\/p>\n<ul>\n<li><i>pr\u00e9venir l\u2019\u00e9chec scolaire et participer \u00e0 l\u2019insertion scolaire et sociale<\/i><\/li>\n<li><i>pr\u00e9vention et protection des mineurs en danger<\/i><\/li>\n<li><i>int\u00e9gration des \u00e9l\u00e8ves handicap\u00e9s<\/i><\/li>\n<li><i>\u00e9ducation \u00e0 la sant\u00e9.<\/i><\/li>\n<\/ul>\n<p><i><span style=\"text-decoration: underline\">R\u00f4le<\/span><\/i><\/p>\n<ul>\n<li><i>\u00e9coute, conseil, orientation, suivi, accompagnement.<\/i><\/li>\n<\/ul>\n<p><i><span style=\"text-decoration: underline\">Objectifs <\/span><\/i><\/p>\n<ul>\n<li><i>rep\u00e9rage pr\u00e9coce des signes r\u00e9v\u00e9lateurs de mal-\u00eatre (absent\u00e9isme, \u00e9chec scolaire, attitudes ou comportement \u00e9quivoque, propos inqui\u00e9tants, troubles de l\u2019humeur, repli sur soi, fatigue fr\u00e9quente, hyperactivit\u00e9 \u2026)<\/i><\/li>\n<\/ul>\n<p><i>A cette \u00e9tape, les enseignants ont un r\u00f4le majeur, en c\u00f4toyant les \u00e9l\u00e8ves r\u00e9guli\u00e8rement, ils sont \u00e0 m\u00eame de d\u00e9celer les facteurs manifestes et les signaler. Un rep\u00e9rage pr\u00e9coce peut \u00e9viter l\u2019aggravation d\u2019une situation fragile.<\/i><\/p>\n<ul>\n<li><i>prise en compte de la situation globale des \u00e9l\u00e8ves signal\u00e9s. Analyse de la probl\u00e9matique. Travail en \u00e9quipe et en partenariat indispensable.<\/i><\/li>\n<\/ul>\n<ul>\n<li><i>Mise en \u0153uvre d\u2019interventions adapt\u00e9es pour r\u00e9pondre aux besoins des \u00e9l\u00e8ves en respectant leurs choix et en d\u00e9veloppant leur autonomie.<\/i><\/li>\n<\/ul>\n<p><i><span style=\"text-decoration: underline\">Moyens<\/span><\/i><\/p>\n<ul>\n<li><i>entretiens individuels<\/i><\/li>\n<li><i>interventions collectives<\/i><\/li>\n<li><i>travail en partenariat avec les membres de la communaut\u00e9 \u00e9ducative de l\u2019institution<\/i><\/li>\n<li><i>travail de m\u00e9diation avec les auteurs m\u00e9dico-sociaux externes<\/i><\/li>\n<li><i>aide ponctuelle \u00e0 la restauration par le biais du Fonds Social des Cantines<\/i><\/li>\n<li><i>aide ponctuelle \u00ab\u00a0aux besoins scolaires\u00a0\u00bb de l\u2019\u00e9l\u00e8ve (livres, lunettes, v\u00eatements\u2026)<\/i><\/li>\n<\/ul>\n<!-- AddThis Advanced Settings generic via filter on the_content --><!-- AddThis Share Buttons generic via filter on the_content -->","protected":false},"excerpt":{"rendered":"<p>&nbsp; INFIRMERIE ET SERVICE SOCIAL DU COLLEGE Dans le respect du secret professionnel Deux infirmi\u00e8res, dont les principales fonctions dans l\u2019\u00e9tablissement sont\u00a0: accueil et \u00e9coute pour quelques motifs que ce soit des \u00e9l\u00e8ves et des personnels suivi de l\u2019\u00e9tat de sant\u00e9 des \u00e9l\u00e8ves bilan infirmier pour tous les \u00e9l\u00e8ves de 6e \u00e9ducation \u00e0 la sant\u00e9 [&hellip;]<!-- AddThis Advanced Settings generic via filter on get_the_excerpt --><!-- AddThis Share Buttons generic via filter on get_the_excerpt --><\/p>\n","protected":false},"author":2809,"featured_media":0,"parent":0,"menu_order":0,"comment_status":"closed","ping_status":"closed","template":"page-template-portfolio.php","meta":{"footnotes":""},"class_list":["post-597","page","type-page","status-publish","hentry"],"_links":{"self":[{"href":"https:\/\/etab.ac-reunion.fr\/clg-robert-ardon\/wp-json\/wp\/v2\/pages\/597","targetHints":{"allow":["GET"]}}],"collection":[{"href":"https:\/\/etab.ac-reunion.fr\/clg-robert-ardon\/wp-json\/wp\/v2\/pages"}],"about":[{"href":"https:\/\/etab.ac-reunion.fr\/clg-robert-ardon\/wp-json\/wp\/v2\/types\/page"}],"author":[{"embeddable":true,"href":"https:\/\/etab.ac-reunion.fr\/clg-robert-ardon\/wp-json\/wp\/v2\/users\/2809"}],"replies":[{"embeddable":true,"href":"https:\/\/etab.ac-reunion.fr\/clg-robert-ardon\/wp-json\/wp\/v2\/comments?post=597"}],"version-history":[{"count":6,"href":"https:\/\/etab.ac-reunion.fr\/clg-robert-ardon\/wp-json\/wp\/v2\/pages\/597\/revisions"}],"predecessor-version":[{"id":5084,"href":"https:\/\/etab.ac-reunion.fr\/clg-robert-ardon\/wp-json\/wp\/v2\/pages\/597\/revisions\/5084"}],"wp:attachment":[{"href":"https:\/\/etab.ac-reunion.fr\/clg-robert-ardon\/wp-json\/wp\/v2\/media?parent=597"}],"curies":[{"name":"wp","href":"https:\/\/api.w.org\/{rel}","templated":true}]}}