{"id":605,"date":"2014-11-26T17:10:30","date_gmt":"2014-11-26T13:10:30","guid":{"rendered":"http:\/\/college-montgaillard.ac-reunion.fr\/?page_id=605"},"modified":"2019-01-29T08:13:33","modified_gmt":"2019-01-29T04:13:33","slug":"cdi","status":"publish","type":"page","link":"https:\/\/etab.ac-reunion.fr\/clg-robert-ardon\/cdi\/","title":{"rendered":"CDI"},"content":{"rendered":"<ul>\n<li style=\"list-style-type: none\">\n<ul>\n<li>\n<p align=\"JUSTIFY\"><i><b>Situ\u00e9 dans le b\u00e2timent B, au rez de chauss\u00e9e, le CDI est ouvert\u00a0:<\/b><\/i><\/p>\n<\/li>\n<\/ul>\n<\/li>\n<li>Lundi, mardi, jeudi\u00a0: de 8h \u00e0 16h30<\/li>\n<li>Mercredi\u00a0: de 8h \u00e0 12h<\/li>\n<li>Vendredi\u00a0: de 8h \u00e0 15h30.<\/li>\n<\/ul>\n<p align=\"JUSTIFY\">Le CDI est une biblioth\u00e8que, un espace documentaire et p\u00e9dagogique ouvert aux \u00e9l\u00e8ves et \u00e0 l\u2019ensemble du personnel du coll\u00e8ge.<\/p>\n<p align=\"JUSTIFY\">Tous peuvent y lire, travailler, s\u2019informer sur les m\u00e9tiers (auto-documentation), se documenter et effectuer des emprunts.<\/p>\n<p align=\"JUSTIFY\">Dans le but de mettre en place des conditions permettant aux \u00e9l\u00e8ves de consid\u00e9rer le CDI comme un lieu d\u2019apprentissage, les enseignants prennent connaissance du fonds documentaire pour donner un travail aux \u00e9l\u00e8ves et informent les documentalistes une semaine \u00e0 l\u2019avance afin de planifier les s\u00e9ances au CDI (une fiche de liaison est \u00e0 leur disposition au CDI).<\/p>\n<p align=\"JUSTIFY\">Notre souhait est\u00a0\u00ab\u00a0le CDI pour tous\u00a0\u00bb.<\/p>\n<!-- AddThis Advanced Settings generic via filter on the_content --><!-- AddThis Share Buttons generic via filter on the_content -->","protected":false},"excerpt":{"rendered":"<p>Situ\u00e9 dans le b\u00e2timent B, au rez de chauss\u00e9e, le CDI est ouvert\u00a0: Lundi, mardi, jeudi\u00a0: de 8h \u00e0 16h30 Mercredi\u00a0: de 8h \u00e0 12h Vendredi\u00a0: de 8h \u00e0 15h30. Le CDI est une biblioth\u00e8que, un espace documentaire et p\u00e9dagogique ouvert aux \u00e9l\u00e8ves et \u00e0 l\u2019ensemble du personnel du coll\u00e8ge. Tous peuvent y lire, travailler, [&hellip;]<!-- AddThis Advanced Settings generic via filter on get_the_excerpt --><!-- AddThis Share Buttons generic via filter on get_the_excerpt --><\/p>\n","protected":false},"author":2809,"featured_media":0,"parent":0,"menu_order":0,"comment_status":"closed","ping_status":"open","template":"page-template-portfolio.php","meta":{"footnotes":""},"class_list":["post-605","page","type-page","status-publish","hentry"],"_links":{"self":[{"href":"https:\/\/etab.ac-reunion.fr\/clg-robert-ardon\/wp-json\/wp\/v2\/pages\/605","targetHints":{"allow":["GET"]}}],"collection":[{"href":"https:\/\/etab.ac-reunion.fr\/clg-robert-ardon\/wp-json\/wp\/v2\/pages"}],"about":[{"href":"https:\/\/etab.ac-reunion.fr\/clg-robert-ardon\/wp-json\/wp\/v2\/types\/page"}],"author":[{"embeddable":true,"href":"https:\/\/etab.ac-reunion.fr\/clg-robert-ardon\/wp-json\/wp\/v2\/users\/2809"}],"replies":[{"embeddable":true,"href":"https:\/\/etab.ac-reunion.fr\/clg-robert-ardon\/wp-json\/wp\/v2\/comments?post=605"}],"version-history":[{"count":6,"href":"https:\/\/etab.ac-reunion.fr\/clg-robert-ardon\/wp-json\/wp\/v2\/pages\/605\/revisions"}],"predecessor-version":[{"id":5081,"href":"https:\/\/etab.ac-reunion.fr\/clg-robert-ardon\/wp-json\/wp\/v2\/pages\/605\/revisions\/5081"}],"wp:attachment":[{"href":"https:\/\/etab.ac-reunion.fr\/clg-robert-ardon\/wp-json\/wp\/v2\/media?parent=605"}],"curies":[{"name":"wp","href":"https:\/\/api.w.org\/{rel}","templated":true}]}}