{"id":63,"date":"2014-09-10T16:09:33","date_gmt":"2014-09-10T12:09:33","guid":{"rendered":"http:\/\/college-montgaillard-tmp.ac-reunion.fr\/?page_id=63"},"modified":"2025-09-19T14:06:27","modified_gmt":"2025-09-19T10:06:27","slug":"comite-de-direction","status":"publish","type":"page","link":"https:\/\/etab.ac-reunion.fr\/clg-robert-ardon\/presentation\/comite-de-direction\/","title":{"rendered":"Comit\u00e9 de direction"},"content":{"rendered":"<p>Mr Dominique PANAMBALOM, Principal du Coll\u00e8ge Montgaillard :<\/p>\n<p><img loading=\"lazy\" decoding=\"async\" class=\"size-medium wp-image-3685 aligncenter\" src=\"http:\/\/wpetab.ac-reunion.fr\/montgaillard\/wp-content\/uploads\/sites\/80\/2021\/09\/PANAMBALOM-300x300.jpeg\" alt=\"\" width=\"300\" height=\"300\" srcset=\"https:\/\/etab.ac-reunion.fr\/clg-robert-ardon\/wp-content\/uploads\/sites\/80\/2021\/09\/PANAMBALOM-300x300.jpeg 300w, https:\/\/etab.ac-reunion.fr\/clg-robert-ardon\/wp-content\/uploads\/sites\/80\/2021\/09\/PANAMBALOM-150x150.jpeg 150w, https:\/\/etab.ac-reunion.fr\/clg-robert-ardon\/wp-content\/uploads\/sites\/80\/2021\/09\/PANAMBALOM-768x768.jpeg 768w, https:\/\/etab.ac-reunion.fr\/clg-robert-ardon\/wp-content\/uploads\/sites\/80\/2021\/09\/PANAMBALOM-76x76.jpeg 76w, https:\/\/etab.ac-reunion.fr\/clg-robert-ardon\/wp-content\/uploads\/sites\/80\/2021\/09\/PANAMBALOM-184x184.jpeg 184w, https:\/\/etab.ac-reunion.fr\/clg-robert-ardon\/wp-content\/uploads\/sites\/80\/2021\/09\/PANAMBALOM.jpeg 960w\" sizes=\"auto, (max-width: 300px) 100vw, 300px\" \/><\/p>\n<hr \/>\n<p>&nbsp;<\/p>\n<p>Monsieur Julien STREHL, Principal Adjoint du Coll\u00e8ge Montgaillard :<\/p>\n<p>(document en attente)<\/p>\n<hr \/>\n<p>&nbsp;<\/p>\n<p>Madame Odile Vaudran, Gestionnaire<\/p>\n<p>(document en attente)<\/p>\n<hr \/>\n<p>Monsieur Fabrice HADO, Directeur Adjoint de la SEGPA :<\/p>\n<p><img loading=\"lazy\" decoding=\"async\" class=\"size-medium wp-image-3683 aligncenter\" src=\"http:\/\/wpetab.ac-reunion.fr\/montgaillard\/wp-content\/uploads\/sites\/80\/2021\/09\/HADO-300x300.jpeg\" alt=\"\" width=\"300\" height=\"300\" srcset=\"https:\/\/etab.ac-reunion.fr\/clg-robert-ardon\/wp-content\/uploads\/sites\/80\/2021\/09\/HADO-300x300.jpeg 300w, https:\/\/etab.ac-reunion.fr\/clg-robert-ardon\/wp-content\/uploads\/sites\/80\/2021\/09\/HADO-150x150.jpeg 150w, https:\/\/etab.ac-reunion.fr\/clg-robert-ardon\/wp-content\/uploads\/sites\/80\/2021\/09\/HADO-768x768.jpeg 768w, https:\/\/etab.ac-reunion.fr\/clg-robert-ardon\/wp-content\/uploads\/sites\/80\/2021\/09\/HADO-76x76.jpeg 76w, https:\/\/etab.ac-reunion.fr\/clg-robert-ardon\/wp-content\/uploads\/sites\/80\/2021\/09\/HADO-184x184.jpeg 184w, https:\/\/etab.ac-reunion.fr\/clg-robert-ardon\/wp-content\/uploads\/sites\/80\/2021\/09\/HADO.jpeg 961w\" sizes=\"auto, (max-width: 300px) 100vw, 300px\" \/><\/p>\n<hr \/>\n<p>Mesdames Oyun Fouquet et Karine Desplombiens, conseill\u00e8res Principales d&rsquo;Education, niveau 6e<\/p>\n<p>(documents en attente)<\/p>\n<hr \/>\n<p>Madame Sabine Rivi\u00e8re, Conseiller Principal d&rsquo;\u00c9ducation, niveau 5e<\/p>\n<p><img loading=\"lazy\" decoding=\"async\" class=\"aligncenter wp-image-3001 size-medium\" src=\"https:\/\/etab.ac-reunion.fr\/clg-robert-ardon\/wp-content\/uploads\/sites\/80\/2019\/08\/IMG_5674-e1566544247534-300x225.jpg\" alt=\"\" width=\"300\" height=\"225\" srcset=\"https:\/\/etab.ac-reunion.fr\/clg-robert-ardon\/wp-content\/uploads\/sites\/80\/2019\/08\/IMG_5674-e1566544247534-300x225.jpg 300w, https:\/\/etab.ac-reunion.fr\/clg-robert-ardon\/wp-content\/uploads\/sites\/80\/2019\/08\/IMG_5674-e1566544247534-1024x768.jpg 1024w, https:\/\/etab.ac-reunion.fr\/clg-robert-ardon\/wp-content\/uploads\/sites\/80\/2019\/08\/IMG_5674-e1566544247534.jpg 1280w\" sizes=\"auto, (max-width: 300px) 100vw, 300px\" \/><\/p>\n<hr \/>\n<p>Madame Chlo\u00e9 Mavande, Conseill\u00e8re Principale d&rsquo;\u00c9ducation, niveau 4e<\/p>\n<p>(document en attente)<\/p>\n<hr \/>\n<p>Madame Dominique Ouadghiri, Conseill\u00e8re Principale d&rsquo;\u00c9ducation, niveau 3e<\/p>\n<p>(document en attente)<\/p>\n<hr \/>\n<p>Pour contacter l&rsquo;\u00e9quipe de direction, s&rsquo;adresser \u00e0 l&rsquo;accueil ou au secr\u00e9tariat.<\/p>\n<!-- AddThis Advanced Settings generic via filter on the_content --><!-- AddThis Share Buttons generic via filter on the_content -->","protected":false},"excerpt":{"rendered":"<p>Mr Dominique PANAMBALOM, Principal du Coll\u00e8ge Montgaillard : &nbsp; Monsieur Julien STREHL, Principal Adjoint du Coll\u00e8ge Montgaillard : (document en attente) &nbsp; Madame Odile Vaudran, Gestionnaire (document en attente) Monsieur Fabrice HADO, Directeur Adjoint de la SEGPA : Mesdames Oyun Fouquet et Karine Desplombiens, conseill\u00e8res Principales d&rsquo;Education, niveau 6e (documents en attente) Madame Sabine Rivi\u00e8re, [&hellip;]<!-- AddThis Advanced Settings generic via filter on get_the_excerpt --><!-- AddThis Share Buttons generic via filter on get_the_excerpt --><\/p>\n","protected":false},"author":2809,"featured_media":0,"parent":27,"menu_order":0,"comment_status":"closed","ping_status":"closed","template":"page-full.php","meta":{"footnotes":""},"class_list":["post-63","page","type-page","status-publish","hentry"],"_links":{"self":[{"href":"https:\/\/etab.ac-reunion.fr\/clg-robert-ardon\/wp-json\/wp\/v2\/pages\/63","targetHints":{"allow":["GET"]}}],"collection":[{"href":"https:\/\/etab.ac-reunion.fr\/clg-robert-ardon\/wp-json\/wp\/v2\/pages"}],"about":[{"href":"https:\/\/etab.ac-reunion.fr\/clg-robert-ardon\/wp-json\/wp\/v2\/types\/page"}],"author":[{"embeddable":true,"href":"https:\/\/etab.ac-reunion.fr\/clg-robert-ardon\/wp-json\/wp\/v2\/users\/2809"}],"replies":[{"embeddable":true,"href":"https:\/\/etab.ac-reunion.fr\/clg-robert-ardon\/wp-json\/wp\/v2\/comments?post=63"}],"version-history":[{"count":22,"href":"https:\/\/etab.ac-reunion.fr\/clg-robert-ardon\/wp-json\/wp\/v2\/pages\/63\/revisions"}],"predecessor-version":[{"id":5342,"href":"https:\/\/etab.ac-reunion.fr\/clg-robert-ardon\/wp-json\/wp\/v2\/pages\/63\/revisions\/5342"}],"up":[{"embeddable":true,"href":"https:\/\/etab.ac-reunion.fr\/clg-robert-ardon\/wp-json\/wp\/v2\/pages\/27"}],"wp:attachment":[{"href":"https:\/\/etab.ac-reunion.fr\/clg-robert-ardon\/wp-json\/wp\/v2\/media?parent=63"}],"curies":[{"name":"wp","href":"https:\/\/api.w.org\/{rel}","templated":true}]}}