{"id":65,"date":"2014-09-10T16:09:52","date_gmt":"2014-09-10T12:09:52","guid":{"rendered":"http:\/\/college-montgaillard-tmp.ac-reunion.fr\/?page_id=65"},"modified":"2024-05-13T08:14:45","modified_gmt":"2024-05-13T04:14:45","slug":"equipe-pedagogique","status":"publish","type":"page","link":"https:\/\/etab.ac-reunion.fr\/clg-robert-ardon\/presentation\/equipe-pedagogique\/","title":{"rendered":"\u00c9quipe p\u00e9dagogique"},"content":{"rendered":"<p class=\"p1\" style=\"text-align: center\"><b>Liste du personnel enseignant du Coll\u00e8ge MONTGAILLARD\u00a0<\/b><\/p>\n<p class=\"p1\" style=\"text-align: center\"><b>Ann\u00e9e scolaire 2023 &#8211; 2024<br \/>\n<\/b><\/p>\n<p>&nbsp;<\/p>\n<table border=\"1\" width=\"100%\" rules=\"ROWS\" cellspacing=\"0\" cellpadding=\"4\">\n<tbody>\n<tr valign=\"TOP\">\n<td width=\"27%\"><b>Allemand<\/b><\/td>\n<td width=\"37%\">Virginie CASCADE<\/td>\n<td width=\"37%\"><\/td>\n<\/tr>\n<tr valign=\"TOP\">\n<td rowspan=\"5\" width=\"27%\"><b>Anglais<\/b><\/td>\n<td width=\"37%\">Rachelle HOAREAU<\/td>\n<td width=\"37%\">Aswhin SOOKMANEEA<\/td>\n<\/tr>\n<tr valign=\"TOP\">\n<td width=\"37%\">Fr\u00e9d\u00e9ric ANTOINETTE<\/td>\n<td width=\"37%\">Florence BENARD<\/td>\n<\/tr>\n<tr valign=\"TOP\">\n<td width=\"37%\">Monique BALTHASAR<\/td>\n<td width=\"37%\">Marie-Jos\u00e9e MALGA<\/td>\n<\/tr>\n<tr valign=\"TOP\">\n<td width=\"37%\">Zahira KADUM-RASSOOL<\/td>\n<td width=\"37%\">No\u00ebl GALAS<\/td>\n<\/tr>\n<tr valign=\"TOP\">\n<td width=\"37%\">Brice PAYET<\/td>\n<td width=\"37%\"><\/td>\n<\/tr>\n<tr valign=\"TOP\">\n<td rowspan=\"2\" width=\"27%\"><b>Arts Plastiques<\/b><\/td>\n<td width=\"37%\">Nadine BONNOT<\/td>\n<td width=\"37%\">V\u00e9ronique MONTJOL-LEBON<\/td>\n<\/tr>\n<tr valign=\"TOP\">\n<td width=\"37%\">Elisabeth RAMASSAMY<\/td>\n<td width=\"37%\"><\/td>\n<\/tr>\n<tr valign=\"TOP\">\n<td width=\"27%\"><b>Cr\u00e9ole<\/b><\/td>\n<td width=\"37%\">Leila ATCHY<\/td>\n<td width=\"37%\"><\/td>\n<\/tr>\n<tr valign=\"TOP\">\n<td width=\"27%\"><b>Documentaliste<\/b><\/td>\n<td width=\"37%\">Marie-France Neige DALLEAU<\/td>\n<td width=\"37%\"><\/td>\n<\/tr>\n<tr valign=\"TOP\">\n<td rowspan=\"2\" width=\"27%\"><b>\u00c9ducation musicale<\/b><\/td>\n<td width=\"37%\">ARBOGAST Pierre<\/td>\n<td width=\"37%\">LORICOURT Elodie<\/td>\n<\/tr>\n<tr valign=\"TOP\">\n<td width=\"37%\">VALLEE Inese<\/td>\n<td width=\"37%\"><\/td>\n<\/tr>\n<tr valign=\"TOP\">\n<td rowspan=\"5\" width=\"27%\"><b>\u00c9ducation physique et sportive<\/b><\/td>\n<td width=\"37%\">Candice BILLY<\/td>\n<td width=\"37%\">CARO Bastien<\/td>\n<\/tr>\n<tr valign=\"TOP\">\n<td width=\"37%\">DEROGY Fabien<\/td>\n<td width=\"37%\">Dominique BRIAL<\/td>\n<\/tr>\n<tr valign=\"TOP\">\n<td width=\"37%\">GOMEZ Jordan<\/td>\n<td width=\"37%\">MAILLOT Benjamin<\/td>\n<\/tr>\n<tr valign=\"TOP\">\n<td width=\"37%\">Lenaig COCHEREL<\/td>\n<td width=\"37%\">STRINTZ Lucas<\/td>\n<\/tr>\n<tr valign=\"TOP\">\n<td width=\"37%\">Corinne HEDOUIN<\/td>\n<td width=\"37%\">Lisa JAMAIS<\/td>\n<\/tr>\n<tr valign=\"TOP\">\n<td rowspan=\"3\" width=\"27%\"><b>Espagnol<\/b><\/td>\n<td width=\"37%\">GAZE Ivic<\/td>\n<td width=\"37%\">Malika SELOT<\/td>\n<\/tr>\n<tr valign=\"TOP\">\n<td width=\"37%\">SAMARAPATY Ana\u00eblle<\/td>\n<td width=\"37%\">Isabelle GALLI<\/td>\n<\/tr>\n<tr valign=\"TOP\">\n<td width=\"37%\">PLANTE Claudia<\/td>\n<td width=\"37%\"><\/td>\n<\/tr>\n<tr valign=\"TOP\">\n<td rowspan=\"4\" width=\"27%\"><b>Histoire, G\u00e9ographie &amp; Instruction Civique<\/b><\/td>\n<td width=\"37%\">Henri CHAUVEAU<\/td>\n<td width=\"37%\">ALPHONSE Yanis<\/td>\n<\/tr>\n<tr valign=\"TOP\">\n<td width=\"37%\">Jean-Luc ALY<\/td>\n<td width=\"37%\">COTCHE Emmanuel<\/td>\n<\/tr>\n<tr valign=\"TOP\">\n<td width=\"37%\">\u00c9lina BAUDOT<\/td>\n<td width=\"37%\">Fabien LEGAY<\/td>\n<\/tr>\n<tr valign=\"TOP\">\n<td width=\"37%\">France REGNARD<\/td>\n<td width=\"37%\">Brigitte REN\u00c9<\/td>\n<\/tr>\n<tr valign=\"TOP\">\n<td rowspan=\"8\" width=\"27%\"><b>Lettres<\/b><\/td>\n<td width=\"37%\">Lucinda ATCHAMA<\/td>\n<td width=\"37%\">ATCHY Leila<\/td>\n<\/tr>\n<tr valign=\"TOP\">\n<td width=\"37%\">Marie-Elodie AMOUNY<\/td>\n<td width=\"37%\">BUCHE LEMAU R\u00e9gine<\/td>\n<\/tr>\n<tr valign=\"TOP\">\n<td width=\"37%\">St\u00e9phanie GESLIN<\/td>\n<td width=\"37%\">Isabelle PIZINSKI<\/td>\n<\/tr>\n<tr valign=\"TOP\">\n<td width=\"37%\">Brigitte BOUET<\/td>\n<td width=\"37%\">Alain SCHINDLER<\/td>\n<\/tr>\n<tr valign=\"TOP\">\n<td width=\"37%\">DAWOOD Fatema<\/td>\n<td width=\"37%\">Val\u00e9rie DELAVOIS<\/td>\n<\/tr>\n<tr valign=\"TOP\">\n<td width=\"37%\">Fr\u00e9d\u00e9ric MALET<\/td>\n<td width=\"37%\">Michel DARDAILON<\/td>\n<\/tr>\n<tr valign=\"TOP\">\n<td width=\"37%\">SAID ALI Sivani<\/td>\n<td width=\"37%\">Florence CLAIN<\/td>\n<\/tr>\n<tr valign=\"TOP\">\n<td width=\"37%\">SANDJIVY Christiane<\/td>\n<td width=\"37%\"><\/td>\n<\/tr>\n<tr valign=\"TOP\">\n<td rowspan=\"6\" width=\"27%\"><b>Math\u00e9matiques<\/b><\/td>\n<td width=\"37%\">ANNETTE Lucas<\/td>\n<td width=\"37%\">Marius MOUTOUSSAMY<\/td>\n<\/tr>\n<tr valign=\"TOP\">\n<td width=\"37%\">Romain CARPAYE<\/td>\n<td width=\"37%\">Anne CASIMIR<\/td>\n<\/tr>\n<tr valign=\"TOP\">\n<td width=\"37%\">J\u00e9r\u00f4me CAZANOVE<\/td>\n<td width=\"37%\">VAUDRAN Lorline<\/td>\n<\/tr>\n<tr valign=\"TOP\">\n<td width=\"37%\">Caroline MINISINI<\/td>\n<td width=\"37%\">Fredy TESTAN<\/td>\n<\/tr>\n<tr valign=\"TOP\">\n<td width=\"37%\">Adrien VILLY<\/td>\n<td width=\"37%\">VIENNE H\u00e9l\u00e8ne<\/td>\n<\/tr>\n<tr valign=\"TOP\">\n<td width=\"37%\">Thomas CLAIN<\/td>\n<td width=\"37%\">Beno\u00eet PAYET<\/td>\n<\/tr>\n<tr valign=\"TOP\">\n<td rowspan=\"2\" width=\"27%\"><b>Sciences de la Vie et de la Terre<\/b><\/td>\n<td width=\"37%\">MOULA Sullemandje<\/td>\n<td width=\"37%\">Dilroze NAZARALY<\/td>\n<\/tr>\n<tr valign=\"TOP\">\n<td width=\"37%\">Fabienne LAI-ONG-TEUNG<\/td>\n<td width=\"37%\">Sylvie VAUDOIR<\/td>\n<\/tr>\n<tr valign=\"TOP\">\n<td rowspan=\"2\" width=\"27%\"><b>Sciences Physiques<\/b><\/td>\n<td width=\"37%\">V\u00e9ronique DAMOUR<\/td>\n<td width=\"37%\">Olivier PAUTLER<\/td>\n<\/tr>\n<tr valign=\"TOP\">\n<td width=\"37%\">Jean-Dany DRULA<\/td>\n<td width=\"37%\">ALPOU Olivia<\/td>\n<\/tr>\n<tr valign=\"TOP\">\n<td rowspan=\"2\" width=\"27%\"><b>Technologie<\/b><\/td>\n<td width=\"37%\">Didier APAVOU<\/td>\n<td width=\"37%\">Willy SEVINGUE<\/td>\n<\/tr>\n<tr valign=\"TOP\">\n<td width=\"37%\">Ndriana LACHAPELLE<\/td>\n<td width=\"37%\"><\/td>\n<\/tr>\n<tr valign=\"TOP\">\n<td rowspan=\"2\" width=\"27%\"><b>Classe Relais<\/b><\/td>\n<td width=\"37%\">Marina DUBARD<\/td>\n<td width=\"37%\">\u00a0Ingrid L\u00c9GER<\/td>\n<\/tr>\n<tr valign=\"TOP\">\n<td width=\"37%\">Luigi BEGUE<\/td>\n<td width=\"37%\"><\/td>\n<\/tr>\n<tr valign=\"TOP\">\n<td rowspan=\"3\" width=\"27%\"><b>SEGPA<\/b><\/td>\n<td width=\"37%\">Aldo AUMORD<\/td>\n<td width=\"37%\">CHAMSIDINE Kirami<\/td>\n<\/tr>\n<tr valign=\"TOP\">\n<td width=\"37%\">COVINDIN Rose<\/td>\n<td width=\"37%\">LETANG Pascal<\/td>\n<\/tr>\n<tr valign=\"TOP\">\n<td width=\"37%\">OLIVETTE Elisabeth<\/td>\n<td width=\"37%\"><\/td>\n<\/tr>\n<tr valign=\"TOP\">\n<td width=\"27%\"><b>ULIS<\/b><\/td>\n<td width=\"37%\">Emmanuelle MOBECHE<\/td>\n<td width=\"37%\">RABENJARIVELO Raymonde<\/td>\n<\/tr>\n<\/tbody>\n<\/table>\n<!-- AddThis Advanced Settings generic via filter on the_content --><!-- AddThis Share Buttons generic via filter on the_content -->","protected":false},"excerpt":{"rendered":"<p>Liste du personnel enseignant du Coll\u00e8ge MONTGAILLARD\u00a0 Ann\u00e9e scolaire 2023 &#8211; 2024 &nbsp; Allemand Virginie CASCADE Anglais Rachelle HOAREAU Aswhin SOOKMANEEA Fr\u00e9d\u00e9ric ANTOINETTE Florence BENARD Monique BALTHASAR Marie-Jos\u00e9e MALGA Zahira KADUM-RASSOOL No\u00ebl GALAS Brice PAYET Arts Plastiques Nadine BONNOT V\u00e9ronique MONTJOL-LEBON Elisabeth RAMASSAMY Cr\u00e9ole Leila ATCHY Documentaliste Marie-France Neige DALLEAU \u00c9ducation musicale ARBOGAST Pierre LORICOURT [&hellip;]<!-- AddThis Advanced Settings generic via filter on get_the_excerpt --><!-- AddThis Share Buttons generic via filter on get_the_excerpt --><\/p>\n","protected":false},"author":2809,"featured_media":0,"parent":27,"menu_order":0,"comment_status":"closed","ping_status":"closed","template":"page-full.php","meta":{"footnotes":""},"class_list":["post-65","page","type-page","status-publish","hentry"],"_links":{"self":[{"href":"https:\/\/etab.ac-reunion.fr\/clg-robert-ardon\/wp-json\/wp\/v2\/pages\/65","targetHints":{"allow":["GET"]}}],"collection":[{"href":"https:\/\/etab.ac-reunion.fr\/clg-robert-ardon\/wp-json\/wp\/v2\/pages"}],"about":[{"href":"https:\/\/etab.ac-reunion.fr\/clg-robert-ardon\/wp-json\/wp\/v2\/types\/page"}],"author":[{"embeddable":true,"href":"https:\/\/etab.ac-reunion.fr\/clg-robert-ardon\/wp-json\/wp\/v2\/users\/2809"}],"replies":[{"embeddable":true,"href":"https:\/\/etab.ac-reunion.fr\/clg-robert-ardon\/wp-json\/wp\/v2\/comments?post=65"}],"version-history":[{"count":38,"href":"https:\/\/etab.ac-reunion.fr\/clg-robert-ardon\/wp-json\/wp\/v2\/pages\/65\/revisions"}],"predecessor-version":[{"id":5082,"href":"https:\/\/etab.ac-reunion.fr\/clg-robert-ardon\/wp-json\/wp\/v2\/pages\/65\/revisions\/5082"}],"up":[{"embeddable":true,"href":"https:\/\/etab.ac-reunion.fr\/clg-robert-ardon\/wp-json\/wp\/v2\/pages\/27"}],"wp:attachment":[{"href":"https:\/\/etab.ac-reunion.fr\/clg-robert-ardon\/wp-json\/wp\/v2\/media?parent=65"}],"curies":[{"name":"wp","href":"https:\/\/api.w.org\/{rel}","templated":true}]}}