{"id":1546,"date":"2023-10-18T09:57:10","date_gmt":"2023-10-18T07:57:10","guid":{"rendered":"https:\/\/etab.ac-reunion.fr\/clg-roquefeuil\/?page_id=1546"},"modified":"2023-10-18T10:00:25","modified_gmt":"2023-10-18T08:00:25","slug":"en-histoire","status":"publish","type":"page","link":"https:\/\/etab.ac-reunion.fr\/clg-roquefeuil\/en-histoire\/","title":{"rendered":"EN HISTOIRE"},"content":{"rendered":"\n<p>               <\/p>\n\n\n\n<div class=\"wp-block-cover is-light\" style=\"min-height:172px;aspect-ratio:unset;\"><span aria-hidden=\"true\" class=\"wp-block-cover__background has-background-dim\"><\/span><img loading=\"lazy\" decoding=\"async\" width=\"2414\" height=\"1298\" class=\"wp-block-cover__image-background wp-image-1444\" alt=\"\" src=\"https:\/\/etab.ac-reunion.fr\/clg-roquefeuil\/wp-content\/uploads\/sites\/159\/2023\/10\/Histoire-du-College-Mappe-monde-Camille-de-Roquefeuil-8-octobre-2023.jpg\" data-object-fit=\"cover\" srcset=\"https:\/\/etab.ac-reunion.fr\/clg-roquefeuil\/wp-content\/uploads\/sites\/159\/2023\/10\/Histoire-du-College-Mappe-monde-Camille-de-Roquefeuil-8-octobre-2023.jpg 2414w, https:\/\/etab.ac-reunion.fr\/clg-roquefeuil\/wp-content\/uploads\/sites\/159\/2023\/10\/Histoire-du-College-Mappe-monde-Camille-de-Roquefeuil-8-octobre-2023-300x161.jpg 300w, https:\/\/etab.ac-reunion.fr\/clg-roquefeuil\/wp-content\/uploads\/sites\/159\/2023\/10\/Histoire-du-College-Mappe-monde-Camille-de-Roquefeuil-8-octobre-2023-1024x551.jpg 1024w, https:\/\/etab.ac-reunion.fr\/clg-roquefeuil\/wp-content\/uploads\/sites\/159\/2023\/10\/Histoire-du-College-Mappe-monde-Camille-de-Roquefeuil-8-octobre-2023-768x413.jpg 768w, https:\/\/etab.ac-reunion.fr\/clg-roquefeuil\/wp-content\/uploads\/sites\/159\/2023\/10\/Histoire-du-College-Mappe-monde-Camille-de-Roquefeuil-8-octobre-2023-1536x826.jpg 1536w, https:\/\/etab.ac-reunion.fr\/clg-roquefeuil\/wp-content\/uploads\/sites\/159\/2023\/10\/Histoire-du-College-Mappe-monde-Camille-de-Roquefeuil-8-octobre-2023-2048x1101.jpg 2048w, https:\/\/etab.ac-reunion.fr\/clg-roquefeuil\/wp-content\/uploads\/sites\/159\/2023\/10\/Histoire-du-College-Mappe-monde-Camille-de-Roquefeuil-8-octobre-2023-372x200.jpg 372w\" sizes=\"auto, (max-width: 2414px) 100vw, 2414px\" \/><div class=\"wp-block-cover__inner-container is-layout-constrained wp-block-cover-is-layout-constrained\">\n<p class=\"has-text-align-center has-sitebg-color has-text-color has-larger-font-size\">Camille Joseph de Roquefeuil-Cahuzac<\/p>\n<\/div><\/div>\n\n\n\n<p class=\"has-text-align-center has-light-green-cyan-to-vivid-green-cyan-gradient-background has-background has-normal-font-size\"><strong>Le mont Roquefeuil et son coll\u00e8ge tirent leur nom du navigateur et explorateur fran\u00e7ais Camille Joseph de Roquefeuil-Cahuzac, branche cadette des Roquefeuil-Blanquefort.<\/strong><\/p>\n\n\n\n<div style=\"height:25px\" aria-hidden=\"true\" class=\"wp-block-spacer\"><\/div>\n\n\n\n<div class=\"wp-block-media-text is-stacked-on-mobile is-vertically-aligned-center is-image-fill has-light-green-cyan-to-vivid-green-cyan-gradient-background has-background\" style=\"grid-template-columns:20% auto\"><figure class=\"wp-block-media-text__media\" style=\"background-image:url(https:\/\/etab.ac-reunion.fr\/clg-roquefeuil\/wp-content\/uploads\/sites\/159\/2023\/10\/Histoire-du-College-Camille-de-Roquefeuil-Cahuzac-8-octobre-2023.jpg);background-position:54% 27%\"><img loading=\"lazy\" decoding=\"async\" width=\"450\" height=\"600\" src=\"https:\/\/etab.ac-reunion.fr\/clg-roquefeuil\/wp-content\/uploads\/sites\/159\/2023\/10\/Histoire-du-College-Camille-de-Roquefeuil-Cahuzac-8-octobre-2023.jpg\" alt=\"\" class=\"wp-image-1422 size-full\" srcset=\"https:\/\/etab.ac-reunion.fr\/clg-roquefeuil\/wp-content\/uploads\/sites\/159\/2023\/10\/Histoire-du-College-Camille-de-Roquefeuil-Cahuzac-8-octobre-2023.jpg 450w, https:\/\/etab.ac-reunion.fr\/clg-roquefeuil\/wp-content\/uploads\/sites\/159\/2023\/10\/Histoire-du-College-Camille-de-Roquefeuil-Cahuzac-8-octobre-2023-225x300.jpg 225w, https:\/\/etab.ac-reunion.fr\/clg-roquefeuil\/wp-content\/uploads\/sites\/159\/2023\/10\/Histoire-du-College-Camille-de-Roquefeuil-Cahuzac-8-octobre-2023-150x200.jpg 150w\" sizes=\"auto, (max-width: 450px) 100vw, 450px\" \/><\/figure><div class=\"wp-block-media-text__content\">\n<p class=\"has-text-align-center has-light-green-cyan-to-vivid-green-cyan-gradient-background has-background has-normal-font-size\">N\u00e9 \u00e0 Cahuzac-sur-V\u00e8re en 1781, Camille fut tr\u00e8s t\u00f4t attir\u00e9 par la mer. Sa carri\u00e8re dans le commerce maritime l\u2019emmena dans l\u2019Oc\u00e9an Indien. Apr\u00e8s un bref s\u00e9jour sur l\u2019\u00eele de France (\u00eele Maurice), il s\u2019engagea, \u00e0 21 ans, dans la marine de guerre. Sa participation \u00e0 plusieurs op\u00e9rations militaires, notamment \u00e0 Madagascar, se vit r\u00e9compenser par la l\u00e9gion d\u2019honneur et le grade de lieutenant de vaisseau. En 1810, \u00e0 29 ans, il entra dans la marine marchande apr\u00e8s avoir convaincu la famille Balguerie d\u2019armer \u00ab&nbsp;Le Bordelais&nbsp;\u00bb pour le commerce. Ensemble, ils souhaitaient ouvrir une nouvelle route commerciale&nbsp; entre la France, l\u2019Alaska et la Chine. Il lui fallait \u00e9changer des armes et des \u00e9toffes contre des fourrures de loutres de mer en Alaska, puis contre du bois de santal \u00e0 Hawa\u00ef et revendre cette marchandise en Chine afin d\u2019y acheter du th\u00e9, de la cannelle et d\u2019autres produits. Son tour du monde commen\u00e7a alors en octobre 1816.<\/p>\n<\/div><\/div>\n\n\n\n<div style=\"height:100px\" aria-hidden=\"true\" class=\"wp-block-spacer\"><\/div>\n\n\n\n<div style=\"height:0px\" aria-hidden=\"true\" class=\"wp-block-spacer\"><\/div>\n\n\n\n<div class=\"wp-block-media-text has-media-on-the-right is-stacked-on-mobile is-vertically-aligned-center is-image-fill has-light-green-cyan-to-vivid-green-cyan-gradient-background has-background\" style=\"grid-template-columns:auto 33%\"><div class=\"wp-block-media-text__content\">\n<p class=\"has-text-align-center has-light-green-cyan-to-vivid-green-cyan-gradient-background has-background has-normal-font-size\">&nbsp;Dans son livre \u00ab Journal d\u2019un voyage autour du monde&nbsp;\u00bb en 2 tomes*, il narra les \u00e9tapes, les aventures et les m\u00e9saventures de son voyage qui lui firent d\u00e9couvrir, avec 34 hommes d\u2019\u00e9quipage, la Terre de Feu et le Cap Horn, Valparaiso, Callao, Lima, les \u00eeles Galapagos, la Californie et San Francisco puis la baie de Nootka. Malheureusement, les Anglais et les Am\u00e9ricains y avaient d\u00e9j\u00e0 achet\u00e9s toutes les peaux de loutres de mer. Camille d\u00e9cida alors de faire route vers les Marquises et la colonie russe de Nouvelle-Archangel (Sitka) pour y chasser l\u2019animal. Apr\u00e8s avoir \u00e9t\u00e9 attaqu\u00e9s, lui et ses chasseurs de loutres de mer, par les autochtones de Kowalt, il reprit son voyage vers les \u00eeles de la Reine Charlotte et du Prince de Galles. De retour \u00e0 Nootka, il fit voile vers les \u00eeles Sandwich et rel\u00e2cha sur l\u2019\u00eele \u00ab&nbsp;Waoho&nbsp;\u00bb (Hawa\u00ef) o\u00f9 il fut accueilli par le roi \u00ab&nbsp;Tam\u00e9am\u00e9a&nbsp;\u00bb (Kam\u00e9ham\u00e9ha I<sup>er<\/sup>). Il y obtint du bois de santal contre des fusils. Des \u00eeles Sandwich, il fit cap sur la Chine o\u00f9 il jeta l\u2019ancre, en 1819, \u00e0 Macao, pour faire commerce. Il y vendit sa cargaison et, avec l\u2019argent obtenu, il acheta du&nbsp; th\u00e9, du sucre, de la cannelle et du vermillon. \u00c0 contre-mousson, il reprit son voyage vers l\u2019\u00eele de France puis le cap de Bonne-Esp\u00e9rance et rentra \u00e0 Bordeaux apr\u00e8s 3 ans et un mois de voyage. Il fut alors d\u00e9cor\u00e9 de l\u2019ordre royal et militaire de Saint-Louis. Toutefois, ce tour du monde ne fut pas une bonne affaire pour l\u2019armateur. Les marchandises obtenues en Chine ne suffirent pas \u00e0 rembourser l\u2019exp\u00e9dition.<\/p>\n<\/div><figure class=\"wp-block-media-text__media\" style=\"background-image:url(https:\/\/etab.ac-reunion.fr\/clg-roquefeuil\/wp-content\/uploads\/sites\/159\/2023\/10\/Histoire-du-College-Carte-Camille-de-Roquefeuil-8-octobre-2023-832x1024.jpg);background-position:18% 45%\"><img loading=\"lazy\" decoding=\"async\" width=\"832\" height=\"1024\" src=\"https:\/\/etab.ac-reunion.fr\/clg-roquefeuil\/wp-content\/uploads\/sites\/159\/2023\/10\/Histoire-du-College-Carte-Camille-de-Roquefeuil-8-octobre-2023-832x1024.jpg\" alt=\"\" class=\"wp-image-1435 size-full\" srcset=\"https:\/\/etab.ac-reunion.fr\/clg-roquefeuil\/wp-content\/uploads\/sites\/159\/2023\/10\/Histoire-du-College-Carte-Camille-de-Roquefeuil-8-octobre-2023-832x1024.jpg 832w, https:\/\/etab.ac-reunion.fr\/clg-roquefeuil\/wp-content\/uploads\/sites\/159\/2023\/10\/Histoire-du-College-Carte-Camille-de-Roquefeuil-8-octobre-2023-244x300.jpg 244w, https:\/\/etab.ac-reunion.fr\/clg-roquefeuil\/wp-content\/uploads\/sites\/159\/2023\/10\/Histoire-du-College-Carte-Camille-de-Roquefeuil-8-octobre-2023-768x945.jpg 768w, https:\/\/etab.ac-reunion.fr\/clg-roquefeuil\/wp-content\/uploads\/sites\/159\/2023\/10\/Histoire-du-College-Carte-Camille-de-Roquefeuil-8-octobre-2023-163x200.jpg 163w, https:\/\/etab.ac-reunion.fr\/clg-roquefeuil\/wp-content\/uploads\/sites\/159\/2023\/10\/Histoire-du-College-Carte-Camille-de-Roquefeuil-8-octobre-2023.jpg 964w\" sizes=\"auto, (max-width: 832px) 100vw, 832px\" \/><\/figure><\/div>\n\n\n\n<div style=\"height:50px\" aria-hidden=\"true\" class=\"wp-block-spacer\"><\/div>\n\n\n\n<div class=\"wp-block-media-text is-stacked-on-mobile is-vertically-aligned-center is-image-fill has-light-green-cyan-to-vivid-green-cyan-gradient-background has-background\" style=\"grid-template-columns:37% auto\"><figure class=\"wp-block-media-text__media\" style=\"background-image:url(https:\/\/etab.ac-reunion.fr\/clg-roquefeuil\/wp-content\/uploads\/sites\/159\/2023\/10\/Histoire-du-College-Mappe-monde-Camille-de-Roquefeuil-8-octobre-2023-1024x551.jpg);background-position:50% 50%\"><img loading=\"lazy\" decoding=\"async\" width=\"1024\" height=\"551\" src=\"https:\/\/etab.ac-reunion.fr\/clg-roquefeuil\/wp-content\/uploads\/sites\/159\/2023\/10\/Histoire-du-College-Mappe-monde-Camille-de-Roquefeuil-8-octobre-2023-1024x551.jpg\" alt=\"\" class=\"wp-image-1444 size-full\" srcset=\"https:\/\/etab.ac-reunion.fr\/clg-roquefeuil\/wp-content\/uploads\/sites\/159\/2023\/10\/Histoire-du-College-Mappe-monde-Camille-de-Roquefeuil-8-octobre-2023-1024x551.jpg 1024w, https:\/\/etab.ac-reunion.fr\/clg-roquefeuil\/wp-content\/uploads\/sites\/159\/2023\/10\/Histoire-du-College-Mappe-monde-Camille-de-Roquefeuil-8-octobre-2023-300x161.jpg 300w, https:\/\/etab.ac-reunion.fr\/clg-roquefeuil\/wp-content\/uploads\/sites\/159\/2023\/10\/Histoire-du-College-Mappe-monde-Camille-de-Roquefeuil-8-octobre-2023-768x413.jpg 768w, https:\/\/etab.ac-reunion.fr\/clg-roquefeuil\/wp-content\/uploads\/sites\/159\/2023\/10\/Histoire-du-College-Mappe-monde-Camille-de-Roquefeuil-8-octobre-2023-1536x826.jpg 1536w, https:\/\/etab.ac-reunion.fr\/clg-roquefeuil\/wp-content\/uploads\/sites\/159\/2023\/10\/Histoire-du-College-Mappe-monde-Camille-de-Roquefeuil-8-octobre-2023-2048x1101.jpg 2048w, https:\/\/etab.ac-reunion.fr\/clg-roquefeuil\/wp-content\/uploads\/sites\/159\/2023\/10\/Histoire-du-College-Mappe-monde-Camille-de-Roquefeuil-8-octobre-2023-372x200.jpg 372w\" sizes=\"auto, (max-width: 1024px) 100vw, 1024px\" \/><\/figure><div class=\"wp-block-media-text__content\">\n<p class=\"has-text-align-center has-normal-font-size\">N\u2019ayant pas \u00e9t\u00e9 r\u00e9int\u00e9gr\u00e9 dans la marine de guerre, il devint par la suite directeur militaire du port de Bordeaux. Nomm\u00e9 capitaine au long cours en 1822, sur \u00ab&nbsp;L\u2019Entreprenant&nbsp;\u00bb dans la marine marchande, il fit cap sur l\u2019Oc\u00e9an Indien pour l\u2019\u00eele de France et le Bengale : \u00e9poque \u00e0 laquelle son journal fut publi\u00e9 par son fr\u00e8re. Puis il s\u00e9journa sur l\u2019\u00eele Bourbon (\u00eele de La R\u00e9union). Il y devint capitaine du port de Saint-Paul et se maria avec Emilie Lavergne-Dennemont. Il mourut en 1831, \u00e0 l\u2019\u00e2ge de 50 ans.<\/p>\n<\/div><\/div>\n\n\n\n<div style=\"height:50px\" aria-hidden=\"true\" class=\"wp-block-spacer\"><\/div>\n\n\n\n<p class=\"has-text-align-center has-large-font-size\"><strong>Quelques extraits de son journal de bord pour l\u2019envie de lire\u2026<\/strong><\/p>\n\n\n\n<figure class=\"wp-block-pullquote has-sitetext-color has-luminous-dusk-gradient-background has-text-color has-background\" style=\"border-width:42px;border-radius:100px;font-size:14px;font-style:normal;font-weight:100\"><blockquote><p>\u00ab&nbsp;Par le 40<sup>e<\/sup> degr\u00e9, les brumes commen\u00e7aient \u00e0 para\u00eetre d\u2019abord peu \u00e9paisses ; la mer \u00e9tait quelquefois d\u00e9color\u00e9e et souvent couverte de frai de baleines. On vit la premi\u00e8re baleine par 34 degr\u00e9s, ainsi que le premier Albatros. Nous rencontrions beaucoup d\u2019algues, d\u2019abord courtes et formant des grappes, et plus au Sud d\u2019une longueur consid\u00e9rable et de la classe des fucus. Dans les calmes que nous \u00e9prouv\u00e2mes apr\u00e8s coup\u00e9 le tropique Sud, le petit canot fut plusieurs fois mis \u00e0 la mer pour chasser les tortues qui se montraient en grand nombre du 30<sup>e<\/sup> au 35<sup>e<\/sup> degr\u00e9 de latitude. Nous n\u2019en pr\u00eemes que trois, pesant deux cents livres. Une \u00e9tait verte et les deux autres de l\u2019esp\u00e8ce appel\u00e9e couane.&nbsp;\u00bb<\/p><cite>Extrait du journal, \u00e0 proximit\u00e9 du Br\u00e9sil (Tome premier)<\/cite><\/blockquote><\/figure>\n\n\n\n<div style=\"height:25px\" aria-hidden=\"true\" class=\"wp-block-spacer\"><\/div>\n\n\n\n<figure class=\"wp-block-pullquote has-sitetext-color has-cool-to-warm-spectrum-gradient-background has-text-color has-background\" style=\"border-width:42px;border-radius:100px;font-size:14px\"><blockquote><p>\u00ab&nbsp;Les insulaires des Marquises ont une sorte de superstition respectueuse pour la chevelure ; j\u2019ai vu une femme ramasser avec soin et avaler quelques cheveux qu\u2019elle avait aper\u00e7u par terre. Ross me dit que c\u2019\u00e9tait leur coutume : ils ne veulent pas que les \u00e9trangers touchent les cheveux de leurs enfants, ni qu\u2019on passe la main sur leur t\u00eate. Quand des amis se rencontrent, ils se frottent nez \u00e0 nez ; mais c\u2019est un t\u00e9moignage d\u2019amiti\u00e9 qu\u2019ils se donnent peu fr\u00e9quemment, et je n\u2019ai re\u00e7u cette faveur-l\u00e0 que de mon ami Roki.&nbsp;\u00bb<\/p><cite>Extrait du journal, sur les \u00eeles Marquises (Tome premier)<\/cite><\/blockquote><\/figure>\n\n\n\n<div style=\"height:25px\" aria-hidden=\"true\" class=\"wp-block-spacer\"><\/div>\n\n\n\n<figure class=\"wp-block-pullquote has-luminous-dusk-gradient-background has-background\" style=\"border-width:42px;border-radius:100px;font-size:14px\"><blockquote><p>\u00ab&nbsp;Apr\u00e8s avoir fait deux ou trois cents pas, je me croisai avec un Indien, qui s\u2019arr\u00eata un instant, en se d\u00e9tournant un peu pour me faire place, et me dit en souriant quelques mots que je ne compris pas et auxquels je ne pus r\u00e9pondre que d\u2019un signe de t\u00eate. Un b\u00e2ton \u00e9tait sa seule arme apparente. Quelques minutes apr\u00e8s, mon attention fut r\u00e9veill\u00e9e par un coup de feu parti du c\u00f4t\u00e9 du camp, et que je crus d\u2019abord avoir \u00e9t\u00e9 tir\u00e9 par les Kodiaques, qui le matin s\u2019\u00e9taient exerc\u00e9s au pistolet ; mais ce premier coup fut aussit\u00f4t suivi d\u2019une d\u00e9charge, apr\u00e8s laquelle le feu, quoique moins nourri, fut entretenu avec vivacit\u00e9. Jugeant alors que ce ne pouvait \u00eatre qu\u2019une attaque des Indiens, mon premier mouvement fut de tourner vers le camps.&nbsp;\u00bb<\/p><cite>Extrait du journal, dans la baie de Nootka (Tome second)<\/cite><\/blockquote><\/figure>\n\n\n\n<div style=\"height:50px\" aria-hidden=\"true\" class=\"wp-block-spacer\"><\/div>\n\n\n\n<p class=\"has-text-align-center has-large-font-size\"><strong>Je veux lire ou parcourir les carnets de bord par moi-m\u00eame&#8230;<\/strong><\/p>\n\n\n\n<div class=\"wp-block-buttons is-content-justification-center is-layout-flex wp-container-core-buttons-is-layout-16018d1d wp-block-buttons-is-layout-flex\">\n<div class=\"wp-block-button has-custom-width wp-block-button__width-75 has-custom-font-size\" style=\"font-size:13px\"><a class=\"wp-block-button__link wp-element-button\" href=\"https:\/\/portail.college-roquefeuil.ac-reunion.fr\/nextcloud\/index.php\/s\/qyYPjioPCiE4EbH\">Acc\u00e8s au Tome 01 : \u00ab\u00a0Journal d&rsquo;un voyage autour du monde\u00a0\u00bb, Camille Joseph de Roquefeuil-Cahuzac, (libre de droit, domaine public, num\u00e9ris\u00e9 par Google)<\/a><\/div>\n<\/div>\n\n\n\n<div style=\"height:25px\" aria-hidden=\"true\" class=\"wp-block-spacer\"><\/div>\n\n\n\n<div class=\"wp-block-buttons is-content-justification-center is-layout-flex wp-container-core-buttons-is-layout-16018d1d wp-block-buttons-is-layout-flex\">\n<div class=\"wp-block-button has-custom-width wp-block-button__width-75 has-custom-font-size is-style-fill\" style=\"font-size:13px\"><a class=\"wp-block-button__link has-text-align-center wp-element-button\" href=\"https:\/\/portail.college-roquefeuil.ac-reunion.fr\/nextcloud\/index.php\/s\/Em27rNtNTyJ5c7y\">Acc\u00e8s au Tome 02 : \u00ab\u00a0Journal d&rsquo;un voyage autour du monde\u00a0\u00bb, Camille Joseph de Roquefeuil-Cahuzac, (libre de droit, domaine public, num\u00e9ris\u00e9 par Google)<\/a><\/div>\n<\/div>\n\n\n\n<div style=\"height:50px\" aria-hidden=\"true\" class=\"wp-block-spacer\"><\/div>\n\n\n\n<p class=\"has-text-align-right has-small-font-size\">* Disponibles gratuitement en ligne, domaine public.<\/p>\n\n\n\n<hr class=\"wp-block-separator aligncenter has-alpha-channel-opacity\" \/>\n\n\n\n<p class=\"has-small-font-size\">Bibliographie :<\/p>\n\n\n\n<ul class=\"wp-block-list\">\n<li class=\"has-small-font-size\">De Roquefeuil Camille, \u00ab&nbsp;Journal d\u2019un voyage autour du monde, pendant les ann\u00e9es 1816, 1817, 1818 et 1819, Camille de Roquefeuil, lieutenant de vaisseau, chevalier de Saint-Louis et de la L\u00e9gion-d\u2019Honneur, Commandant le navire le Bordelais, arm\u00e9 par M. Balguerie Junior, de Bordeaux&nbsp;\u00bb, Imprimerie de Lebel, imprimeur du Roi, Paris, 1823, Tome premier et tome second.<\/li>\n\n\n\n<li class=\"has-small-font-size\">D\u00e9partement de La R\u00e9union, \u00ab&nbsp;Coll\u00e8ge Roquefeuil, de nouvelles portes vers la r\u00e9ussite&nbsp;\u00bb, Dossier de presse, Jeudi 29 septembre 2022.<\/li>\n<\/ul>\n\n\n\n<p class=\"has-small-font-size\">Sitographie :<\/p>\n\n\n\n<ul class=\"wp-block-list\">\n<li class=\"has-small-font-size\">Wikip\u00e9dia, Fondation Wikip\u00e9dia, Article Camille de Roquefeuil, mis \u00e0 jour le 9 juillet 2023, consult\u00e9 le 17 juillet 2023, adresse : <a href=\"http:\/\/fr.wikipedia.org\/wiki\/Camille_de_Roquefeuil\">fr.wikipedia.org\/wiki\/Camille_de_Roquefeuil<\/a>.<\/li>\n<\/ul>\n\n\n\n<p class=\"has-small-font-size\">Illustrations :&nbsp;<\/p>\n\n\n\n<ul class=\"has-large-font-size wp-block-list\">\n<li class=\"has-small-font-size\">Carte et mappemonde : De Roquefeuil Camille, \u00ab&nbsp;Journal d\u2019un voyage autour du monde, pendant les ann\u00e9es 1816, 1817, 1818 et 1819, Camille de Roquefeuil, lieutenant de vaisseau, chevalier de Saint-Louis et de la L\u00e9gion-d\u2019Honneur, Commandant le navire le Bordelais, arm\u00e9 par M. Balguerie Junior, de Bordeaux&nbsp;\u00bb, Imprimerie de Lebel, imprimeur du Roi, Paris, 1823, Tome premier et tome second.<\/li>\n\n\n\n<li class=\"has-small-font-size\">Le Bordelais : capture d\u2019\u00e9cran du reportage de France 3 sur l\u2019exposition du bicentenaire du voyage du navire \u00ab&nbsp;Le Bordelais&nbsp;\u00bb de Camille de Roquefeuil, arm\u00e9 par Jean-Etienne Balguerie, 2020, Mus\u00e9e de l\u2019Histoire maritime de Bordeaux.<\/li>\n<\/ul>\n\n\n\n<p><\/p>\n\n\n\n<p>     <\/p>\n\n\n\n<p>       <\/p>\n\n\n\n<p>      <\/p>\n\n\n\n<p>      <\/p>\n\n\n\n<div style=\"height:25px\" aria-hidden=\"true\" class=\"wp-block-spacer\"><\/div>\n","protected":false},"excerpt":{"rendered":"<p>Le mont Roquefeuil et son coll\u00e8ge tirent leur nom du navigateur et explorateur fran\u00e7ais Camille Joseph de Roquefeuil-Cahuzac, branche cadette des Roquefeuil-Blanquefort. N\u00e9 \u00e0 Cahuzac-sur-V\u00e8re en 1781, Camille fut tr\u00e8s t\u00f4t attir\u00e9 par la mer. Sa carri\u00e8re dans le commerce maritime l\u2019emmena dans l\u2019Oc\u00e9an Indien. Apr\u00e8s un bref s\u00e9jour sur &hellip;<\/p>\n","protected":false},"author":31335,"featured_media":0,"parent":0,"menu_order":0,"comment_status":"closed","ping_status":"closed","template":"","meta":{"footnotes":"","_links_to":"","_links_to_target":""},"class_list":["post-1546","page","type-page","status-publish","hentry"],"_links":{"self":[{"href":"https:\/\/etab.ac-reunion.fr\/clg-roquefeuil\/wp-json\/wp\/v2\/pages\/1546","targetHints":{"allow":["GET"]}}],"collection":[{"href":"https:\/\/etab.ac-reunion.fr\/clg-roquefeuil\/wp-json\/wp\/v2\/pages"}],"about":[{"href":"https:\/\/etab.ac-reunion.fr\/clg-roquefeuil\/wp-json\/wp\/v2\/types\/page"}],"author":[{"embeddable":true,"href":"https:\/\/etab.ac-reunion.fr\/clg-roquefeuil\/wp-json\/wp\/v2\/users\/31335"}],"replies":[{"embeddable":true,"href":"https:\/\/etab.ac-reunion.fr\/clg-roquefeuil\/wp-json\/wp\/v2\/comments?post=1546"}],"version-history":[{"count":6,"href":"https:\/\/etab.ac-reunion.fr\/clg-roquefeuil\/wp-json\/wp\/v2\/pages\/1546\/revisions"}],"predecessor-version":[{"id":1555,"href":"https:\/\/etab.ac-reunion.fr\/clg-roquefeuil\/wp-json\/wp\/v2\/pages\/1546\/revisions\/1555"}],"wp:attachment":[{"href":"https:\/\/etab.ac-reunion.fr\/clg-roquefeuil\/wp-json\/wp\/v2\/media?parent=1546"}],"curies":[{"name":"wp","href":"https:\/\/api.w.org\/{rel}","templated":true}]}}