{"id":23,"date":"2021-05-19T07:48:31","date_gmt":"2021-05-19T05:48:31","guid":{"rendered":"http:\/\/college-roquefeuil.ac-reunion.fr\/?page_id=23"},"modified":"2025-12-11T11:45:24","modified_gmt":"2025-12-11T10:45:24","slug":"le-college","status":"publish","type":"page","link":"https:\/\/etab.ac-reunion.fr\/clg-roquefeuil\/accueil\/le-college\/","title":{"rendered":"Le Coll\u00e8ge"},"content":{"rendered":"<div class=\"et_post_meta_wrapper\">\n<h1 class=\"entry-title\">Bienvenue sur le site du coll\u00e8ge Roquefeuil<\/h1>\n<\/div>\n<div class=\"entry-content\">\n<p>Bienvenue sur le site du coll\u00e8ge Roquefeuil,<\/p>\n<p>Le coll\u00e8ge Roquefeuil a accueilli ses premiers \u00e9l\u00e8ves le Mardi 17 aout 2021, le coll\u00e8ge comptait alors 160 \u00e9l\u00e8ves de 6\u00e8me..<\/p>\n<p>Depuis, chaque ann\u00e9e, nous avons accueilli de nouveaux \u00e9l\u00e8ves et la rentr\u00e9e 2024 a \u00e9t\u00e9 la premi\u00e8re rentr\u00e9e avec les 4 niveaux de classe. Le coll\u00e8ge compte 24 classes, 660 \u00e9l\u00e8ves.<\/p>\n<p>Le site construit \u00e0 destination des \u00e9l\u00e8ves et des familles du coll\u00e8ge qui y trouveront des informations g\u00e9n\u00e9rales ainsi que la pr\u00e9sentation de diff\u00e9rentes actions conduites tout au long de l&rsquo;ann\u00e9e scolaire.<\/p>\n<p>Le site s\u2019enrichit chaque jour .<\/p>\n<p>C&rsquo;est un des outils de communication avec les familles mais il ne se substitue pas \u00e0 l&rsquo;utilisation de METICE et PRONOTE qui restent les premiers outils utiles pour les parents et les \u00e9l\u00e8ves.<\/p>\n<p>La communication est une cl\u00e9 dans la r\u00e9ussite des \u00e9l\u00e8ves et nous sommes attach\u00e9s \u00e0 soutenir les \u00e9changes avec les familles tout au long de l&rsquo;ann\u00e9e scolaire ainsi que de rendre lisibles les actions conduites au coll\u00e8ge.<\/p>\n<p>Bonne ann\u00e9e scolaire \u00e0 tous,<\/p>\n<p>L&rsquo;\u00e9quipe de direction<\/p>\n<p><img loading=\"lazy\" decoding=\"async\" class=\"size-medium wp-image-138 aligncenter\" src=\"https:\/\/etab.ac-reunion.fr\/clg-roquefeuil\/wp-content\/uploads\/sites\/159\/2021\/08\/IMG_2157-300x225.jpg\" alt=\"\" width=\"300\" height=\"225\" srcset=\"https:\/\/etab.ac-reunion.fr\/clg-roquefeuil\/wp-content\/uploads\/sites\/159\/2021\/08\/IMG_2157-300x225.jpg 300w, https:\/\/etab.ac-reunion.fr\/clg-roquefeuil\/wp-content\/uploads\/sites\/159\/2021\/08\/IMG_2157-1024x768.jpg 1024w, https:\/\/etab.ac-reunion.fr\/clg-roquefeuil\/wp-content\/uploads\/sites\/159\/2021\/08\/IMG_2157-768x576.jpg 768w, https:\/\/etab.ac-reunion.fr\/clg-roquefeuil\/wp-content\/uploads\/sites\/159\/2021\/08\/IMG_2157-1536x1152.jpg 1536w, https:\/\/etab.ac-reunion.fr\/clg-roquefeuil\/wp-content\/uploads\/sites\/159\/2021\/08\/IMG_2157-2048x1536.jpg 2048w, https:\/\/etab.ac-reunion.fr\/clg-roquefeuil\/wp-content\/uploads\/sites\/159\/2021\/08\/IMG_2157-510x382.jpg 510w, https:\/\/etab.ac-reunion.fr\/clg-roquefeuil\/wp-content\/uploads\/sites\/159\/2021\/08\/IMG_2157-1080x810.jpg 1080w, https:\/\/etab.ac-reunion.fr\/clg-roquefeuil\/wp-content\/uploads\/sites\/159\/2021\/08\/IMG_2157-1280x960.jpg 1280w, https:\/\/etab.ac-reunion.fr\/clg-roquefeuil\/wp-content\/uploads\/sites\/159\/2021\/08\/IMG_2157-980x735.jpg 980w, https:\/\/etab.ac-reunion.fr\/clg-roquefeuil\/wp-content\/uploads\/sites\/159\/2021\/08\/IMG_2157-480x360.jpg 480w\" sizes=\"auto, (max-width: 300px) 100vw, 300px\" \/><\/p>\n<p style=\"text-align: right\">\n<\/div>\n","protected":false},"excerpt":{"rendered":"<p>Bienvenue sur le site du coll\u00e8ge Roquefeuil Bienvenue sur le site du coll\u00e8ge Roquefeuil, Le coll\u00e8ge Roquefeuil a accueilli ses premiers \u00e9l\u00e8ves le Mardi 17 aout 2021, le coll\u00e8ge comptait alors 160 \u00e9l\u00e8ves de 6\u00e8me.. Depuis, chaque ann\u00e9e, nous avons accueilli de nouveaux \u00e9l\u00e8ves et la rentr\u00e9e 2024 a \u00e9t\u00e9 &hellip;<\/p>\n","protected":false},"author":66,"featured_media":0,"parent":70,"menu_order":0,"comment_status":"closed","ping_status":"closed","template":"","meta":{"footnotes":"","_links_to":"","_links_to_target":""},"class_list":["post-23","page","type-page","status-publish","hentry"],"_links":{"self":[{"href":"https:\/\/etab.ac-reunion.fr\/clg-roquefeuil\/wp-json\/wp\/v2\/pages\/23","targetHints":{"allow":["GET"]}}],"collection":[{"href":"https:\/\/etab.ac-reunion.fr\/clg-roquefeuil\/wp-json\/wp\/v2\/pages"}],"about":[{"href":"https:\/\/etab.ac-reunion.fr\/clg-roquefeuil\/wp-json\/wp\/v2\/types\/page"}],"author":[{"embeddable":true,"href":"https:\/\/etab.ac-reunion.fr\/clg-roquefeuil\/wp-json\/wp\/v2\/users\/66"}],"replies":[{"embeddable":true,"href":"https:\/\/etab.ac-reunion.fr\/clg-roquefeuil\/wp-json\/wp\/v2\/comments?post=23"}],"version-history":[{"count":15,"href":"https:\/\/etab.ac-reunion.fr\/clg-roquefeuil\/wp-json\/wp\/v2\/pages\/23\/revisions"}],"predecessor-version":[{"id":3683,"href":"https:\/\/etab.ac-reunion.fr\/clg-roquefeuil\/wp-json\/wp\/v2\/pages\/23\/revisions\/3683"}],"up":[{"embeddable":true,"href":"https:\/\/etab.ac-reunion.fr\/clg-roquefeuil\/wp-json\/wp\/v2\/pages\/70"}],"wp:attachment":[{"href":"https:\/\/etab.ac-reunion.fr\/clg-roquefeuil\/wp-json\/wp\/v2\/media?parent=23"}],"curies":[{"name":"wp","href":"https:\/\/api.w.org\/{rel}","templated":true}]}}