{"id":2583,"date":"2024-08-27T10:21:04","date_gmt":"2024-08-27T08:21:04","guid":{"rendered":"https:\/\/etab.ac-reunion.fr\/clg-roquefeuil\/?page_id=2583"},"modified":"2024-08-27T10:22:37","modified_gmt":"2024-08-27T08:22:37","slug":"gestion-metice-et-pronote","status":"publish","type":"page","link":"https:\/\/etab.ac-reunion.fr\/clg-roquefeuil\/gestion-metice-et-pronote\/","title":{"rendered":"Gestion M\u00e9tice et Pronote."},"content":{"rendered":"\n<h1 class=\"wp-block-heading\"><strong>Cr\u00e9er son compte EDUCONNECT<\/strong><\/h1>\n\n\n\n<p>Pour vous guider :<\/p>\n\n\n\n<p><\/p>\n\n\n\n<p><\/p>\n\n\n\n<h1 class=\"wp-block-heading\"><strong>Se connecter \u00e0 Metice<\/strong><\/h1>\n\n\n\n<p>Se connecter \u00e0 Metice, l&rsquo;Espace Num\u00e9rique de Travail qui permet \u00e0 chaque parent un acc\u00e8s aux informations pour le suivi de la scolarit\u00e9 de son enfant sur <a href='http:\/\/metice.ac-reunion.fr\/' class='big-button bigblue'>METICE<\/a>\n\n\n\n<p><\/p>\n\n\n\n<p>Dans METICE l&rsquo;application PRONOTE contient l&rsquo;ensemble des informations d&#8217;emploi du temps, de travail \u00e0 effectuer &#8230;<\/p>\n\n\n\n<p>Les \u00e9l\u00e8ves disposeront de leur propres acc\u00e8s dans les prochains jours, ils y trouveront des informations identiques et des informations diff\u00e9rentes.<\/p>\n\n\n\n<p>Il est essentiel que les parents utilisent leurs propres codes &#8211; certaines informations sont diffus\u00e9es uniquement aux familles.<\/p>\n\n\n<a href=\"https:\/\/etab.ac-reunion.fr\/clg-roquefeuil\/wp-content\/uploads\/sites\/159\/2024\/08\/tuto-educonnect.pdf\" class=\"pdfemb-viewer\" style=\"\" data-width=\"max\" data-height=\"max\" data-toolbar=\"bottom\" data-toolbar-fixed=\"off\">tuto-educonnect<\/a>\n\n\n<p><\/p>\n\n\n\n<p><\/p>\n\n\n\n<h2 class=\"wp-block-heading has-larger-font-size\"><strong>Pronote sur les portables apr\u00e8s installation de l&rsquo;application<\/strong><\/h2>\n\n\n\n<p>Faire d\u00e9filer les 6 pages avec les fl\u00e8ches en bas<\/p>\n\n\n<a href=\"https:\/\/etab.ac-reunion.fr\/clg-roquefeuil\/wp-content\/uploads\/sites\/159\/2024\/08\/Installer-Pronote-sur-Mobile.pdf\" class=\"pdfemb-viewer\" style=\"\" data-width=\"max\" data-height=\"max\" data-toolbar=\"bottom\" data-toolbar-fixed=\"off\">Installer-Pronote-sur-Mobile<\/a>","protected":false},"excerpt":{"rendered":"<p>Cr\u00e9er son compte EDUCONNECT Pour vous guider : Se connecter \u00e0 Metice Se connecter \u00e0 Metice, l&rsquo;Espace Num\u00e9rique de Travail qui permet \u00e0 chaque parent un acc\u00e8s aux informations pour le suivi de la scolarit\u00e9 de son enfant sur Dans METICE l&rsquo;application PRONOTE contient l&rsquo;ensemble des informations d&#8217;emploi du temps, &hellip;<\/p>\n","protected":false},"author":31335,"featured_media":0,"parent":0,"menu_order":0,"comment_status":"closed","ping_status":"closed","template":"","meta":{"footnotes":"","_links_to":"","_links_to_target":""},"class_list":["post-2583","page","type-page","status-publish","hentry"],"_links":{"self":[{"href":"https:\/\/etab.ac-reunion.fr\/clg-roquefeuil\/wp-json\/wp\/v2\/pages\/2583","targetHints":{"allow":["GET"]}}],"collection":[{"href":"https:\/\/etab.ac-reunion.fr\/clg-roquefeuil\/wp-json\/wp\/v2\/pages"}],"about":[{"href":"https:\/\/etab.ac-reunion.fr\/clg-roquefeuil\/wp-json\/wp\/v2\/types\/page"}],"author":[{"embeddable":true,"href":"https:\/\/etab.ac-reunion.fr\/clg-roquefeuil\/wp-json\/wp\/v2\/users\/31335"}],"replies":[{"embeddable":true,"href":"https:\/\/etab.ac-reunion.fr\/clg-roquefeuil\/wp-json\/wp\/v2\/comments?post=2583"}],"version-history":[{"count":2,"href":"https:\/\/etab.ac-reunion.fr\/clg-roquefeuil\/wp-json\/wp\/v2\/pages\/2583\/revisions"}],"predecessor-version":[{"id":2585,"href":"https:\/\/etab.ac-reunion.fr\/clg-roquefeuil\/wp-json\/wp\/v2\/pages\/2583\/revisions\/2585"}],"wp:attachment":[{"href":"https:\/\/etab.ac-reunion.fr\/clg-roquefeuil\/wp-json\/wp\/v2\/media?parent=2583"}],"curies":[{"name":"wp","href":"https:\/\/api.w.org\/{rel}","templated":true}]}}