{"id":3756,"date":"2026-02-16T10:48:55","date_gmt":"2026-02-16T09:48:55","guid":{"rendered":"https:\/\/etab.ac-reunion.fr\/clg-roquefeuil\/?page_id=3756"},"modified":"2026-02-16T10:48:55","modified_gmt":"2026-02-16T09:48:55","slug":"journees-portes-ouvertes-arts-appliques-lycee-ambroise","status":"publish","type":"page","link":"https:\/\/etab.ac-reunion.fr\/clg-roquefeuil\/journees-portes-ouvertes-arts-appliques-lycee-ambroise\/","title":{"rendered":"JOURNEES PORTES OUVERTES \u00a0\u00bb ARTS APPLIQUES\u00a0\u00bb.  Lyc\u00e9e AMBROISE"},"content":{"rendered":"<a href=\"https:\/\/etab.ac-reunion.fr\/clg-roquefeuil\/wp-content\/uploads\/sites\/159\/2026\/02\/JPO-AFFICHE-TOUTES-SECTIONS-2026.pdf\" class=\"pdfemb-viewer\" style=\"\" data-width=\"max\" data-height=\"max\" data-toolbar=\"bottom\" data-toolbar-fixed=\"off\">JPO-AFFICHE-TOUTES-SECTIONS-2026<\/a>\n\n\n<p><\/p>\n\n\n\n<p>   <\/p>\n\n\n\n<p> <\/p>\n\n\n\n<p><\/p>\n\n\n\n<p><\/p>\n\n\n\n<p>Comme chaque ann\u00e9e, nous avons le plaisir de vous inviter \u00e0 nos JOURNEES PORTES OUVERTE \u00a0\u00bb ARTS APPLIQUES\u00a0\u00bb.<\/p>\n\n\n\n<p>Nos \u00e9l\u00e8ves et \u00e9tudiants ainsi que nos \u00e9quipes p\u00e9dagogiques auront le plaisir de vous pr\u00e9senter le contenu des formations et des travaux r\u00e9alis\u00e9s.<\/p>\n\n\n\n<p>Nos formations au Lyc\u00e9e AMBROISE :<\/p>\n\n\n\n<p>&#8211; Option CCD : Cr\u00e9ation et Culture Design en 2 GT<\/p>\n\n\n\n<p>&#8211; fili\u00e8re technologique STD2A : SCIENCES ET TECHNOLOGIES DU DESIGN et DES ARTS APPLIQUES<\/p>\n\n\n\n<p>&#8211; POST BAC GRADE LICENCE<\/p>\n\n\n\n<p>DN MADE GRAPHISME : COMMUNICATION CULTURELLE, INSTITUTIONNELLE ET DE MARQUES<\/p>\n\n\n\n<p>DN MODE : CREATION MODE, TEXTILE ET IMAGE<\/p>\n\n\n\n<p>27 FEVRIER : 9H \u00e0 16H<\/p>\n\n\n\n<p>28 FEVRIER : 9H \u00e0 12H<\/p>\n\n\n\n<p>Vous trouverez aussi pendant notre JPO dans nos murs les formations suivantes :<\/p>\n\n\n\n<p>&#8211;&nbsp;CAP&nbsp;Art et techniques de la bijouterie-joaillerie \u2013 Option bijouterie-joaillerie (Lyc\u00e9e LEPERVANCHE &#8211; LE PORT )<\/p>\n\n\n\n<p>&#8211; BMA Eb\u00e9nisterie (Lyc\u00e9e ROCHES MAIGRES &#8211; SAINT LOUIS)<\/p>\n\n\n\n<p>&#8211; la section Merchandising Visuel (Lyc\u00e9e FRANCOIS DE MAHY &#8211; SAINT PIERRE)<\/p>\n","protected":false},"excerpt":{"rendered":"<p>Comme chaque ann\u00e9e, nous avons le plaisir de vous inviter \u00e0 nos JOURNEES PORTES OUVERTE \u00a0\u00bb ARTS APPLIQUES\u00a0\u00bb. Nos \u00e9l\u00e8ves et \u00e9tudiants ainsi que nos \u00e9quipes p\u00e9dagogiques auront le plaisir de vous pr\u00e9senter le contenu des formations et des travaux r\u00e9alis\u00e9s. Nos formations au Lyc\u00e9e AMBROISE : &#8211; Option CCD &hellip;<\/p>\n","protected":false},"author":31335,"featured_media":3763,"parent":0,"menu_order":0,"comment_status":"closed","ping_status":"closed","template":"","meta":{"footnotes":"","_links_to":"","_links_to_target":""},"class_list":["post-3756","page","type-page","status-publish","has-post-thumbnail","hentry"],"_links":{"self":[{"href":"https:\/\/etab.ac-reunion.fr\/clg-roquefeuil\/wp-json\/wp\/v2\/pages\/3756","targetHints":{"allow":["GET"]}}],"collection":[{"href":"https:\/\/etab.ac-reunion.fr\/clg-roquefeuil\/wp-json\/wp\/v2\/pages"}],"about":[{"href":"https:\/\/etab.ac-reunion.fr\/clg-roquefeuil\/wp-json\/wp\/v2\/types\/page"}],"author":[{"embeddable":true,"href":"https:\/\/etab.ac-reunion.fr\/clg-roquefeuil\/wp-json\/wp\/v2\/users\/31335"}],"replies":[{"embeddable":true,"href":"https:\/\/etab.ac-reunion.fr\/clg-roquefeuil\/wp-json\/wp\/v2\/comments?post=3756"}],"version-history":[{"count":5,"href":"https:\/\/etab.ac-reunion.fr\/clg-roquefeuil\/wp-json\/wp\/v2\/pages\/3756\/revisions"}],"predecessor-version":[{"id":3764,"href":"https:\/\/etab.ac-reunion.fr\/clg-roquefeuil\/wp-json\/wp\/v2\/pages\/3756\/revisions\/3764"}],"wp:featuredmedia":[{"embeddable":true,"href":"https:\/\/etab.ac-reunion.fr\/clg-roquefeuil\/wp-json\/wp\/v2\/media\/3763"}],"wp:attachment":[{"href":"https:\/\/etab.ac-reunion.fr\/clg-roquefeuil\/wp-json\/wp\/v2\/media?parent=3756"}],"curies":[{"name":"wp","href":"https:\/\/api.w.org\/{rel}","templated":true}]}}