{"id":38,"date":"2021-05-19T07:55:39","date_gmt":"2021-05-19T05:55:39","guid":{"rendered":"http:\/\/college-roquefeuil.ac-reunion.fr\/?page_id=38"},"modified":"2023-06-08T10:41:49","modified_gmt":"2023-06-08T08:41:49","slug":"informations-parents","status":"publish","type":"page","link":"https:\/\/etab.ac-reunion.fr\/clg-roquefeuil\/informations-parents\/","title":{"rendered":"Informations administratives"},"content":{"rendered":"<h1><strong>Faire une demande de bourses<\/strong><\/h1>\n<p>Vous pouvez faire une demande de bourse pour votre enfant, toutes les d\u00e9marches se font en ligne, mais, si vous rencontrez des difficult\u00e9s, vous pouvez venir au coll\u00e8ge un personnel vous guidera dans la d\u00e9marche.<\/p>\n<h3><a href=\"https:\/\/etab.ac-reunion.fr\/clg-roquefeuil\/wp-content\/uploads\/sites\/159\/2021\/09\/1_bourses-flyerAnnexe-1.pdf\" target=\"_blank\" rel=\"noopener\">Comment demander une bourse de coll\u00e8ge ? <\/a><\/h3>\n<h3><a href=\"https:\/\/etab.ac-reunion.fr\/clg-roquefeuil\/wp-content\/uploads\/sites\/159\/2021\/09\/2_bourses-flyerAnnexe-1.pdf\" target=\"_blank\" rel=\"noopener\">Se connecter avec EDUCONNECT<\/a><\/h3>\n<h3><a href=\"https:\/\/calculateur-bourses.education.gouv.fr\/cabs\/api\/v1\/college\/simulateur.html\">Faire une simulation&nbsp;<\/a><\/h3>\n<h1>&nbsp;<\/h1>\n<h1>&nbsp;<\/h1>\n<h1><strong style=\"font-size: revert\">Horaires d&rsquo;ouverture et de fermeture du portail&nbsp;<\/strong><\/h1>\n<div class=\"entry-content\">\n<a href='https:\/\/etab.ac-reunion.fr\/clg-roquefeuil\/wp-content\/uploads\/sites\/159\/2021\/08\/Ouverture-fermeture-du-portail-du-college.pdf' class='big-button bigorange'>Ouverture\/fermeture du portail du coll\u00e8ge<\/a>\n<\/div>\n<h3>&nbsp;<\/h3>\n<h1>&nbsp;<\/h1>\n<h1>&nbsp;<\/h1>\n<h1><strong style=\"font-size: revert\">&nbsp;<\/strong><\/h1>\n<div class=\"entry-content\"><\/div>\n","protected":false},"excerpt":{"rendered":"<p>Faire une demande de bourses Vous pouvez faire une demande de bourse pour votre enfant, toutes les d\u00e9marches se font en ligne, mais, si vous rencontrez des difficult\u00e9s, vous pouvez venir au coll\u00e8ge un personnel vous guidera dans la d\u00e9marche. Comment demander une bourse de coll\u00e8ge ? Se connecter avec &hellip;<\/p>\n","protected":false},"author":14952,"featured_media":0,"parent":0,"menu_order":0,"comment_status":"closed","ping_status":"closed","template":"","meta":{"footnotes":"","_links_to":"","_links_to_target":""},"class_list":["post-38","page","type-page","status-publish","hentry"],"_links":{"self":[{"href":"https:\/\/etab.ac-reunion.fr\/clg-roquefeuil\/wp-json\/wp\/v2\/pages\/38","targetHints":{"allow":["GET"]}}],"collection":[{"href":"https:\/\/etab.ac-reunion.fr\/clg-roquefeuil\/wp-json\/wp\/v2\/pages"}],"about":[{"href":"https:\/\/etab.ac-reunion.fr\/clg-roquefeuil\/wp-json\/wp\/v2\/types\/page"}],"author":[{"embeddable":true,"href":"https:\/\/etab.ac-reunion.fr\/clg-roquefeuil\/wp-json\/wp\/v2\/users\/14952"}],"replies":[{"embeddable":true,"href":"https:\/\/etab.ac-reunion.fr\/clg-roquefeuil\/wp-json\/wp\/v2\/comments?post=38"}],"version-history":[{"count":34,"href":"https:\/\/etab.ac-reunion.fr\/clg-roquefeuil\/wp-json\/wp\/v2\/pages\/38\/revisions"}],"predecessor-version":[{"id":1216,"href":"https:\/\/etab.ac-reunion.fr\/clg-roquefeuil\/wp-json\/wp\/v2\/pages\/38\/revisions\/1216"}],"wp:attachment":[{"href":"https:\/\/etab.ac-reunion.fr\/clg-roquefeuil\/wp-json\/wp\/v2\/media?parent=38"}],"curies":[{"name":"wp","href":"https:\/\/api.w.org\/{rel}","templated":true}]}}