{"id":1027,"date":"2021-05-18T06:47:45","date_gmt":"2021-05-18T04:47:45","guid":{"rendered":"http:\/\/college-sainte-genevieve.ac-reunion.fr\/?page_id=1027"},"modified":"2025-07-02T12:33:48","modified_gmt":"2025-07-02T08:33:48","slug":"rentree-2021","status":"publish","type":"page","link":"https:\/\/etab.ac-reunion.fr\/clg-sainte-genevieve\/rentree-2021\/","title":{"rendered":"Fournitures scolaires"},"content":{"rendered":"[et_pb_section fb_built=\u00a0\u00bb1&Prime; _builder_version=\u00a0\u00bb4.17.4&Prime; _module_preset=\u00a0\u00bbdefault\u00a0\u00bb da_disable_devices=\u00a0\u00bboff|off|off\u00a0\u00bb global_colors_info=\u00a0\u00bb{}\u00a0\u00bb da_is_popup=\u00a0\u00bboff\u00a0\u00bb da_exit_intent=\u00a0\u00bboff\u00a0\u00bb da_has_close=\u00a0\u00bbon\u00a0\u00bb da_alt_close=\u00a0\u00bboff\u00a0\u00bb da_dark_close=\u00a0\u00bboff\u00a0\u00bb da_not_modal=\u00a0\u00bbon\u00a0\u00bb da_is_singular=\u00a0\u00bboff\u00a0\u00bb da_with_loader=\u00a0\u00bboff\u00a0\u00bb da_has_shadow=\u00a0\u00bbon\u00a0\u00bb][et_pb_row _builder_version=\u00a0\u00bb4.19.0&Prime; _module_preset=\u00a0\u00bbdefault\u00a0\u00bb global_colors_info=\u00a0\u00bb{}\u00a0\u00bb][et_pb_column type=\u00a0\u00bb4_4&Prime; _builder_version=\u00a0\u00bb4.19.0&Prime; _module_preset=\u00a0\u00bbdefault\u00a0\u00bb global_colors_info=\u00a0\u00bb{}\u00a0\u00bb][et_pb_blurb title=\u00a0\u00bbListes des fournitures scolaires pour la rentr\u00e9e 2025\/2026&Prime; image=\u00a0\u00bbhttps:\/\/etab.ac-reunion.fr\/clg-sainte-genevieve\/wp-content\/uploads\/sites\/156\/2022\/07\/fourniture.jpg\u00a0\u00bb image_icon_width=\u00a0\u00bb43%\u00a0\u00bb content_max_width=\u00a0\u00bb1100px\u00a0\u00bb _builder_version=\u00a0\u00bb4.27.4&Prime; _module_preset=\u00a0\u00bbdefault\u00a0\u00bb header_text_align=\u00a0\u00bbcenter\u00a0\u00bb header_text_color=\u00a0\u00bb#0c39ce\u00a0\u00bb header_line_height=\u00a0\u00bb1.1em\u00a0\u00bb module_alignment=\u00a0\u00bbleft\u00a0\u00bb hover_enabled=\u00a0\u00bb0&Prime; global_colors_info=\u00a0\u00bb{}\u00a0\u00bb sticky_enabled=\u00a0\u00bb0&Prime;]\n<p style=\"text-align: center\">Le bon r\u00e9flexe \u00ab Anti Gaspi \u00bb : \u00ab Tout cahier commenc\u00e9 et non termin\u00e9 peut \u00eatre repris avant d\u2019en d\u00e9buter un nouveau.\u00a0\u00bb<\/p>\n[\/et_pb_blurb][\/et_pb_column][\/et_pb_row][et_pb_row column_structure=\u00a0\u00bb1_4,1_4,1_4,1_4&Prime; _builder_version=\u00a0\u00bb4.21.0&Prime; _module_preset=\u00a0\u00bbdefault\u00a0\u00bb global_colors_info=\u00a0\u00bb{}\u00a0\u00bb][et_pb_column type=\u00a0\u00bb1_4&Prime; _builder_version=\u00a0\u00bb4.19.0&Prime; _module_preset=\u00a0\u00bbdefault\u00a0\u00bb global_colors_info=\u00a0\u00bb{}\u00a0\u00bb][et_pb_button button_url=\u00a0\u00bbhttps:\/\/etab.ac-reunion.fr\/clg-sainte-genevieve\/wp-content\/uploads\/sites\/156\/2025\/07\/FOURNITURES-SCOLAIRES-6e-ANNEE-2025-2026.pdf\u00a0\u00bb button_text=\u00a0\u00bbListe pour les 6\u00e8mes\u00a0\u00bb _builder_version=\u00a0\u00bb4.27.4&Prime; _module_preset=\u00a0\u00bbdefault\u00a0\u00bb custom_button=\u00a0\u00bbon\u00a0\u00bb button_text_size=\u00a0\u00bb16px\u00a0\u00bb button_text_color=\u00a0\u00bb#0d30e0&Prime; global_colors_info=\u00a0\u00bb{}\u00a0\u00bb][\/et_pb_button][\/et_pb_column][et_pb_column type=\u00a0\u00bb1_4&Prime; _builder_version=\u00a0\u00bb4.19.0&Prime; _module_preset=\u00a0\u00bbdefault\u00a0\u00bb global_colors_info=\u00a0\u00bb{}\u00a0\u00bb][et_pb_button button_url=\u00a0\u00bbhttps:\/\/etab.ac-reunion.fr\/clg-sainte-genevieve\/wp-content\/uploads\/sites\/156\/2025\/07\/FOURNITURES-SCOLAIRES-5e-Annee-2025-2026.pdf\u00a0\u00bb button_text=\u00a0\u00bbListe pour les 5\u00e8mes\u00a0\u00bb _builder_version=\u00a0\u00bb4.27.4&Prime; _module_preset=\u00a0\u00bbdefault\u00a0\u00bb custom_button=\u00a0\u00bbon\u00a0\u00bb button_text_size=\u00a0\u00bb16px\u00a0\u00bb button_text_color=\u00a0\u00bb#0d30e0&Prime; global_colors_info=\u00a0\u00bb{}\u00a0\u00bb][\/et_pb_button][\/et_pb_column][et_pb_column type=\u00a0\u00bb1_4&Prime; _builder_version=\u00a0\u00bb4.19.0&Prime; _module_preset=\u00a0\u00bbdefault\u00a0\u00bb global_colors_info=\u00a0\u00bb{}\u00a0\u00bb][et_pb_button button_url=\u00a0\u00bbhttps:\/\/etab.ac-reunion.fr\/clg-sainte-genevieve\/wp-content\/uploads\/sites\/156\/2025\/07\/FOURNITURES-SCOLAIRES-4e-Annee-scolaire-2025-2026.pdf\u00a0\u00bb button_text=\u00a0\u00bbListe pour les 4\u00e8mes\u00a0\u00bb _builder_version=\u00a0\u00bb4.27.4&Prime; _module_preset=\u00a0\u00bbdefault\u00a0\u00bb custom_button=\u00a0\u00bbon\u00a0\u00bb button_text_size=\u00a0\u00bb16px\u00a0\u00bb button_text_color=\u00a0\u00bb#0d30e0&Prime; global_colors_info=\u00a0\u00bb{}\u00a0\u00bb][\/et_pb_button][\/et_pb_column][et_pb_column type=\u00a0\u00bb1_4&Prime; _builder_version=\u00a0\u00bb4.19.0&Prime; _module_preset=\u00a0\u00bbdefault\u00a0\u00bb global_colors_info=\u00a0\u00bb{}\u00a0\u00bb][et_pb_button button_url=\u00a0\u00bbhttps:\/\/etab.ac-reunion.fr\/clg-sainte-genevieve\/wp-content\/uploads\/sites\/156\/2025\/07\/FOURNITURES-SCOLAIRES-3e-Annee-scolaire-2025-2026.pdf\u00a0\u00bb button_text=\u00a0\u00bbListe pour les 3\u00e8mes\u00a0\u00bb _builder_version=\u00a0\u00bb4.27.4&Prime; _module_preset=\u00a0\u00bbdefault\u00a0\u00bb custom_button=\u00a0\u00bbon\u00a0\u00bb button_text_size=\u00a0\u00bb16px\u00a0\u00bb button_text_color=\u00a0\u00bb#0d30e0&Prime; global_colors_info=\u00a0\u00bb{}\u00a0\u00bb][\/et_pb_button][\/et_pb_column][\/et_pb_row][\/et_pb_section]\n<!-- AddThis Advanced Settings generic via filter on the_content --><!-- AddThis Share Buttons generic via filter on the_content -->","protected":false},"excerpt":{"rendered":"<p><!-- AddThis Advanced Settings generic via filter on the_excerpt --><!-- AddThis Share Buttons generic via filter on the_excerpt --><\/p>\n","protected":false},"author":21466,"featured_media":0,"parent":0,"menu_order":0,"comment_status":"closed","ping_status":"closed","template":"","meta":{"_et_pb_use_builder":"on","_et_pb_old_content":"","_et_gb_content_width":"","footnotes":"","_links_to":"","_links_to_target":""},"class_list":["post-1027","page","type-page","status-publish","hentry"],"_links":{"self":[{"href":"https:\/\/etab.ac-reunion.fr\/clg-sainte-genevieve\/wp-json\/wp\/v2\/pages\/1027","targetHints":{"allow":["GET"]}}],"collection":[{"href":"https:\/\/etab.ac-reunion.fr\/clg-sainte-genevieve\/wp-json\/wp\/v2\/pages"}],"about":[{"href":"https:\/\/etab.ac-reunion.fr\/clg-sainte-genevieve\/wp-json\/wp\/v2\/types\/page"}],"author":[{"embeddable":true,"href":"https:\/\/etab.ac-reunion.fr\/clg-sainte-genevieve\/wp-json\/wp\/v2\/users\/21466"}],"replies":[{"embeddable":true,"href":"https:\/\/etab.ac-reunion.fr\/clg-sainte-genevieve\/wp-json\/wp\/v2\/comments?post=1027"}],"version-history":[{"count":56,"href":"https:\/\/etab.ac-reunion.fr\/clg-sainte-genevieve\/wp-json\/wp\/v2\/pages\/1027\/revisions"}],"predecessor-version":[{"id":8896,"href":"https:\/\/etab.ac-reunion.fr\/clg-sainte-genevieve\/wp-json\/wp\/v2\/pages\/1027\/revisions\/8896"}],"wp:attachment":[{"href":"https:\/\/etab.ac-reunion.fr\/clg-sainte-genevieve\/wp-json\/wp\/v2\/media?parent=1027"}],"curies":[{"name":"wp","href":"https:\/\/api.w.org\/{rel}","templated":true}]}}