{"id":1867,"date":"2021-11-08T10:35:09","date_gmt":"2021-11-08T09:35:09","guid":{"rendered":"http:\/\/college-sainte-genevieve.ac-reunion.fr\/?page_id=1867"},"modified":"2021-11-08T14:32:54","modified_gmt":"2021-11-08T13:32:54","slug":"etre-eleve-delegue","status":"publish","type":"page","link":"https:\/\/etab.ac-reunion.fr\/clg-sainte-genevieve\/etre-eleve-delegue\/","title":{"rendered":"\u00catre \u00e9l\u00e8ve d\u00e9l\u00e9gu\u00e9"},"content":{"rendered":"[et_pb_section fb_built=\u00a0\u00bb1&Prime; theme_builder_area=\u00a0\u00bbpost_content\u00a0\u00bb _builder_version=\u00a0\u00bb4.13.0&Prime; _module_preset=\u00a0\u00bbdefault\u00a0\u00bb][et_pb_row _builder_version=\u00a0\u00bb4.13.0&Prime; _module_preset=\u00a0\u00bbdefault\u00a0\u00bb theme_builder_area=\u00a0\u00bbpost_content\u00a0\u00bb custom_margin=\u00a0\u00bb-47px|auto||auto||\u00a0\u00bb custom_padding=\u00a0\u00bb0px|||||\u00a0\u00bb][et_pb_column _builder_version=\u00a0\u00bb4.13.0&Prime; _module_preset=\u00a0\u00bbdefault\u00a0\u00bb type=\u00a0\u00bb4_4&Prime; theme_builder_area=\u00a0\u00bbpost_content\u00a0\u00bb][et_pb_image src=\u00a0\u00bbhttps:\/\/etab.ac-reunion.fr\/clg-sainte-genevieve\/wp-content\/uploads\/sites\/156\/2021\/11\/Site-Etre-eleve-delegue.jpg\u00a0\u00bb _builder_version=\u00a0\u00bb4.13.0&Prime; _module_preset=\u00a0\u00bbdefault\u00a0\u00bb theme_builder_area=\u00a0\u00bbpost_content\u00a0\u00bb title_text=\u00a0\u00bbSite Etre \u00e9l\u00e8ve d\u00e9l\u00e9gu\u00e9\u00a0\u00bb hover_enabled=\u00a0\u00bb0&Prime; sticky_enabled=\u00a0\u00bb0&Prime; custom_padding=\u00a0\u00bb0px||0px|||\u00a0\u00bb custom_margin=\u00a0\u00bb||-133px|||\u00a0\u00bb min_height=\u00a0\u00bb1275.8px\u00a0\u00bb][\/et_pb_image][et_pb_button button_text=\u00a0\u00bbPr\u00e9paration conseil de classe\u00a0\u00bb _builder_version=\u00a0\u00bb4.13.0&Prime; _module_preset=\u00a0\u00bbdefault\u00a0\u00bb theme_builder_area=\u00a0\u00bbpost_content\u00a0\u00bb button_alignment=\u00a0\u00bbcenter\u00a0\u00bb custom_button=\u00a0\u00bbon\u00a0\u00bb button_text_color=\u00a0\u00bb#000000&Prime; button_border_width=\u00a0\u00bb6px\u00a0\u00bb button_bg_color=\u00a0\u00bb#FFFFFF\u00a0\u00bb button_bg_enable_color=\u00a0\u00bbon\u00a0\u00bb button_border_color=\u00a0\u00bb#E09900&Prime; button_border_radius=\u00a0\u00bb17px\u00a0\u00bb button_letter_spacing=\u00a0\u00bb1px\u00a0\u00bb button_font=\u00a0\u00bbAdvent Pro||on|on|||||\u00a0\u00bb box_shadow_style=\u00a0\u00bbpreset6&Prime; filter_hue_rotate=\u00a0\u00bb99deg\u00a0\u00bb filter_saturate=\u00a0\u00bb88%\u00a0\u00bb filter_brightness=\u00a0\u00bb127%\u00a0\u00bb hover_enabled=\u00a0\u00bb0&Prime; sticky_enabled=\u00a0\u00bb0&Prime; button_url=\u00a0\u00bbhttps:\/\/etab.ac-reunion.fr\/clg-sainte-genevieve\/wp-content\/uploads\/sites\/156\/2021\/11\/Preparation-conseil-de-classe-VF-1.pdf\u00a0\u00bb][\/et_pb_button][\/et_pb_column][\/et_pb_row][\/et_pb_section]\n<!-- AddThis Advanced Settings generic via filter on the_content --><!-- AddThis Share Buttons generic via filter on the_content -->","protected":false},"excerpt":{"rendered":"<p><!-- AddThis Advanced Settings generic via filter on the_excerpt --><!-- AddThis Share Buttons generic via filter on the_excerpt --><\/p>\n","protected":false},"author":21466,"featured_media":0,"parent":0,"menu_order":0,"comment_status":"closed","ping_status":"closed","template":"","meta":{"_et_pb_use_builder":"on","_et_pb_old_content":"","_et_gb_content_width":"","footnotes":"","_links_to":"","_links_to_target":""},"class_list":["post-1867","page","type-page","status-publish","hentry"],"_links":{"self":[{"href":"https:\/\/etab.ac-reunion.fr\/clg-sainte-genevieve\/wp-json\/wp\/v2\/pages\/1867","targetHints":{"allow":["GET"]}}],"collection":[{"href":"https:\/\/etab.ac-reunion.fr\/clg-sainte-genevieve\/wp-json\/wp\/v2\/pages"}],"about":[{"href":"https:\/\/etab.ac-reunion.fr\/clg-sainte-genevieve\/wp-json\/wp\/v2\/types\/page"}],"author":[{"embeddable":true,"href":"https:\/\/etab.ac-reunion.fr\/clg-sainte-genevieve\/wp-json\/wp\/v2\/users\/21466"}],"replies":[{"embeddable":true,"href":"https:\/\/etab.ac-reunion.fr\/clg-sainte-genevieve\/wp-json\/wp\/v2\/comments?post=1867"}],"version-history":[{"count":4,"href":"https:\/\/etab.ac-reunion.fr\/clg-sainte-genevieve\/wp-json\/wp\/v2\/pages\/1867\/revisions"}],"predecessor-version":[{"id":1878,"href":"https:\/\/etab.ac-reunion.fr\/clg-sainte-genevieve\/wp-json\/wp\/v2\/pages\/1867\/revisions\/1878"}],"wp:attachment":[{"href":"https:\/\/etab.ac-reunion.fr\/clg-sainte-genevieve\/wp-json\/wp\/v2\/media?parent=1867"}],"curies":[{"name":"wp","href":"https:\/\/api.w.org\/{rel}","templated":true}]}}