{"id":382,"date":"2019-03-04T06:34:08","date_gmt":"2019-03-04T05:34:08","guid":{"rendered":"http:\/\/college-sainte-genevieve.ac-reunion.fr\/?page_id=382"},"modified":"2021-12-14T08:32:33","modified_gmt":"2021-12-14T07:32:33","slug":"contact","status":"publish","type":"page","link":"https:\/\/etab.ac-reunion.fr\/clg-sainte-genevieve\/contact\/","title":{"rendered":"Contacts"},"content":{"rendered":"[et_pb_section fb_built=\u00a0\u00bb1&Prime; _builder_version=\u00a0\u00bb4.8.2&Prime; _module_preset=\u00a0\u00bbdefault\u00a0\u00bb animation_style=\u00a0\u00bbbounce\u00a0\u00bb global_colors_info=\u00a0\u00bb{}\u00a0\u00bb][et_pb_row _builder_version=\u00a0\u00bb4.8.2&Prime; _module_preset=\u00a0\u00bbdefault\u00a0\u00bb min_height=\u00a0\u00bb266px\u00a0\u00bb custom_padding=\u00a0\u00bb4px||4px|||\u00a0\u00bb global_colors_info=\u00a0\u00bb{}\u00a0\u00bb][et_pb_column type=\u00a0\u00bb4_4&Prime; _builder_version=\u00a0\u00bb4.8.2&Prime; _module_preset=\u00a0\u00bbdefault\u00a0\u00bb global_colors_info=\u00a0\u00bb{}\u00a0\u00bb][et_pb_text _builder_version=\u00a0\u00bb4.14.2&Prime; _module_preset=\u00a0\u00bbdefault\u00a0\u00bb text_text_color=\u00a0\u00bb#0C71C3&Prime; text_font_size=\u00a0\u00bb28px\u00a0\u00bb custom_padding=\u00a0\u00bb0px|||||\u00a0\u00bb hover_enabled=\u00a0\u00bb0&Prime; global_colors_info=\u00a0\u00bb{}\u00a0\u00bb content_last_edited=\u00a0\u00bbon|phone\u00a0\u00bb sticky_enabled=\u00a0\u00bb0&Prime; text_font_size_last_edited=\u00a0\u00bbon|phone\u00a0\u00bb text_font_size_phone=\u00a0\u00bb16px\u00a0\u00bb content_phone=\u00a0\u00bb<\/p>\n<p><strong><span>Pour nous contacter, c&rsquo;est simple !<\/span><\/strong><\/p>\n<p>\u00a0 \u00a0 \u00a0 \u00a0 \u00a0 \u00a0 \u00a0 \u00a0 \u00a0 \u00a0 TELEPHONE : 0262469800<\/p>\n<p>Email: <a href=\"ce.9740076p@ac-reunion.fr%22\">ce.9740076p@ac-reunion.fr<\/a><\/p>\n<p>Adresse : 81 rue hyppolite foucque<\/p>\n<p>97440 Saint-Andr\u00e9<\/p>\n<p>\u00a0\u00bb content_tablet=\u00a0\u00bb<\/p>\n<p><strong><span>Pour nous contacter, c&rsquo;est simple !<\/span><\/strong><\/p>\n<p>TELEPHONE : 0262469800<\/p>\n<p>Email: <a href=\"ce.9740076p@ac-reunion.fr%22\">ce.9740076p@ac-reunion.fr<\/a><\/p>\n<p>Adresse : 81 rue hyppolite foucque<\/p>\n<p>97440 Saint-Andr\u00e9<\/p>\n<p>&nbsp;<\/p>\n<p>\u00a0\u00bb text_font_size_tablet=\u00a0\u00bb28px\u00a0\u00bb]\n<p style=\"text-align: center\"><strong><span style=\"text-decoration: underline\">Pour nous contacter, c&rsquo;est simple !<\/span><\/strong><\/p>\n<p style=\"text-align: center\">TELEPHONE : 0262469800<\/p>\n<p style=\"text-align: center\">Email: <a href=\"mailto:ce.9740076p@ac-reunion.fr\">ce.9740076p@ac-reunion.fr<\/a><\/p>\n<p style=\"text-align: center\">Adresse : 81 rue hyppolite foucque<\/p>\n<p style=\"text-align: center\">97440 Saint-Andr\u00e9<\/p>\n<p>&nbsp;<\/p>\n[\/et_pb_text][\/et_pb_column][\/et_pb_row][et_pb_row _builder_version=\u00a0\u00bb4.8.2&Prime; _module_preset=\u00a0\u00bbdefault\u00a0\u00bb min_height=\u00a0\u00bb806px\u00a0\u00bb custom_margin=\u00a0\u00bb11px|auto||auto||\u00a0\u00bb global_colors_info=\u00a0\u00bb{}\u00a0\u00bb][et_pb_column type=\u00a0\u00bb4_4&Prime; _builder_version=\u00a0\u00bb4.8.2&Prime; _module_preset=\u00a0\u00bbdefault\u00a0\u00bb global_colors_info=\u00a0\u00bb{}\u00a0\u00bb][et_pb_image src=\u00a0\u00bbhttps:\/\/etab.ac-reunion.fr\/clg-sainte-genevieve\/wp-content\/uploads\/sites\/156\/2021\/02\/position-college-sainte-genevieve.png\u00a0\u00bb alt=\u00a0\u00bbposition coll\u00e8ge sainte-genevi\u00e8ve , map coll\u00e8ge sainte-genevi\u00e8ve\u00a0\u00bb title_text=\u00a0\u00bbposition coll\u00e8ge sainte-genevi\u00e8ve\u00a0\u00bb _builder_version=\u00a0\u00bb4.14.2&Prime; _module_preset=\u00a0\u00bbdefault\u00a0\u00bb min_height=\u00a0\u00bb600px\u00a0\u00bb custom_padding=\u00a0\u00bb||0px|||\u00a0\u00bb hover_enabled=\u00a0\u00bb0&Prime; global_colors_info=\u00a0\u00bb{}\u00a0\u00bb sticky_enabled=\u00a0\u00bb0&Prime; disabled_on=\u00a0\u00bbon|off|off\u00a0\u00bb src_last_edited=\u00a0\u00bbon|phone\u00a0\u00bb src_phone=\u00a0\u00bb\u00a0\u00bb src_tablet=\u00a0\u00bbhttps:\/\/etab.ac-reunion.fr\/clg-sainte-genevieve\/wp-content\/uploads\/sites\/156\/2021\/02\/position-college-sainte-genevieve.png\u00a0\u00bb][\/et_pb_image][\/et_pb_column][\/et_pb_row][\/et_pb_section]\n<!-- AddThis Advanced Settings generic via filter on the_content --><!-- AddThis Share Buttons generic via filter on the_content -->","protected":false},"excerpt":{"rendered":"<p><!-- AddThis Advanced Settings generic via filter on the_excerpt --><!-- AddThis Share Buttons generic via filter on the_excerpt --><\/p>\n","protected":false},"author":2849,"featured_media":0,"parent":0,"menu_order":0,"comment_status":"closed","ping_status":"closed","template":"","meta":{"_et_pb_use_builder":"on","_et_pb_old_content":"","_et_gb_content_width":"","footnotes":"","_links_to":"","_links_to_target":""},"class_list":["post-382","page","type-page","status-publish","hentry"],"_links":{"self":[{"href":"https:\/\/etab.ac-reunion.fr\/clg-sainte-genevieve\/wp-json\/wp\/v2\/pages\/382","targetHints":{"allow":["GET"]}}],"collection":[{"href":"https:\/\/etab.ac-reunion.fr\/clg-sainte-genevieve\/wp-json\/wp\/v2\/pages"}],"about":[{"href":"https:\/\/etab.ac-reunion.fr\/clg-sainte-genevieve\/wp-json\/wp\/v2\/types\/page"}],"author":[{"embeddable":true,"href":"https:\/\/etab.ac-reunion.fr\/clg-sainte-genevieve\/wp-json\/wp\/v2\/users\/2849"}],"replies":[{"embeddable":true,"href":"https:\/\/etab.ac-reunion.fr\/clg-sainte-genevieve\/wp-json\/wp\/v2\/comments?post=382"}],"version-history":[{"count":16,"href":"https:\/\/etab.ac-reunion.fr\/clg-sainte-genevieve\/wp-json\/wp\/v2\/pages\/382\/revisions"}],"predecessor-version":[{"id":2320,"href":"https:\/\/etab.ac-reunion.fr\/clg-sainte-genevieve\/wp-json\/wp\/v2\/pages\/382\/revisions\/2320"}],"wp:attachment":[{"href":"https:\/\/etab.ac-reunion.fr\/clg-sainte-genevieve\/wp-json\/wp\/v2\/media?parent=382"}],"curies":[{"name":"wp","href":"https:\/\/api.w.org\/{rel}","templated":true}]}}