{"id":5776,"date":"2023-02-07T07:14:41","date_gmt":"2023-02-07T06:14:41","guid":{"rendered":"https:\/\/etab.ac-reunion.fr\/clg-sainte-genevieve\/?page_id=5776"},"modified":"2023-03-08T08:25:11","modified_gmt":"2023-03-08T07:25:11","slug":"mentions-legales","status":"publish","type":"page","link":"https:\/\/etab.ac-reunion.fr\/clg-sainte-genevieve\/mentions-legales\/","title":{"rendered":"Mentions l\u00e9gales"},"content":{"rendered":"<p>I\/ \u00c9diteur :<\/p>\n<p>Acad\u00e9mie de La R\u00e9union<br \/>\nService Communication<br \/>\n24, Avenue Georges Brassens \u2013 97702 \u2013 St-Denis \u2013 Messag Cedex 9<br \/>\nResponsable l\u00e9gal \u2013 Directeur de la publication, de la r\u00e9daction et de l\u2019\u00e9dition : :<\/p>\n<p>Chandra ELLY &#8211; Chef d&rsquo;\u00e9tablissement<br \/>\nH\u00e9bergement :<\/p>\n<p>DSI<\/p>\n<p>Adresse de la DSI :<br \/>\nAcad\u00e9mie de La R\u00e9union<br \/>\nService Communication<br \/>\n24, Avenue Georges Brassens \u2013 97702 \u2013 St-Denis \u2013 Messag Cedex 9<br \/>\nT\u00e9l. : 0262 48 10 33<br \/>\nWebmestre :<\/p>\n<p>Brian DELORT<br \/>\nII\/ Droits de modification et de suppression de vos donn\u00e9es personnelles<\/p>\n<p>Conform\u00e9ment aux textes fran\u00e7ais et europ\u00e9en en vigueur et notamment la loi informatique et libert\u00e9 du N\u00b0 78-17 du 6 janvier 1978 modifi\u00e9e et le R\u00e8glement g\u00e9n\u00e9ral sur la protection des donn\u00e9es N\u00b02016\/679 du 27 avril 2016, l\u2019acad\u00e9mie de La R\u00e9union s\u2019engage \u00e0 prot\u00e9ger la vie priv\u00e9e de ses utilisateurs lors du traitement des donn\u00e9es \u00e0 caract\u00e8re personnel.<\/p>\n<p>Les donn\u00e9es \u00e0 caract\u00e8re personnel collect\u00e9es sont les suivantes : nom, pr\u00e9nom, adresse \u00e9lectronique professionnelle, discipline(s), usages p\u00e9dagogiques du num\u00e9rique, dispositifs acad\u00e9miques et nationaux sur lesquels l\u2019agent intervient, lieux et \u00e9tablissements d\u2019exercice, missions et projets.<\/p>\n<p>Elles sont \u00e0 destination du Rectorat de l\u2019acad\u00e9mie de La R\u00e9union dans une finalit\u00e9 de communication et d\u2019information. Leur dur\u00e9e de conservation n\u2019exc\u00e8de pas 3 ans.<\/p>\n<p>Conform\u00e9ment aux dispositions de la loi Informatique et libert\u00e9s, l\u2019acad\u00e9mie vous informe que vous disposez d\u2019un droit d\u2019information, d\u2019acc\u00e8s, de rectification, d\u2019opposition et de suppression de l\u2019ensemble des donn\u00e9es personnelles vous concernant et dont nous disposons.<\/p>\n<p>Loi n\u00b0 78-17 du 6 janvier 1978<\/p>\n<p>RGPD n\u00b02016\/679<\/p>\n<p>Vous pouvez exercer ces droits \u00e0 l\u2019adresse suivante :<br \/>\nRectorat de l\u2019acad\u00e9mie de La R\u00e9union<br \/>\nDANE<\/p>\n<p>Adresse postale :<br \/>\n81 rue Hippolyte FOUCQUE<br \/>\n97440 Saint-Andr\u00e9<\/p>\n<p>T\u00e9l\u00e9phone :<br \/>\n0262 46 98 00<\/p>\n<p>Vous souhaitez modifier vos donn\u00e9es :<br \/>\nVous pouvez nous envoyer un courrier \u00e9lectronique \u00e0 l\u2019adresse suivante : ce.9740076p@ac-reunion.fr<\/p>\n<p>Dans le cadre d\u2019\u00e9v\u00e9nements ponctuels ces donn\u00e9es pourraient \u00eatre transf\u00e9r\u00e9es \u00e0 des sous-traitants \u00e0 des fins strictement logistiques, comme par exemple l\u2019organisation d\u2019un service de restauration.<\/p>\n<p>Communications \u00e9lectroniques<\/p>\n<p>Afin de faciliter sa communication, la d\u00e9l\u00e9gation acad\u00e9mique pour le num\u00e9rique \u00e9ducatif (DANE) collecte, h\u00e9berge et g\u00e8re de fa\u00e7on s\u00e9curis\u00e9e des informations concernant les personnels occupant des fonctions en lien avec la DANE ou des projets pour lesquels elle intervient. Les donn\u00e9es collect\u00e9es sont le nom, pr\u00e9nom, adresse \u00e9lectronique professionnelle, discipline(s), usages p\u00e9dagogiques du num\u00e9rique, dispositifs acad\u00e9miques et nationaux sur lesquels l\u2019agent intervient, lieux et \u00e9tablissements d\u2019exercice, missions et projets.<\/p>\n<p>Cookies<\/p>\n<p>La navigation sur le site dane.ac-reunion.fr est susceptible de provoquer l\u2019installation de cookie(s) sur l\u2019ordinateur de l\u2019utilisateur. Un cookie est un fichier de petite taille, qui ne permet pas l\u2019identification de l\u2019utilisateur, mais qui enregistre des informations relatives \u00e0 la navigation d\u2019un ordinateur sur un site. Les donn\u00e9es ainsi obtenues visent \u00e0 faciliter la navigation ult\u00e9rieure sur le site, et ont \u00e9galement vocation \u00e0 permettre diverses mesures de fr\u00e9quentation.<\/p>\n<p>Le refus d\u2019installation d\u2019un cookie peut entra\u00eener l\u2019impossibilit\u00e9 d\u2019acc\u00e9der \u00e0 certains services. L\u2019utilisateur peut toutefois configurer son ordinateur de la mani\u00e8re suivante, pour refuser l\u2019installation des cookies :<\/p>\n<p>Pour Internet Explorer : http:\/\/windows.microsoft.com\/fr-FR\/windows-vista\/Block-or-allow-cookies<br \/>\nPour Safari : https:\/\/support.apple.com\/fr-fr\/ht1677<br \/>\nPour Google Chrome : https:\/\/support.google.com\/chrome\/answer\/95647?hl=fr&amp;hlrm=en&amp;safe=on<br \/>\nPour Firefox : https:\/\/support.mozilla.org\/fr\/kb\/activer-desactiver-cookies<br \/>\nPour Opera : http:\/\/help.opera.com\/Windows\/10.20\/fr\/cookies.html<\/p>\n<!-- AddThis Advanced Settings generic via filter on the_content --><!-- AddThis Share Buttons generic via filter on the_content -->","protected":false},"excerpt":{"rendered":"<p>I\/ \u00c9diteur : Acad\u00e9mie de La R\u00e9union Service Communication 24, Avenue Georges Brassens \u2013 97702 \u2013 St-Denis \u2013 Messag Cedex 9 Responsable l\u00e9gal \u2013 Directeur de la publication, de la [&hellip;]<!-- AddThis Advanced Settings generic via filter on get_the_excerpt --><!-- AddThis Share Buttons generic via filter on get_the_excerpt --><\/p>\n","protected":false},"author":66,"featured_media":0,"parent":0,"menu_order":0,"comment_status":"closed","ping_status":"closed","template":"","meta":{"_et_pb_use_builder":"","_et_pb_old_content":"","_et_gb_content_width":"","footnotes":"","_links_to":"","_links_to_target":""},"class_list":["post-5776","page","type-page","status-publish","hentry"],"_links":{"self":[{"href":"https:\/\/etab.ac-reunion.fr\/clg-sainte-genevieve\/wp-json\/wp\/v2\/pages\/5776","targetHints":{"allow":["GET"]}}],"collection":[{"href":"https:\/\/etab.ac-reunion.fr\/clg-sainte-genevieve\/wp-json\/wp\/v2\/pages"}],"about":[{"href":"https:\/\/etab.ac-reunion.fr\/clg-sainte-genevieve\/wp-json\/wp\/v2\/types\/page"}],"author":[{"embeddable":true,"href":"https:\/\/etab.ac-reunion.fr\/clg-sainte-genevieve\/wp-json\/wp\/v2\/users\/66"}],"replies":[{"embeddable":true,"href":"https:\/\/etab.ac-reunion.fr\/clg-sainte-genevieve\/wp-json\/wp\/v2\/comments?post=5776"}],"version-history":[{"count":2,"href":"https:\/\/etab.ac-reunion.fr\/clg-sainte-genevieve\/wp-json\/wp\/v2\/pages\/5776\/revisions"}],"predecessor-version":[{"id":5957,"href":"https:\/\/etab.ac-reunion.fr\/clg-sainte-genevieve\/wp-json\/wp\/v2\/pages\/5776\/revisions\/5957"}],"wp:attachment":[{"href":"https:\/\/etab.ac-reunion.fr\/clg-sainte-genevieve\/wp-json\/wp\/v2\/media?parent=5776"}],"curies":[{"name":"wp","href":"https:\/\/api.w.org\/{rel}","templated":true}]}}