{"id":3936,"date":"2025-11-30T10:09:18","date_gmt":"2025-11-30T06:09:18","guid":{"rendered":"https:\/\/etab.ac-reunion.fr\/clg-simon-lucas\/?page_id=3936"},"modified":"2025-11-30T11:48:37","modified_gmt":"2025-11-30T07:48:37","slug":"news-from-us-le-journal-des-eleves","status":"publish","type":"page","link":"https:\/\/etab.ac-reunion.fr\/clg-simon-lucas\/news-from-us-le-journal-des-eleves\/","title":{"rendered":"News From Us, le journal des \u00e9l\u00e8ves"},"content":{"rendered":"\n<p><\/p>\n\n\n\n<p class=\"has-text-align-center\">Voici <strong>le logo<\/strong> cr\u00e9\u00e9 et choisi par les jeunes reporters de <strong>News From Us<\/strong>, <\/p>\n\n\n\n<p class=\"has-text-align-center\"><strong>le journal des coll\u00e9giens pour les coll\u00e9giens.<\/strong><\/p>\n\n\n\n<figure class=\"wp-block-image size-large\"><img loading=\"lazy\" decoding=\"async\" width=\"1024\" height=\"603\" src=\"https:\/\/etab.ac-reunion.fr\/clg-simon-lucas\/wp-content\/uploads\/sites\/145\/2025\/11\/logo-2-1024x603.jpg\" alt=\"\" class=\"wp-image-3937\" srcset=\"https:\/\/etab.ac-reunion.fr\/clg-simon-lucas\/wp-content\/uploads\/sites\/145\/2025\/11\/logo-2-1024x603.jpg 1024w, https:\/\/etab.ac-reunion.fr\/clg-simon-lucas\/wp-content\/uploads\/sites\/145\/2025\/11\/logo-2-300x177.jpg 300w, https:\/\/etab.ac-reunion.fr\/clg-simon-lucas\/wp-content\/uploads\/sites\/145\/2025\/11\/logo-2-768x452.jpg 768w, https:\/\/etab.ac-reunion.fr\/clg-simon-lucas\/wp-content\/uploads\/sites\/145\/2025\/11\/logo-2-1536x905.jpg 1536w, https:\/\/etab.ac-reunion.fr\/clg-simon-lucas\/wp-content\/uploads\/sites\/145\/2025\/11\/logo-2-2048x1206.jpg 2048w, https:\/\/etab.ac-reunion.fr\/clg-simon-lucas\/wp-content\/uploads\/sites\/145\/2025\/11\/logo-2-662x390.jpg 662w\" sizes=\"auto, (max-width: 1024px) 100vw, 1024px\" \/><\/figure>\n","protected":false},"excerpt":{"rendered":"<p>Voici le logo cr\u00e9\u00e9 et choisi par les jeunes reporters de News From Us, le journal des coll\u00e9giens pour les coll\u00e9giens.<\/p>\n","protected":false},"author":34383,"featured_media":0,"parent":0,"menu_order":0,"comment_status":"closed","ping_status":"closed","template":"","meta":{"footnotes":"","_links_to":"","_links_to_target":""},"class_list":["post-3936","page","type-page","status-publish","hentry"],"_links":{"self":[{"href":"https:\/\/etab.ac-reunion.fr\/clg-simon-lucas\/wp-json\/wp\/v2\/pages\/3936","targetHints":{"allow":["GET"]}}],"collection":[{"href":"https:\/\/etab.ac-reunion.fr\/clg-simon-lucas\/wp-json\/wp\/v2\/pages"}],"about":[{"href":"https:\/\/etab.ac-reunion.fr\/clg-simon-lucas\/wp-json\/wp\/v2\/types\/page"}],"author":[{"embeddable":true,"href":"https:\/\/etab.ac-reunion.fr\/clg-simon-lucas\/wp-json\/wp\/v2\/users\/34383"}],"replies":[{"embeddable":true,"href":"https:\/\/etab.ac-reunion.fr\/clg-simon-lucas\/wp-json\/wp\/v2\/comments?post=3936"}],"version-history":[{"count":2,"href":"https:\/\/etab.ac-reunion.fr\/clg-simon-lucas\/wp-json\/wp\/v2\/pages\/3936\/revisions"}],"predecessor-version":[{"id":3942,"href":"https:\/\/etab.ac-reunion.fr\/clg-simon-lucas\/wp-json\/wp\/v2\/pages\/3936\/revisions\/3942"}],"wp:attachment":[{"href":"https:\/\/etab.ac-reunion.fr\/clg-simon-lucas\/wp-json\/wp\/v2\/media?parent=3936"}],"curies":[{"name":"wp","href":"https:\/\/api.w.org\/{rel}","templated":true}]}}