{"id":4729,"date":"2016-12-10T00:10:10","date_gmt":"2016-12-09T20:10:10","guid":{"rendered":"http:\/\/college-les-tamarins.ac-reunion.fr\/?page_id=4729"},"modified":"2017-02-23T14:42:55","modified_gmt":"2017-02-23T10:42:55","slug":"les-horaires","status":"publish","type":"page","link":"https:\/\/etab.ac-reunion.fr\/clg-tamarins\/les-horaires\/","title":{"rendered":"Les Horaires"},"content":{"rendered":"<p><em><strong><div class='et-box et-shadow'>\n\t\t\t\t\t<div class='et-box-content'><\/strong><\/em><\/p>\n<hr \/>\n<p style=\"text-align: center\"><span style=\"font-size: 16pt\"><em><strong><span style=\"color: #ff0000\">MATIN<\/span><\/strong><\/em><\/span><\/p>\n<hr \/>\n<p><strong>Ouverture du portail<\/strong> : <span style=\"font-size: 12pt\">7h00<\/span><\/p>\n<p><strong>Heure limite d&rsquo;entr\u00e9e des \u00e9l\u00e8ves<\/strong> : <span style=\"font-size: 12pt\">7h15<\/span><\/p>\n<p><strong>1\u00e8re heure<\/strong> : <span style=\"font-size: 12pt\">7h20-8h15<\/span><\/p>\n<p><strong>2\u00e8me heure<\/strong> <span style=\"font-size: 14pt\">:<span style=\"font-size: 12pt\">8h20-9h15<\/span><\/span><\/p>\n<p><strong>R\u00e9cr\u00e9ation<\/strong> : <span style=\"font-size: 12pt\">9h15-9h30<\/p>\n<p><strong>3\u00e8me heure :<\/strong> \u00a09h30-10h25<\/span><\/p>\n<p><strong>4\u00e8me \u00a0heure<\/strong> : <span style=\"font-size: 12pt\">10h30-11h25<\/span><\/p>\n<p style=\"text-align: left\"><strong>Pause m\u00e9ridienne : <\/strong><span style=\"font-size: 12pt\">11h25<\/span><\/p>\n<hr \/>\n<p style=\"text-align: center\"><em><strong><span style=\"color: #ff0000;font-size: 16pt\">APR\u00c8S-MIDI\u00a0<\/span><\/strong><\/em><\/p>\n<hr \/>\n<p><strong>Ouverture du portail<\/strong> : 13h00<\/p>\n<p><strong>Heure limite d&rsquo;entr\u00e9e des \u00e9l\u00e8ves<\/strong> : 13h15<\/p>\n<p><strong>1\u00e8re heure<\/strong> : 13h20-14h15<\/p>\n<p><strong>2\u00e8me heure<\/strong> : 14h20-15h15<\/p>\n<p><strong>R\u00e9cr\u00e9ation<\/strong> : 15h15-15h25<\/p>\n<p><strong>3\u00e8me heure<\/strong> : 15h25-16h20 ( Fin des cours)<\/p>\n<hr \/>\n<p style=\"text-align: center\"><span style=\"font-size: 16pt\"><em><strong><span style=\"color: #ff0000\">ACCOMPAGNEMENT \u00c9DUCATIF<\/span><\/strong><\/em><\/span><\/p>\n<hr \/>\n<p><strong>Accompagnement \u00e9ducatif<\/strong> : 16h30-17h20<\/p>\n<p>&nbsp;<\/p>\n<p><img loading=\"lazy\" decoding=\"async\" class=\"alignright size-full wp-image-4820\" src=\"https:\/\/etab.ac-reunion.fr\/clg-tamarins\/wp-content\/uploads\/sites\/56\/2016\/12\/Logo2.jpg\" alt=\"\" width=\"177\" height=\"183\" srcset=\"https:\/\/etab.ac-reunion.fr\/clg-tamarins\/wp-content\/uploads\/sites\/56\/2016\/12\/Logo2.jpg 177w, https:\/\/etab.ac-reunion.fr\/clg-tamarins\/wp-content\/uploads\/sites\/56\/2016\/12\/Logo2-145x150.jpg 145w\" sizes=\"auto, (max-width: 177px) 100vw, 177px\" \/><\/p>\n<p>&nbsp;<\/p>\n<p>&nbsp;<\/p>\n<p>&nbsp;<\/p>\n<p>&nbsp;<\/p>\n<p>&nbsp;<\/p><\/div><\/div>\n","protected":false},"excerpt":{"rendered":"<div class='et-box et-shadow'>\n\t\t\t\t\t<div class='et-box-content'>Content goes here<\/div><\/div>\n<p class=\"continue-reading-button\"> <a class=\"continue-reading-link\" href=\"https:\/\/etab.ac-reunion.fr\/clg-tamarins\/les-horaires\/\">Continuer \u00e0 lire<i class=\"crycon-right-dir\"><\/i><\/a><\/p>\n","protected":false},"author":13730,"featured_media":0,"parent":0,"menu_order":0,"comment_status":"closed","ping_status":"closed","template":"","meta":{"footnotes":""},"class_list":["post-4729","page","type-page","status-publish","hentry"],"_links":{"self":[{"href":"https:\/\/etab.ac-reunion.fr\/clg-tamarins\/wp-json\/wp\/v2\/pages\/4729","targetHints":{"allow":["GET"]}}],"collection":[{"href":"https:\/\/etab.ac-reunion.fr\/clg-tamarins\/wp-json\/wp\/v2\/pages"}],"about":[{"href":"https:\/\/etab.ac-reunion.fr\/clg-tamarins\/wp-json\/wp\/v2\/types\/page"}],"author":[{"embeddable":true,"href":"https:\/\/etab.ac-reunion.fr\/clg-tamarins\/wp-json\/wp\/v2\/users\/13730"}],"replies":[{"embeddable":true,"href":"https:\/\/etab.ac-reunion.fr\/clg-tamarins\/wp-json\/wp\/v2\/comments?post=4729"}],"version-history":[{"count":20,"href":"https:\/\/etab.ac-reunion.fr\/clg-tamarins\/wp-json\/wp\/v2\/pages\/4729\/revisions"}],"predecessor-version":[{"id":5657,"href":"https:\/\/etab.ac-reunion.fr\/clg-tamarins\/wp-json\/wp\/v2\/pages\/4729\/revisions\/5657"}],"wp:attachment":[{"href":"https:\/\/etab.ac-reunion.fr\/clg-tamarins\/wp-json\/wp\/v2\/media?parent=4729"}],"curies":[{"name":"wp","href":"https:\/\/api.w.org\/{rel}","templated":true}]}}