{"id":4754,"date":"2016-12-10T00:21:00","date_gmt":"2016-12-09T20:21:00","guid":{"rendered":"http:\/\/college-les-tamarins.ac-reunion.fr\/?page_id=4754"},"modified":"2016-12-11T16:34:17","modified_gmt":"2016-12-11T12:34:17","slug":"presentation-du-cdi","status":"publish","type":"page","link":"https:\/\/etab.ac-reunion.fr\/clg-tamarins\/presentation-du-cdi\/","title":{"rendered":"Pr\u00e9sentation du CDI"},"content":{"rendered":"<p><img loading=\"lazy\" decoding=\"async\" class=\"aligncenter size-full wp-image-4913\" src=\"https:\/\/etab.ac-reunion.fr\/clg-tamarins\/wp-content\/uploads\/sites\/56\/2016\/12\/DSCN2266.jpg\" alt=\"\" width=\"3200\" height=\"560\" srcset=\"https:\/\/etab.ac-reunion.fr\/clg-tamarins\/wp-content\/uploads\/sites\/56\/2016\/12\/DSCN2266.jpg 3200w, https:\/\/etab.ac-reunion.fr\/clg-tamarins\/wp-content\/uploads\/sites\/56\/2016\/12\/DSCN2266-300x53.jpg 300w, https:\/\/etab.ac-reunion.fr\/clg-tamarins\/wp-content\/uploads\/sites\/56\/2016\/12\/DSCN2266-1024x179.jpg 1024w, https:\/\/etab.ac-reunion.fr\/clg-tamarins\/wp-content\/uploads\/sites\/56\/2016\/12\/DSCN2266-250x44.jpg 250w, https:\/\/etab.ac-reunion.fr\/clg-tamarins\/wp-content\/uploads\/sites\/56\/2016\/12\/DSCN2266-150x26.jpg 150w\" sizes=\"auto, (max-width: 3200px) 100vw, 3200px\" \/><\/p>\n<p style=\"text-align: center\"><span style=\"color: #ff0000\"><em>Le <strong>C<\/strong>entre de <strong>D<\/strong>ocumentation et d&rsquo;<strong>I<\/strong>nformation est un espace ouvert \u00e0 tous.<\/em><\/span><img decoding=\"async\" src=\"https:\/\/etab.ac-reunion.fr\/clg-tamarins\/wp-content\/plugins\/wp-edit\/plugins\/emoticons\/img\/smiley-laughing.gif\" \/><img decoding=\"async\" src=\"https:\/\/etab.ac-reunion.fr\/clg-tamarins\/wp-content\/plugins\/wp-edit\/plugins\/emoticons\/img\/smiley-laughing.gif\" \/><\/p>\n<p><strong>C&rsquo;est un lieu d&rsquo;accueil, d&rsquo;\u00e9coute, de conseil et de d\u00e9tente<\/strong> dans lequel les usagers peuvent se rendre lorsqu&rsquo;ils ont du temps libre. Ils y viennent pour lire, pour faire une recherche documentaire et pour emprunter des documents.<\/p>\n<p><strong>C\u2019est avant tout un espace de travail et d\u2019apprentissage o\u00f9 le professeur documentaliste forme les \u00e9l\u00e8ves \u00e0 la ma\u00eetrise de l\u2019information<\/strong>\u00a0: initiation CDI en 6\u00e8mes, s\u00e9ances d\u2019accompagnement et de formation \u00e0 la recherche documentaire sur les autres niveaux en collaboration avec les professeurs de discipline. Par exemple, sur les th\u00e8mes de l\u2019\u00e9ducation aux m\u00e9dias, sur le PDMF (Parcours des m\u00e9tiers et des Formations), l\u2019initiation au num\u00e9rique ou encore dans le cadre de projets p\u00e9dagogiques divers.<\/p>\n<p><strong>On peut aussi participer \u00e0 des animations autour de la lecture et de l\u2019\u00e9criture<\/strong>\u00a0: participation au prix paille en queue du salon du livre de l\u2019Oc\u00e9an Indien, d\u00e9fis-lecture avec les \u00e9coles du r\u00e9seau, ateliers d\u2019\u00e9criture, rencontres avec des \u00e9crivains, sortie au salon du livre, visite de la m\u00e9diath\u00e8que de Saint-Pierre\u2026<\/p>\n<p><strong>L\u2019ouverture sur le monde est aussi une des missions du CDI.<\/strong> Dans ce cadre, le professeur-documentaliste propose et participe \u00e0 des actions artistiques et culturelles\u00a0: Visite de mus\u00e9es et de sites culturelles et historiques, accueil d\u2019expositions dans les murs du CDI, participation \u00e0 diff\u00e9rentes manifestations telles que Komidi et Ecran jeune. Des projets tels que l\u2019Itin\u00e9raire de d\u00e9couverte sur l\u2019Histoire de la R\u00e9union ou encore la cr\u00e9ation artistique avec les 3<sup>\u00e8me<\/sup> DP3 illustrent parfaitement ce r\u00f4le du CDI.<\/p>\n<p><span style=\"color: #0000ff\"><strong>Quels sont les horaires d\u2019ouverture\u00a0?<\/strong><\/span><\/p>\n<p><em><strong>Tous les jours de 7h15 \u00e0 15h50 sauf le mercredi de 7h15 \u00e0 11h25.<img decoding=\"async\" src=\"https:\/\/etab.ac-reunion.fr\/clg-tamarins\/wp-content\/plugins\/wp-edit\/plugins\/emoticons\/img\/smiley-wink.gif\" \/><\/strong><\/em><\/p>\n<p>&nbsp;<\/p>\n","protected":false},"excerpt":{"rendered":"<p>Le Centre de Documentation et d&rsquo;Information est un espace ouvert \u00e0 tous. C&rsquo;est un lieu d&rsquo;accueil, d&rsquo;\u00e9coute, de conseil et de d\u00e9tente dans lequel les usagers peuvent se rendre lorsqu&rsquo;ils ont du temps libre. Ils y viennent pour lire, pour faire une recherche documentaire et pour emprunter des documents. C\u2019est\u2026<\/p>\n<p class=\"continue-reading-button\"> <a class=\"continue-reading-link\" href=\"https:\/\/etab.ac-reunion.fr\/clg-tamarins\/presentation-du-cdi\/\">Continuer \u00e0 lire<i class=\"crycon-right-dir\"><\/i><\/a><\/p>\n","protected":false},"author":13730,"featured_media":0,"parent":0,"menu_order":0,"comment_status":"closed","ping_status":"closed","template":"","meta":{"footnotes":""},"class_list":["post-4754","page","type-page","status-publish","hentry"],"_links":{"self":[{"href":"https:\/\/etab.ac-reunion.fr\/clg-tamarins\/wp-json\/wp\/v2\/pages\/4754","targetHints":{"allow":["GET"]}}],"collection":[{"href":"https:\/\/etab.ac-reunion.fr\/clg-tamarins\/wp-json\/wp\/v2\/pages"}],"about":[{"href":"https:\/\/etab.ac-reunion.fr\/clg-tamarins\/wp-json\/wp\/v2\/types\/page"}],"author":[{"embeddable":true,"href":"https:\/\/etab.ac-reunion.fr\/clg-tamarins\/wp-json\/wp\/v2\/users\/13730"}],"replies":[{"embeddable":true,"href":"https:\/\/etab.ac-reunion.fr\/clg-tamarins\/wp-json\/wp\/v2\/comments?post=4754"}],"version-history":[{"count":6,"href":"https:\/\/etab.ac-reunion.fr\/clg-tamarins\/wp-json\/wp\/v2\/pages\/4754\/revisions"}],"predecessor-version":[{"id":4929,"href":"https:\/\/etab.ac-reunion.fr\/clg-tamarins\/wp-json\/wp\/v2\/pages\/4754\/revisions\/4929"}],"wp:attachment":[{"href":"https:\/\/etab.ac-reunion.fr\/clg-tamarins\/wp-json\/wp\/v2\/media?parent=4754"}],"curies":[{"name":"wp","href":"https:\/\/api.w.org\/{rel}","templated":true}]}}