{"id":4756,"date":"2016-12-10T00:21:20","date_gmt":"2016-12-09T20:21:20","guid":{"rendered":"http:\/\/college-les-tamarins.ac-reunion.fr\/?page_id=4756"},"modified":"2016-12-11T16:16:41","modified_gmt":"2016-12-11T12:16:41","slug":"le-reglement","status":"publish","type":"page","link":"https:\/\/etab.ac-reunion.fr\/clg-tamarins\/le-reglement\/","title":{"rendered":"Le r\u00e9glement"},"content":{"rendered":"<p><img loading=\"lazy\" decoding=\"async\" class=\"aligncenter size-full wp-image-4918\" src=\"https:\/\/etab.ac-reunion.fr\/clg-tamarins\/wp-content\/uploads\/sites\/56\/2016\/12\/DSCN2265.jpg\" alt=\"\" width=\"3200\" height=\"560\" srcset=\"https:\/\/etab.ac-reunion.fr\/clg-tamarins\/wp-content\/uploads\/sites\/56\/2016\/12\/DSCN2265.jpg 3200w, https:\/\/etab.ac-reunion.fr\/clg-tamarins\/wp-content\/uploads\/sites\/56\/2016\/12\/DSCN2265-300x53.jpg 300w, https:\/\/etab.ac-reunion.fr\/clg-tamarins\/wp-content\/uploads\/sites\/56\/2016\/12\/DSCN2265-1024x179.jpg 1024w, https:\/\/etab.ac-reunion.fr\/clg-tamarins\/wp-content\/uploads\/sites\/56\/2016\/12\/DSCN2265-250x44.jpg 250w, https:\/\/etab.ac-reunion.fr\/clg-tamarins\/wp-content\/uploads\/sites\/56\/2016\/12\/DSCN2265-150x26.jpg 150w\" sizes=\"auto, (max-width: 3200px) 100vw, 3200px\" \/><\/p>\n<p>Le CDI est un espace de travail on doit s\u2019y comporter comme dans n\u2019importe quel autre salle de classe. Il faut respecter un certain nombre de r\u00e8gles pour le bien de tous.<\/p>\n<p>J\u2019entre au CDI apr\u00e8s m\u2019\u00eatre rang\u00e9 \u00e0 l\u2019entr\u00e9e et sur invitation de la documentaliste.<\/p>\n<p>En ENTRANT au CDI : je laisse mon sac \u00e0 l\u2019entr\u00e9e, \u00e0 droite, sur les \u00e9tag\u00e8res.<\/p>\n<p>Durant mon passage au CDI je suis le plus silencieux possible: \u2013 je ne rigole pas trop fort \u2013 je parle en chchchchuchotant\u2026. ou \u00e0 voix basse \u2013 je me d\u00e9place doucement et sans bruit<img decoding=\"async\" src=\"https:\/\/etab.ac-reunion.fr\/clg-tamarins\/wp-content\/plugins\/wp-edit\/plugins\/emoticons\/img\/smiley-sealed.gif\" \/><img decoding=\"async\" src=\"https:\/\/etab.ac-reunion.fr\/clg-tamarins\/wp-content\/plugins\/wp-edit\/plugins\/emoticons\/img\/smiley-sealed.gif\" \/><\/p>\n<p>AVANT de sortir Le Mat\u00e9riel et les documents: \u2013 je range \u00e0 leur place EXACTE \u2013 j\u2019en prends soin<\/p>\n<p>A la SONNERIE seulement je peux sortir.<img decoding=\"async\" src=\"https:\/\/etab.ac-reunion.fr\/clg-tamarins\/wp-content\/plugins\/wp-edit\/plugins\/emoticons\/img\/smiley-cool.gif\" \/><img decoding=\"async\" src=\"https:\/\/etab.ac-reunion.fr\/clg-tamarins\/wp-content\/plugins\/wp-edit\/plugins\/emoticons\/img\/smiley-cool.gif\" \/><\/p>\n","protected":false},"excerpt":{"rendered":"<p>Le CDI est un espace de travail on doit s\u2019y comporter comme dans n\u2019importe quel autre salle de classe. Il faut respecter un certain nombre de r\u00e8gles pour le bien de tous. J\u2019entre au CDI apr\u00e8s m\u2019\u00eatre rang\u00e9 \u00e0 l\u2019entr\u00e9e et sur invitation de la documentaliste. En ENTRANT au CDI\u2026<\/p>\n<p class=\"continue-reading-button\"> <a class=\"continue-reading-link\" href=\"https:\/\/etab.ac-reunion.fr\/clg-tamarins\/le-reglement\/\">Continuer \u00e0 lire<i class=\"crycon-right-dir\"><\/i><\/a><\/p>\n","protected":false},"author":13730,"featured_media":0,"parent":0,"menu_order":0,"comment_status":"closed","ping_status":"closed","template":"","meta":{"footnotes":""},"class_list":["post-4756","page","type-page","status-publish","hentry"],"_links":{"self":[{"href":"https:\/\/etab.ac-reunion.fr\/clg-tamarins\/wp-json\/wp\/v2\/pages\/4756","targetHints":{"allow":["GET"]}}],"collection":[{"href":"https:\/\/etab.ac-reunion.fr\/clg-tamarins\/wp-json\/wp\/v2\/pages"}],"about":[{"href":"https:\/\/etab.ac-reunion.fr\/clg-tamarins\/wp-json\/wp\/v2\/types\/page"}],"author":[{"embeddable":true,"href":"https:\/\/etab.ac-reunion.fr\/clg-tamarins\/wp-json\/wp\/v2\/users\/13730"}],"replies":[{"embeddable":true,"href":"https:\/\/etab.ac-reunion.fr\/clg-tamarins\/wp-json\/wp\/v2\/comments?post=4756"}],"version-history":[{"count":4,"href":"https:\/\/etab.ac-reunion.fr\/clg-tamarins\/wp-json\/wp\/v2\/pages\/4756\/revisions"}],"predecessor-version":[{"id":4921,"href":"https:\/\/etab.ac-reunion.fr\/clg-tamarins\/wp-json\/wp\/v2\/pages\/4756\/revisions\/4921"}],"wp:attachment":[{"href":"https:\/\/etab.ac-reunion.fr\/clg-tamarins\/wp-json\/wp\/v2\/media?parent=4756"}],"curies":[{"name":"wp","href":"https:\/\/api.w.org\/{rel}","templated":true}]}}