{"id":4768,"date":"2016-12-10T00:27:14","date_gmt":"2016-12-09T20:27:14","guid":{"rendered":"http:\/\/college-les-tamarins.ac-reunion.fr\/?page_id=4768"},"modified":"2025-02-17T14:12:33","modified_gmt":"2025-02-17T10:12:33","slug":"section-europeenne","status":"publish","type":"page","link":"https:\/\/etab.ac-reunion.fr\/clg-tamarins\/section-europeenne\/","title":{"rendered":"classe BILANGUE"},"content":{"rendered":"<div class='et-box et-info'>\n\t\t\t\t\t<div class='et-box-content'>Les informations sont \u00e0 venir tr\u00e8s bient\u00f4t <img decoding=\"async\" src=\"https:\/\/etab.ac-reunion.fr\/clg-tamarins\/wp-content\/plugins\/wp-edit\/plugins\/emoticons\/img\/smiley-wink.gif\" \/><\/div><\/div>\n","protected":false},"excerpt":{"rendered":"<p class=\"continue-reading-button\"> <a class=\"continue-reading-link\" href=\"https:\/\/etab.ac-reunion.fr\/clg-tamarins\/section-europeenne\/\">Continuer \u00e0 lire<i class=\"crycon-right-dir\"><\/i><\/a><\/p>\n","protected":false},"author":13730,"featured_media":0,"parent":0,"menu_order":0,"comment_status":"closed","ping_status":"closed","template":"","meta":{"footnotes":""},"class_list":["post-4768","page","type-page","status-publish","hentry"],"_links":{"self":[{"href":"https:\/\/etab.ac-reunion.fr\/clg-tamarins\/wp-json\/wp\/v2\/pages\/4768","targetHints":{"allow":["GET"]}}],"collection":[{"href":"https:\/\/etab.ac-reunion.fr\/clg-tamarins\/wp-json\/wp\/v2\/pages"}],"about":[{"href":"https:\/\/etab.ac-reunion.fr\/clg-tamarins\/wp-json\/wp\/v2\/types\/page"}],"author":[{"embeddable":true,"href":"https:\/\/etab.ac-reunion.fr\/clg-tamarins\/wp-json\/wp\/v2\/users\/13730"}],"replies":[{"embeddable":true,"href":"https:\/\/etab.ac-reunion.fr\/clg-tamarins\/wp-json\/wp\/v2\/comments?post=4768"}],"version-history":[{"count":5,"href":"https:\/\/etab.ac-reunion.fr\/clg-tamarins\/wp-json\/wp\/v2\/pages\/4768\/revisions"}],"predecessor-version":[{"id":9480,"href":"https:\/\/etab.ac-reunion.fr\/clg-tamarins\/wp-json\/wp\/v2\/pages\/4768\/revisions\/9480"}],"wp:attachment":[{"href":"https:\/\/etab.ac-reunion.fr\/clg-tamarins\/wp-json\/wp\/v2\/media?parent=4768"}],"curies":[{"name":"wp","href":"https:\/\/api.w.org\/{rel}","templated":true}]}}