{"id":4776,"date":"2016-12-10T00:28:13","date_gmt":"2016-12-09T20:28:13","guid":{"rendered":"http:\/\/college-les-tamarins.ac-reunion.fr\/?page_id=4776"},"modified":"2025-11-25T08:32:41","modified_gmt":"2025-11-25T04:32:41","slug":"espace-parents","status":"publish","type":"page","link":"https:\/\/etab.ac-reunion.fr\/clg-tamarins\/espace-parents\/","title":{"rendered":"Espace parents"},"content":{"rendered":"<div id=\"attachment_4946\" style=\"width: 197px\" class=\"wp-caption alignleft\"><a href=\"https:\/\/etab.ac-reunion.fr\/clg-tamarins\/service-de-gestion-bourse-et-demi-pension\/\"><img loading=\"lazy\" decoding=\"async\" aria-describedby=\"caption-attachment-4946\" class=\"wp-image-4946\" src=\"https:\/\/etab.ac-reunion.fr\/clg-tamarins\/wp-content\/uploads\/sites\/56\/2016\/12\/Facteurs-cles-300x300.jpg\" width=\"187\" height=\"187\" srcset=\"https:\/\/etab.ac-reunion.fr\/clg-tamarins\/wp-content\/uploads\/sites\/56\/2016\/12\/Facteurs-cles-300x300.jpg 300w, https:\/\/etab.ac-reunion.fr\/clg-tamarins\/wp-content\/uploads\/sites\/56\/2016\/12\/Facteurs-cles-300x300-150x150.jpg 150w\" sizes=\"auto, (max-width: 187px) 100vw, 187px\" \/><\/a><p id=\"caption-attachment-4946\" class=\"wp-caption-text\">Service de gestion : BOURSES et DEMI-PENSION<\/p><\/div>\n<div id=\"attachment_4960\" style=\"width: 170px\" class=\"wp-caption alignleft\"><a href=\"http:\/\/metice.ac-reunion.fr\/\"><img loading=\"lazy\" decoding=\"async\" aria-describedby=\"caption-attachment-4960\" class=\"wp-image-4960\" src=\"https:\/\/etab.ac-reunion.fr\/clg-tamarins\/wp-content\/uploads\/sites\/56\/2016\/12\/logo-m\u00e9tice.jpg\" width=\"160\" height=\"207\" srcset=\"https:\/\/etab.ac-reunion.fr\/clg-tamarins\/wp-content\/uploads\/sites\/56\/2016\/12\/logo-m\u00e9tice.jpg 227w, https:\/\/etab.ac-reunion.fr\/clg-tamarins\/wp-content\/uploads\/sites\/56\/2016\/12\/logo-m\u00e9tice-115x150.jpg 115w\" sizes=\"auto, (max-width: 160px) 100vw, 160px\" \/><\/a><p id=\"caption-attachment-4960\" class=\"wp-caption-text\">M\u00e9tice \/ Pronote<\/p><\/div>\n<div id=\"attachment_4955\" style=\"width: 170px\" class=\"wp-caption alignleft\"><a href=\"https:\/\/etab.ac-reunion.fr\/clg-tamarins\/wp-content\/uploads\/sites\/56\/2024\/08\/BAT-202405.0138_COLLEGE-TAMARINS-40P_compressed.pdf\"><img loading=\"lazy\" decoding=\"async\" aria-describedby=\"caption-attachment-4955\" class=\"wp-image-4955\" src=\"https:\/\/etab.ac-reunion.fr\/clg-tamarins\/wp-content\/uploads\/sites\/56\/2016\/12\/vignette-livretdacccueil.jpg\" width=\"160\" height=\"234\" srcset=\"https:\/\/etab.ac-reunion.fr\/clg-tamarins\/wp-content\/uploads\/sites\/56\/2016\/12\/vignette-livretdacccueil.jpg 200w, https:\/\/etab.ac-reunion.fr\/clg-tamarins\/wp-content\/uploads\/sites\/56\/2016\/12\/vignette-livretdacccueil-102x150.jpg 102w\" sizes=\"auto, (max-width: 160px) 100vw, 160px\" \/><\/a><p id=\"caption-attachment-4955\" class=\"wp-caption-text\">Livret d&rsquo;accueil<\/p><\/div>\n<p>&nbsp;<\/p>\n<p>&nbsp;<\/p>\n<p>&nbsp;<\/p>\n<p>&nbsp;<\/p>\n<p>&nbsp;<\/p>\n<p>&nbsp;<\/p>\n<p>&nbsp;<\/p>\n<p>&nbsp;<br \/>\n<br \/>\n\n\n<div class=\"su-posts su-posts-default-loop \">\n\n\t\n\t\t\t\t\t\n\t\t\t\n\t\t\t<div id=\"su-post-9776\" class=\"su-post \">\n\n\t\t\t\t\t\t\t\t\t<a class=\"su-post-thumbnail\" href=\"https:\/\/etab.ac-reunion.fr\/clg-tamarins\/orientation-3e-que-faire-apres-le-college\/\"><a href=\"https:\/\/etab.ac-reunion.fr\/clg-tamarins\/orientation-3e-que-faire-apres-le-college\/\" title=\"Orientation 3e: Que faire apr\u00e8s le coll\u00e8ge?\"><img loading=\"lazy\" decoding=\"async\" width=\"105\" height=\"150\" src=\"https:\/\/etab.ac-reunion.fr\/clg-tamarins\/wp-content\/uploads\/sites\/56\/2026\/02\/3eme_image-105x150.jpg\" class=\"attachment-post-thumbnail size-post-thumbnail wp-post-image\" alt=\"\" srcset=\"https:\/\/etab.ac-reunion.fr\/clg-tamarins\/wp-content\/uploads\/sites\/56\/2026\/02\/3eme_image-105x150.jpg 105w, https:\/\/etab.ac-reunion.fr\/clg-tamarins\/wp-content\/uploads\/sites\/56\/2026\/02\/3eme_image-209x300.jpg 209w, https:\/\/etab.ac-reunion.fr\/clg-tamarins\/wp-content\/uploads\/sites\/56\/2026\/02\/3eme_image.jpg 560w\" sizes=\"auto, (max-width: 105px) 100vw, 105px\" \/><\/a><\/a>\n\t\t\t\t\n\t\t\t\t<h2 class=\"su-post-title\"><a href=\"https:\/\/etab.ac-reunion.fr\/clg-tamarins\/orientation-3e-que-faire-apres-le-college\/\">Orientation 3e: Que faire apr\u00e8s le coll\u00e8ge?<\/a><\/h2>\n\n\t\t\t\t<div class=\"su-post-meta\">\n\t\t\t\t\tPubli\u00e9: 16 f\u00e9vrier 2026\t\t\t\t<\/div>\n\n\t\t\t\t<div class=\"su-post-excerpt\">\n\t\t\t\t\t<p>Vous trouverez ci-dessous les nouveaux guides de la R\u00e9gion, destin\u00e9s \u00e0 accompagner les \u00e9l\u00e8ves et leurs familles dans leurs choix d\u2019orientation: ORIENT\u2019A NOU &#8211; CAP vers un m\u00e9tier &#8211; 2026 ORIENT\u2019A NOU &#8211; Kossa nou f\u00e9 apr\u00e9 le bac &#8211; 2026 ORIENT\u2019A NOU &#8211; Ma voie apr\u00e8s la 3\u00e8me &#8211;\u2026<\/p>\n<p class=\"continue-reading-button\"> <a class=\"continue-reading-link\" href=\"https:\/\/etab.ac-reunion.fr\/clg-tamarins\/orientation-3e-que-faire-apres-le-college\/\">Continuer \u00e0 lire<i class=\"crycon-right-dir\"><\/i><\/a><\/p>\n\t\t\t\t<\/div>\n\n\t\t\t\t\n\t\t\t<\/div>\n\n\t\t\t\t\t\n\t\t\t\n\t\t\t<div id=\"su-post-9735\" class=\"su-post \">\n\n\t\t\t\t\t\t\t\t\t<a class=\"su-post-thumbnail\" href=\"https:\/\/etab.ac-reunion.fr\/clg-tamarins\/nouveau-dispositif-pour-aider-les-familles-p-a-s\/\"><a href=\"https:\/\/etab.ac-reunion.fr\/clg-tamarins\/nouveau-dispositif-pour-aider-les-familles-p-a-s\/\" title=\"Nouveau dispositif pour aider les familles: P.A.S\"><img loading=\"lazy\" decoding=\"async\" width=\"150\" height=\"106\" src=\"https:\/\/etab.ac-reunion.fr\/clg-tamarins\/wp-content\/uploads\/sites\/56\/2025\/12\/doc11525220251204084449_001-150x106.jpg\" class=\"attachment-post-thumbnail size-post-thumbnail wp-post-image\" alt=\"\" srcset=\"https:\/\/etab.ac-reunion.fr\/clg-tamarins\/wp-content\/uploads\/sites\/56\/2025\/12\/doc11525220251204084449_001-150x106.jpg 150w, https:\/\/etab.ac-reunion.fr\/clg-tamarins\/wp-content\/uploads\/sites\/56\/2025\/12\/doc11525220251204084449_001-300x212.jpg 300w, https:\/\/etab.ac-reunion.fr\/clg-tamarins\/wp-content\/uploads\/sites\/56\/2025\/12\/doc11525220251204084449_001-1024x724.jpg 1024w, https:\/\/etab.ac-reunion.fr\/clg-tamarins\/wp-content\/uploads\/sites\/56\/2025\/12\/doc11525220251204084449_001-768x543.jpg 768w, https:\/\/etab.ac-reunion.fr\/clg-tamarins\/wp-content\/uploads\/sites\/56\/2025\/12\/doc11525220251204084449_001-1536x1086.jpg 1536w, https:\/\/etab.ac-reunion.fr\/clg-tamarins\/wp-content\/uploads\/sites\/56\/2025\/12\/doc11525220251204084449_001-2048x1448.jpg 2048w\" sizes=\"auto, (max-width: 150px) 100vw, 150px\" \/><\/a><\/a>\n\t\t\t\t\n\t\t\t\t<h2 class=\"su-post-title\"><a href=\"https:\/\/etab.ac-reunion.fr\/clg-tamarins\/nouveau-dispositif-pour-aider-les-familles-p-a-s\/\">Nouveau dispositif pour aider les familles: P.A.S<\/a><\/h2>\n\n\t\t\t\t<div class=\"su-post-meta\">\n\t\t\t\t\tPubli\u00e9: 4 d\u00e9cembre 2025\t\t\t\t<\/div>\n\n\t\t\t\t<div class=\"su-post-excerpt\">\n\t\t\t\t\t<p>Document t\u00e9l\u00e9chargeable avec ce lien : brochure_PAS<\/p>\n<p class=\"continue-reading-button\"> <a class=\"continue-reading-link\" href=\"https:\/\/etab.ac-reunion.fr\/clg-tamarins\/nouveau-dispositif-pour-aider-les-familles-p-a-s\/\">Continuer \u00e0 lire<i class=\"crycon-right-dir\"><\/i><\/a><\/p>\n\t\t\t\t<\/div>\n\n\t\t\t\t\n\t\t\t<\/div>\n\n\t\t\t\t\t\n\t\t\t\n\t\t\t<div id=\"su-post-9700\" class=\"su-post \">\n\n\t\t\t\t\t\t\t\t\t<a class=\"su-post-thumbnail\" href=\"https:\/\/etab.ac-reunion.fr\/clg-tamarins\/comment-preparer-son-orientation-apres-la-3eme\/\"><a href=\"https:\/\/etab.ac-reunion.fr\/clg-tamarins\/comment-preparer-son-orientation-apres-la-3eme\/\" title=\"Comment pr\u00e9parer son orientation apr\u00e8s la 3\u00e8me\"><img loading=\"lazy\" decoding=\"async\" width=\"106\" height=\"150\" src=\"https:\/\/etab.ac-reunion.fr\/clg-tamarins\/wp-content\/uploads\/sites\/56\/2025\/11\/flyer_preparer_orientation_page1-106x150.jpg\" class=\"attachment-post-thumbnail size-post-thumbnail wp-post-image\" alt=\"\" srcset=\"https:\/\/etab.ac-reunion.fr\/clg-tamarins\/wp-content\/uploads\/sites\/56\/2025\/11\/flyer_preparer_orientation_page1-106x150.jpg 106w, https:\/\/etab.ac-reunion.fr\/clg-tamarins\/wp-content\/uploads\/sites\/56\/2025\/11\/flyer_preparer_orientation_page1-212x300.jpg 212w, https:\/\/etab.ac-reunion.fr\/clg-tamarins\/wp-content\/uploads\/sites\/56\/2025\/11\/flyer_preparer_orientation_page1-724x1024.jpg 724w, https:\/\/etab.ac-reunion.fr\/clg-tamarins\/wp-content\/uploads\/sites\/56\/2025\/11\/flyer_preparer_orientation_page1-768x1086.jpg 768w, https:\/\/etab.ac-reunion.fr\/clg-tamarins\/wp-content\/uploads\/sites\/56\/2025\/11\/flyer_preparer_orientation_page1-1086x1536.jpg 1086w, https:\/\/etab.ac-reunion.fr\/clg-tamarins\/wp-content\/uploads\/sites\/56\/2025\/11\/flyer_preparer_orientation_page1-1448x2048.jpg 1448w, https:\/\/etab.ac-reunion.fr\/clg-tamarins\/wp-content\/uploads\/sites\/56\/2025\/11\/flyer_preparer_orientation_page1-scaled.jpg 1810w\" sizes=\"auto, (max-width: 106px) 100vw, 106px\" \/><\/a><\/a>\n\t\t\t\t\n\t\t\t\t<h2 class=\"su-post-title\"><a href=\"https:\/\/etab.ac-reunion.fr\/clg-tamarins\/comment-preparer-son-orientation-apres-la-3eme\/\">Comment pr\u00e9parer son orientation apr\u00e8s la 3\u00e8me<\/a><\/h2>\n\n\t\t\t\t<div class=\"su-post-meta\">\n\t\t\t\t\tPubli\u00e9: 19 novembre 2025\t\t\t\t<\/div>\n\n\t\t\t\t<div class=\"su-post-excerpt\">\n\t\t\t\t\t<p class=\"continue-reading-button\"> <a class=\"continue-reading-link\" href=\"https:\/\/etab.ac-reunion.fr\/clg-tamarins\/comment-preparer-son-orientation-apres-la-3eme\/\">Continuer \u00e0 lire<i class=\"crycon-right-dir\"><\/i><\/a><\/p>\n\t\t\t\t<\/div>\n\n\t\t\t\t\n\t\t\t<\/div>\n\n\t\t\n\t\n<\/div>\n\n","protected":false},"excerpt":{"rendered":"<p>&nbsp; &nbsp; &nbsp; &nbsp; &nbsp; &nbsp; &nbsp; &nbsp;<\/p>\n<p class=\"continue-reading-button\"> <a class=\"continue-reading-link\" href=\"https:\/\/etab.ac-reunion.fr\/clg-tamarins\/comment-preparer-son-orientation-apres-la-3eme\/\">Continuer \u00e0 lire<i class=\"crycon-right-dir\"><\/i><\/a><\/p>\n","protected":false},"author":13730,"featured_media":0,"parent":0,"menu_order":0,"comment_status":"closed","ping_status":"closed","template":"","meta":{"footnotes":""},"class_list":["post-4776","page","type-page","status-publish","hentry"],"_links":{"self":[{"href":"https:\/\/etab.ac-reunion.fr\/clg-tamarins\/wp-json\/wp\/v2\/pages\/4776","targetHints":{"allow":["GET"]}}],"collection":[{"href":"https:\/\/etab.ac-reunion.fr\/clg-tamarins\/wp-json\/wp\/v2\/pages"}],"about":[{"href":"https:\/\/etab.ac-reunion.fr\/clg-tamarins\/wp-json\/wp\/v2\/types\/page"}],"author":[{"embeddable":true,"href":"https:\/\/etab.ac-reunion.fr\/clg-tamarins\/wp-json\/wp\/v2\/users\/13730"}],"replies":[{"embeddable":true,"href":"https:\/\/etab.ac-reunion.fr\/clg-tamarins\/wp-json\/wp\/v2\/comments?post=4776"}],"version-history":[{"count":12,"href":"https:\/\/etab.ac-reunion.fr\/clg-tamarins\/wp-json\/wp\/v2\/pages\/4776\/revisions"}],"predecessor-version":[{"id":9716,"href":"https:\/\/etab.ac-reunion.fr\/clg-tamarins\/wp-json\/wp\/v2\/pages\/4776\/revisions\/9716"}],"wp:attachment":[{"href":"https:\/\/etab.ac-reunion.fr\/clg-tamarins\/wp-json\/wp\/v2\/media?parent=4776"}],"curies":[{"name":"wp","href":"https:\/\/api.w.org\/{rel}","templated":true}]}}