{"id":4938,"date":"2016-12-12T09:33:54","date_gmt":"2016-12-12T05:33:54","guid":{"rendered":"http:\/\/college-les-tamarins.ac-reunion.fr\/?page_id=4938"},"modified":"2024-12-17T13:51:33","modified_gmt":"2024-12-17T09:51:33","slug":"discipline","status":"publish","type":"page","link":"https:\/\/etab.ac-reunion.fr\/clg-tamarins\/discipline\/","title":{"rendered":"Discipline"},"content":{"rendered":"<p>Les diff\u00e9rentes disciplines propos\u00e9es par le coll\u00e8ge <img decoding=\"async\" src=\"https:\/\/etab.ac-reunion.fr\/clg-tamarins\/wp-content\/plugins\/wp-edit\/plugins\/emoticons\/img\/smiley-smile.gif\" \/><\/p>\n<p><em><strong><span style=\"color: #ff0000\">Langues :\u00a0\u00a0<\/span>\u00a0\u00a0\u00a0\u00a0\u00a0<\/strong><\/em><\/p>\n<ul>\n<li>Fran\u00e7ais<\/li>\n<li>Histoire<\/li>\n<\/ul>\n<p><span style=\"color: #ff0000\"><em><strong>LV1 :<\/strong> <\/em><\/span><\/p>\n<ul>\n<li>Anglais<\/li>\n<\/ul>\n<p><span style=\"color: #ff0000\"><em><strong>LV2 :<\/strong> <\/em><\/span><\/p>\n<ul>\n<li>Espagnol<\/li>\n<li>Chinois<\/li>\n<\/ul>\n<p><span style=\"color: #ff0000\"><em><strong>Mati\u00e8res scientifiques :<\/strong><\/em><\/span><\/p>\n<ul>\n<li>Math\u00e9matiques<\/li>\n<li>Physique-Chimie<\/li>\n<li>SVT<\/li>\n<\/ul>\n<p><span style=\"color: #ff0000\"><em><strong>Artistiques :<\/strong> <\/em><\/span><\/p>\n<ul>\n<li>Arts-Plastiques<\/li>\n<li>Musique<\/li>\n<\/ul>\n<p><span style=\"color: #ff0000\"><em><strong>Technologie :<\/strong><\/em><\/span><\/p>\n<ul>\n<li>Technologie<\/li>\n<\/ul>\n<p><span style=\"color: #ff0000\"><em><strong>Sport :<\/strong> <\/em><\/span><\/p>\n<ul>\n<li>EPS<\/li>\n<\/ul>\n<p><span style=\"color: #ff0000\"><em><strong>Extra-Scolaire (options) :<\/strong> <\/em><\/span><\/p>\n<ul>\n<li>Orchestre<\/li>\n<li>Judo<\/li>\n<li>Europ\u00e9enne<\/li>\n<li>Th\u00e9\u00e2tre<\/li>\n<\/ul>\n","protected":false},"excerpt":{"rendered":"<p>Les diff\u00e9rentes disciplines propos\u00e9es par le coll\u00e8ge Langues :\u00a0\u00a0\u00a0\u00a0\u00a0\u00a0\u00a0 Fran\u00e7ais Histoire LV1 : Anglais LV2 : Espagnol Chinois Mati\u00e8res scientifiques : Math\u00e9matiques Physique-Chimie SVT Artistiques : Arts-Plastiques Musique Technologie : Technologie Sport : EPS Extra-Scolaire (options) : Orchestre Judo Europ\u00e9enne Th\u00e9\u00e2tre<\/p>\n<p class=\"continue-reading-button\"> <a class=\"continue-reading-link\" href=\"https:\/\/etab.ac-reunion.fr\/clg-tamarins\/discipline\/\">Continuer \u00e0 lire<i class=\"crycon-right-dir\"><\/i><\/a><\/p>\n","protected":false},"author":13730,"featured_media":0,"parent":0,"menu_order":0,"comment_status":"closed","ping_status":"closed","template":"","meta":{"footnotes":""},"class_list":["post-4938","page","type-page","status-publish","hentry"],"_links":{"self":[{"href":"https:\/\/etab.ac-reunion.fr\/clg-tamarins\/wp-json\/wp\/v2\/pages\/4938","targetHints":{"allow":["GET"]}}],"collection":[{"href":"https:\/\/etab.ac-reunion.fr\/clg-tamarins\/wp-json\/wp\/v2\/pages"}],"about":[{"href":"https:\/\/etab.ac-reunion.fr\/clg-tamarins\/wp-json\/wp\/v2\/types\/page"}],"author":[{"embeddable":true,"href":"https:\/\/etab.ac-reunion.fr\/clg-tamarins\/wp-json\/wp\/v2\/users\/13730"}],"replies":[{"embeddable":true,"href":"https:\/\/etab.ac-reunion.fr\/clg-tamarins\/wp-json\/wp\/v2\/comments?post=4938"}],"version-history":[{"count":10,"href":"https:\/\/etab.ac-reunion.fr\/clg-tamarins\/wp-json\/wp\/v2\/pages\/4938\/revisions"}],"predecessor-version":[{"id":9421,"href":"https:\/\/etab.ac-reunion.fr\/clg-tamarins\/wp-json\/wp\/v2\/pages\/4938\/revisions\/9421"}],"wp:attachment":[{"href":"https:\/\/etab.ac-reunion.fr\/clg-tamarins\/wp-json\/wp\/v2\/media?parent=4938"}],"curies":[{"name":"wp","href":"https:\/\/api.w.org\/{rel}","templated":true}]}}