{"id":4949,"date":"2016-12-12T09:42:38","date_gmt":"2016-12-12T05:42:38","guid":{"rendered":"http:\/\/college-les-tamarins.ac-reunion.fr\/?page_id=4949"},"modified":"2025-09-04T10:58:16","modified_gmt":"2025-09-04T06:58:16","slug":"service-de-gestion-bourse-et-demi-pension","status":"publish","type":"page","link":"https:\/\/etab.ac-reunion.fr\/clg-tamarins\/service-de-gestion-bourse-et-demi-pension\/","title":{"rendered":"Service de gestion : BOURSE et DEMI-PENSION"},"content":{"rendered":"<h1>Bourses<\/h1>\n<p>En d\u00e9but d\u2019ann\u00e9e scolaire un dossier de demande de bourses sera remis \u00e0 chaque \u00e9l\u00e8ve par l\u2019interm\u00e9diaire du professeur principal, celui-ci devra \u00eatre rempli et remis par le responsable l\u00e9gal de l\u2019\u00e9l\u00e8ve au secr\u00e9tariat de gestion avant la fin du mois de septembre; \u00e0 l\u2019issue de l\u2019instruction du dossier une notification de droit ou de non-droit est envoy\u00e9e par courrier.<\/p>\n<h1>Demi-pension<\/h1>\n<p>L\u2019inscription \u00e0 la demi-pension vaut pour l\u2019ann\u00e9e scolaire, tout changement sera accept\u00e9 uniquement s\u2019il est signal\u00e9 en fin de trimestre pour le trimestre suivant. Une facture est envoy\u00e9e dans le courant du trimestre pour les \u00e9l\u00e8ves non boursiers et ceux pour lesquels la bourse ne couvre pas enti\u00e8rement les frais de cantine.<\/p>\n<p>Le passage des \u00e9l\u00e8ves s\u2019effectue par niveau ainsi les premiers \u00e0 passer sont les 6\u00e8me les lundis, les 5\u00e8me les mardis, les 4\u00e8me les jeudis et les 3\u00e8me les vendredis.<\/p>\n<h1>D\u00e9t\u00e9riorations et d\u00e9gradations<\/h1>\n<p>En d\u00e9but d\u2019ann\u00e9e scolaire, des manuels, un carnet de liaison et une carte d\u2019acc\u00e8s \u00e0 la cantine (pour les nouveaux demi-pensionnaires) seront remis \u00e0 chaque \u00e9l\u00e8ve, toute perte ou d\u00e9gradation fera l\u2019objet d\u2019un remboursement selon les tarifs \u00e9tablis par le conseil d\u2019administration. Toute autre d\u00e9gradation de mat\u00e9riel (extincteurs, tables, chaises \u2026 ) peuvent \u00e9galement faire l\u2019objet d\u2019un remboursement.<\/p>\n<h4>Le service de gestion<\/h4>\n","protected":false},"excerpt":{"rendered":"<p>Bourses En d\u00e9but d\u2019ann\u00e9e scolaire un dossier de demande de bourses sera remis \u00e0 chaque \u00e9l\u00e8ve par l\u2019interm\u00e9diaire du professeur principal, celui-ci devra \u00eatre rempli et remis par le responsable l\u00e9gal de l\u2019\u00e9l\u00e8ve au secr\u00e9tariat de gestion avant la fin du mois de septembre; \u00e0 l\u2019issue de l\u2019instruction du dossier\u2026<\/p>\n<p class=\"continue-reading-button\"> <a class=\"continue-reading-link\" href=\"https:\/\/etab.ac-reunion.fr\/clg-tamarins\/service-de-gestion-bourse-et-demi-pension\/\">Continuer \u00e0 lire<i class=\"crycon-right-dir\"><\/i><\/a><\/p>\n","protected":false},"author":13730,"featured_media":0,"parent":0,"menu_order":0,"comment_status":"closed","ping_status":"closed","template":"","meta":{"footnotes":""},"class_list":["post-4949","page","type-page","status-publish","hentry"],"_links":{"self":[{"href":"https:\/\/etab.ac-reunion.fr\/clg-tamarins\/wp-json\/wp\/v2\/pages\/4949","targetHints":{"allow":["GET"]}}],"collection":[{"href":"https:\/\/etab.ac-reunion.fr\/clg-tamarins\/wp-json\/wp\/v2\/pages"}],"about":[{"href":"https:\/\/etab.ac-reunion.fr\/clg-tamarins\/wp-json\/wp\/v2\/types\/page"}],"author":[{"embeddable":true,"href":"https:\/\/etab.ac-reunion.fr\/clg-tamarins\/wp-json\/wp\/v2\/users\/13730"}],"replies":[{"embeddable":true,"href":"https:\/\/etab.ac-reunion.fr\/clg-tamarins\/wp-json\/wp\/v2\/comments?post=4949"}],"version-history":[{"count":5,"href":"https:\/\/etab.ac-reunion.fr\/clg-tamarins\/wp-json\/wp\/v2\/pages\/4949\/revisions"}],"predecessor-version":[{"id":9613,"href":"https:\/\/etab.ac-reunion.fr\/clg-tamarins\/wp-json\/wp\/v2\/pages\/4949\/revisions\/9613"}],"wp:attachment":[{"href":"https:\/\/etab.ac-reunion.fr\/clg-tamarins\/wp-json\/wp\/v2\/media?parent=4949"}],"curies":[{"name":"wp","href":"https:\/\/api.w.org\/{rel}","templated":true}]}}