{"id":5619,"date":"2017-02-22T10:32:42","date_gmt":"2017-02-22T06:32:42","guid":{"rendered":"http:\/\/college-les-tamarins.ac-reunion.fr\/?page_id=5619"},"modified":"2020-08-20T14:49:45","modified_gmt":"2020-08-20T10:49:45","slug":"linfirmiere-2-2","status":"publish","type":"page","link":"https:\/\/etab.ac-reunion.fr\/clg-tamarins\/linfirmiere-2-2\/","title":{"rendered":"L&rsquo;infirmi\u00e8re"},"content":{"rendered":"<p>&nbsp;<\/p>\n<p>Bienvenue sur le livret d&rsquo;accueil 2020-2021<\/p>\n<table cellspacing=\"4px\">\n<tbody>\n<tr>\n<td valign=\"Top\" width=\"200px\"><a href=\"https:\/\/etab.ac-reunion.fr\/clg-tamarins\/wp-content\/uploads\/sites\/56\/2020\/08\/livret-2020_2021.pdf\">Livret d&rsquo;accueil (PDF)<\/a><\/p>\n<p><a href=\"#\">Fonctionnement du coll\u00e8ge<\/a><br \/>\n<em><span style=\"color: #ff0000\">R\u00f4le de chacun :<\/span><\/em><em><br \/>\n<\/em>\u00a0\u2022<a href=\"https:\/\/etab.ac-reunion.fr\/clg-tamarins\/le-principal-2\/\">\u00a0Principal<br \/>\n<\/a><a href=\"https:\/\/etab.ac-reunion.fr\/clg-tamarins\/principale-adjointe-2\/\">\u2022\u00a0Principale-adjointe<\/a><br \/>\n<a href=\"https:\/\/etab.ac-reunion.fr\/clg-tamarins\/service-de-gestion\/\">\u2022\u00a0Service de gestion<\/a><br \/>\n<a href=\"https:\/\/etab.ac-reunion.fr\/clg-tamarins\/cp2\/\">\u2022\u00a0CPE<\/a><br \/>\n<a href=\"https:\/\/etab.ac-reunion.fr\/clg-tamarins\/secretaire-de-direction-2\/\">\u2022\u00a0Secr\u00e9taire de direction<\/a><br \/>\n<a href=\"https:\/\/etab.ac-reunion.fr\/clg-tamarins\/la-documentaliste\/\">\u2022\u00a0Documentaliste<\/a><br \/>\n<a href=\"https:\/\/etab.ac-reunion.fr\/clg-tamarins\/linfirmiere-2-2\/\">\u2022\u00a0Infirmi\u00e8re<\/a><br \/>\n<a href=\"https:\/\/etab.ac-reunion.fr\/clg-tamarins\/lassistante-sociale\/\">\u2022\u00a0Assistante sociale<\/a><br \/>\n<a href=\"https:\/\/etab.ac-reunion.fr\/clg-tamarins\/copsy\/\">\u2022\u00a0COPSY<\/a><\/p>\n<p>&nbsp;<\/p>\n<p><a href=\"https:\/\/etab.ac-reunion.fr\/clg-tamarins\/2017-livret-daccueil\/\">Revenir au menu initial<\/a><\/p>\n<p>&nbsp;<\/p>\n<p>&nbsp;<\/p>\n<p>&nbsp;<\/p>\n<p>&nbsp;<\/td>\n<td valign=\"Top\" width=\"1px\"><\/td>\n<td valign=\"Top\" width=\"660px\">\n<h2 style=\"text-align: center\"><\/h2>\n<div class='et-box et-bio'>\n\t\t\t\t\t<div class='et-box-content'>Les infirmi\u00e8res assurent les soins infirmiers et l\u2019\u00e9coute des \u00e9l\u00e8ves.\nElles proposent \u00e9galement des actions de pr\u00e9vention en mati\u00e8re d\u2019alimentation, de consommation d\u2019alcool et de drogues et de sexualit\u00e9.\nLes deux infirmi\u00e8res partagent leur temps de travail entre le coll\u00e8ge et les \u00e9coles de secteur.<\/div><\/div>\n<div class='et-box et-warning'>\n\t\t\t\t\t<div class='et-box-content'>A retenir : sauf urgence, l&rsquo;\u00e9l\u00e8ve se rend \u00e0 l&rsquo;infirmerie pendant les r\u00e9cr\u00e9ations ou les inter-cours.<\/div><\/div>\n<h6><\/h6>\n<h6>Voir la vid\u00e9o du DVD:<\/h6>\n<div style=\"width:640px\"><div id=\"su_video_player_69e496c91520f\" class=\"su-video jp-video su-video-controls-yes\" data-id=\"su_video_player_69e496c91520f\" data-video=\"https:\/\/etab.ac-reunion.fr\/clg-tamarins\/wp-content\/uploads\/sites\/56\/2017\/07\/infirmiere.mp4\" data-swf=\"https:\/\/etab.ac-reunion.fr\/clg-tamarins\/wp-content\/plugins\/shortcodes-ultimate\/vendor\/jplayer\/jplayer.swf\" data-autoplay=\"no\" data-loop=\"no\" data-poster=\"\"><div id=\"su_video_player_69e496c91520f_player\" class=\"jp-jplayer\" style=\"width:640px;height:480px\"><\/div><div class=\"jp-title\"><\/div><div class=\"jp-start jp-play\"><\/div><div class=\"jp-gui\"><div class=\"jp-interface\"><div class=\"jp-progress\"><div class=\"jp-seek-bar\"><div class=\"jp-play-bar\"><\/div><\/div><\/div><div class=\"jp-current-time\"><\/div><div class=\"jp-duration\"><\/div><div class=\"jp-controls-holder\"><span class=\"jp-play\"><\/span><span class=\"jp-pause\"><\/span><span class=\"jp-mute\"><\/span><span class=\"jp-unmute\"><\/span><span class=\"jp-full-screen\"><\/span><span class=\"jp-restore-screen\"><\/span><div class=\"jp-volume-bar\"><div class=\"jp-volume-bar-value\"><\/div><\/div><\/div><\/div><\/div><\/div><\/div>\n<p>&nbsp;<\/td>\n<\/tr>\n<\/tbody>\n<\/table>\n<p>&nbsp;<\/p>\n<p>&nbsp;<\/p>\n","protected":false},"excerpt":{"rendered":"<p>&nbsp; Bienvenue sur le livret d&rsquo;accueil 2020-2021 Livret d&rsquo;accueil (PDF) Fonctionnement du coll\u00e8ge R\u00f4le de chacun : \u00a0\u2022\u00a0Principal \u2022\u00a0Principale-adjointe \u2022\u00a0Service de gestion \u2022\u00a0CPE \u2022\u00a0Secr\u00e9taire de direction \u2022\u00a0Documentaliste \u2022\u00a0Infirmi\u00e8re \u2022\u00a0Assistante sociale \u2022\u00a0COPSY &nbsp; Revenir au menu initial &nbsp; &nbsp; &nbsp; &nbsp; Voir la vid\u00e9o du DVD: &nbsp; &nbsp; &nbsp;<\/p>\n<p class=\"continue-reading-button\"> <a class=\"continue-reading-link\" href=\"https:\/\/etab.ac-reunion.fr\/clg-tamarins\/linfirmiere-2-2\/\">Continuer \u00e0 lire<i class=\"crycon-right-dir\"><\/i><\/a><\/p>\n","protected":false},"author":13730,"featured_media":0,"parent":0,"menu_order":0,"comment_status":"closed","ping_status":"closed","template":"","meta":{"footnotes":""},"class_list":["post-5619","page","type-page","status-publish","hentry"],"_links":{"self":[{"href":"https:\/\/etab.ac-reunion.fr\/clg-tamarins\/wp-json\/wp\/v2\/pages\/5619","targetHints":{"allow":["GET"]}}],"collection":[{"href":"https:\/\/etab.ac-reunion.fr\/clg-tamarins\/wp-json\/wp\/v2\/pages"}],"about":[{"href":"https:\/\/etab.ac-reunion.fr\/clg-tamarins\/wp-json\/wp\/v2\/types\/page"}],"author":[{"embeddable":true,"href":"https:\/\/etab.ac-reunion.fr\/clg-tamarins\/wp-json\/wp\/v2\/users\/13730"}],"replies":[{"embeddable":true,"href":"https:\/\/etab.ac-reunion.fr\/clg-tamarins\/wp-json\/wp\/v2\/comments?post=5619"}],"version-history":[{"count":19,"href":"https:\/\/etab.ac-reunion.fr\/clg-tamarins\/wp-json\/wp\/v2\/pages\/5619\/revisions"}],"predecessor-version":[{"id":7636,"href":"https:\/\/etab.ac-reunion.fr\/clg-tamarins\/wp-json\/wp\/v2\/pages\/5619\/revisions\/7636"}],"wp:attachment":[{"href":"https:\/\/etab.ac-reunion.fr\/clg-tamarins\/wp-json\/wp\/v2\/media?parent=5619"}],"curies":[{"name":"wp","href":"https:\/\/api.w.org\/{rel}","templated":true}]}}