{"id":5631,"date":"2017-02-22T10:43:25","date_gmt":"2017-02-22T06:43:25","guid":{"rendered":"http:\/\/college-les-tamarins.ac-reunion.fr\/?page_id=5631"},"modified":"2020-08-20T14:49:31","modified_gmt":"2020-08-20T10:49:31","slug":"lassistante-sociale","status":"publish","type":"page","link":"https:\/\/etab.ac-reunion.fr\/clg-tamarins\/lassistante-sociale\/","title":{"rendered":"L&rsquo;assistante sociale"},"content":{"rendered":"<p>&nbsp;<\/p>\n<p>Bienvenue sur le livret d&rsquo;accueil 2020-2021<\/p>\n<table cellspacing=\"4px\">\n<tbody>\n<tr>\n<td valign=\"Top\" width=\"200px\"><a href=\"https:\/\/etab.ac-reunion.fr\/clg-tamarins\/wp-content\/uploads\/sites\/56\/2020\/08\/livret-2020_2021.pdf\">Livret d&rsquo;accueil (PDF)<\/a><\/p>\n<p><a href=\"#\">Fonctionnement du coll\u00e8ge<\/a><br \/>\n<em><span style=\"color: #ff0000\">R\u00f4le de chacun :<\/span><\/em><em><br \/>\n<\/em>\u00a0\u2022<a href=\"https:\/\/etab.ac-reunion.fr\/clg-tamarins\/le-principal-2\/\">\u00a0Principal<br \/>\n<\/a><a href=\"https:\/\/etab.ac-reunion.fr\/clg-tamarins\/principale-adjointe-2\/\">\u2022\u00a0Principale-adjointe<\/a><br \/>\n<a href=\"https:\/\/etab.ac-reunion.fr\/clg-tamarins\/service-de-gestion\/\">\u2022\u00a0Service de gestion<\/a><br \/>\n<a href=\"https:\/\/etab.ac-reunion.fr\/clg-tamarins\/cp2\/\">\u2022\u00a0CPE<\/a><br \/>\n<a href=\"https:\/\/etab.ac-reunion.fr\/clg-tamarins\/secretaire-de-direction-2\/\">\u2022\u00a0Secr\u00e9taire de direction<\/a><br \/>\n<a href=\"https:\/\/etab.ac-reunion.fr\/clg-tamarins\/la-documentaliste\/\">\u2022\u00a0Documentaliste<\/a><br \/>\n<a href=\"https:\/\/etab.ac-reunion.fr\/clg-tamarins\/linfirmiere-2-2\/\">\u2022\u00a0Infirmi\u00e8re<\/a><br \/>\n<a href=\"https:\/\/etab.ac-reunion.fr\/clg-tamarins\/lassistante-sociale\/\">\u2022\u00a0Assistante sociale<\/a><br \/>\n<a href=\"https:\/\/etab.ac-reunion.fr\/clg-tamarins\/copsy\/\">\u2022\u00a0COPSY<\/a><\/p>\n<p>&nbsp;<\/p>\n<p><a href=\"https:\/\/etab.ac-reunion.fr\/clg-tamarins\/2017-livret-daccueil\/\">Revenir au menu initial<\/a><\/p>\n<p>&nbsp;<\/p>\n<p>&nbsp;<\/p>\n<p>&nbsp;<\/p>\n<p>&nbsp;<\/td>\n<td valign=\"Top\" width=\"1px\"><\/td>\n<td valign=\"Top\" width=\"660px\">\n<h2 style=\"text-align: center\"><\/h2>\n<div class='et-box et-bio'>\n\t\t\t\t\t<div class='et-box-content'>Elle re\u00e7oit et \u00e9coute les \u00e9l\u00e8ves, elle les aide \u00e0 construire leur projet personnel, participe \u00e0 l&rsquo;orientation et au suivi des \u00e9l\u00e8ves en difficult\u00e9.<\/div><\/div>\n<h6>Voir la vid\u00e9o du DVD:<\/h6>\n<div style=\"width:640px\"><div id=\"su_video_player_69e074f749fd7\" class=\"su-video jp-video su-video-controls-yes\" data-id=\"su_video_player_69e074f749fd7\" data-video=\"https:\/\/etab.ac-reunion.fr\/clg-tamarins\/wp-content\/uploads\/sites\/56\/2014\/07\/Lassistantesociale-hight-640x480.flv\" data-swf=\"https:\/\/etab.ac-reunion.fr\/clg-tamarins\/wp-content\/plugins\/shortcodes-ultimate\/vendor\/jplayer\/jplayer.swf\" data-autoplay=\"no\" data-loop=\"no\" data-poster=\"https:\/\/etab.ac-reunion.fr\/clg-tamarins\/wp-content\/uploads\/sites\/56\/2014\/06\/vignette-La-Lassistantesociale-hight-1.jpg\"><div id=\"su_video_player_69e074f749fd7_player\" class=\"jp-jplayer\" style=\"width:640px;height:480px\"><\/div><div class=\"jp-title\"><\/div><div class=\"jp-start jp-play\"><\/div><div class=\"jp-gui\"><div class=\"jp-interface\"><div class=\"jp-progress\"><div class=\"jp-seek-bar\"><div class=\"jp-play-bar\"><\/div><\/div><\/div><div class=\"jp-current-time\"><\/div><div class=\"jp-duration\"><\/div><div class=\"jp-controls-holder\"><span class=\"jp-play\"><\/span><span class=\"jp-pause\"><\/span><span class=\"jp-mute\"><\/span><span class=\"jp-unmute\"><\/span><span class=\"jp-full-screen\"><\/span><span class=\"jp-restore-screen\"><\/span><div class=\"jp-volume-bar\"><div class=\"jp-volume-bar-value\"><\/div><\/div><\/div><\/div><\/div><\/div><\/div>\n<p>&nbsp;<\/td>\n<\/tr>\n<\/tbody>\n<\/table>\n","protected":false},"excerpt":{"rendered":"<p>&nbsp; Bienvenue sur le livret d&rsquo;accueil 2020-2021 Livret d&rsquo;accueil (PDF) Fonctionnement du coll\u00e8ge R\u00f4le de chacun : \u00a0\u2022\u00a0Principal \u2022\u00a0Principale-adjointe \u2022\u00a0Service de gestion \u2022\u00a0CPE \u2022\u00a0Secr\u00e9taire de direction \u2022\u00a0Documentaliste \u2022\u00a0Infirmi\u00e8re \u2022\u00a0Assistante sociale \u2022\u00a0COPSY &nbsp; Revenir au menu initial &nbsp; &nbsp; &nbsp; &nbsp; Voir la vid\u00e9o du DVD: &nbsp;<\/p>\n<p class=\"continue-reading-button\"> <a class=\"continue-reading-link\" href=\"https:\/\/etab.ac-reunion.fr\/clg-tamarins\/lassistante-sociale\/\">Continuer \u00e0 lire<i class=\"crycon-right-dir\"><\/i><\/a><\/p>\n","protected":false},"author":13730,"featured_media":0,"parent":0,"menu_order":0,"comment_status":"closed","ping_status":"closed","template":"","meta":{"footnotes":""},"class_list":["post-5631","page","type-page","status-publish","hentry"],"_links":{"self":[{"href":"https:\/\/etab.ac-reunion.fr\/clg-tamarins\/wp-json\/wp\/v2\/pages\/5631","targetHints":{"allow":["GET"]}}],"collection":[{"href":"https:\/\/etab.ac-reunion.fr\/clg-tamarins\/wp-json\/wp\/v2\/pages"}],"about":[{"href":"https:\/\/etab.ac-reunion.fr\/clg-tamarins\/wp-json\/wp\/v2\/types\/page"}],"author":[{"embeddable":true,"href":"https:\/\/etab.ac-reunion.fr\/clg-tamarins\/wp-json\/wp\/v2\/users\/13730"}],"replies":[{"embeddable":true,"href":"https:\/\/etab.ac-reunion.fr\/clg-tamarins\/wp-json\/wp\/v2\/comments?post=5631"}],"version-history":[{"count":12,"href":"https:\/\/etab.ac-reunion.fr\/clg-tamarins\/wp-json\/wp\/v2\/pages\/5631\/revisions"}],"predecessor-version":[{"id":7635,"href":"https:\/\/etab.ac-reunion.fr\/clg-tamarins\/wp-json\/wp\/v2\/pages\/5631\/revisions\/7635"}],"wp:attachment":[{"href":"https:\/\/etab.ac-reunion.fr\/clg-tamarins\/wp-json\/wp\/v2\/media?parent=5631"}],"curies":[{"name":"wp","href":"https:\/\/api.w.org\/{rel}","templated":true}]}}