{"id":9103,"date":"2024-04-22T08:38:13","date_gmt":"2024-04-22T04:38:13","guid":{"rendered":"https:\/\/etab.ac-reunion.fr\/clg-tamarins\/?page_id=9103"},"modified":"2024-08-28T10:55:29","modified_gmt":"2024-08-28T06:55:29","slug":"livret-daccueil-college-les-tamarins","status":"publish","type":"page","link":"https:\/\/etab.ac-reunion.fr\/clg-tamarins\/livret-daccueil-college-les-tamarins\/","title":{"rendered":"Livret d&rsquo;accueil"},"content":{"rendered":"<p>Bienvenue sur le livret d&rsquo;accueil 2024-2025<\/p>\n<hr \/>\n<h2><\/h2>\n<h2><img loading=\"lazy\" decoding=\"async\" class=\"alignleft wp-image-9322 \" src=\"https:\/\/etab.ac-reunion.fr\/clg-tamarins\/wp-content\/uploads\/sites\/56\/2024\/08\/BAT-202405.0138_COLLEGE-TAMARINS-40P-212x300.jpg\" alt=\"\" width=\"483\" height=\"684\" srcset=\"https:\/\/etab.ac-reunion.fr\/clg-tamarins\/wp-content\/uploads\/sites\/56\/2024\/08\/BAT-202405.0138_COLLEGE-TAMARINS-40P-212x300.jpg 212w, https:\/\/etab.ac-reunion.fr\/clg-tamarins\/wp-content\/uploads\/sites\/56\/2024\/08\/BAT-202405.0138_COLLEGE-TAMARINS-40P-724x1024.jpg 724w, https:\/\/etab.ac-reunion.fr\/clg-tamarins\/wp-content\/uploads\/sites\/56\/2024\/08\/BAT-202405.0138_COLLEGE-TAMARINS-40P-768x1086.jpg 768w, https:\/\/etab.ac-reunion.fr\/clg-tamarins\/wp-content\/uploads\/sites\/56\/2024\/08\/BAT-202405.0138_COLLEGE-TAMARINS-40P-1086x1536.jpg 1086w, https:\/\/etab.ac-reunion.fr\/clg-tamarins\/wp-content\/uploads\/sites\/56\/2024\/08\/BAT-202405.0138_COLLEGE-TAMARINS-40P-106x150.jpg 106w, https:\/\/etab.ac-reunion.fr\/clg-tamarins\/wp-content\/uploads\/sites\/56\/2024\/08\/BAT-202405.0138_COLLEGE-TAMARINS-40P.jpg 1240w\" sizes=\"auto, (max-width: 483px) 100vw, 483px\" \/><\/h2>\n<p><em>Le livret d&rsquo;accueil est un outil pour les parents qui inscrivent leur enfant en sixi\u00e8me au coll\u00e8ge.<\/em><\/p>\n<p><em><strong>Le livret explique diff\u00e9rentes choses :<\/strong><\/em><\/p>\n<ul>&#8211; Le fonctionnement du coll\u00e8ge,<\/ul>\n<ul>\u00a0&#8211; Le r\u00f4le de parent pour aider son enfant qui entre au coll\u00e8ge,<\/ul>\n<ul>&#8211; Le m\u00e9tier de coll\u00e9gien.<\/ul>\n<p>&nbsp;<\/p>\n<p><strong><em>Voici un lien du livret en format PDF t\u00e9l\u00e9chargeable:<\/em><\/strong><\/p>\n<p><a href=\"https:\/\/etab.ac-reunion.fr\/clg-tamarins\/wp-content\/uploads\/sites\/56\/2024\/08\/BAT-202405.0138_COLLEGE-TAMARINS-40P_compressed.pdf\"><strong>&#8211; Livret d&rsquo;accueil 2024-2025<\/strong><\/a><\/p>\n<p><em><strong>Autre lien du r\u00e8glement int\u00e9rieur simplifi\u00e9 en format PDF t\u00e9l\u00e9chargeable :<\/strong><\/em><\/p>\n<p><a href=\"https:\/\/etab.ac-reunion.fr\/clg-tamarins\/wp-content\/uploads\/sites\/56\/2020\/08\/partie-1-r\u00e8glement-simplifi\u00e9-du-coll\u00e8ge.pdf\"><strong>&#8211; R\u00e9glement int\u00e9rieur simplifi\u00e9<\/strong><\/a><\/p>\n<p><strong>\u00a0<\/strong><\/p>\n","protected":false},"excerpt":{"rendered":"<p>Bienvenue sur le livret d&rsquo;accueil 2024-2025 Le livret d&rsquo;accueil est un outil pour les parents qui inscrivent leur enfant en sixi\u00e8me au coll\u00e8ge. Le livret explique diff\u00e9rentes choses : &#8211; Le fonctionnement du coll\u00e8ge, \u00a0&#8211; Le r\u00f4le de parent pour aider son enfant qui entre au coll\u00e8ge, &#8211; Le m\u00e9tier\u2026<\/p>\n<p class=\"continue-reading-button\"> <a class=\"continue-reading-link\" href=\"https:\/\/etab.ac-reunion.fr\/clg-tamarins\/livret-daccueil-college-les-tamarins\/\">Continuer \u00e0 lire<i class=\"crycon-right-dir\"><\/i><\/a><\/p>\n","protected":false},"author":30567,"featured_media":0,"parent":0,"menu_order":0,"comment_status":"closed","ping_status":"closed","template":"","meta":{"footnotes":""},"class_list":["post-9103","page","type-page","status-publish","hentry"],"_links":{"self":[{"href":"https:\/\/etab.ac-reunion.fr\/clg-tamarins\/wp-json\/wp\/v2\/pages\/9103","targetHints":{"allow":["GET"]}}],"collection":[{"href":"https:\/\/etab.ac-reunion.fr\/clg-tamarins\/wp-json\/wp\/v2\/pages"}],"about":[{"href":"https:\/\/etab.ac-reunion.fr\/clg-tamarins\/wp-json\/wp\/v2\/types\/page"}],"author":[{"embeddable":true,"href":"https:\/\/etab.ac-reunion.fr\/clg-tamarins\/wp-json\/wp\/v2\/users\/30567"}],"replies":[{"embeddable":true,"href":"https:\/\/etab.ac-reunion.fr\/clg-tamarins\/wp-json\/wp\/v2\/comments?post=9103"}],"version-history":[{"count":9,"href":"https:\/\/etab.ac-reunion.fr\/clg-tamarins\/wp-json\/wp\/v2\/pages\/9103\/revisions"}],"predecessor-version":[{"id":9107,"href":"https:\/\/etab.ac-reunion.fr\/clg-tamarins\/wp-json\/wp\/v2\/pages\/9103\/revisions\/9107"}],"wp:attachment":[{"href":"https:\/\/etab.ac-reunion.fr\/clg-tamarins\/wp-json\/wp\/v2\/media?parent=9103"}],"curies":[{"name":"wp","href":"https:\/\/api.w.org\/{rel}","templated":true}]}}