{"id":348,"date":"2014-02-18T08:56:43","date_gmt":"2014-02-18T07:56:43","guid":{"rendered":"http:\/\/college-terrain-fayard-tmp.ac-reunion.fr\/?page_id=348"},"modified":"2024-09-13T11:53:57","modified_gmt":"2024-09-13T07:53:57","slug":"mentions-legales","status":"publish","type":"page","link":"https:\/\/etab.ac-reunion.fr\/clg-terrain-fayard\/mentions-legales\/","title":{"rendered":"Mentions l\u00e9gales"},"content":{"rendered":"<p>\u00c9diteur du site<\/p>\n<p>Coll\u00e8ge Terrain Fayard<\/p>\n<p>1395 chemin du centre 97440 Saint-Andr\u00e9<\/p>\n<p>Responsable\u00a0de la publication<br \/>\nMme SAKOT, Principale<\/p>\n<p>Webmestre :<br \/>\nVALLY Laurent, Professeur de Technologie<\/p>\n<p><em>Toute reproduction partielle ou enti\u00e8re du site sans autorisation est interdite.<\/em><\/p>\n","protected":false},"excerpt":{"rendered":"<p>\u00c9diteur du site Coll\u00e8ge Terrain Fayard 1395 chemin du centre 97440 Saint-Andr\u00e9 Responsable\u00a0de la publication Mme SAKOT, Principale Webmestre : VALLY Laurent, Professeur de Technologie Toute reproduction partielle ou enti\u00e8re du site sans autorisation est interdite.<\/p>\n<p> <a class=\"continue-reading-link\" href=\"https:\/\/etab.ac-reunion.fr\/clg-terrain-fayard\/mentions-legales\/\"><span>Lire plus<\/span><i class=\"crycon-right-dir\"><\/i><\/a> <\/p>\n","protected":false},"author":12914,"featured_media":0,"parent":0,"menu_order":0,"comment_status":"open","ping_status":"closed","template":"","meta":{"footnotes":""},"class_list":["post-348","page","type-page","status-publish","hentry"],"_links":{"self":[{"href":"https:\/\/etab.ac-reunion.fr\/clg-terrain-fayard\/wp-json\/wp\/v2\/pages\/348","targetHints":{"allow":["GET"]}}],"collection":[{"href":"https:\/\/etab.ac-reunion.fr\/clg-terrain-fayard\/wp-json\/wp\/v2\/pages"}],"about":[{"href":"https:\/\/etab.ac-reunion.fr\/clg-terrain-fayard\/wp-json\/wp\/v2\/types\/page"}],"author":[{"embeddable":true,"href":"https:\/\/etab.ac-reunion.fr\/clg-terrain-fayard\/wp-json\/wp\/v2\/users\/12914"}],"replies":[{"embeddable":true,"href":"https:\/\/etab.ac-reunion.fr\/clg-terrain-fayard\/wp-json\/wp\/v2\/comments?post=348"}],"version-history":[{"count":7,"href":"https:\/\/etab.ac-reunion.fr\/clg-terrain-fayard\/wp-json\/wp\/v2\/pages\/348\/revisions"}],"predecessor-version":[{"id":4955,"href":"https:\/\/etab.ac-reunion.fr\/clg-terrain-fayard\/wp-json\/wp\/v2\/pages\/348\/revisions\/4955"}],"wp:attachment":[{"href":"https:\/\/etab.ac-reunion.fr\/clg-terrain-fayard\/wp-json\/wp\/v2\/media?parent=348"}],"curies":[{"name":"wp","href":"https:\/\/api.w.org\/{rel}","templated":true}]}}