{"id":4325,"date":"2023-09-13T19:21:24","date_gmt":"2023-09-13T15:21:24","guid":{"rendered":"https:\/\/etab.ac-reunion.fr\/clg-terrain-fayard\/?page_id=4325"},"modified":"2023-09-13T19:25:17","modified_gmt":"2023-09-13T15:25:17","slug":"recuperer-son-mot-de-passe-educonnect","status":"publish","type":"page","link":"https:\/\/etab.ac-reunion.fr\/clg-terrain-fayard\/recuperer-son-mot-de-passe-educonnect\/","title":{"rendered":"R\u00e9cup\u00e9rer son mot de passe Educonnect"},"content":{"rendered":"\n<p>Pour r\u00e9cup\u00e9rer un mot de passe perdu consultez votre mail o\u00f9 l\u2019identifiant Educonnect vous a \u00e9t\u00e9 envoy\u00e9. Rendez vous ensuite sur la page de connexion Educonnect puis cliquez sur Mot de passe oubli\u00e9.<\/p>\n\n\n\n<figure class=\"wp-block-image size-large\"><img loading=\"lazy\" decoding=\"async\" width=\"609\" height=\"400\" src=\"https:\/\/etab.ac-reunion.fr\/clg-terrain-fayard\/wp-content\/uploads\/sites\/51\/2023\/09\/Mdp-oublie-609x400.png\" alt=\"\" class=\"wp-image-4326\" srcset=\"https:\/\/etab.ac-reunion.fr\/clg-terrain-fayard\/wp-content\/uploads\/sites\/51\/2023\/09\/Mdp-oublie-609x400.png 609w, https:\/\/etab.ac-reunion.fr\/clg-terrain-fayard\/wp-content\/uploads\/sites\/51\/2023\/09\/Mdp-oublie-305x200.png 305w, https:\/\/etab.ac-reunion.fr\/clg-terrain-fayard\/wp-content\/uploads\/sites\/51\/2023\/09\/Mdp-oublie-207x136.png 207w, https:\/\/etab.ac-reunion.fr\/clg-terrain-fayard\/wp-content\/uploads\/sites\/51\/2023\/09\/Mdp-oublie-260x170.png 260w, https:\/\/etab.ac-reunion.fr\/clg-terrain-fayard\/wp-content\/uploads\/sites\/51\/2023\/09\/Mdp-oublie-430x283.png 430w, https:\/\/etab.ac-reunion.fr\/clg-terrain-fayard\/wp-content\/uploads\/sites\/51\/2023\/09\/Mdp-oublie.png 740w\" sizes=\"auto, (max-width: 609px) 100vw, 609px\" \/><\/figure>\n\n\n\n<p>Entrez l&rsquo;identifiant de votre compte. <\/p>\n\n\n\n<figure class=\"wp-block-image size-large\"><img loading=\"lazy\" decoding=\"async\" width=\"628\" height=\"400\" src=\"https:\/\/etab.ac-reunion.fr\/clg-terrain-fayard\/wp-content\/uploads\/sites\/51\/2023\/09\/mode-recup-628x400.png\" alt=\"\" class=\"wp-image-4327\" srcset=\"https:\/\/etab.ac-reunion.fr\/clg-terrain-fayard\/wp-content\/uploads\/sites\/51\/2023\/09\/mode-recup-628x400.png 628w, https:\/\/etab.ac-reunion.fr\/clg-terrain-fayard\/wp-content\/uploads\/sites\/51\/2023\/09\/mode-recup-314x200.png 314w, https:\/\/etab.ac-reunion.fr\/clg-terrain-fayard\/wp-content\/uploads\/sites\/51\/2023\/09\/mode-recup-768x489.png 768w, https:\/\/etab.ac-reunion.fr\/clg-terrain-fayard\/wp-content\/uploads\/sites\/51\/2023\/09\/mode-recup.png 827w\" sizes=\"auto, (max-width: 628px) 100vw, 628px\" \/><\/figure>\n\n\n\n<p>Choisissez le mode de r\u00e9cup\u00e9ration.<\/p>\n\n\n\n<ul class=\"wp-block-list\">\n<li><strong>Par sms<\/strong><br><br>ATTENTION! L\u2019indicatif pour l\u2019\u00eele de la R\u00e9union est le <img loading=\"lazy\" decoding=\"async\" width=\"99\" height=\"22\" class=\"wp-image-4330\" style=\"width: 99px\" src=\"https:\/\/etab.ac-reunion.fr\/clg-terrain-fayard\/wp-content\/uploads\/sites\/51\/2023\/09\/262-1.png\" alt=\"\"> suivi du num\u00e9ro, par d\u00e9faut celui-ci peut \u00eatre sur <img loading=\"lazy\" decoding=\"async\" width=\"94\" height=\"24\" class=\"wp-image-4331\" style=\"width: 94px\" src=\"https:\/\/etab.ac-reunion.fr\/clg-terrain-fayard\/wp-content\/uploads\/sites\/51\/2023\/09\/33.png\" alt=\"\">.<\/li>\n<\/ul>\n\n\n\n<figure class=\"wp-block-image size-large\"><img loading=\"lazy\" decoding=\"async\" width=\"729\" height=\"400\" src=\"https:\/\/etab.ac-reunion.fr\/clg-terrain-fayard\/wp-content\/uploads\/sites\/51\/2023\/09\/recup-sms-729x400.png\" alt=\"\" class=\"wp-image-4328\" srcset=\"https:\/\/etab.ac-reunion.fr\/clg-terrain-fayard\/wp-content\/uploads\/sites\/51\/2023\/09\/recup-sms-729x400.png 729w, https:\/\/etab.ac-reunion.fr\/clg-terrain-fayard\/wp-content\/uploads\/sites\/51\/2023\/09\/recup-sms-364x200.png 364w, https:\/\/etab.ac-reunion.fr\/clg-terrain-fayard\/wp-content\/uploads\/sites\/51\/2023\/09\/recup-sms-768x421.png 768w, https:\/\/etab.ac-reunion.fr\/clg-terrain-fayard\/wp-content\/uploads\/sites\/51\/2023\/09\/recup-sms.png 809w\" sizes=\"auto, (max-width: 729px) 100vw, 729px\" \/><\/figure>\n\n\n\n<ul class=\"wp-block-list\">\n<li><strong>Par mail<\/strong><br><br>Entrez votre mail rattach\u00e9 \u00e0 votre compte.<\/li>\n<\/ul>\n\n\n\n<figure class=\"wp-block-image size-large\"><img loading=\"lazy\" decoding=\"async\" width=\"828\" height=\"400\" src=\"https:\/\/etab.ac-reunion.fr\/clg-terrain-fayard\/wp-content\/uploads\/sites\/51\/2023\/09\/recup-mail-828x400.png\" alt=\"\" class=\"wp-image-4332\" srcset=\"https:\/\/etab.ac-reunion.fr\/clg-terrain-fayard\/wp-content\/uploads\/sites\/51\/2023\/09\/recup-mail-828x400.png 828w, https:\/\/etab.ac-reunion.fr\/clg-terrain-fayard\/wp-content\/uploads\/sites\/51\/2023\/09\/recup-mail-414x200.png 414w, https:\/\/etab.ac-reunion.fr\/clg-terrain-fayard\/wp-content\/uploads\/sites\/51\/2023\/09\/recup-mail-768x371.png 768w, https:\/\/etab.ac-reunion.fr\/clg-terrain-fayard\/wp-content\/uploads\/sites\/51\/2023\/09\/recup-mail-578x280.png 578w, https:\/\/etab.ac-reunion.fr\/clg-terrain-fayard\/wp-content\/uploads\/sites\/51\/2023\/09\/recup-mail.png 855w\" sizes=\"auto, (max-width: 828px) 100vw, 828px\" \/><\/figure>\n\n\n\n<ul class=\"wp-block-list\">\n<li><strong>Contact<\/strong><br><br>Si malgr\u00e9 cette proc\u00e9dure vous n\u2019arrivez toujours pas \u00e0 vous connecter, vous pouvez prendre contact avec notre support informatique par mail \u00e0 cette adresse :<br><br>tice.fayard@ac-reunion.fr<\/li>\n<\/ul>\n","protected":false},"excerpt":{"rendered":"<p>Pour r\u00e9cup\u00e9rer un mot de passe perdu consultez votre mail o\u00f9 l\u2019identifiant Educonnect vous a \u00e9t\u00e9 envoy\u00e9. Rendez vous ensuite sur la page de connexion Educonnect puis cliquez sur Mot de passe oubli\u00e9. Entrez l&rsquo;identifiant de votre compte. Choisissez le mode de r\u00e9cup\u00e9ration.<\/p>\n<p> <a class=\"continue-reading-link\" href=\"https:\/\/etab.ac-reunion.fr\/clg-terrain-fayard\/recuperer-son-mot-de-passe-educonnect\/\"><span>Lire plus<\/span><i class=\"crycon-right-dir\"><\/i><\/a> <\/p>\n","protected":false},"author":35299,"featured_media":0,"parent":0,"menu_order":0,"comment_status":"closed","ping_status":"closed","template":"","meta":{"footnotes":""},"class_list":["post-4325","page","type-page","status-publish","hentry"],"_links":{"self":[{"href":"https:\/\/etab.ac-reunion.fr\/clg-terrain-fayard\/wp-json\/wp\/v2\/pages\/4325","targetHints":{"allow":["GET"]}}],"collection":[{"href":"https:\/\/etab.ac-reunion.fr\/clg-terrain-fayard\/wp-json\/wp\/v2\/pages"}],"about":[{"href":"https:\/\/etab.ac-reunion.fr\/clg-terrain-fayard\/wp-json\/wp\/v2\/types\/page"}],"author":[{"embeddable":true,"href":"https:\/\/etab.ac-reunion.fr\/clg-terrain-fayard\/wp-json\/wp\/v2\/users\/35299"}],"replies":[{"embeddable":true,"href":"https:\/\/etab.ac-reunion.fr\/clg-terrain-fayard\/wp-json\/wp\/v2\/comments?post=4325"}],"version-history":[{"count":3,"href":"https:\/\/etab.ac-reunion.fr\/clg-terrain-fayard\/wp-json\/wp\/v2\/pages\/4325\/revisions"}],"predecessor-version":[{"id":4337,"href":"https:\/\/etab.ac-reunion.fr\/clg-terrain-fayard\/wp-json\/wp\/v2\/pages\/4325\/revisions\/4337"}],"wp:attachment":[{"href":"https:\/\/etab.ac-reunion.fr\/clg-terrain-fayard\/wp-json\/wp\/v2\/media?parent=4325"}],"curies":[{"name":"wp","href":"https:\/\/api.w.org\/{rel}","templated":true}]}}