{"id":4831,"date":"2024-09-13T04:37:52","date_gmt":"2024-09-13T00:37:52","guid":{"rendered":"https:\/\/etab.ac-reunion.fr\/clg-terrain-fayard\/?page_id=4831"},"modified":"2025-12-09T13:27:21","modified_gmt":"2025-12-09T09:27:21","slug":"presentation-infirmerie","status":"publish","type":"page","link":"https:\/\/etab.ac-reunion.fr\/clg-terrain-fayard\/presentation-infirmerie\/","title":{"rendered":"L&rsquo;infirmerie"},"content":{"rendered":"\n<p><em><u><strong>Fonctionnement de l\u2019infirmerie<\/strong><\/u><\/em><\/p>\n\n\n\n<p>Le service de sant\u00e9 scolaire est assur\u00e9 par : <strong> Mme Zucconi Vanessa<\/strong><\/p>\n\n\n\n<p><strong>Horaires d\u2019ouverture de l\u2019infirmerie<\/strong><strong> :<\/strong><\/p>\n\n\n\n<p>Tous les jours de 7H30 \u00e0 17H<\/p>\n\n\n\n<p><strong>R\u00f4le et missions de l\u2019infirmi\u00e8re<\/strong><strong> :<\/strong><\/p>\n\n\n\n<p>La mission de l\u2019infirmi\u00e8re de l\u2019\u00c9ducation Nationale s\u2019inscrit dans la politique g\u00e9n\u00e9rale de l\u2019\u00c9ducation Nationale qui est de promouvoir la r\u00e9ussite scolaire des \u00e9l\u00e8ves.<\/p>\n\n\n\n<p>L\u2019infirmerie est un lieu de soin, d\u2019\u00e9coute.<\/p>\n\n\n\n<p>L\u2019infirmi\u00e8re a un r\u00f4le relationnel, technique et \u00e9ducatif et accueille tout \u00e9l\u00e8ve qui la sollicite pour quelque motif que ce soit y compris d\u2019ordre relationnel ou psychologique d\u00e8s lors qu\u2019il y a une incidence sur sa sant\u00e9 ou sa scolarit\u00e9, dans le respect de la confidentialit\u00e9.<\/p>\n\n\n\n<p><em><u>Missions de l &lsquo;infirmi\u00e8re<\/u><\/em>&nbsp;:<br>&#8211; l\u2019accueil, l&rsquo; \u00e9coute et l\u2019 accompagnement des \u00e9l\u00e8ves<br>&#8211; la r\u00e9alisation des soins imm\u00e9diats, soins d\u2019urgence<br>&#8211; le suivi des \u00e9l\u00e8ves en difficult\u00e9 et le relais vers des professionnels de la sant\u00e9 (Assistante sociale, Centre M\u00e9dico-psychologique, &#8230;)<br>&#8211; le suivi des enfants malades n\u00e9cessitants des am\u00e9nagements sp\u00e9cifiques (PAI : projet d\u2019accueil individualis\u00e9) ou atteint d\u2019un handicap<\/p>\n\n\n\n<p>&#8211; la r\u00e9alisation de bilans de sant\u00e9 (d\u00e9pistage infirmier en 6\u00e8me)<\/p>\n\n\n\n<p>-la mise en place d&rsquo;actions \u00e9ducatives<\/p>\n\n\n\n<p>\u2192 dans le respect du secret professionnel<\/p>\n\n\n\n<p>L&rsquo;infirmi\u00e8re travaille en \u00e9troite collaboration avec le M\u00e9decin scolaire l\u2019Assistante sociale, CPE, Psychologue de l\u2019\u00c9ducation Nationale, vie scolaire et les professeurs mais tout ce qui est dit \u00e0 l\u2019infirmerie reste confidentiel, rien ne sort sans l\u2019accord de l\u2019\u00e9l\u00e8ve. Il se peut que votre enfant soit convoqu\u00e9 au cours de l\u2019ann\u00e9e \u00e0 l\u2019infirmerie car un adulte se sera inqui\u00e9t\u00e9 pour lui&#8230;.<\/p>\n\n\n\n<figure class=\"wp-block-image size-large is-resized\"><img loading=\"lazy\" decoding=\"async\" width=\"475\" height=\"400\" src=\"https:\/\/etab.ac-reunion.fr\/clg-terrain-fayard\/wp-content\/uploads\/sites\/51\/2024\/10\/role-ide-475x400.jpg\" alt=\"\" class=\"wp-image-5554\" style=\"width:679px;height:auto\" srcset=\"https:\/\/etab.ac-reunion.fr\/clg-terrain-fayard\/wp-content\/uploads\/sites\/51\/2024\/10\/role-ide-475x400.jpg 475w, https:\/\/etab.ac-reunion.fr\/clg-terrain-fayard\/wp-content\/uploads\/sites\/51\/2024\/10\/role-ide-237x200.jpg 237w, https:\/\/etab.ac-reunion.fr\/clg-terrain-fayard\/wp-content\/uploads\/sites\/51\/2024\/10\/role-ide-768x647.jpg 768w, https:\/\/etab.ac-reunion.fr\/clg-terrain-fayard\/wp-content\/uploads\/sites\/51\/2024\/10\/role-ide-150x126.jpg 150w, https:\/\/etab.ac-reunion.fr\/clg-terrain-fayard\/wp-content\/uploads\/sites\/51\/2024\/10\/role-ide.jpg 1068w\" sizes=\"auto, (max-width: 475px) 100vw, 475px\" \/><\/figure>\n\n\n\n<p><strong>M\u00e9dicaments<\/strong><\/p>\n\n\n\n<p>Aucun \u00e9l\u00e8ve ne doit \u00eatre en possession de m\u00e9dicaments sur lui sauf cas particuliers, dont l\u2019infirmi\u00e8re est au courant (asthmatiques, diab\u00e9tiques&#8230;)<\/p>\n\n\n\n<p>Pour les \u00e9l\u00e8ves ayant un probl\u00e8me de sant\u00e9 (physique, psychologique) et\/ou un handicap, il est possible de mettre en place un PAI (projet d\u2019accueil individualis\u00e9), \u00e9tabli \u00e0 votre demande (mais on peut vous le sugg\u00e9rer dans l\u2019int\u00e9r\u00eat de votre enfant)<\/p>\n\n\n\n<p><strong>En cas de maladie<\/strong><\/p>\n\n\n\n<p>En cas d\u2019absence de l\u2019infirmi\u00e8re et que l\u2019\u00e9l\u00e8ve est souffrant, sa famille sera appel\u00e9e. Bien s\u00fbr l\u2019\u00e9l\u00e8ve ne vient pas au coll\u00e8ge s\u2019il est malade (avec ou sans fi\u00e8vre et\/ou contagieux) comme par exemple la gastroent\u00e9rite, &#8230;.<\/p>\n\n\n\n<p>Merci de nous informer de tout changement dans l\u2019\u00e9tat de sant\u00e9 de votre enfant en cours d\u2019ann\u00e9e afin que nous puissions vous informer sur les am\u00e9nagements possibles et vous conseiller au mieux.<\/p>\n\n\n\n<p>Merci de bien renseigner \u00e9galement la fiche d\u2019urgence en cas d\u2019intervention des services de secours et n\u00e9cessit\u00e9 de transfert \u00e0 l\u2019h\u00f4pital.<\/p>\n\n\n\n<p><strong>Bilan 6\u00e8me<\/strong><\/p>\n\n\n\n<p>Un bilan infirmier pour les \u00e9l\u00e8ves de 6\u00e8me aura lieu pendant l &lsquo;ann\u00e9e de 6\u00e8me afin de d\u00e9pister d\u2019\u00e9ventuels probl\u00e8mes pouvant g\u00eaner sa r\u00e9ussite scolaire.<\/p>\n\n\n\n<p><strong>CESCE<\/strong><\/p>\n\n\n\n<p>Enfin au cours de l\u2019ann\u00e9e scolaire, plusieurs actions de pr\u00e9vention et d\u2019\u00e9ducation \u00e0 la sant\u00e9 dans l\u2019int\u00e9r\u00eat des \u00e9l\u00e8ves et dans le cadre du CESCE (Comit\u00e9\u0301 d\u2019\u00c9ducation \u00e0 la Sant\u00e9 et la Citoyennet\u00e9 et aux questions Environnementales) seront men\u00e9es.<\/p>\n\n\n\n<p><strong>Contact:<\/strong><\/p>\n\n\n\n<p class=\"has-black-color has-text-color has-link-color wp-elements-db800be3eb985d1bcd8bc52867bf038b\">L\u2019infirmi\u00e8re reste \u00e0 votre disposition pour tout compl\u00e9ment d\u2019informations par t\u00e9l\u00e9phone (02 62 58 83 83 ou en demandant le poste de l &lsquo;infirmi\u00e8re \u00e0 l\u2019accueil) , par ponote, ou sur rdv.<\/p>\n\n\n\n<p>Aur\u00e9lia Tah\u00e9raly et Vanessa Zucconi<\/p>\n\n\n\n<p><strong>Galerie photos<\/strong><\/p>\n\n\n\n<figure class=\"wp-block-gallery has-nested-images columns-3 is-cropped wp-block-gallery-1 is-layout-flex wp-block-gallery-is-layout-flex\">\n<figure class=\"wp-block-image size-large\"><img loading=\"lazy\" decoding=\"async\" width=\"533\" height=\"400\" data-id=\"5550\" src=\"https:\/\/etab.ac-reunion.fr\/clg-terrain-fayard\/wp-content\/uploads\/sites\/51\/2024\/10\/P1000421-533x400.jpg\" alt=\"\" class=\"wp-image-5550\" srcset=\"https:\/\/etab.ac-reunion.fr\/clg-terrain-fayard\/wp-content\/uploads\/sites\/51\/2024\/10\/P1000421-533x400.jpg 533w, https:\/\/etab.ac-reunion.fr\/clg-terrain-fayard\/wp-content\/uploads\/sites\/51\/2024\/10\/P1000421-267x200.jpg 267w, https:\/\/etab.ac-reunion.fr\/clg-terrain-fayard\/wp-content\/uploads\/sites\/51\/2024\/10\/P1000421-768x576.jpg 768w, https:\/\/etab.ac-reunion.fr\/clg-terrain-fayard\/wp-content\/uploads\/sites\/51\/2024\/10\/P1000421-1536x1152.jpg 1536w, https:\/\/etab.ac-reunion.fr\/clg-terrain-fayard\/wp-content\/uploads\/sites\/51\/2024\/10\/P1000421-2048x1536.jpg 2048w, https:\/\/etab.ac-reunion.fr\/clg-terrain-fayard\/wp-content\/uploads\/sites\/51\/2024\/10\/P1000421-150x113.jpg 150w\" sizes=\"auto, (max-width: 533px) 100vw, 533px\" \/><\/figure>\n\n\n\n<figure class=\"wp-block-image size-large\"><img loading=\"lazy\" decoding=\"async\" width=\"533\" height=\"400\" data-id=\"5549\" src=\"https:\/\/etab.ac-reunion.fr\/clg-terrain-fayard\/wp-content\/uploads\/sites\/51\/2024\/10\/P1000420-533x400.jpg\" alt=\"\" class=\"wp-image-5549\" srcset=\"https:\/\/etab.ac-reunion.fr\/clg-terrain-fayard\/wp-content\/uploads\/sites\/51\/2024\/10\/P1000420-533x400.jpg 533w, https:\/\/etab.ac-reunion.fr\/clg-terrain-fayard\/wp-content\/uploads\/sites\/51\/2024\/10\/P1000420-267x200.jpg 267w, https:\/\/etab.ac-reunion.fr\/clg-terrain-fayard\/wp-content\/uploads\/sites\/51\/2024\/10\/P1000420-768x576.jpg 768w, https:\/\/etab.ac-reunion.fr\/clg-terrain-fayard\/wp-content\/uploads\/sites\/51\/2024\/10\/P1000420-1536x1152.jpg 1536w, https:\/\/etab.ac-reunion.fr\/clg-terrain-fayard\/wp-content\/uploads\/sites\/51\/2024\/10\/P1000420-2048x1536.jpg 2048w, https:\/\/etab.ac-reunion.fr\/clg-terrain-fayard\/wp-content\/uploads\/sites\/51\/2024\/10\/P1000420-150x113.jpg 150w\" sizes=\"auto, (max-width: 533px) 100vw, 533px\" \/><\/figure>\n\n\n\n<figure class=\"wp-block-image size-large\"><img loading=\"lazy\" decoding=\"async\" width=\"533\" height=\"400\" data-id=\"5548\" src=\"https:\/\/etab.ac-reunion.fr\/clg-terrain-fayard\/wp-content\/uploads\/sites\/51\/2024\/10\/P1000419-533x400.jpg\" alt=\"\" class=\"wp-image-5548\" srcset=\"https:\/\/etab.ac-reunion.fr\/clg-terrain-fayard\/wp-content\/uploads\/sites\/51\/2024\/10\/P1000419-533x400.jpg 533w, https:\/\/etab.ac-reunion.fr\/clg-terrain-fayard\/wp-content\/uploads\/sites\/51\/2024\/10\/P1000419-267x200.jpg 267w, https:\/\/etab.ac-reunion.fr\/clg-terrain-fayard\/wp-content\/uploads\/sites\/51\/2024\/10\/P1000419-768x576.jpg 768w, https:\/\/etab.ac-reunion.fr\/clg-terrain-fayard\/wp-content\/uploads\/sites\/51\/2024\/10\/P1000419-1536x1152.jpg 1536w, https:\/\/etab.ac-reunion.fr\/clg-terrain-fayard\/wp-content\/uploads\/sites\/51\/2024\/10\/P1000419-2048x1536.jpg 2048w, https:\/\/etab.ac-reunion.fr\/clg-terrain-fayard\/wp-content\/uploads\/sites\/51\/2024\/10\/P1000419-150x113.jpg 150w\" sizes=\"auto, (max-width: 533px) 100vw, 533px\" \/><\/figure>\n\n\n<div class=\"wp-block-image\">\n<figure class=\"aligncenter size-large\"><img loading=\"lazy\" decoding=\"async\" width=\"533\" height=\"400\" data-id=\"5547\" src=\"https:\/\/etab.ac-reunion.fr\/clg-terrain-fayard\/wp-content\/uploads\/sites\/51\/2024\/10\/P1000416-533x400.jpg\" alt=\"\" class=\"wp-image-5547\" srcset=\"https:\/\/etab.ac-reunion.fr\/clg-terrain-fayard\/wp-content\/uploads\/sites\/51\/2024\/10\/P1000416-533x400.jpg 533w, https:\/\/etab.ac-reunion.fr\/clg-terrain-fayard\/wp-content\/uploads\/sites\/51\/2024\/10\/P1000416-267x200.jpg 267w, https:\/\/etab.ac-reunion.fr\/clg-terrain-fayard\/wp-content\/uploads\/sites\/51\/2024\/10\/P1000416-768x576.jpg 768w, https:\/\/etab.ac-reunion.fr\/clg-terrain-fayard\/wp-content\/uploads\/sites\/51\/2024\/10\/P1000416-1536x1152.jpg 1536w, https:\/\/etab.ac-reunion.fr\/clg-terrain-fayard\/wp-content\/uploads\/sites\/51\/2024\/10\/P1000416-2048x1536.jpg 2048w, https:\/\/etab.ac-reunion.fr\/clg-terrain-fayard\/wp-content\/uploads\/sites\/51\/2024\/10\/P1000416-150x113.jpg 150w\" sizes=\"auto, (max-width: 533px) 100vw, 533px\" \/><\/figure>\n<\/div><\/figure>\n","protected":false},"excerpt":{"rendered":"<p>Fonctionnement de l\u2019infirmerie Le service de sant\u00e9 scolaire est assur\u00e9 par : Mme Zucconi Vanessa Horaires d\u2019ouverture de l\u2019infirmerie : Tous les jours de 7H30 \u00e0 17H R\u00f4le et missions de l\u2019infirmi\u00e8re : La mission de l\u2019infirmi\u00e8re de l\u2019\u00c9ducation Nationale s\u2019inscrit dans la politique g\u00e9n\u00e9rale de l\u2019\u00c9ducation Nationale qui est de promouvoir la r\u00e9ussite scolaire des \u00e9l\u00e8ves. L\u2019infirmerie est un lieu de soin, d\u2019\u00e9coute. L\u2019infirmi\u00e8re a un r\u00f4le relationnel, technique et \u00e9ducatif et accueille tout \u00e9l\u00e8ve qui la sollicite pour quelque motif que ce soit y compris d\u2019ordre relationnel ou psychologique d\u00e8s lors qu\u2019il y a une incidence sur sa&#8230;<\/p>\n<p> <a class=\"continue-reading-link\" href=\"https:\/\/etab.ac-reunion.fr\/clg-terrain-fayard\/presentation-infirmerie\/\"><span>Lire plus<\/span><i class=\"crycon-right-dir\"><\/i><\/a> <\/p>\n","protected":false},"author":12914,"featured_media":0,"parent":0,"menu_order":0,"comment_status":"closed","ping_status":"closed","template":"","meta":{"footnotes":""},"class_list":["post-4831","page","type-page","status-publish","hentry"],"_links":{"self":[{"href":"https:\/\/etab.ac-reunion.fr\/clg-terrain-fayard\/wp-json\/wp\/v2\/pages\/4831","targetHints":{"allow":["GET"]}}],"collection":[{"href":"https:\/\/etab.ac-reunion.fr\/clg-terrain-fayard\/wp-json\/wp\/v2\/pages"}],"about":[{"href":"https:\/\/etab.ac-reunion.fr\/clg-terrain-fayard\/wp-json\/wp\/v2\/types\/page"}],"author":[{"embeddable":true,"href":"https:\/\/etab.ac-reunion.fr\/clg-terrain-fayard\/wp-json\/wp\/v2\/users\/12914"}],"replies":[{"embeddable":true,"href":"https:\/\/etab.ac-reunion.fr\/clg-terrain-fayard\/wp-json\/wp\/v2\/comments?post=4831"}],"version-history":[{"count":8,"href":"https:\/\/etab.ac-reunion.fr\/clg-terrain-fayard\/wp-json\/wp\/v2\/pages\/4831\/revisions"}],"predecessor-version":[{"id":7764,"href":"https:\/\/etab.ac-reunion.fr\/clg-terrain-fayard\/wp-json\/wp\/v2\/pages\/4831\/revisions\/7764"}],"wp:attachment":[{"href":"https:\/\/etab.ac-reunion.fr\/clg-terrain-fayard\/wp-json\/wp\/v2\/media?parent=4831"}],"curies":[{"name":"wp","href":"https:\/\/api.w.org\/{rel}","templated":true}]}}