{"id":4854,"date":"2024-09-13T06:25:15","date_gmt":"2024-09-13T02:25:15","guid":{"rendered":"https:\/\/etab.ac-reunion.fr\/clg-terrain-fayard\/?page_id=4854"},"modified":"2024-09-13T06:25:15","modified_gmt":"2024-09-13T02:25:15","slug":"demande-de-bourse-en-ligne","status":"publish","type":"page","link":"https:\/\/etab.ac-reunion.fr\/clg-terrain-fayard\/demande-de-bourse-en-ligne\/","title":{"rendered":"Demande de bourse en ligne"},"content":{"rendered":"\n<ul class=\"wp-block-list\">\n<li><strong>Je me connecte avec mon compte EDUCONNECT.<\/strong><\/li>\n<\/ul>\n\n\n\n<figure class=\"wp-block-image size-large\"><img loading=\"lazy\" decoding=\"async\" width=\"646\" height=\"400\" src=\"https:\/\/etab.ac-reunion.fr\/clg-terrain-fayard\/wp-content\/uploads\/sites\/51\/2023\/10\/Capture1-646x400.png\" alt=\"\" class=\"wp-image-4359\" srcset=\"https:\/\/etab.ac-reunion.fr\/clg-terrain-fayard\/wp-content\/uploads\/sites\/51\/2023\/10\/Capture1-646x400.png 646w, https:\/\/etab.ac-reunion.fr\/clg-terrain-fayard\/wp-content\/uploads\/sites\/51\/2023\/10\/Capture1-323x200.png 323w, https:\/\/etab.ac-reunion.fr\/clg-terrain-fayard\/wp-content\/uploads\/sites\/51\/2023\/10\/Capture1.png 654w\" sizes=\"auto, (max-width: 646px) 100vw, 646px\" \/><\/figure>\n\n\n\n<ul class=\"wp-block-list\">\n<li><strong>Je clique t\u00e9l\u00e9services.<\/strong><\/li>\n<\/ul>\n\n\n\n<figure class=\"wp-block-image size-large\"><img loading=\"lazy\" decoding=\"async\" width=\"752\" height=\"400\" src=\"https:\/\/etab.ac-reunion.fr\/clg-terrain-fayard\/wp-content\/uploads\/sites\/51\/2023\/10\/Capture2-752x400.png\" alt=\"\" class=\"wp-image-4360\" srcset=\"https:\/\/etab.ac-reunion.fr\/clg-terrain-fayard\/wp-content\/uploads\/sites\/51\/2023\/10\/Capture2-752x400.png 752w, https:\/\/etab.ac-reunion.fr\/clg-terrain-fayard\/wp-content\/uploads\/sites\/51\/2023\/10\/Capture2-376x200.png 376w, https:\/\/etab.ac-reunion.fr\/clg-terrain-fayard\/wp-content\/uploads\/sites\/51\/2023\/10\/Capture2-768x408.png 768w, https:\/\/etab.ac-reunion.fr\/clg-terrain-fayard\/wp-content\/uploads\/sites\/51\/2023\/10\/Capture2.png 957w\" sizes=\"auto, (max-width: 752px) 100vw, 752px\" \/><\/figure>\n\n\n\n<ul class=\"wp-block-list\">\n<li><strong>Je clique acc\u00e9der au service.<\/strong><\/li>\n<\/ul>\n\n\n\n<figure class=\"wp-block-image size-large\"><img loading=\"lazy\" decoding=\"async\" width=\"773\" height=\"400\" src=\"https:\/\/etab.ac-reunion.fr\/clg-terrain-fayard\/wp-content\/uploads\/sites\/51\/2023\/10\/Capture3-773x400.png\" alt=\"\" class=\"wp-image-4361\" srcset=\"https:\/\/etab.ac-reunion.fr\/clg-terrain-fayard\/wp-content\/uploads\/sites\/51\/2023\/10\/Capture3-773x400.png 773w, https:\/\/etab.ac-reunion.fr\/clg-terrain-fayard\/wp-content\/uploads\/sites\/51\/2023\/10\/Capture3-387x200.png 387w, https:\/\/etab.ac-reunion.fr\/clg-terrain-fayard\/wp-content\/uploads\/sites\/51\/2023\/10\/Capture3-768x397.png 768w, https:\/\/etab.ac-reunion.fr\/clg-terrain-fayard\/wp-content\/uploads\/sites\/51\/2023\/10\/Capture3.png 924w\" sizes=\"auto, (max-width: 773px) 100vw, 773px\" \/><\/figure>\n\n\n\n<ul class=\"wp-block-list\">\n<li><strong>Je clique sur je fais ma demande en ligne.<\/strong><\/li>\n<\/ul>\n\n\n\n<figure class=\"wp-block-image size-large\"><img loading=\"lazy\" decoding=\"async\" width=\"628\" height=\"400\" src=\"https:\/\/etab.ac-reunion.fr\/clg-terrain-fayard\/wp-content\/uploads\/sites\/51\/2023\/10\/Capture4-628x400.png\" alt=\"\" class=\"wp-image-4362\" srcset=\"https:\/\/etab.ac-reunion.fr\/clg-terrain-fayard\/wp-content\/uploads\/sites\/51\/2023\/10\/Capture4-628x400.png 628w, https:\/\/etab.ac-reunion.fr\/clg-terrain-fayard\/wp-content\/uploads\/sites\/51\/2023\/10\/Capture4-314x200.png 314w, https:\/\/etab.ac-reunion.fr\/clg-terrain-fayard\/wp-content\/uploads\/sites\/51\/2023\/10\/Capture4-768x489.png 768w, https:\/\/etab.ac-reunion.fr\/clg-terrain-fayard\/wp-content\/uploads\/sites\/51\/2023\/10\/Capture4.png 884w\" sizes=\"auto, (max-width: 628px) 100vw, 628px\" \/><\/figure>\n\n\n\n<ul class=\"wp-block-list\">\n<li><strong>J&rsquo;indique mes informations fiscales.<\/strong><\/li>\n<\/ul>\n\n\n\n<figure class=\"wp-block-image size-large\"><img loading=\"lazy\" decoding=\"async\" width=\"651\" height=\"400\" src=\"https:\/\/etab.ac-reunion.fr\/clg-terrain-fayard\/wp-content\/uploads\/sites\/51\/2023\/10\/Capture5-651x400.png\" alt=\"\" class=\"wp-image-4363\" srcset=\"https:\/\/etab.ac-reunion.fr\/clg-terrain-fayard\/wp-content\/uploads\/sites\/51\/2023\/10\/Capture5-651x400.png 651w, https:\/\/etab.ac-reunion.fr\/clg-terrain-fayard\/wp-content\/uploads\/sites\/51\/2023\/10\/Capture5-326x200.png 326w, https:\/\/etab.ac-reunion.fr\/clg-terrain-fayard\/wp-content\/uploads\/sites\/51\/2023\/10\/Capture5-768x472.png 768w, https:\/\/etab.ac-reunion.fr\/clg-terrain-fayard\/wp-content\/uploads\/sites\/51\/2023\/10\/Capture5.png 936w\" sizes=\"auto, (max-width: 651px) 100vw, 651px\" \/><\/figure>\n\n\n\n<ul class=\"wp-block-list\">\n<li><strong>Je clique accepter.<\/strong><\/li>\n<\/ul>\n\n\n\n<figure class=\"wp-block-image size-large\"><img loading=\"lazy\" decoding=\"async\" width=\"770\" height=\"400\" src=\"https:\/\/etab.ac-reunion.fr\/clg-terrain-fayard\/wp-content\/uploads\/sites\/51\/2023\/10\/Capture6-770x400.png\" alt=\"\" class=\"wp-image-4364\" srcset=\"https:\/\/etab.ac-reunion.fr\/clg-terrain-fayard\/wp-content\/uploads\/sites\/51\/2023\/10\/Capture6-770x400.png 770w, https:\/\/etab.ac-reunion.fr\/clg-terrain-fayard\/wp-content\/uploads\/sites\/51\/2023\/10\/Capture6-385x200.png 385w, https:\/\/etab.ac-reunion.fr\/clg-terrain-fayard\/wp-content\/uploads\/sites\/51\/2023\/10\/Capture6-768x399.png 768w, https:\/\/etab.ac-reunion.fr\/clg-terrain-fayard\/wp-content\/uploads\/sites\/51\/2023\/10\/Capture6.png 989w\" sizes=\"auto, (max-width: 770px) 100vw, 770px\" \/><\/figure>\n\n\n\n<p><strong>V\u00e9rifier vos informations et cliquez  \u00e9tape suivante.<\/strong><\/p>\n\n\n\n<figure class=\"wp-block-image size-large\"><img loading=\"lazy\" decoding=\"async\" width=\"502\" height=\"400\" src=\"https:\/\/etab.ac-reunion.fr\/clg-terrain-fayard\/wp-content\/uploads\/sites\/51\/2023\/10\/Capture7-502x400.png\" alt=\"\" class=\"wp-image-4365\" srcset=\"https:\/\/etab.ac-reunion.fr\/clg-terrain-fayard\/wp-content\/uploads\/sites\/51\/2023\/10\/Capture7-502x400.png 502w, https:\/\/etab.ac-reunion.fr\/clg-terrain-fayard\/wp-content\/uploads\/sites\/51\/2023\/10\/Capture7-251x200.png 251w, https:\/\/etab.ac-reunion.fr\/clg-terrain-fayard\/wp-content\/uploads\/sites\/51\/2023\/10\/Capture7.png 584w\" sizes=\"auto, (max-width: 502px) 100vw, 502px\" \/><\/figure>\n\n\n\n<p><strong>R\u00e9capitulatif : cochez la case puis valider.<\/strong><\/p>\n\n\n\n<figure class=\"wp-block-image size-large\"><img loading=\"lazy\" decoding=\"async\" width=\"465\" height=\"400\" src=\"https:\/\/etab.ac-reunion.fr\/clg-terrain-fayard\/wp-content\/uploads\/sites\/51\/2023\/10\/Capture8-465x400.png\" alt=\"\" class=\"wp-image-4366\" srcset=\"https:\/\/etab.ac-reunion.fr\/clg-terrain-fayard\/wp-content\/uploads\/sites\/51\/2023\/10\/Capture8-465x400.png 465w, https:\/\/etab.ac-reunion.fr\/clg-terrain-fayard\/wp-content\/uploads\/sites\/51\/2023\/10\/Capture8-233x200.png 233w, https:\/\/etab.ac-reunion.fr\/clg-terrain-fayard\/wp-content\/uploads\/sites\/51\/2023\/10\/Capture8.png 642w\" sizes=\"auto, (max-width: 465px) 100vw, 465px\" \/><\/figure>\n\n\n\n<p><strong>Votre demande est termin\u00e9e, vous pouvez si vous le souhaitez t\u00e9l\u00e9charger le r\u00e9capitulatif.<\/strong><\/p>\n\n\n\n<figure class=\"wp-block-image size-large\"><img loading=\"lazy\" decoding=\"async\" width=\"556\" height=\"400\" src=\"https:\/\/etab.ac-reunion.fr\/clg-terrain-fayard\/wp-content\/uploads\/sites\/51\/2023\/10\/Capture9-556x400.png\" alt=\"\" class=\"wp-image-4367\" srcset=\"https:\/\/etab.ac-reunion.fr\/clg-terrain-fayard\/wp-content\/uploads\/sites\/51\/2023\/10\/Capture9-556x400.png 556w, https:\/\/etab.ac-reunion.fr\/clg-terrain-fayard\/wp-content\/uploads\/sites\/51\/2023\/10\/Capture9-278x200.png 278w, https:\/\/etab.ac-reunion.fr\/clg-terrain-fayard\/wp-content\/uploads\/sites\/51\/2023\/10\/Capture9.png 638w\" sizes=\"auto, (max-width: 556px) 100vw, 556px\" \/><\/figure>\n","protected":false},"excerpt":{"rendered":"<p>V\u00e9rifier vos informations et cliquez \u00e9tape suivante. R\u00e9capitulatif : cochez la case puis valider. Votre demande est termin\u00e9e, vous pouvez si vous le souhaitez t\u00e9l\u00e9charger le r\u00e9capitulatif.<\/p>\n<p> <a class=\"continue-reading-link\" href=\"https:\/\/etab.ac-reunion.fr\/clg-terrain-fayard\/demande-de-bourse-en-ligne\/\"><span>Lire plus<\/span><i class=\"crycon-right-dir\"><\/i><\/a> <\/p>\n","protected":false},"author":12914,"featured_media":0,"parent":0,"menu_order":0,"comment_status":"closed","ping_status":"closed","template":"","meta":{"footnotes":""},"class_list":["post-4854","page","type-page","status-publish","hentry"],"_links":{"self":[{"href":"https:\/\/etab.ac-reunion.fr\/clg-terrain-fayard\/wp-json\/wp\/v2\/pages\/4854","targetHints":{"allow":["GET"]}}],"collection":[{"href":"https:\/\/etab.ac-reunion.fr\/clg-terrain-fayard\/wp-json\/wp\/v2\/pages"}],"about":[{"href":"https:\/\/etab.ac-reunion.fr\/clg-terrain-fayard\/wp-json\/wp\/v2\/types\/page"}],"author":[{"embeddable":true,"href":"https:\/\/etab.ac-reunion.fr\/clg-terrain-fayard\/wp-json\/wp\/v2\/users\/12914"}],"replies":[{"embeddable":true,"href":"https:\/\/etab.ac-reunion.fr\/clg-terrain-fayard\/wp-json\/wp\/v2\/comments?post=4854"}],"version-history":[{"count":1,"href":"https:\/\/etab.ac-reunion.fr\/clg-terrain-fayard\/wp-json\/wp\/v2\/pages\/4854\/revisions"}],"predecessor-version":[{"id":4855,"href":"https:\/\/etab.ac-reunion.fr\/clg-terrain-fayard\/wp-json\/wp\/v2\/pages\/4854\/revisions\/4855"}],"wp:attachment":[{"href":"https:\/\/etab.ac-reunion.fr\/clg-terrain-fayard\/wp-json\/wp\/v2\/media?parent=4854"}],"curies":[{"name":"wp","href":"https:\/\/api.w.org\/{rel}","templated":true}]}}