{"id":5182,"date":"2024-09-16T16:45:52","date_gmt":"2024-09-16T12:45:52","guid":{"rendered":"https:\/\/etab.ac-reunion.fr\/clg-terrain-fayard\/?page_id=5182"},"modified":"2024-09-18T16:24:56","modified_gmt":"2024-09-18T12:24:56","slug":"le-service-social","status":"publish","type":"page","link":"https:\/\/etab.ac-reunion.fr\/clg-terrain-fayard\/le-service-social\/","title":{"rendered":"Le service social"},"content":{"rendered":"\n<p>Le service social en faveur des \u00e9l\u00e8ves est un service social de l&rsquo;\u00c9ducation nationale, charg\u00e9 d&rsquo;apporter \u00e9coute, conseils et soutien aux \u00e9l\u00e8ves, pour favoriser leur insertion, leur r\u00e9ussite individuelle et sociale.<\/p>\n\n\n\n<p>Le service social en faveur des \u00e9l\u00e8ves c&rsquo;est :<\/p>\n\n\n\n<p>* Un espace confidentiel de parole et d&rsquo;expression pour toutes vos pr\u00e9occupations \u00e0 l&rsquo;\u00e9cole, \u00e0 la maison, \u00e0 l&rsquo;ext\u00e9rieur&#8230;<br>* Un lieu de ressources pour :&nbsp;&nbsp;&nbsp;<\/p>\n\n\n\n<p>&#8211; s&rsquo;informer ;&nbsp;&#8211; conna\u00eetre ses droits ;&nbsp;&#8211; \u00eatre conseill\u00e9 ;&nbsp;&#8211; \u00eatre aid\u00e9 ;&nbsp;&#8211; \u00eatre prot\u00e9g\u00e9.<br><\/p>\n\n\n\n<p>L&rsquo;intervention de l&rsquo;assistant de service social, c&rsquo;est :<br><\/p>\n\n\n\n<p>* Des rencontres individuelles, \u00e0 votre demande, \u00e0 la demande des \u00e9quipes \u00e9ducatives, des parents et\/ou d&rsquo;autres personnes qualifi\u00e9es ;<\/p>\n\n\n\n<p>* Des actions collectives : animations aupr\u00e8s de groupes d&rsquo;\u00e9l\u00e8ves pour informer, pr\u00e9venir et traiter de situations li\u00e9es aux probl\u00e9matiques de l&rsquo;adolescence ;<\/p>\n\n\n\n<p>* Des relations avec les services sociaux et \u00e9ducatifs ext\u00e9rieurs \u00e0 l&rsquo;\u00e9tablissement.<br><br><strong>Les fonds sociaux sont destin\u00e9s \u00e0 faire face aux situations difficiles auxquelles peuvent \u00eatre confront\u00e9es les familles pour assumer les d\u00e9penses li\u00e9es \u00e0 la scolarit\u00e9 (cantine, tenue de sport ou de ville, effets scolaires, transport, paire de lunettes, etc). Pour faire une demande, rassemblez vos justificatifs de ressources ( bulletin de salaire, indemnisation du P\u00f4le Emploi, notification de la CAF, etc)&nbsp;et de charges (quittance de loyer, factures d&rsquo;eau, d&rsquo;\u00e9lectricit\u00e9, de t\u00e9l\u00e9phone, les cr\u00e9dits, etc), puis prenez rendez-vous avec l&rsquo;assistante sociale scolaire pour constituer votre dossier.<\/strong><\/p>\n\n\n\n<p>N.B. Tenu au secret professionnel, l&rsquo;assistant de service social est garant de la confidentialit\u00e9 des entretiens.<\/p>\n\n\n\n<p><strong>Contacter Mme PERRAULT, l&rsquo;assistante sociale, pour obtenir un rdv : 02 62 58 83 77<\/strong><\/p>\n\n\n\n<p>Lundi : 8h00-16h00<\/p>\n\n\n\n<p>Mercredi : 7h30- 12h30<\/p>\n\n\n\n<p>Jeudi : 8H00-16h30<\/p>\n\n\n\n<p>Vendredi : 8h-16h00<\/p>\n\n\n\n<p><\/p>\n","protected":false},"excerpt":{"rendered":"<p>Le service social en faveur des \u00e9l\u00e8ves est un service social de l&rsquo;\u00c9ducation nationale, charg\u00e9 d&rsquo;apporter \u00e9coute, conseils et soutien aux \u00e9l\u00e8ves, pour favoriser leur insertion, leur r\u00e9ussite individuelle et sociale. Le service social en faveur des \u00e9l\u00e8ves c&rsquo;est : * Un espace confidentiel de parole et d&rsquo;expression pour toutes vos pr\u00e9occupations \u00e0 l&rsquo;\u00e9cole, \u00e0 la maison, \u00e0 l&rsquo;ext\u00e9rieur&#8230;* Un lieu de ressources pour :&nbsp;&nbsp;&nbsp; &#8211; s&rsquo;informer ;&nbsp;&#8211; conna\u00eetre ses droits ;&nbsp;&#8211; \u00eatre conseill\u00e9 ;&nbsp;&#8211; \u00eatre aid\u00e9 ;&nbsp;&#8211; \u00eatre prot\u00e9g\u00e9. L&rsquo;intervention de l&rsquo;assistant de service social, c&rsquo;est : * Des rencontres individuelles, \u00e0 votre demande, \u00e0 la demande des \u00e9quipes&#8230;<\/p>\n<p> <a class=\"continue-reading-link\" href=\"https:\/\/etab.ac-reunion.fr\/clg-terrain-fayard\/le-service-social\/\"><span>Lire plus<\/span><i class=\"crycon-right-dir\"><\/i><\/a> <\/p>\n","protected":false},"author":12914,"featured_media":0,"parent":0,"menu_order":0,"comment_status":"closed","ping_status":"closed","template":"","meta":{"footnotes":""},"class_list":["post-5182","page","type-page","status-publish","hentry"],"_links":{"self":[{"href":"https:\/\/etab.ac-reunion.fr\/clg-terrain-fayard\/wp-json\/wp\/v2\/pages\/5182","targetHints":{"allow":["GET"]}}],"collection":[{"href":"https:\/\/etab.ac-reunion.fr\/clg-terrain-fayard\/wp-json\/wp\/v2\/pages"}],"about":[{"href":"https:\/\/etab.ac-reunion.fr\/clg-terrain-fayard\/wp-json\/wp\/v2\/types\/page"}],"author":[{"embeddable":true,"href":"https:\/\/etab.ac-reunion.fr\/clg-terrain-fayard\/wp-json\/wp\/v2\/users\/12914"}],"replies":[{"embeddable":true,"href":"https:\/\/etab.ac-reunion.fr\/clg-terrain-fayard\/wp-json\/wp\/v2\/comments?post=5182"}],"version-history":[{"count":8,"href":"https:\/\/etab.ac-reunion.fr\/clg-terrain-fayard\/wp-json\/wp\/v2\/pages\/5182\/revisions"}],"predecessor-version":[{"id":5285,"href":"https:\/\/etab.ac-reunion.fr\/clg-terrain-fayard\/wp-json\/wp\/v2\/pages\/5182\/revisions\/5285"}],"wp:attachment":[{"href":"https:\/\/etab.ac-reunion.fr\/clg-terrain-fayard\/wp-json\/wp\/v2\/media?parent=5182"}],"curies":[{"name":"wp","href":"https:\/\/api.w.org\/{rel}","templated":true}]}}