{"id":5186,"date":"2024-09-16T16:33:59","date_gmt":"2024-09-16T12:33:59","guid":{"rendered":"https:\/\/etab.ac-reunion.fr\/clg-terrain-fayard\/?page_id=5186"},"modified":"2024-10-09T08:08:02","modified_gmt":"2024-10-09T04:08:02","slug":"le-secretariat-de-direction","status":"publish","type":"page","link":"https:\/\/etab.ac-reunion.fr\/clg-terrain-fayard\/le-secretariat-de-direction\/","title":{"rendered":"Le Secr\u00e9tariat de Direction"},"content":{"rendered":"\n<p><strong>Horaires d&rsquo;accueil :<\/strong><\/p>\n\n\n\n<p><strong>Lundi<\/strong>: 7H-12H \/ 13H-16H<\/p>\n\n\n\n<p><strong>Mardi<\/strong>:7H-12H \/ 13H-16H<\/p>\n\n\n\n<p><strong>Mercredi<\/strong>: 7H-12H<\/p>\n\n\n\n<p><strong>Jeudi<\/strong>: 7H-12H \/ 13H-16H<\/p>\n\n\n\n<p><strong>Vendredi<\/strong>: 7H-12H \/ 13H-16H<\/p>\n\n\n\n<p>La secr\u00e9taire de direction s\u2019occupe de la gestion administrative de l&rsquo;\u00e9tablissement..<\/p>\n\n\n\n<p>Elle assure le suivi des relations administratives avec les services du Rectorat et du D\u00e9partement.<\/p>\n\n\n\n<p>Elle accueille et renseigne les enseignants, les personnels et les usagers (parents, \u00e9l\u00e8ves, etc\u2026). <\/p>\n\n\n\n<p><\/p>\n\n\n\n<p><\/p>\n\n\n\n<p><strong>Mme ALAMELE &#8211; Secr\u00e9taire de direction<\/strong><\/p>\n\n\n\n<figure data-wp-context=\"{&quot;imageId&quot;:&quot;69e10fb817596&quot;}\" data-wp-interactive=\"core\/image\" data-wp-key=\"69e10fb817596\" class=\"wp-block-image size-large wp-lightbox-container\"><img loading=\"lazy\" decoding=\"async\" width=\"602\" height=\"400\" data-wp-class--hide=\"state.isContentHidden\" data-wp-class--show=\"state.isContentVisible\" data-wp-init=\"callbacks.setButtonStyles\" data-wp-on--click=\"actions.showLightbox\" data-wp-on--load=\"callbacks.setButtonStyles\" data-wp-on-window--resize=\"callbacks.setButtonStyles\" src=\"https:\/\/etab.ac-reunion.fr\/clg-terrain-fayard\/wp-content\/uploads\/sites\/51\/2024\/09\/P1000391-scaled-e1726556350520-602x400.jpg\" alt=\"\" class=\"wp-image-5243\" srcset=\"https:\/\/etab.ac-reunion.fr\/clg-terrain-fayard\/wp-content\/uploads\/sites\/51\/2024\/09\/P1000391-scaled-e1726556350520-602x400.jpg 602w, https:\/\/etab.ac-reunion.fr\/clg-terrain-fayard\/wp-content\/uploads\/sites\/51\/2024\/09\/P1000391-scaled-e1726556350520-301x200.jpg 301w, https:\/\/etab.ac-reunion.fr\/clg-terrain-fayard\/wp-content\/uploads\/sites\/51\/2024\/09\/P1000391-scaled-e1726556350520-768x511.jpg 768w, https:\/\/etab.ac-reunion.fr\/clg-terrain-fayard\/wp-content\/uploads\/sites\/51\/2024\/09\/P1000391-scaled-e1726556350520-1536x1021.jpg 1536w, https:\/\/etab.ac-reunion.fr\/clg-terrain-fayard\/wp-content\/uploads\/sites\/51\/2024\/09\/P1000391-scaled-e1726556350520-2048x1362.jpg 2048w, https:\/\/etab.ac-reunion.fr\/clg-terrain-fayard\/wp-content\/uploads\/sites\/51\/2024\/09\/P1000391-scaled-e1726556350520-150x100.jpg 150w\" sizes=\"auto, (max-width: 602px) 100vw, 602px\" \/><button\n\t\t\tclass=\"lightbox-trigger\"\n\t\t\ttype=\"button\"\n\t\t\taria-haspopup=\"dialog\"\n\t\t\taria-label=\"Agrandir\"\n\t\t\tdata-wp-init=\"callbacks.initTriggerButton\"\n\t\t\tdata-wp-on--click=\"actions.showLightbox\"\n\t\t\tdata-wp-style--right=\"state.imageButtonRight\"\n\t\t\tdata-wp-style--top=\"state.imageButtonTop\"\n\t\t>\n\t\t\t<svg xmlns=\"http:\/\/www.w3.org\/2000\/svg\" width=\"12\" height=\"12\" fill=\"none\" viewBox=\"0 0 12 12\">\n\t\t\t\t<path fill=\"#fff\" d=\"M2 0a2 2 0 0 0-2 2v2h1.5V2a.5.5 0 0 1 .5-.5h2V0H2Zm2 10.5H2a.5.5 0 0 1-.5-.5V8H0v2a2 2 0 0 0 2 2h2v-1.5ZM8 12v-1.5h2a.5.5 0 0 0 .5-.5V8H12v2a2 2 0 0 1-2 2H8Zm2-12a2 2 0 0 1 2 2v2h-1.5V2a.5.5 0 0 0-.5-.5H8V0h2Z\" \/>\n\t\t\t<\/svg>\n\t\t<\/button><\/figure>\n","protected":false},"excerpt":{"rendered":"<p>Horaires d&rsquo;accueil : Lundi: 7H-12H \/ 13H-16H Mardi:7H-12H \/ 13H-16H Mercredi: 7H-12H Jeudi: 7H-12H \/ 13H-16H Vendredi: 7H-12H \/ 13H-16H La secr\u00e9taire de direction s\u2019occupe de la gestion administrative de l&rsquo;\u00e9tablissement.. Elle assure le suivi des relations administratives avec les services du Rectorat et du D\u00e9partement. Elle accueille et renseigne les enseignants, les personnels et les usagers (parents, \u00e9l\u00e8ves, etc\u2026). Mme ALAMELE &#8211; Secr\u00e9taire de direction<\/p>\n<p> <a class=\"continue-reading-link\" href=\"https:\/\/etab.ac-reunion.fr\/clg-terrain-fayard\/le-secretariat-de-direction\/\"><span>Lire plus<\/span><i class=\"crycon-right-dir\"><\/i><\/a> <\/p>\n","protected":false},"author":12914,"featured_media":0,"parent":0,"menu_order":0,"comment_status":"closed","ping_status":"closed","template":"","meta":{"footnotes":""},"class_list":["post-5186","page","type-page","status-publish","hentry"],"_links":{"self":[{"href":"https:\/\/etab.ac-reunion.fr\/clg-terrain-fayard\/wp-json\/wp\/v2\/pages\/5186","targetHints":{"allow":["GET"]}}],"collection":[{"href":"https:\/\/etab.ac-reunion.fr\/clg-terrain-fayard\/wp-json\/wp\/v2\/pages"}],"about":[{"href":"https:\/\/etab.ac-reunion.fr\/clg-terrain-fayard\/wp-json\/wp\/v2\/types\/page"}],"author":[{"embeddable":true,"href":"https:\/\/etab.ac-reunion.fr\/clg-terrain-fayard\/wp-json\/wp\/v2\/users\/12914"}],"replies":[{"embeddable":true,"href":"https:\/\/etab.ac-reunion.fr\/clg-terrain-fayard\/wp-json\/wp\/v2\/comments?post=5186"}],"version-history":[{"count":6,"href":"https:\/\/etab.ac-reunion.fr\/clg-terrain-fayard\/wp-json\/wp\/v2\/pages\/5186\/revisions"}],"predecessor-version":[{"id":5590,"href":"https:\/\/etab.ac-reunion.fr\/clg-terrain-fayard\/wp-json\/wp\/v2\/pages\/5186\/revisions\/5590"}],"wp:attachment":[{"href":"https:\/\/etab.ac-reunion.fr\/clg-terrain-fayard\/wp-json\/wp\/v2\/media?parent=5186"}],"curies":[{"name":"wp","href":"https:\/\/api.w.org\/{rel}","templated":true}]}}