{"id":5354,"date":"2024-09-19T13:20:39","date_gmt":"2024-09-19T09:20:39","guid":{"rendered":"https:\/\/etab.ac-reunion.fr\/clg-terrain-fayard\/?page_id=5354"},"modified":"2024-09-25T11:04:22","modified_gmt":"2024-09-25T07:04:22","slug":"le-service-restauration","status":"publish","type":"page","link":"https:\/\/etab.ac-reunion.fr\/clg-terrain-fayard\/le-service-restauration\/","title":{"rendered":"Le service restauration"},"content":{"rendered":"\n<p>Pour les coll\u00e8ges et les lyc\u00e9es, la responsabilit\u00e9 de la restauration scolaire rel\u00e8ve respectivement du d\u00e9partement et de la r\u00e9gion. La majorit\u00e9 des coll\u00e8ges et lyc\u00e9es g\u00e8re directement la pr\u00e9paration des repas qui sont pr\u00e9par\u00e9s et consomm\u00e9s sur place.<br>Dans certains cas, la gestion est assur\u00e9e par une soci\u00e9t\u00e9 de restauration collective : les repas sont alors pr\u00e9par\u00e9s dans une cuisine centrale puis livr\u00e9s dans une cuisine dite \u00absatellite\u00bb, soit en liaison chaude, soit en liaison froide ; ce qui est le cas au coll\u00e8ge Terrain Fayard.<\/p>\n\n\n\n<p>La loi EGAlim du 30 octobre 2018 renforce les dispositions applicables \u00e0 la restauration collective \u00abd\u2019une alimentation saine, durable et accessible \u00e0 tous\u00bb. Cette loi pr\u00e9voit que d\u2019ici 2022 les repas servis en restauration collective dont scolaire, comprennent 50 % de produits sous signes de qualit\u00e9 et durables, dont 20 % de produits issus de l\u2019agriculture biologique. La loi pr\u00e9voit aussi \u00e0 partir de 2019 un plan pluriannuel de diversification des prot\u00e9ines incluant des prot\u00e9ines v\u00e9g\u00e9tales dans les menus (pour les \u00e9tablissements servant plus de 200 couverts) et une exp\u00e9rimentation obligatoire qui consiste \u00e0 proposer un menu v\u00e9g\u00e9tarien au moins une fois par semaine.<\/p>\n\n\n\n<p><strong>Le responsable satellite (M. BORDIER) et son \u00e9quipe (Mme THIBAULT, Mme BOYER et Mme FAUSTIN) <\/strong>:<\/p>\n\n\n\n<div class=\"wp-block-group is-nowrap is-layout-flex wp-container-core-group-is-layout-ad2f72ca wp-block-group-is-layout-flex\">\n<div class=\"wp-block-columns is-layout-flex wp-container-core-columns-is-layout-9d6595d7 wp-block-columns-is-layout-flex\">\n<div class=\"wp-block-column is-layout-flow wp-block-column-is-layout-flow\" style=\"flex-basis:100%\">\n<figure class=\"wp-block-gallery has-nested-images columns-default is-cropped wp-block-gallery-1 is-layout-flex wp-block-gallery-is-layout-flex\">\n<figure data-wp-context=\"{&quot;imageId&quot;:&quot;69de37801fff8&quot;}\" data-wp-interactive=\"core\/image\" data-wp-key=\"69de37801fff8\" class=\"wp-block-image size-large wp-lightbox-container\"><img loading=\"lazy\" decoding=\"async\" width=\"533\" height=\"400\" data-wp-class--hide=\"state.isContentHidden\" data-wp-class--show=\"state.isContentVisible\" data-wp-init=\"callbacks.setButtonStyles\" data-wp-on--click=\"actions.showLightbox\" data-wp-on--load=\"callbacks.setButtonStyles\" data-wp-on-window--resize=\"callbacks.setButtonStyles\" data-id=\"5321\" src=\"https:\/\/etab.ac-reunion.fr\/clg-terrain-fayard\/wp-content\/uploads\/sites\/51\/2024\/09\/P1000494-533x400.jpg\" alt=\"aa\" class=\"wp-image-5321\" srcset=\"https:\/\/etab.ac-reunion.fr\/clg-terrain-fayard\/wp-content\/uploads\/sites\/51\/2024\/09\/P1000494-533x400.jpg 533w, https:\/\/etab.ac-reunion.fr\/clg-terrain-fayard\/wp-content\/uploads\/sites\/51\/2024\/09\/P1000494-267x200.jpg 267w, https:\/\/etab.ac-reunion.fr\/clg-terrain-fayard\/wp-content\/uploads\/sites\/51\/2024\/09\/P1000494-768x576.jpg 768w, https:\/\/etab.ac-reunion.fr\/clg-terrain-fayard\/wp-content\/uploads\/sites\/51\/2024\/09\/P1000494-1536x1152.jpg 1536w, https:\/\/etab.ac-reunion.fr\/clg-terrain-fayard\/wp-content\/uploads\/sites\/51\/2024\/09\/P1000494-2048x1536.jpg 2048w, https:\/\/etab.ac-reunion.fr\/clg-terrain-fayard\/wp-content\/uploads\/sites\/51\/2024\/09\/P1000494-150x113.jpg 150w\" sizes=\"auto, (max-width: 533px) 100vw, 533px\" \/><button\n\t\t\tclass=\"lightbox-trigger\"\n\t\t\ttype=\"button\"\n\t\t\taria-haspopup=\"dialog\"\n\t\t\taria-label=\"Agrandir\"\n\t\t\tdata-wp-init=\"callbacks.initTriggerButton\"\n\t\t\tdata-wp-on--click=\"actions.showLightbox\"\n\t\t\tdata-wp-style--right=\"state.imageButtonRight\"\n\t\t\tdata-wp-style--top=\"state.imageButtonTop\"\n\t\t>\n\t\t\t<svg xmlns=\"http:\/\/www.w3.org\/2000\/svg\" width=\"12\" height=\"12\" fill=\"none\" viewBox=\"0 0 12 12\">\n\t\t\t\t<path fill=\"#fff\" d=\"M2 0a2 2 0 0 0-2 2v2h1.5V2a.5.5 0 0 1 .5-.5h2V0H2Zm2 10.5H2a.5.5 0 0 1-.5-.5V8H0v2a2 2 0 0 0 2 2h2v-1.5ZM8 12v-1.5h2a.5.5 0 0 0 .5-.5V8H12v2a2 2 0 0 1-2 2H8Zm2-12a2 2 0 0 1 2 2v2h-1.5V2a.5.5 0 0 0-.5-.5H8V0h2Z\" \/>\n\t\t\t<\/svg>\n\t\t<\/button><\/figure>\n\n\n\n<figure data-wp-context=\"{&quot;imageId&quot;:&quot;69de378020693&quot;}\" data-wp-interactive=\"core\/image\" data-wp-key=\"69de378020693\" class=\"wp-block-image size-full wp-lightbox-container\"><img loading=\"lazy\" decoding=\"async\" width=\"2560\" height=\"1920\" data-wp-class--hide=\"state.isContentHidden\" data-wp-class--show=\"state.isContentVisible\" data-wp-init=\"callbacks.setButtonStyles\" data-wp-on--click=\"actions.showLightbox\" data-wp-on--load=\"callbacks.setButtonStyles\" data-wp-on-window--resize=\"callbacks.setButtonStyles\" data-id=\"5318\" src=\"https:\/\/etab.ac-reunion.fr\/clg-terrain-fayard\/wp-content\/uploads\/sites\/51\/2024\/09\/P1000491-scaled.jpg\" alt=\"\" class=\"wp-image-5318\" srcset=\"https:\/\/etab.ac-reunion.fr\/clg-terrain-fayard\/wp-content\/uploads\/sites\/51\/2024\/09\/P1000491-scaled.jpg 2560w, https:\/\/etab.ac-reunion.fr\/clg-terrain-fayard\/wp-content\/uploads\/sites\/51\/2024\/09\/P1000491-267x200.jpg 267w, https:\/\/etab.ac-reunion.fr\/clg-terrain-fayard\/wp-content\/uploads\/sites\/51\/2024\/09\/P1000491-533x400.jpg 533w, https:\/\/etab.ac-reunion.fr\/clg-terrain-fayard\/wp-content\/uploads\/sites\/51\/2024\/09\/P1000491-768x576.jpg 768w, https:\/\/etab.ac-reunion.fr\/clg-terrain-fayard\/wp-content\/uploads\/sites\/51\/2024\/09\/P1000491-1536x1152.jpg 1536w, https:\/\/etab.ac-reunion.fr\/clg-terrain-fayard\/wp-content\/uploads\/sites\/51\/2024\/09\/P1000491-2048x1536.jpg 2048w, https:\/\/etab.ac-reunion.fr\/clg-terrain-fayard\/wp-content\/uploads\/sites\/51\/2024\/09\/P1000491-150x113.jpg 150w\" sizes=\"auto, (max-width: 2560px) 100vw, 2560px\" \/><button\n\t\t\tclass=\"lightbox-trigger\"\n\t\t\ttype=\"button\"\n\t\t\taria-haspopup=\"dialog\"\n\t\t\taria-label=\"Agrandir\"\n\t\t\tdata-wp-init=\"callbacks.initTriggerButton\"\n\t\t\tdata-wp-on--click=\"actions.showLightbox\"\n\t\t\tdata-wp-style--right=\"state.imageButtonRight\"\n\t\t\tdata-wp-style--top=\"state.imageButtonTop\"\n\t\t>\n\t\t\t<svg xmlns=\"http:\/\/www.w3.org\/2000\/svg\" width=\"12\" height=\"12\" fill=\"none\" viewBox=\"0 0 12 12\">\n\t\t\t\t<path fill=\"#fff\" d=\"M2 0a2 2 0 0 0-2 2v2h1.5V2a.5.5 0 0 1 .5-.5h2V0H2Zm2 10.5H2a.5.5 0 0 1-.5-.5V8H0v2a2 2 0 0 0 2 2h2v-1.5ZM8 12v-1.5h2a.5.5 0 0 0 .5-.5V8H12v2a2 2 0 0 1-2 2H8Zm2-12a2 2 0 0 1 2 2v2h-1.5V2a.5.5 0 0 0-.5-.5H8V0h2Z\" \/>\n\t\t\t<\/svg>\n\t\t<\/button><\/figure>\n\n\n\n<figure data-wp-context=\"{&quot;imageId&quot;:&quot;69de378020cc3&quot;}\" data-wp-interactive=\"core\/image\" data-wp-key=\"69de378020cc3\" class=\"wp-block-image size-full wp-lightbox-container\"><img loading=\"lazy\" decoding=\"async\" width=\"2560\" height=\"1920\" data-wp-class--hide=\"state.isContentHidden\" data-wp-class--show=\"state.isContentVisible\" data-wp-init=\"callbacks.setButtonStyles\" data-wp-on--click=\"actions.showLightbox\" data-wp-on--load=\"callbacks.setButtonStyles\" data-wp-on-window--resize=\"callbacks.setButtonStyles\" data-id=\"5311\" src=\"https:\/\/etab.ac-reunion.fr\/clg-terrain-fayard\/wp-content\/uploads\/sites\/51\/2024\/09\/P1000484-scaled.jpg\" alt=\"\" class=\"wp-image-5311\" srcset=\"https:\/\/etab.ac-reunion.fr\/clg-terrain-fayard\/wp-content\/uploads\/sites\/51\/2024\/09\/P1000484-scaled.jpg 2560w, https:\/\/etab.ac-reunion.fr\/clg-terrain-fayard\/wp-content\/uploads\/sites\/51\/2024\/09\/P1000484-267x200.jpg 267w, https:\/\/etab.ac-reunion.fr\/clg-terrain-fayard\/wp-content\/uploads\/sites\/51\/2024\/09\/P1000484-533x400.jpg 533w, https:\/\/etab.ac-reunion.fr\/clg-terrain-fayard\/wp-content\/uploads\/sites\/51\/2024\/09\/P1000484-768x576.jpg 768w, https:\/\/etab.ac-reunion.fr\/clg-terrain-fayard\/wp-content\/uploads\/sites\/51\/2024\/09\/P1000484-1536x1152.jpg 1536w, https:\/\/etab.ac-reunion.fr\/clg-terrain-fayard\/wp-content\/uploads\/sites\/51\/2024\/09\/P1000484-2048x1536.jpg 2048w, https:\/\/etab.ac-reunion.fr\/clg-terrain-fayard\/wp-content\/uploads\/sites\/51\/2024\/09\/P1000484-150x113.jpg 150w\" sizes=\"auto, (max-width: 2560px) 100vw, 2560px\" \/><button\n\t\t\tclass=\"lightbox-trigger\"\n\t\t\ttype=\"button\"\n\t\t\taria-haspopup=\"dialog\"\n\t\t\taria-label=\"Agrandir\"\n\t\t\tdata-wp-init=\"callbacks.initTriggerButton\"\n\t\t\tdata-wp-on--click=\"actions.showLightbox\"\n\t\t\tdata-wp-style--right=\"state.imageButtonRight\"\n\t\t\tdata-wp-style--top=\"state.imageButtonTop\"\n\t\t>\n\t\t\t<svg xmlns=\"http:\/\/www.w3.org\/2000\/svg\" width=\"12\" height=\"12\" fill=\"none\" viewBox=\"0 0 12 12\">\n\t\t\t\t<path fill=\"#fff\" d=\"M2 0a2 2 0 0 0-2 2v2h1.5V2a.5.5 0 0 1 .5-.5h2V0H2Zm2 10.5H2a.5.5 0 0 1-.5-.5V8H0v2a2 2 0 0 0 2 2h2v-1.5ZM8 12v-1.5h2a.5.5 0 0 0 .5-.5V8H12v2a2 2 0 0 1-2 2H8Zm2-12a2 2 0 0 1 2 2v2h-1.5V2a.5.5 0 0 0-.5-.5H8V0h2Z\" \/>\n\t\t\t<\/svg>\n\t\t<\/button><\/figure>\n\n\n\n<figure data-wp-context=\"{&quot;imageId&quot;:&quot;69de3780212db&quot;}\" data-wp-interactive=\"core\/image\" data-wp-key=\"69de3780212db\" class=\"wp-block-image size-full wp-lightbox-container\"><img loading=\"lazy\" decoding=\"async\" width=\"2560\" height=\"1920\" data-wp-class--hide=\"state.isContentHidden\" data-wp-class--show=\"state.isContentVisible\" data-wp-init=\"callbacks.setButtonStyles\" data-wp-on--click=\"actions.showLightbox\" data-wp-on--load=\"callbacks.setButtonStyles\" data-wp-on-window--resize=\"callbacks.setButtonStyles\" data-id=\"5310\" src=\"https:\/\/etab.ac-reunion.fr\/clg-terrain-fayard\/wp-content\/uploads\/sites\/51\/2024\/09\/P1000483-scaled.jpg\" alt=\"\" class=\"wp-image-5310\" srcset=\"https:\/\/etab.ac-reunion.fr\/clg-terrain-fayard\/wp-content\/uploads\/sites\/51\/2024\/09\/P1000483-scaled.jpg 2560w, https:\/\/etab.ac-reunion.fr\/clg-terrain-fayard\/wp-content\/uploads\/sites\/51\/2024\/09\/P1000483-267x200.jpg 267w, https:\/\/etab.ac-reunion.fr\/clg-terrain-fayard\/wp-content\/uploads\/sites\/51\/2024\/09\/P1000483-533x400.jpg 533w, https:\/\/etab.ac-reunion.fr\/clg-terrain-fayard\/wp-content\/uploads\/sites\/51\/2024\/09\/P1000483-768x576.jpg 768w, https:\/\/etab.ac-reunion.fr\/clg-terrain-fayard\/wp-content\/uploads\/sites\/51\/2024\/09\/P1000483-1536x1152.jpg 1536w, https:\/\/etab.ac-reunion.fr\/clg-terrain-fayard\/wp-content\/uploads\/sites\/51\/2024\/09\/P1000483-2048x1536.jpg 2048w, https:\/\/etab.ac-reunion.fr\/clg-terrain-fayard\/wp-content\/uploads\/sites\/51\/2024\/09\/P1000483-150x113.jpg 150w\" sizes=\"auto, (max-width: 2560px) 100vw, 2560px\" \/><button\n\t\t\tclass=\"lightbox-trigger\"\n\t\t\ttype=\"button\"\n\t\t\taria-haspopup=\"dialog\"\n\t\t\taria-label=\"Agrandir\"\n\t\t\tdata-wp-init=\"callbacks.initTriggerButton\"\n\t\t\tdata-wp-on--click=\"actions.showLightbox\"\n\t\t\tdata-wp-style--right=\"state.imageButtonRight\"\n\t\t\tdata-wp-style--top=\"state.imageButtonTop\"\n\t\t>\n\t\t\t<svg xmlns=\"http:\/\/www.w3.org\/2000\/svg\" width=\"12\" height=\"12\" fill=\"none\" viewBox=\"0 0 12 12\">\n\t\t\t\t<path fill=\"#fff\" d=\"M2 0a2 2 0 0 0-2 2v2h1.5V2a.5.5 0 0 1 .5-.5h2V0H2Zm2 10.5H2a.5.5 0 0 1-.5-.5V8H0v2a2 2 0 0 0 2 2h2v-1.5ZM8 12v-1.5h2a.5.5 0 0 0 .5-.5V8H12v2a2 2 0 0 1-2 2H8Zm2-12a2 2 0 0 1 2 2v2h-1.5V2a.5.5 0 0 0-.5-.5H8V0h2Z\" \/>\n\t\t\t<\/svg>\n\t\t<\/button><\/figure>\n\n\n\n<figure data-wp-context=\"{&quot;imageId&quot;:&quot;69de3780218ca&quot;}\" data-wp-interactive=\"core\/image\" data-wp-key=\"69de3780218ca\" class=\"wp-block-image size-full wp-lightbox-container\"><img loading=\"lazy\" decoding=\"async\" width=\"2560\" height=\"1920\" data-wp-class--hide=\"state.isContentHidden\" data-wp-class--show=\"state.isContentVisible\" data-wp-init=\"callbacks.setButtonStyles\" data-wp-on--click=\"actions.showLightbox\" data-wp-on--load=\"callbacks.setButtonStyles\" data-wp-on-window--resize=\"callbacks.setButtonStyles\" data-id=\"5309\" src=\"https:\/\/etab.ac-reunion.fr\/clg-terrain-fayard\/wp-content\/uploads\/sites\/51\/2024\/09\/P1000482-scaled.jpg\" alt=\"\" class=\"wp-image-5309\" srcset=\"https:\/\/etab.ac-reunion.fr\/clg-terrain-fayard\/wp-content\/uploads\/sites\/51\/2024\/09\/P1000482-scaled.jpg 2560w, https:\/\/etab.ac-reunion.fr\/clg-terrain-fayard\/wp-content\/uploads\/sites\/51\/2024\/09\/P1000482-267x200.jpg 267w, https:\/\/etab.ac-reunion.fr\/clg-terrain-fayard\/wp-content\/uploads\/sites\/51\/2024\/09\/P1000482-533x400.jpg 533w, https:\/\/etab.ac-reunion.fr\/clg-terrain-fayard\/wp-content\/uploads\/sites\/51\/2024\/09\/P1000482-768x576.jpg 768w, https:\/\/etab.ac-reunion.fr\/clg-terrain-fayard\/wp-content\/uploads\/sites\/51\/2024\/09\/P1000482-1536x1152.jpg 1536w, https:\/\/etab.ac-reunion.fr\/clg-terrain-fayard\/wp-content\/uploads\/sites\/51\/2024\/09\/P1000482-2048x1536.jpg 2048w, https:\/\/etab.ac-reunion.fr\/clg-terrain-fayard\/wp-content\/uploads\/sites\/51\/2024\/09\/P1000482-150x113.jpg 150w\" sizes=\"auto, (max-width: 2560px) 100vw, 2560px\" \/><button\n\t\t\tclass=\"lightbox-trigger\"\n\t\t\ttype=\"button\"\n\t\t\taria-haspopup=\"dialog\"\n\t\t\taria-label=\"Agrandir\"\n\t\t\tdata-wp-init=\"callbacks.initTriggerButton\"\n\t\t\tdata-wp-on--click=\"actions.showLightbox\"\n\t\t\tdata-wp-style--right=\"state.imageButtonRight\"\n\t\t\tdata-wp-style--top=\"state.imageButtonTop\"\n\t\t>\n\t\t\t<svg xmlns=\"http:\/\/www.w3.org\/2000\/svg\" width=\"12\" height=\"12\" fill=\"none\" viewBox=\"0 0 12 12\">\n\t\t\t\t<path fill=\"#fff\" d=\"M2 0a2 2 0 0 0-2 2v2h1.5V2a.5.5 0 0 1 .5-.5h2V0H2Zm2 10.5H2a.5.5 0 0 1-.5-.5V8H0v2a2 2 0 0 0 2 2h2v-1.5ZM8 12v-1.5h2a.5.5 0 0 0 .5-.5V8H12v2a2 2 0 0 1-2 2H8Zm2-12a2 2 0 0 1 2 2v2h-1.5V2a.5.5 0 0 0-.5-.5H8V0h2Z\" \/>\n\t\t\t<\/svg>\n\t\t<\/button><\/figure>\n\n\n\n<figure data-wp-context=\"{&quot;imageId&quot;:&quot;69de378021f31&quot;}\" data-wp-interactive=\"core\/image\" data-wp-key=\"69de378021f31\" class=\"wp-block-image size-full wp-lightbox-container\"><img loading=\"lazy\" decoding=\"async\" width=\"2560\" height=\"1920\" data-wp-class--hide=\"state.isContentHidden\" data-wp-class--show=\"state.isContentVisible\" data-wp-init=\"callbacks.setButtonStyles\" data-wp-on--click=\"actions.showLightbox\" data-wp-on--load=\"callbacks.setButtonStyles\" data-wp-on-window--resize=\"callbacks.setButtonStyles\" data-id=\"5308\" src=\"https:\/\/etab.ac-reunion.fr\/clg-terrain-fayard\/wp-content\/uploads\/sites\/51\/2024\/09\/P1000481-scaled.jpg\" alt=\"\" class=\"wp-image-5308\" srcset=\"https:\/\/etab.ac-reunion.fr\/clg-terrain-fayard\/wp-content\/uploads\/sites\/51\/2024\/09\/P1000481-scaled.jpg 2560w, https:\/\/etab.ac-reunion.fr\/clg-terrain-fayard\/wp-content\/uploads\/sites\/51\/2024\/09\/P1000481-267x200.jpg 267w, https:\/\/etab.ac-reunion.fr\/clg-terrain-fayard\/wp-content\/uploads\/sites\/51\/2024\/09\/P1000481-533x400.jpg 533w, https:\/\/etab.ac-reunion.fr\/clg-terrain-fayard\/wp-content\/uploads\/sites\/51\/2024\/09\/P1000481-768x576.jpg 768w, https:\/\/etab.ac-reunion.fr\/clg-terrain-fayard\/wp-content\/uploads\/sites\/51\/2024\/09\/P1000481-1536x1152.jpg 1536w, https:\/\/etab.ac-reunion.fr\/clg-terrain-fayard\/wp-content\/uploads\/sites\/51\/2024\/09\/P1000481-2048x1536.jpg 2048w, https:\/\/etab.ac-reunion.fr\/clg-terrain-fayard\/wp-content\/uploads\/sites\/51\/2024\/09\/P1000481-150x113.jpg 150w\" sizes=\"auto, (max-width: 2560px) 100vw, 2560px\" \/><button\n\t\t\tclass=\"lightbox-trigger\"\n\t\t\ttype=\"button\"\n\t\t\taria-haspopup=\"dialog\"\n\t\t\taria-label=\"Agrandir\"\n\t\t\tdata-wp-init=\"callbacks.initTriggerButton\"\n\t\t\tdata-wp-on--click=\"actions.showLightbox\"\n\t\t\tdata-wp-style--right=\"state.imageButtonRight\"\n\t\t\tdata-wp-style--top=\"state.imageButtonTop\"\n\t\t>\n\t\t\t<svg xmlns=\"http:\/\/www.w3.org\/2000\/svg\" width=\"12\" height=\"12\" fill=\"none\" viewBox=\"0 0 12 12\">\n\t\t\t\t<path fill=\"#fff\" d=\"M2 0a2 2 0 0 0-2 2v2h1.5V2a.5.5 0 0 1 .5-.5h2V0H2Zm2 10.5H2a.5.5 0 0 1-.5-.5V8H0v2a2 2 0 0 0 2 2h2v-1.5ZM8 12v-1.5h2a.5.5 0 0 0 .5-.5V8H12v2a2 2 0 0 1-2 2H8Zm2-12a2 2 0 0 1 2 2v2h-1.5V2a.5.5 0 0 0-.5-.5H8V0h2Z\" \/>\n\t\t\t<\/svg>\n\t\t<\/button><\/figure>\n\n\n\n<figure data-wp-context=\"{&quot;imageId&quot;:&quot;69de37802255a&quot;}\" data-wp-interactive=\"core\/image\" data-wp-key=\"69de37802255a\" class=\"wp-block-image size-large wp-lightbox-container\"><img loading=\"lazy\" decoding=\"async\" width=\"533\" height=\"400\" data-wp-class--hide=\"state.isContentHidden\" data-wp-class--show=\"state.isContentVisible\" data-wp-init=\"callbacks.setButtonStyles\" data-wp-on--click=\"actions.showLightbox\" data-wp-on--load=\"callbacks.setButtonStyles\" data-wp-on-window--resize=\"callbacks.setButtonStyles\" data-id=\"5305\" src=\"https:\/\/etab.ac-reunion.fr\/clg-terrain-fayard\/wp-content\/uploads\/sites\/51\/2024\/09\/P1000478-533x400.jpg\" alt=\"\" class=\"wp-image-5305\" srcset=\"https:\/\/etab.ac-reunion.fr\/clg-terrain-fayard\/wp-content\/uploads\/sites\/51\/2024\/09\/P1000478-533x400.jpg 533w, https:\/\/etab.ac-reunion.fr\/clg-terrain-fayard\/wp-content\/uploads\/sites\/51\/2024\/09\/P1000478-267x200.jpg 267w, https:\/\/etab.ac-reunion.fr\/clg-terrain-fayard\/wp-content\/uploads\/sites\/51\/2024\/09\/P1000478-768x576.jpg 768w, https:\/\/etab.ac-reunion.fr\/clg-terrain-fayard\/wp-content\/uploads\/sites\/51\/2024\/09\/P1000478-1536x1152.jpg 1536w, https:\/\/etab.ac-reunion.fr\/clg-terrain-fayard\/wp-content\/uploads\/sites\/51\/2024\/09\/P1000478-2048x1536.jpg 2048w, https:\/\/etab.ac-reunion.fr\/clg-terrain-fayard\/wp-content\/uploads\/sites\/51\/2024\/09\/P1000478-150x113.jpg 150w\" sizes=\"auto, (max-width: 533px) 100vw, 533px\" \/><button\n\t\t\tclass=\"lightbox-trigger\"\n\t\t\ttype=\"button\"\n\t\t\taria-haspopup=\"dialog\"\n\t\t\taria-label=\"Agrandir\"\n\t\t\tdata-wp-init=\"callbacks.initTriggerButton\"\n\t\t\tdata-wp-on--click=\"actions.showLightbox\"\n\t\t\tdata-wp-style--right=\"state.imageButtonRight\"\n\t\t\tdata-wp-style--top=\"state.imageButtonTop\"\n\t\t>\n\t\t\t<svg xmlns=\"http:\/\/www.w3.org\/2000\/svg\" width=\"12\" height=\"12\" fill=\"none\" viewBox=\"0 0 12 12\">\n\t\t\t\t<path fill=\"#fff\" d=\"M2 0a2 2 0 0 0-2 2v2h1.5V2a.5.5 0 0 1 .5-.5h2V0H2Zm2 10.5H2a.5.5 0 0 1-.5-.5V8H0v2a2 2 0 0 0 2 2h2v-1.5ZM8 12v-1.5h2a.5.5 0 0 0 .5-.5V8H12v2a2 2 0 0 1-2 2H8Zm2-12a2 2 0 0 1 2 2v2h-1.5V2a.5.5 0 0 0-.5-.5H8V0h2Z\" \/>\n\t\t\t<\/svg>\n\t\t<\/button><\/figure>\n\n\n\n<figure data-wp-context=\"{&quot;imageId&quot;:&quot;69de378022b75&quot;}\" data-wp-interactive=\"core\/image\" data-wp-key=\"69de378022b75\" class=\"wp-block-image size-full wp-lightbox-container\"><img loading=\"lazy\" decoding=\"async\" width=\"2560\" height=\"1920\" data-wp-class--hide=\"state.isContentHidden\" data-wp-class--show=\"state.isContentVisible\" data-wp-init=\"callbacks.setButtonStyles\" data-wp-on--click=\"actions.showLightbox\" data-wp-on--load=\"callbacks.setButtonStyles\" data-wp-on-window--resize=\"callbacks.setButtonStyles\" data-id=\"5312\" src=\"https:\/\/etab.ac-reunion.fr\/clg-terrain-fayard\/wp-content\/uploads\/sites\/51\/2024\/09\/P1000485-scaled.jpg\" alt=\"\" class=\"wp-image-5312\" srcset=\"https:\/\/etab.ac-reunion.fr\/clg-terrain-fayard\/wp-content\/uploads\/sites\/51\/2024\/09\/P1000485-scaled.jpg 2560w, https:\/\/etab.ac-reunion.fr\/clg-terrain-fayard\/wp-content\/uploads\/sites\/51\/2024\/09\/P1000485-267x200.jpg 267w, https:\/\/etab.ac-reunion.fr\/clg-terrain-fayard\/wp-content\/uploads\/sites\/51\/2024\/09\/P1000485-533x400.jpg 533w, https:\/\/etab.ac-reunion.fr\/clg-terrain-fayard\/wp-content\/uploads\/sites\/51\/2024\/09\/P1000485-768x576.jpg 768w, https:\/\/etab.ac-reunion.fr\/clg-terrain-fayard\/wp-content\/uploads\/sites\/51\/2024\/09\/P1000485-1536x1152.jpg 1536w, https:\/\/etab.ac-reunion.fr\/clg-terrain-fayard\/wp-content\/uploads\/sites\/51\/2024\/09\/P1000485-2048x1536.jpg 2048w, https:\/\/etab.ac-reunion.fr\/clg-terrain-fayard\/wp-content\/uploads\/sites\/51\/2024\/09\/P1000485-150x113.jpg 150w\" sizes=\"auto, (max-width: 2560px) 100vw, 2560px\" \/><button\n\t\t\tclass=\"lightbox-trigger\"\n\t\t\ttype=\"button\"\n\t\t\taria-haspopup=\"dialog\"\n\t\t\taria-label=\"Agrandir\"\n\t\t\tdata-wp-init=\"callbacks.initTriggerButton\"\n\t\t\tdata-wp-on--click=\"actions.showLightbox\"\n\t\t\tdata-wp-style--right=\"state.imageButtonRight\"\n\t\t\tdata-wp-style--top=\"state.imageButtonTop\"\n\t\t>\n\t\t\t<svg xmlns=\"http:\/\/www.w3.org\/2000\/svg\" width=\"12\" height=\"12\" fill=\"none\" viewBox=\"0 0 12 12\">\n\t\t\t\t<path fill=\"#fff\" d=\"M2 0a2 2 0 0 0-2 2v2h1.5V2a.5.5 0 0 1 .5-.5h2V0H2Zm2 10.5H2a.5.5 0 0 1-.5-.5V8H0v2a2 2 0 0 0 2 2h2v-1.5ZM8 12v-1.5h2a.5.5 0 0 0 .5-.5V8H12v2a2 2 0 0 1-2 2H8Zm2-12a2 2 0 0 1 2 2v2h-1.5V2a.5.5 0 0 0-.5-.5H8V0h2Z\" \/>\n\t\t\t<\/svg>\n\t\t<\/button><\/figure>\n<\/figure>\n<\/div>\n<\/div>\n<\/div>\n\n\n\n<p><strong>Leurs principales missions :<\/strong><\/p>\n\n\n\n<ul class=\"wp-block-list\">\n<li>R\u00e9aliser les cuissons<\/li>\n\n\n\n<li>R\u00e9aliser les recettes et les menus suivants les indications fournies<\/li>\n\n\n\n<li>Assurer la remise en temp\u00e9rature des PCEA ( pr\u00e9paration culinaire \u00e9labor\u00e9e \u00e0 l&rsquo;avance)<\/li>\n\n\n\n<li>Appliquer les techniques culinaires de la restauration (qualit\u00e9, pr\u00e9sentation, etc&#8230;)<\/li>\n\n\n\n<li>Mise en place, dressage, approvisionnement et distribution des plats<\/li>\n\n\n\n<li>Faciliter la fluidit\u00e9 de l&rsquo;acc\u00e8s au self<\/li>\n\n\n\n<li>Service de magasinage<\/li>\n\n\n\n<li>Entretien des mat\u00e9riels et des locaux en cuisine<\/li>\n\n\n\n<li>&#8230;.<\/li>\n<\/ul>\n","protected":false},"excerpt":{"rendered":"<p>Pour les coll\u00e8ges et les lyc\u00e9es, la responsabilit\u00e9 de la restauration scolaire rel\u00e8ve respectivement du d\u00e9partement et de la r\u00e9gion. La majorit\u00e9 des coll\u00e8ges et lyc\u00e9es g\u00e8re directement la pr\u00e9paration des repas qui sont pr\u00e9par\u00e9s et consomm\u00e9s sur place.Dans certains cas, la gestion est assur\u00e9e par une soci\u00e9t\u00e9 de restauration collective : les repas sont alors pr\u00e9par\u00e9s dans une cuisine centrale puis livr\u00e9s dans une cuisine dite \u00absatellite\u00bb, soit en liaison chaude, soit en liaison froide ; ce qui est le cas au coll\u00e8ge Terrain Fayard. La loi EGAlim du 30 octobre 2018 renforce les dispositions applicables \u00e0 la restauration&#8230;<\/p>\n<p> <a class=\"continue-reading-link\" href=\"https:\/\/etab.ac-reunion.fr\/clg-terrain-fayard\/le-service-restauration\/\"><span>Lire plus<\/span><i class=\"crycon-right-dir\"><\/i><\/a> <\/p>\n","protected":false},"author":12914,"featured_media":0,"parent":0,"menu_order":0,"comment_status":"closed","ping_status":"closed","template":"","meta":{"footnotes":""},"class_list":["post-5354","page","type-page","status-publish","hentry"],"_links":{"self":[{"href":"https:\/\/etab.ac-reunion.fr\/clg-terrain-fayard\/wp-json\/wp\/v2\/pages\/5354","targetHints":{"allow":["GET"]}}],"collection":[{"href":"https:\/\/etab.ac-reunion.fr\/clg-terrain-fayard\/wp-json\/wp\/v2\/pages"}],"about":[{"href":"https:\/\/etab.ac-reunion.fr\/clg-terrain-fayard\/wp-json\/wp\/v2\/types\/page"}],"author":[{"embeddable":true,"href":"https:\/\/etab.ac-reunion.fr\/clg-terrain-fayard\/wp-json\/wp\/v2\/users\/12914"}],"replies":[{"embeddable":true,"href":"https:\/\/etab.ac-reunion.fr\/clg-terrain-fayard\/wp-json\/wp\/v2\/comments?post=5354"}],"version-history":[{"count":7,"href":"https:\/\/etab.ac-reunion.fr\/clg-terrain-fayard\/wp-json\/wp\/v2\/pages\/5354\/revisions"}],"predecessor-version":[{"id":5434,"href":"https:\/\/etab.ac-reunion.fr\/clg-terrain-fayard\/wp-json\/wp\/v2\/pages\/5354\/revisions\/5434"}],"wp:attachment":[{"href":"https:\/\/etab.ac-reunion.fr\/clg-terrain-fayard\/wp-json\/wp\/v2\/media?parent=5354"}],"curies":[{"name":"wp","href":"https:\/\/api.w.org\/{rel}","templated":true}]}}