{"id":5356,"date":"2024-09-19T13:21:32","date_gmt":"2024-09-19T09:21:32","guid":{"rendered":"https:\/\/etab.ac-reunion.fr\/clg-terrain-fayard\/?page_id=5356"},"modified":"2024-09-19T15:04:57","modified_gmt":"2024-09-19T11:04:57","slug":"le-service-general","status":"publish","type":"page","link":"https:\/\/etab.ac-reunion.fr\/clg-terrain-fayard\/le-service-general\/","title":{"rendered":"Le service g\u00e9n\u00e9ral"},"content":{"rendered":"\n<p>Le service g\u00e9n\u00e9ral est en charge de l&rsquo;entretien g\u00e9n\u00e9ral et de la maintenance des \u00e9quipements, des locaux et de leurs abords.<\/p>\n\n\n\n<p><strong>M. OLIVETTE &#8211; Responsable d&rsquo;\u00e9quipe &#8211;<\/strong> <\/p>\n\n\n<div class=\"wp-block-image\">\n<figure class=\"aligncenter size-full is-resized\"><img loading=\"lazy\" decoding=\"async\" width=\"2560\" height=\"1920\" src=\"https:\/\/etab.ac-reunion.fr\/clg-terrain-fayard\/wp-content\/uploads\/sites\/51\/2024\/09\/P1000475-scaled.jpg\" alt=\"\" class=\"wp-image-5302\" style=\"width:685px;height:auto\" \/><\/figure>\n<\/div>\n\n\n<p>Il est en charge d&rsquo;organiser et de contr\u00f4ler le travail des agents. Il participe \u00e9galement aux relations avec les usagers et les prestataires externes de l&rsquo;\u00e9tablissement.<\/p>\n\n\n\n<p>Il a une autre mission. <strong>Il est aussi l&rsquo;assistant de pr\u00e9vention du coll\u00e8ge (Adp)<\/strong>. Il assiste et conseille le chef d&rsquo;\u00e9tablissement dans la d\u00e9marche d&rsquo;\u00e9valuation des risques, la mise en place d&rsquo;une politique de pr\u00e9vention et la mise en \u0153uvre des r\u00e8gles d&rsquo;hygi\u00e8ne et de s\u00e9curit\u00e9 au travail.<\/p>\n\n\n\n<p><strong>L&rsquo;\u00e9quipe des agents<\/strong><\/p>\n\n\n\n\n\n<p><\/p>\n","protected":false},"excerpt":{"rendered":"<p>Le service g\u00e9n\u00e9ral est en charge de l&rsquo;entretien g\u00e9n\u00e9ral et de la maintenance des \u00e9quipements, des locaux et de leurs abords. M. OLIVETTE &#8211; Responsable d&rsquo;\u00e9quipe &#8211; Il est en charge d&rsquo;organiser et de contr\u00f4ler le travail des agents. Il participe \u00e9galement aux relations avec les usagers et les prestataires externes de l&rsquo;\u00e9tablissement. Il a une autre mission. Il est aussi l&rsquo;assistant de pr\u00e9vention du coll\u00e8ge (Adp). Il assiste et conseille le chef d&rsquo;\u00e9tablissement dans la d\u00e9marche d&rsquo;\u00e9valuation des risques, la mise en place d&rsquo;une politique de pr\u00e9vention et la mise en \u0153uvre des r\u00e8gles d&rsquo;hygi\u00e8ne et de s\u00e9curit\u00e9 au&#8230;<\/p>\n<p> <a class=\"continue-reading-link\" href=\"https:\/\/etab.ac-reunion.fr\/clg-terrain-fayard\/le-service-general\/\"><span>Lire plus<\/span><i class=\"crycon-right-dir\"><\/i><\/a> <\/p>\n","protected":false},"author":12914,"featured_media":0,"parent":0,"menu_order":0,"comment_status":"closed","ping_status":"closed","template":"","meta":{"footnotes":""},"class_list":["post-5356","page","type-page","status-publish","hentry"],"_links":{"self":[{"href":"https:\/\/etab.ac-reunion.fr\/clg-terrain-fayard\/wp-json\/wp\/v2\/pages\/5356","targetHints":{"allow":["GET"]}}],"collection":[{"href":"https:\/\/etab.ac-reunion.fr\/clg-terrain-fayard\/wp-json\/wp\/v2\/pages"}],"about":[{"href":"https:\/\/etab.ac-reunion.fr\/clg-terrain-fayard\/wp-json\/wp\/v2\/types\/page"}],"author":[{"embeddable":true,"href":"https:\/\/etab.ac-reunion.fr\/clg-terrain-fayard\/wp-json\/wp\/v2\/users\/12914"}],"replies":[{"embeddable":true,"href":"https:\/\/etab.ac-reunion.fr\/clg-terrain-fayard\/wp-json\/wp\/v2\/comments?post=5356"}],"version-history":[{"count":7,"href":"https:\/\/etab.ac-reunion.fr\/clg-terrain-fayard\/wp-json\/wp\/v2\/pages\/5356\/revisions"}],"predecessor-version":[{"id":5375,"href":"https:\/\/etab.ac-reunion.fr\/clg-terrain-fayard\/wp-json\/wp\/v2\/pages\/5356\/revisions\/5375"}],"wp:attachment":[{"href":"https:\/\/etab.ac-reunion.fr\/clg-terrain-fayard\/wp-json\/wp\/v2\/media?parent=5356"}],"curies":[{"name":"wp","href":"https:\/\/api.w.org\/{rel}","templated":true}]}}