{"id":7676,"date":"2025-12-05T10:15:03","date_gmt":"2025-12-05T06:15:03","guid":{"rendered":"https:\/\/etab.ac-reunion.fr\/clg-terrain-fayard\/?page_id=7676"},"modified":"2026-02-10T08:51:36","modified_gmt":"2026-02-10T04:51:36","slug":"le-projet-detablissement","status":"publish","type":"page","link":"https:\/\/etab.ac-reunion.fr\/clg-terrain-fayard\/le-projet-detablissement\/","title":{"rendered":"Le projet d&rsquo;\u00e9tablissement"},"content":{"rendered":"\n<p>Le <strong>projet d\u2019\u00e9tablissement<\/strong> est un document officiel qui d\u00e9finit les grandes orientations et les priorit\u00e9s \u00e9ducatives du coll\u00e8ge pour plusieurs ann\u00e9es (g\u00e9n\u00e9ralement 3 \u00e0 5 ans). C\u2019est en quelque sorte la <em>feuille de route<\/em> de l\u2019\u00e9tablissement.<\/p>\n\n\n\n<p>Il est \u00e9labor\u00e9 collectivement par l\u2019\u00e9quipe de direction, les enseignants, la vie scolaire, les personnels, la collectivit\u00e9 de rattachement et les repr\u00e9sentants des parents. Il est ensuite pr\u00e9sent\u00e9 et vot\u00e9 en conseil d\u2019administration.<\/p>\n\n\n\n<p>Le projet d\u2019\u00e9tablissement pr\u00e9cise :<\/p>\n\n\n\n<ul class=\"wp-block-list\">\n<li><strong>Les objectifs p\u00e9dagogiques<\/strong> : am\u00e9liorer la r\u00e9ussite scolaire, d\u00e9velopper l\u2019ambition et les comp\u00e9tences des \u00e9l\u00e8ves, accompagner les besoins particuliers, etc.<\/li>\n\n\n\n<li><strong>Les actions \u00e9ducatives<\/strong> : pr\u00e9vention du harc\u00e8lement, citoyennet\u00e9, ouverture culturelle, parcours \u00e9ducatifs\u2026<\/li>\n\n\n\n<li><strong>L\u2019organisation de la vie du coll\u00e8ge<\/strong> : climat scolaire, inclusion, partenariats ext\u00e9rieurs, dispositifs d\u2019aide.<\/li>\n\n\n\n<li><strong>Les moyens et les ressources mobilis\u00e9es<\/strong> pour atteindre ces objectifs.<\/li>\n<\/ul>\n\n\n\n<p>Pour les parents, ce document permet de comprendre <strong>les valeurs, les priorit\u00e9s et les choix p\u00e9dagogiques<\/strong> du coll\u00e8ge, ainsi que les projets mis en place pour accompagner la r\u00e9ussite et l\u2019\u00e9panouissement de tous les \u00e9l\u00e8ves.<br><\/p>\n\n\n\n<p><a href=\"https:\/\/etab.ac-reunion.fr\/clg-terrain-fayard\/wp-content\/uploads\/sites\/51\/2026\/02\/PE-CTF-020423-OK.pdf\" data-type=\"attachment\" data-id=\"7921\" target=\"_blank\" rel=\"noreferrer noopener\">Voici celui du coll\u00e8ge<\/a><\/p>\n\n\n\n<p><\/p>\n","protected":false},"excerpt":{"rendered":"<p>Le projet d\u2019\u00e9tablissement est un document officiel qui d\u00e9finit les grandes orientations et les priorit\u00e9s \u00e9ducatives du coll\u00e8ge pour plusieurs ann\u00e9es (g\u00e9n\u00e9ralement 3 \u00e0 5 ans). C\u2019est en quelque sorte la feuille de route de l\u2019\u00e9tablissement. Il est \u00e9labor\u00e9 collectivement par l\u2019\u00e9quipe de direction, les enseignants, la vie scolaire, les personnels, la collectivit\u00e9 de rattachement et les repr\u00e9sentants des parents. Il est ensuite pr\u00e9sent\u00e9 et vot\u00e9 en conseil d\u2019administration. Le projet d\u2019\u00e9tablissement pr\u00e9cise : Pour les parents, ce document permet de comprendre les valeurs, les priorit\u00e9s et les choix p\u00e9dagogiques du coll\u00e8ge, ainsi que les projets mis en place pour&#8230;<\/p>\n<p> <a class=\"continue-reading-link\" href=\"https:\/\/etab.ac-reunion.fr\/clg-terrain-fayard\/le-projet-detablissement\/\"><span>Lire plus<\/span><i class=\"crycon-right-dir\"><\/i><\/a> <\/p>\n","protected":false},"author":38667,"featured_media":0,"parent":0,"menu_order":0,"comment_status":"closed","ping_status":"closed","template":"","meta":{"footnotes":""},"class_list":["post-7676","page","type-page","status-publish","hentry"],"_links":{"self":[{"href":"https:\/\/etab.ac-reunion.fr\/clg-terrain-fayard\/wp-json\/wp\/v2\/pages\/7676","targetHints":{"allow":["GET"]}}],"collection":[{"href":"https:\/\/etab.ac-reunion.fr\/clg-terrain-fayard\/wp-json\/wp\/v2\/pages"}],"about":[{"href":"https:\/\/etab.ac-reunion.fr\/clg-terrain-fayard\/wp-json\/wp\/v2\/types\/page"}],"author":[{"embeddable":true,"href":"https:\/\/etab.ac-reunion.fr\/clg-terrain-fayard\/wp-json\/wp\/v2\/users\/38667"}],"replies":[{"embeddable":true,"href":"https:\/\/etab.ac-reunion.fr\/clg-terrain-fayard\/wp-json\/wp\/v2\/comments?post=7676"}],"version-history":[{"count":2,"href":"https:\/\/etab.ac-reunion.fr\/clg-terrain-fayard\/wp-json\/wp\/v2\/pages\/7676\/revisions"}],"predecessor-version":[{"id":7922,"href":"https:\/\/etab.ac-reunion.fr\/clg-terrain-fayard\/wp-json\/wp\/v2\/pages\/7676\/revisions\/7922"}],"wp:attachment":[{"href":"https:\/\/etab.ac-reunion.fr\/clg-terrain-fayard\/wp-json\/wp\/v2\/media?parent=7676"}],"curies":[{"name":"wp","href":"https:\/\/api.w.org\/{rel}","templated":true}]}}