{"id":7695,"date":"2025-12-05T10:31:27","date_gmt":"2025-12-05T06:31:27","guid":{"rendered":"https:\/\/etab.ac-reunion.fr\/clg-terrain-fayard\/?page_id=7695"},"modified":"2026-03-24T09:27:56","modified_gmt":"2026-03-24T05:27:56","slug":"acces-au-college-terrain-fayard","status":"publish","type":"page","link":"https:\/\/etab.ac-reunion.fr\/clg-terrain-fayard\/acces-au-college-terrain-fayard\/","title":{"rendered":"Acc\u00e8s au Coll\u00e8ge Terrain Fayard"},"content":{"rendered":"\n<p>Le Coll\u00e8ge Terrain Fayard est facilement accessible par diff\u00e9rents moyens de transport. Cette page vous pr\u00e9sente les informations n\u00e9cessaires pour rejoindre l\u2019\u00e9tablissement en toute s\u00e9curit\u00e9.<\/p>\n\n\n\n<h3 class=\"wp-block-heading\">1. <span style=\"text-decoration: underline\">Adresse et coordonn\u00e9es<\/span><\/h3>\n\n\n\n<ul class=\"wp-block-list\">\n<li><strong><span style=\"text-decoration: underline\">Adresse :<\/span> 1395 Chemin du Centre 97440 Saint-Andr\u00e9<\/strong><\/li>\n\n\n\n<li><span style=\"text-decoration: underline\">T\u00e9l\u00e9phone :<\/span> <strong>0262 58 83 83<\/strong><\/li>\n\n\n\n<li><span style=\"text-decoration: underline\">Adresse mail :<\/span> <em>ce.9741261c@ac-reunion.fr<\/em><\/li>\n<\/ul>\n\n\n\n<h3 class=\"wp-block-heading\">2. <span style=\"text-decoration: underline\">Horaires d&rsquo;ouverture:<\/span><\/h3>\n\n\n\n<p><span style=\"text-decoration: underline\">Lundi :<\/span> 7h30 &#8211; 16h<br><span style=\"text-decoration: underline\">Mardi :<\/span> 7h30 &#8211; 16h<br><span style=\"text-decoration: underline\">Mercredi :<\/span> 7h30 &#8211; 11h30<br><span style=\"text-decoration: underline\">Jeudi :<\/span> 7h30 &#8211; 16h<br><span style=\"text-decoration: underline\">Vendredi :<\/span> 7h30 &#8211; 16h<\/p>\n\n\n\n<h3 class=\"wp-block-heading\">3. <span style=\"text-decoration: underline\">Acc\u00e8s en voiture<\/span><\/h3>\n\n\n\n<ul class=\"wp-block-list\">\n<li>Le coll\u00e8ge dispose de parkings pour les enseignants et les visiteurs.<\/li>\n\n\n\n<li>Respecter les r\u00e8gles de stationnement et la circulation aux abords de l\u2019\u00e9tablissement pour la s\u00e9curit\u00e9 des \u00e9l\u00e8ves.<\/li>\n<\/ul>\n\n\n\n<h3 class=\"wp-block-heading\">4. <span style=\"text-decoration: underline\">Acc\u00e8s en transports en commun<\/span><\/h3>\n\n\n\n<ul class=\"wp-block-list\">\n<li><span style=\"text-decoration: underline\">Lignes de bus \u00e0 proximit\u00e9 :<\/span><strong> Ligne <mark style=\"background-color:#ffffff\" class=\"has-inline-color has-vivid-red-color\">33 34 36 43<\/mark><\/strong> (service Est&rsquo;ival)<\/li>\n\n\n\n<li><span style=\"text-decoration: underline\">Arr\u00eat conseill\u00e9 :<\/span> <strong><mark style=\"background-color:#ffffff\" class=\"has-inline-color has-vivid-cyan-blue-color\">Impasse du Centre<\/mark><\/strong><\/li>\n\n\n\n<li>Horaires et trajets disponibles sur le site de la compagnie de transport local.<\/li>\n<\/ul>\n\n\n\n<h3 class=\"wp-block-heading\">5. <span style=\"text-decoration: underline\">Acc\u00e8s \u00e0 pied ou \u00e0 v\u00e9lo<\/span><\/h3>\n\n\n\n<ul class=\"wp-block-list\">\n<li>Le coll\u00e8ge encourage les \u00e9l\u00e8ves \u00e0 se rendre \u00e0 pied ou \u00e0 v\u00e9lo lorsque c\u2019est possible.<\/li>\n\n\n\n<li>Des consignes de s\u00e9curit\u00e9 sont \u00e0 respecter, et un parking \u00e0 v\u00e9los s\u00e9curis\u00e9 est mis \u00e0 disposition des \u00e9l\u00e8ves.<\/li>\n<\/ul>\n\n\n\n<h3 class=\"wp-block-heading\">6. <span style=\"text-decoration: underline\">S\u00e9curit\u00e9 et consignes<\/span><\/h3>\n\n\n\n<ul class=\"wp-block-list\">\n<li>Les parents et visiteurs doivent pr\u00e9senter une pi\u00e8ce d&rsquo;identit\u00e9 en cours de validit\u00e9 \u00e0 l&rsquo;accueil avant de circuler dans l\u2019\u00e9tablissement.<\/li>\n\n\n\n<li>Respect des zones pi\u00e9tonnes et limitation de la vitesse aux abords du coll\u00e8ge.<\/li>\n\n\n\n<li>Suivi des consignes des agents et du personnel pour garantir la s\u00e9curit\u00e9 de tous.<\/li>\n<\/ul>\n\n\n\n<p>Pour toute question concernant l\u2019acc\u00e8s au coll\u00e8ge, les horaires ou les transports, n\u2019h\u00e9sitez pas \u00e0 contacter l&rsquo;accueil (<strong>0262 58 83 83<\/strong>)<\/p>\n\n\n\n<p><\/p>\n","protected":false},"excerpt":{"rendered":"<p>Le Coll\u00e8ge Terrain Fayard est facilement accessible par diff\u00e9rents moyens de transport. Cette page vous pr\u00e9sente les informations n\u00e9cessaires pour rejoindre l\u2019\u00e9tablissement en toute s\u00e9curit\u00e9. 1. Adresse et coordonn\u00e9es 2. Horaires d&rsquo;ouverture: Lundi : 7h30 &#8211; 16hMardi : 7h30 &#8211; 16hMercredi : 7h30 &#8211; 11h30Jeudi : 7h30 &#8211; 16hVendredi : 7h30 &#8211; 16h 3. Acc\u00e8s en voiture 4. Acc\u00e8s en transports en commun 5. Acc\u00e8s \u00e0 pied ou \u00e0 v\u00e9lo 6. S\u00e9curit\u00e9 et consignes Pour toute question concernant l\u2019acc\u00e8s au coll\u00e8ge, les horaires ou les transports, n\u2019h\u00e9sitez pas \u00e0 contacter l&rsquo;accueil (0262 58 83 83)<\/p>\n<p> <a class=\"continue-reading-link\" href=\"https:\/\/etab.ac-reunion.fr\/clg-terrain-fayard\/acces-au-college-terrain-fayard\/\"><span>Lire plus<\/span><i class=\"crycon-right-dir\"><\/i><\/a> <\/p>\n","protected":false},"author":38667,"featured_media":0,"parent":0,"menu_order":0,"comment_status":"closed","ping_status":"closed","template":"","meta":{"footnotes":""},"class_list":["post-7695","page","type-page","status-publish","hentry"],"_links":{"self":[{"href":"https:\/\/etab.ac-reunion.fr\/clg-terrain-fayard\/wp-json\/wp\/v2\/pages\/7695","targetHints":{"allow":["GET"]}}],"collection":[{"href":"https:\/\/etab.ac-reunion.fr\/clg-terrain-fayard\/wp-json\/wp\/v2\/pages"}],"about":[{"href":"https:\/\/etab.ac-reunion.fr\/clg-terrain-fayard\/wp-json\/wp\/v2\/types\/page"}],"author":[{"embeddable":true,"href":"https:\/\/etab.ac-reunion.fr\/clg-terrain-fayard\/wp-json\/wp\/v2\/users\/38667"}],"replies":[{"embeddable":true,"href":"https:\/\/etab.ac-reunion.fr\/clg-terrain-fayard\/wp-json\/wp\/v2\/comments?post=7695"}],"version-history":[{"count":7,"href":"https:\/\/etab.ac-reunion.fr\/clg-terrain-fayard\/wp-json\/wp\/v2\/pages\/7695\/revisions"}],"predecessor-version":[{"id":7981,"href":"https:\/\/etab.ac-reunion.fr\/clg-terrain-fayard\/wp-json\/wp\/v2\/pages\/7695\/revisions\/7981"}],"wp:attachment":[{"href":"https:\/\/etab.ac-reunion.fr\/clg-terrain-fayard\/wp-json\/wp\/v2\/media?parent=7695"}],"curies":[{"name":"wp","href":"https:\/\/api.w.org\/{rel}","templated":true}]}}