{"id":2017,"date":"2022-01-26T09:16:08","date_gmt":"2022-01-26T05:16:08","guid":{"rendered":"http:\/\/college-terrain-fleury.ac-reunion.fr\/?page_id=2017"},"modified":"2022-01-26T10:10:39","modified_gmt":"2022-01-26T06:10:39","slug":"le-mot-de-la-directrice-2021-2022","status":"publish","type":"page","link":"https:\/\/etab.ac-reunion.fr\/clg-terrain-fleury\/le-mot-de-la-directrice-2021-2022\/","title":{"rendered":"Le mot de la Directrice 2021-2022"},"content":{"rendered":"\n<p>Avec la fin des grandes vacances de l\u2019\u00e9t\u00e9 austral, je viens vous souhaiter une bonne ann\u00e9e 2022 !<\/p>\n\n\n\n<p><br>J\u2019en profite pour vous donner quelques informations sur le fonctionnement de la SEGPA cette ann\u00e9e.<\/p>\n\n\n\n<p><br>Une centaine d\u2019\u00e9l\u00e8ves b\u00e9n\u00e9ficient actuellement des enseignements adapt\u00e9s. Des parcours inclusifs, notamment en 5\u00e8 g\u00e9n\u00e9rale et 3\u00e8 pr\u00e9pa m\u00e9tiers, sont mis en \u0153uvre. Des \u00e9l\u00e8ves de classes g\u00e9n\u00e9rales peuvent aussi b\u00e9n\u00e9ficier des comp\u00e9tences des professeurs des \u00e9coles sp\u00e9cialis\u00e9s de la SEGPA. Ces parcours se co-construisent avec les professeurs engag\u00e9s dans ces accompagnements adapt\u00e9s.<\/p>\n\n\n\n<p><br>Cette ann\u00e9e 4 professeurs des \u00e9coles dont 3 sont sp\u00e9cialis\u00e9s, 1 PLP anglais, 1 PLC technologie et 3 PLP sur les plateaux techniques, dont 1 contractuel, sont nomm\u00e9s sur la SEGPA. D\u2019autres professeurs de coll\u00e8ge interviennent \u00e9galement en EPS, Arts Plastiques, Anglais et Sciences.<\/p>\n\n\n\n<p><br>Toutes les actions engag\u00e9es par les \u00e9quipes p\u00e9dagogiques visent l\u2019acquisition des comp\u00e9tences du socle commun au cycle 3 \u00e0 partir des programmes du coll\u00e8ge. Les projets men\u00e9s engagent la motivation des \u00e9l\u00e8ves, donnent du sens aux apprentissages en lien avec le projet professionnel.<\/p>\n\n\n\n<p><br>Pour la 2\u00e8me ann\u00e9e cons\u00e9cutive des \u00e9l\u00e8ves de 4\u00e8 se lancent dans l\u2019aventure de la cr\u00e9ation d\u2019une entreprise grandeur nature avec l\u2019association Entreprendre pour Apprendre. Encadr\u00e9s par leur enseignante Sophie PAYET, ils donnent vie \u00e0 leur entreprise, \u00e0 leur id\u00e9e, avec pour but la conception, la mise en \u0153uvre puis la commercialisation r\u00e9elle d\u2019un produit (bien ou service). Cette ann\u00e9e c\u2019est \u00ab La Savonnerie Fleury \u00bb qui voit le jour avec la commercialisation d\u2019un savon liquide.<\/p>\n\n\n\n<p><br>Mme RISSO, mentor, s\u2019engage une nouvelle fois pour accompagner nos jeunes dans la r\u00e9alisation de leur projet et les guident dans cette exp\u00e9rience concr\u00e8te et dynamisante.<\/p>\n\n\n\n<p><br>D\u2019autres projets et actions men\u00e9s cette ann\u00e9e vous seront pr\u00e9sent\u00e9s sur le site.<br><\/p>\n\n\n\n<p>A tr\u00e8s bient\u00f4t,<br><\/p>\n\n\n\n<p class=\"has-text-align-right\">Nathalie BARDOT, directrice Adjointe Charg\u00e9e de SEGPA<\/p>\n","protected":false},"excerpt":{"rendered":"<p>Avec la fin des grandes vacances de l\u2019\u00e9t\u00e9 austral, je viens vous souhaiter une bonne ann\u00e9e 2022 ! J\u2019en profite pour vous donner quelques informations sur le fonctionnement de la SEGPA cette ann\u00e9e. Une centaine d\u2019\u00e9l\u00e8ves b\u00e9n\u00e9ficient actuellement des enseignements adapt\u00e9s. Des parcours inclusifs, notamment en 5\u00e8 g\u00e9n\u00e9rale et 3\u00e8\u2026<\/p>\n<p class=\"continue-reading-button\"> <a class=\"continue-reading-link\" href=\"https:\/\/etab.ac-reunion.fr\/clg-terrain-fleury\/le-mot-de-la-directrice-2021-2022\/\">Lire la suite<i class=\"crycon-right-dir\"><\/i><\/a><\/p>\n","protected":false},"author":21090,"featured_media":0,"parent":0,"menu_order":0,"comment_status":"closed","ping_status":"closed","template":"","meta":{"footnotes":""},"class_list":["post-2017","page","type-page","status-publish","hentry"],"_links":{"self":[{"href":"https:\/\/etab.ac-reunion.fr\/clg-terrain-fleury\/wp-json\/wp\/v2\/pages\/2017","targetHints":{"allow":["GET"]}}],"collection":[{"href":"https:\/\/etab.ac-reunion.fr\/clg-terrain-fleury\/wp-json\/wp\/v2\/pages"}],"about":[{"href":"https:\/\/etab.ac-reunion.fr\/clg-terrain-fleury\/wp-json\/wp\/v2\/types\/page"}],"author":[{"embeddable":true,"href":"https:\/\/etab.ac-reunion.fr\/clg-terrain-fleury\/wp-json\/wp\/v2\/users\/21090"}],"replies":[{"embeddable":true,"href":"https:\/\/etab.ac-reunion.fr\/clg-terrain-fleury\/wp-json\/wp\/v2\/comments?post=2017"}],"version-history":[{"count":2,"href":"https:\/\/etab.ac-reunion.fr\/clg-terrain-fleury\/wp-json\/wp\/v2\/pages\/2017\/revisions"}],"predecessor-version":[{"id":2021,"href":"https:\/\/etab.ac-reunion.fr\/clg-terrain-fleury\/wp-json\/wp\/v2\/pages\/2017\/revisions\/2021"}],"wp:attachment":[{"href":"https:\/\/etab.ac-reunion.fr\/clg-terrain-fleury\/wp-json\/wp\/v2\/media?parent=2017"}],"curies":[{"name":"wp","href":"https:\/\/api.w.org\/{rel}","templated":true}]}}