{"id":2699,"date":"2024-01-25T19:10:24","date_gmt":"2024-01-25T15:10:24","guid":{"rendered":"https:\/\/etab.ac-reunion.fr\/clg-terrain-fleury\/?page_id=2699"},"modified":"2024-01-25T19:10:24","modified_gmt":"2024-01-25T15:10:24","slug":"le-mot-de-la-directrice-2023-2024","status":"publish","type":"page","link":"https:\/\/etab.ac-reunion.fr\/clg-terrain-fleury\/le-mot-de-la-directrice-2023-2024\/","title":{"rendered":"Le mot de la Directrice 2023-2024"},"content":{"rendered":"\n<p>Bonjour,<\/p>\n\n\n\n<p>Nous sommes au retour des vacances de l\u2019\u00e9t\u00e9 austral et je viens vous souhaiter une bonne ann\u00e9e 2024. Bien s\u00fbr la dynamique de projets qui donne du sens aux apprentissages et l\u2019envie d\u2019apprendre est d\u00e9j\u00e0 bien engag\u00e9e&nbsp;!<\/p>\n\n\n\n<p>L\u2019\u00e9quipe p\u00e9dagogique a fait le choix de reconduire certaines actions et d\u2019en faire \u00e9merger de nouvelles, qui contribuent toutes, \u00e0 la construction des <strong>diff\u00e9rents parcours de l\u2019\u00e9l\u00e8ve, culturel, citoyen, sant\u00e9 et avenir<\/strong>.<\/p>\n\n\n\n<p><br>Quelques actions de cette ann\u00e9e vous sont pr\u00e9sent\u00e9es dans l\u2019onglet <em>actions 2023\/24.<\/em><\/p>\n\n\n\n<p>C\u2019est en comptant, \u00e0 nos c\u00f4t\u00e9s, sur un engagement fort des parents et des partenaires, essentiel \u00e0 la r\u00e9ussite de chaque \u00e9l\u00e8ve, que je souhaite \u00e0 tous, une ann\u00e9e studieuse et heureuse.<\/p>\n\n\n\n<p>Nathalie BARDOT<\/p>\n","protected":false},"excerpt":{"rendered":"<p>Bonjour, Nous sommes au retour des vacances de l\u2019\u00e9t\u00e9 austral et je viens vous souhaiter une bonne ann\u00e9e 2024. Bien s\u00fbr la dynamique de projets qui donne du sens aux apprentissages et l\u2019envie d\u2019apprendre est d\u00e9j\u00e0 bien engag\u00e9e&nbsp;! L\u2019\u00e9quipe p\u00e9dagogique a fait le choix de reconduire certaines actions et d\u2019en\u2026<\/p>\n<p class=\"continue-reading-button\"> <a class=\"continue-reading-link\" href=\"https:\/\/etab.ac-reunion.fr\/clg-terrain-fleury\/le-mot-de-la-directrice-2023-2024\/\">Lire la suite<i class=\"crycon-right-dir\"><\/i><\/a><\/p>\n","protected":false},"author":21090,"featured_media":0,"parent":0,"menu_order":0,"comment_status":"closed","ping_status":"closed","template":"","meta":{"footnotes":""},"class_list":["post-2699","page","type-page","status-publish","hentry"],"_links":{"self":[{"href":"https:\/\/etab.ac-reunion.fr\/clg-terrain-fleury\/wp-json\/wp\/v2\/pages\/2699","targetHints":{"allow":["GET"]}}],"collection":[{"href":"https:\/\/etab.ac-reunion.fr\/clg-terrain-fleury\/wp-json\/wp\/v2\/pages"}],"about":[{"href":"https:\/\/etab.ac-reunion.fr\/clg-terrain-fleury\/wp-json\/wp\/v2\/types\/page"}],"author":[{"embeddable":true,"href":"https:\/\/etab.ac-reunion.fr\/clg-terrain-fleury\/wp-json\/wp\/v2\/users\/21090"}],"replies":[{"embeddable":true,"href":"https:\/\/etab.ac-reunion.fr\/clg-terrain-fleury\/wp-json\/wp\/v2\/comments?post=2699"}],"version-history":[{"count":1,"href":"https:\/\/etab.ac-reunion.fr\/clg-terrain-fleury\/wp-json\/wp\/v2\/pages\/2699\/revisions"}],"predecessor-version":[{"id":2700,"href":"https:\/\/etab.ac-reunion.fr\/clg-terrain-fleury\/wp-json\/wp\/v2\/pages\/2699\/revisions\/2700"}],"wp:attachment":[{"href":"https:\/\/etab.ac-reunion.fr\/clg-terrain-fleury\/wp-json\/wp\/v2\/media?parent=2699"}],"curies":[{"name":"wp","href":"https:\/\/api.w.org\/{rel}","templated":true}]}}