{"id":2728,"date":"2024-06-04T10:50:23","date_gmt":"2024-06-04T06:50:23","guid":{"rendered":"https:\/\/etab.ac-reunion.fr\/clg-terrain-fleury\/?page_id=2728"},"modified":"2024-06-04T10:50:23","modified_gmt":"2024-06-04T06:50:23","slug":"presentation-du-programme-erasmus","status":"publish","type":"page","link":"https:\/\/etab.ac-reunion.fr\/clg-terrain-fleury\/presentation-du-programme-erasmus\/","title":{"rendered":"Pr\u00e9sentation du programme Erasmus +"},"content":{"rendered":"\n<p><strong>Le coll\u00e8ge Terrain Fleury a obtenu l\u2019Accr\u00e9ditation ERASMUS+. Celle-ci est<br>valable jusqu\u2019en 2027 et permet de candidater annuellement pour obtenir le<br>financement d\u2019activit\u00e9s de mobilit\u00e9 des apprenants et des personnel<\/strong>s.<br><\/p>\n\n\n\n<p><strong>Qu\u2019est-ce que le programme ERASMUS+<\/strong><br>Le programme Erasmus+ est le programme europ\u00e9en pour l\u2019\u00e9ducation, la formation,<br>la jeunesse et le sport. Mais il n\u2019est pas destin\u00e9 qu\u2019aux seuls \u00e9tudiants. Il est ouvert \u00e0<br>tous publics dans les domaines de l\u2019\u00e9ducation et de la formation, formelle ou non<br>formelle.<br><strong>Programme Erasmus+ : pour quoi faire ?<\/strong><br>Le programme vise \u00e0 donner aux \u00e9tudiants, stagiaires, \u00e9l\u00e8ves, apprentis, enseignants,<br>formateurs, personnels, demandeurs d\u2019emploi, jeunes, etc. la possibilit\u00e9 de s\u00e9journer<br>(\u00e9tudes, stage) \u00e0 l\u2019\u00e9tranger pour renforcer leurs connaissances, leurs comp\u00e9tences et<br>leur employabilit\u00e9.<br>Pour cela, il aide les organisations \u00e0 travailler dans le cadre de partenariats europ\u00e9ens<br>ou internationaux. Un large panel d\u2019acteurs de l\u2019\u00e9ducation et de la formation, priv\u00e9s<br>et publics, peuvent en b\u00e9n\u00e9ficier. Il permet de partager les savoir-faire et d\u2019innover<br>dans les domaines de l\u2019\u00e9ducation, de la formation, de la jeunesse et du sport.<\/p>\n\n\n\n<p><br><strong>Les pays participants au programme (pour les mobilit\u00e9s des \u00e9l\u00e8ves et du<br>personnel de l\u2019enseignement scolaire) sont les Etats membres de l\u2019Union<br>europ\u00e9enne1et les pays hors UE associ\u00e9s au programme2.<\/strong><br>1 &#8211; Belgique, Bulgarie, Tch\u00e9quie, Danemark, Allemagne, Estonie, Irlande, Gr\u00e8ce, Espagne, France,<br>Croatie, Italie, Chypre, Lettonie, Lituanie, Luxembourg, Hongrie, Malte, Pays-Bas, Autriche,<br>Pologne, Portugal, Roumanie, Slov\u00e9nie, Slovaquie, Finlande, Su\u00e8de<br>2 &#8211; Mac\u00e9doine du Nord, Serbie, Islande, Liechtenstein, Norv\u00e8ge, Turquie<\/p>\n","protected":false},"excerpt":{"rendered":"<p>Le coll\u00e8ge Terrain Fleury a obtenu l\u2019Accr\u00e9ditation ERASMUS+. Celle-ci estvalable jusqu\u2019en 2027 et permet de candidater annuellement pour obtenir lefinancement d\u2019activit\u00e9s de mobilit\u00e9 des apprenants et des personnels. Qu\u2019est-ce que le programme ERASMUS+Le programme Erasmus+ est le programme europ\u00e9en pour l\u2019\u00e9ducation, la formation,la jeunesse et le sport. Mais il n\u2019est\u2026<\/p>\n<p class=\"continue-reading-button\"> <a class=\"continue-reading-link\" href=\"https:\/\/etab.ac-reunion.fr\/clg-terrain-fleury\/presentation-du-programme-erasmus\/\">Lire la suite<i class=\"crycon-right-dir\"><\/i><\/a><\/p>\n","protected":false},"author":21090,"featured_media":0,"parent":0,"menu_order":0,"comment_status":"closed","ping_status":"closed","template":"","meta":{"footnotes":""},"class_list":["post-2728","page","type-page","status-publish","hentry"],"_links":{"self":[{"href":"https:\/\/etab.ac-reunion.fr\/clg-terrain-fleury\/wp-json\/wp\/v2\/pages\/2728","targetHints":{"allow":["GET"]}}],"collection":[{"href":"https:\/\/etab.ac-reunion.fr\/clg-terrain-fleury\/wp-json\/wp\/v2\/pages"}],"about":[{"href":"https:\/\/etab.ac-reunion.fr\/clg-terrain-fleury\/wp-json\/wp\/v2\/types\/page"}],"author":[{"embeddable":true,"href":"https:\/\/etab.ac-reunion.fr\/clg-terrain-fleury\/wp-json\/wp\/v2\/users\/21090"}],"replies":[{"embeddable":true,"href":"https:\/\/etab.ac-reunion.fr\/clg-terrain-fleury\/wp-json\/wp\/v2\/comments?post=2728"}],"version-history":[{"count":1,"href":"https:\/\/etab.ac-reunion.fr\/clg-terrain-fleury\/wp-json\/wp\/v2\/pages\/2728\/revisions"}],"predecessor-version":[{"id":2729,"href":"https:\/\/etab.ac-reunion.fr\/clg-terrain-fleury\/wp-json\/wp\/v2\/pages\/2728\/revisions\/2729"}],"wp:attachment":[{"href":"https:\/\/etab.ac-reunion.fr\/clg-terrain-fleury\/wp-json\/wp\/v2\/media?parent=2728"}],"curies":[{"name":"wp","href":"https:\/\/api.w.org\/{rel}","templated":true}]}}