{"id":2730,"date":"2024-06-04T10:56:58","date_gmt":"2024-06-04T06:56:58","guid":{"rendered":"https:\/\/etab.ac-reunion.fr\/clg-terrain-fleury\/?page_id=2730"},"modified":"2024-06-04T10:56:58","modified_gmt":"2024-06-04T06:56:58","slug":"our-erasmus-plan-objectives","status":"publish","type":"page","link":"https:\/\/etab.ac-reunion.fr\/clg-terrain-fleury\/our-erasmus-plan-objectives\/","title":{"rendered":"Our ERASMUS Plan : Objectives"},"content":{"rendered":"\n<ol class=\"wp-block-list\">\n<li><strong>European Citizenship<\/strong> : Favoriser l\u2019ouverture sur l\u2019Europe pour des<br>\u00e9l\u00e8ves issus d\u2019une r\u00e9gion ultrap\u00e9riph\u00e9rique et permettre aux \u00e9l\u00e8ves de<br>prendre pleinement conscience de leur appartenance \u00e0 l\u2019Europe.<\/li>\n\n\n\n<li><strong>Learners\u2019 Language Skills<\/strong> : Am\u00e9liorer la ma\u00eetrise de la langue<br>maternelle et des langues cibles apprises dans notre \u00e9tablissement \u00e0 savoir<br>l\u2019anglais, l\u2019espagnol et l\u2019allemand.<\/li>\n\n\n\n<li><strong>Green Skills<\/strong> : D\u00e9velopper de nouvelles comp\u00e9tences chez nos \u00e9l\u00e8ves<br>pour en faire des \u00e9co-citoyens responsables et \u00e9clair\u00e9s.<\/li>\n\n\n\n<li><strong>Digital Skills<\/strong> : Promouvoir des comp\u00e9tences num\u00e9riques.<\/li>\n\n\n\n<li><strong>Social and Civic Skills<\/strong> : Consolider l\u2019engagement civique et social de<br>nos jeunes.<\/li>\n\n\n\n<li><strong>Teacher Training<\/strong> : Renforcer la formation des personnels en donnant<br>du sens \u00e0 leurs missions et pratiques tout en ouvrant de nouvelles<br>perspectives.<\/li>\n<\/ol>\n","protected":false},"excerpt":{"rendered":"<p class=\"continue-reading-button\"> <a class=\"continue-reading-link\" href=\"https:\/\/etab.ac-reunion.fr\/clg-terrain-fleury\/our-erasmus-plan-objectives\/\">Lire la suite<i class=\"crycon-right-dir\"><\/i><\/a><\/p>\n","protected":false},"author":21090,"featured_media":0,"parent":0,"menu_order":0,"comment_status":"closed","ping_status":"closed","template":"","meta":{"footnotes":""},"class_list":["post-2730","page","type-page","status-publish","hentry"],"_links":{"self":[{"href":"https:\/\/etab.ac-reunion.fr\/clg-terrain-fleury\/wp-json\/wp\/v2\/pages\/2730","targetHints":{"allow":["GET"]}}],"collection":[{"href":"https:\/\/etab.ac-reunion.fr\/clg-terrain-fleury\/wp-json\/wp\/v2\/pages"}],"about":[{"href":"https:\/\/etab.ac-reunion.fr\/clg-terrain-fleury\/wp-json\/wp\/v2\/types\/page"}],"author":[{"embeddable":true,"href":"https:\/\/etab.ac-reunion.fr\/clg-terrain-fleury\/wp-json\/wp\/v2\/users\/21090"}],"replies":[{"embeddable":true,"href":"https:\/\/etab.ac-reunion.fr\/clg-terrain-fleury\/wp-json\/wp\/v2\/comments?post=2730"}],"version-history":[{"count":1,"href":"https:\/\/etab.ac-reunion.fr\/clg-terrain-fleury\/wp-json\/wp\/v2\/pages\/2730\/revisions"}],"predecessor-version":[{"id":2731,"href":"https:\/\/etab.ac-reunion.fr\/clg-terrain-fleury\/wp-json\/wp\/v2\/pages\/2730\/revisions\/2731"}],"wp:attachment":[{"href":"https:\/\/etab.ac-reunion.fr\/clg-terrain-fleury\/wp-json\/wp\/v2\/media?parent=2730"}],"curies":[{"name":"wp","href":"https:\/\/api.w.org\/{rel}","templated":true}]}}