{"id":2858,"date":"2025-01-31T08:00:42","date_gmt":"2025-01-31T04:00:42","guid":{"rendered":"https:\/\/etab.ac-reunion.fr\/clg-terrain-fleury\/?page_id=2858"},"modified":"2025-01-31T08:00:42","modified_gmt":"2025-01-31T04:00:42","slug":"le-mot-de-la-directrice-de-segpa-2024-2025","status":"publish","type":"page","link":"https:\/\/etab.ac-reunion.fr\/clg-terrain-fleury\/le-mot-de-la-directrice-de-segpa-2024-2025\/","title":{"rendered":"Le mot de la directrice de SEGPA 2024-2025"},"content":{"rendered":"\n<p>Bonjour,<\/p>\n\n\n\n<p>A la fin de ce 1<sup>er<\/sup> trimestre 2024, voici quelques nouvelles de cette rentr\u00e9e scolaire.<\/p>\n\n\n\n<p>A ce jour,&nbsp;101 \u00e9l\u00e8ves b\u00e9n\u00e9ficient d\u2019un parcours dans les enseignements adapt\u00e9s du coll\u00e8ge Terrain Fleury.<\/p>\n\n\n\n<p>2 \u00e9l\u00e8ves de 3\u00e8me qui \u00e9taient en inclusion en 5\u00e8 puis 4\u00e8 g\u00e9n\u00e9rale ont \u00e9t\u00e9 orient\u00e9es en 3\u00e8 pr\u00e9pa m\u00e9tiers.<\/p>\n\n\n\n<p>Les 19 enseignants (4 PE, 3 PLP, 12 PLC) \u0153uvrent au quotidien pour offrir \u00e0 chacun un parcours adapt\u00e9 \u00e0 ses besoins, en coordination avec l\u2019ensemble des partenaires internes et externes.<\/p>\n\n\n\n<p>Divers projets p\u00e9dagogiques qui s\u2019inscrivent dans les parcours li\u00e9s \u00e0 la culture, \u00e0 la sant\u00e9, \u00e0 la citoyennet\u00e9, \u00e0 l\u2019environnement, jalonnent la scolarit\u00e9 des \u00e9l\u00e8ves de la 6\u00e8 \u00e0 la 3\u00e8.<\/p>\n\n\n\n<p>Nous communiquerons sur le site du coll\u00e8ge, au fil de l\u2019ann\u00e9e, sur les actions men\u00e9es.<\/p>\n\n\n\n<p>Ces actions s\u2019inscrivent dans les 3 axes du projet d\u2019\u00e9tablissement&nbsp;:<\/p>\n\n\n\n<ol class=\"wp-block-list\">\n<li>Renforcer la r\u00e9ussite de tous pour consolider l\u2019existant et innover<\/li>\n\n\n\n<li>Poursuivre l\u2019am\u00e9lioration du climat scolaire<\/li>\n\n\n\n<li>D\u00e9velopper l\u2019ouverture sur le territoire et \u00e0 l\u2019international<\/li>\n<\/ol>\n\n\n\n<p>L\u2019ensemble de ces actions concourent \u00e0 la construction, pour chaque \u00e9l\u00e8ve, d\u2019une orientation choisie, r\u00e9aliste et concert\u00e9e.<\/p>\n\n\n\n<p>Aussi la mobilisation des parents dans le parcours individuel de l\u2019\u00e9l\u00e8ve est essentielle.<\/p>\n\n\n\n<p>Tr\u00e8s bonne ann\u00e9e 2025 \u00e0 tous&nbsp;!<\/p>\n\n\n\n<p>Nathalie BARDOT, directrice SEGPA<\/p>\n\n\n\n<p><\/p>\n","protected":false},"excerpt":{"rendered":"<p>Bonjour, A la fin de ce 1er trimestre 2024, voici quelques nouvelles de cette rentr\u00e9e scolaire. A ce jour,&nbsp;101 \u00e9l\u00e8ves b\u00e9n\u00e9ficient d\u2019un parcours dans les enseignements adapt\u00e9s du coll\u00e8ge Terrain Fleury. 2 \u00e9l\u00e8ves de 3\u00e8me qui \u00e9taient en inclusion en 5\u00e8 puis 4\u00e8 g\u00e9n\u00e9rale ont \u00e9t\u00e9 orient\u00e9es en 3\u00e8 pr\u00e9pa\u2026<\/p>\n<p class=\"continue-reading-button\"> <a class=\"continue-reading-link\" href=\"https:\/\/etab.ac-reunion.fr\/clg-terrain-fleury\/le-mot-de-la-directrice-de-segpa-2024-2025\/\">Lire la suite<i class=\"crycon-right-dir\"><\/i><\/a><\/p>\n","protected":false},"author":21090,"featured_media":0,"parent":0,"menu_order":0,"comment_status":"closed","ping_status":"closed","template":"","meta":{"footnotes":""},"class_list":["post-2858","page","type-page","status-publish","hentry"],"_links":{"self":[{"href":"https:\/\/etab.ac-reunion.fr\/clg-terrain-fleury\/wp-json\/wp\/v2\/pages\/2858","targetHints":{"allow":["GET"]}}],"collection":[{"href":"https:\/\/etab.ac-reunion.fr\/clg-terrain-fleury\/wp-json\/wp\/v2\/pages"}],"about":[{"href":"https:\/\/etab.ac-reunion.fr\/clg-terrain-fleury\/wp-json\/wp\/v2\/types\/page"}],"author":[{"embeddable":true,"href":"https:\/\/etab.ac-reunion.fr\/clg-terrain-fleury\/wp-json\/wp\/v2\/users\/21090"}],"replies":[{"embeddable":true,"href":"https:\/\/etab.ac-reunion.fr\/clg-terrain-fleury\/wp-json\/wp\/v2\/comments?post=2858"}],"version-history":[{"count":1,"href":"https:\/\/etab.ac-reunion.fr\/clg-terrain-fleury\/wp-json\/wp\/v2\/pages\/2858\/revisions"}],"predecessor-version":[{"id":2859,"href":"https:\/\/etab.ac-reunion.fr\/clg-terrain-fleury\/wp-json\/wp\/v2\/pages\/2858\/revisions\/2859"}],"wp:attachment":[{"href":"https:\/\/etab.ac-reunion.fr\/clg-terrain-fleury\/wp-json\/wp\/v2\/media?parent=2858"}],"curies":[{"name":"wp","href":"https:\/\/api.w.org\/{rel}","templated":true}]}}